{"id":2746,"date":"2024-12-21T13:59:31","date_gmt":"2024-12-21T13:59:31","guid":{"rendered":"http:\/\/elitesoftkeys.com\/?product=ashampoo-3d-cad-architecture-10"},"modified":"2025-07-06T14:06:39","modified_gmt":"2025-07-06T14:06:39","slug":"ashampoo-3d-cad-architecture-10","status":"publish","type":"product","link":"https:\/\/elitesoftkeys.com\/it\/prodotto\/ashampoo-3d-cad-architecture-10\/","title":{"rendered":"Ashampoo 3D CAD Architettura 10"},"content":{"rendered":"<p>Progetta la tua casa in 3D con trasparenza 100% e assistenza immediata! Vuoi progettare la tua nuova casa in tutta tranquillit\u00e0? Ashampoo 3D CAD Architecture \u00e8 perfetto per tutti coloro che desiderano trasformare i propri progetti in realt\u00e0. La procedura guidata integrata passo dopo passo ti fornir\u00e0 risultati affidabili in tempi rapidi. Le viste 2D, 3D e in sezione trasversale ti aiutano a tenere d&#039;occhio il tuo progetto e a individuare immediatamente parti mancanti o sezioni che necessitano di ulteriore lavoro. Il programma ti aiuta a identificare ed eliminare punti deboli e colli di bottiglia! Che tu stia costruendo o ristrutturando una casa, visualizza in anticipo come sar\u00e0 il progetto finito! Acquista il software di progettazione e costruzione 3D che ti garantir\u00e0 risultati concreti! Nuovi strumenti di progettazione e costruzione: gli strumenti di immissione numerica sono indispensabili per progetti precisi, ed \u00e8 per questo che la nuova versione ha fatto grandi passi avanti in questo ambito! Nuovi metodi di immissione per pareti, finestre e porte ti semplificano la vita, mentre i nuovi strumenti incentrati sui numeri consentono maggiore precisione e flessibilit\u00e0 in questi ambiti. Oltre ai nuovi componenti aggiuntivi per finestre, porte, cassonetti, tende e bordure, questo programma offre un significativo aumento della produttivit\u00e0 per tutti i progetti di progettazione e costruzione. Molti nuovi cataloghi e oggetti. Ashampoo 3D CAD \u00e8 cos\u00ec popolare anche per l&#039;enorme numero di oggetti che include. Accedi a oltre 1.200 nuovi oggetti ED e 250 gruppi gi\u00e0 pronti con il nuovo catalogo gruppi! Include gruppi di garage preassemblati, cucine, casette da giardino e saune. Crea le tue directory e accedi direttamente tramite il catalogo. \u00c8 un sogno di usabilit\u00e0 che diventa realt\u00e0! E su richiesta popolare dei clienti, abbiamo aggiunto la possibilit\u00e0 di misurare le altezze a valori sopra il livello del mare in sezioni trasversali e viste. Preparati per un programma che brilla anche nei dettagli!<\/p>","protected":false},"excerpt":{"rendered":"<table style=\"border-collapse: collapse; width: 100%;\">\n<tbody>\n<tr>\n<th>Propriet\u00e0<\/th>\n<th>Valore<\/th>\n<\/tr>\n<tr>\n<td>Piattaforma<\/td>\n<td>Finestre<\/td>\n<\/tr>\n<tr>\n<td>Lingua<\/td>\n<td>Multilingue<\/td>\n<\/tr>\n<tr>\n<td>Utenti supportati<\/td>\n<td>1 utente<\/td>\n<\/tr>\n<tr>\n<td>Sistema operativo<\/td>\n<td>Windows 11, Windows 10<\/td>\n<\/tr>\n<tr>\n<td>Altri requisiti<\/td>\n<td>Qualsiasi dispositivo che supporti i sistemi operativi sopra elencati. I sistemi con processori ARM non sono supportati. Per attivare il programma \u00e8 necessaria una connessione Internet. La licenza del programma viene verificata ripetutamente a intervalli regolari.<\/td>\n<\/tr>\n<\/tbody>\n<\/table>","protected":false},"featured_media":2784,"template":"","meta":{"inline_featured_image":false},"product_brand":[],"product_cat":[115],"product_tag":[],"class_list":{"0":"post-2746","1":"product","2":"type-product","3":"status-publish","4":"has-post-thumbnail","6":"product_cat-cad-software","8":"first","9":"instock","10":"sale","11":"virtual","12":"taxable","13":"purchasable","14":"product-type-simple"},"_links":{"self":[{"href":"https:\/\/elitesoftkeys.com\/it\/wp-json\/wp\/v2\/product\/2746","targetHints":{"allow":["GET"]}}],"collection":[{"href":"https:\/\/elitesoftkeys.com\/it\/wp-json\/wp\/v2\/product"}],"about":[{"href":"https:\/\/elitesoftkeys.com\/it\/wp-json\/wp\/v2\/types\/product"}],"version-history":[{"count":0,"href":"https:\/\/elitesoftkeys.com\/it\/wp-json\/wp\/v2\/product\/2746\/revisions"}],"wp:featuredmedia":[{"embeddable":true,"href":"https:\/\/elitesoftkeys.com\/it\/wp-json\/wp\/v2\/media\/2784"}],"wp:attachment":[{"href":"https:\/\/elitesoftkeys.com\/it\/wp-json\/wp\/v2\/media?parent=2746"}],"wp:term":[{"taxonomy":"product_brand","embeddable":true,"href":"https:\/\/elitesoftkeys.com\/it\/wp-json\/wp\/v2\/product_brand?post=2746"},{"taxonomy":"product_cat","embeddable":true,"href":"https:\/\/elitesoftkeys.com\/it\/wp-json\/wp\/v2\/product_cat?post=2746"},{"taxonomy":"product_tag","embeddable":true,"href":"https:\/\/elitesoftkeys.com\/it\/wp-json\/wp\/v2\/product_tag?post=2746"}],"curies":[{"name":"parola chiave","href":"https:\/\/api.w.org\/{rel}","templated":true}]}}