{"id":2740,"date":"2024-12-21T13:59:25","date_gmt":"2024-12-21T13:59:25","guid":{"rendered":"http:\/\/elitesoftkeys.com\/?product=progecad-25-pro"},"modified":"2025-07-06T14:06:39","modified_gmt":"2025-07-06T14:06:39","slug":"progecad-25-pro","status":"publish","type":"product","link":"https:\/\/elitesoftkeys.com\/it\/prodotto\/progecad-25-pro\/","title":{"rendered":"ProgeCAD 25 Pro"},"content":{"rendered":"<p>*Prodotto nativo in versione educativa, che include tutte le funzionalit\u00e0 del lavoro e nessuna menzione della versione educativa o riferimento ai progetti.ProgeCAD 2025, sviluppato da ProgeSOFT, \u00e8 una soluzione CAO de pointe per i professionisti dell&#039;architettura e dell&#039;ingegneria. Questa logica, compatibile con i formati DWG e DXF, offre una piattaforma robusta per la modellazione 2D e 3D, che lo rende ideale per progetti architettonici complessi.<\/p>\n<p>Capacit\u00e9s du produit<\/p>\n<p>ProgeCAD 2025 si distingue per un certo numero di funzionalit\u00e0 innovative che migliorano l&#039;efficacia e la produttivit\u00e0 del processo di concezione:<\/p>\n<p>Modulazione avanzata: grazie al nuovo modulo AEC (Architecture, Ing\u00e9nierie et Construction), gli utenti possono creare elementi architettonici in 3D con una vista in pianta 2D. La concezione devient ainsi plus intuitiva et visuellement accessibile.<\/p>\n<p>Blocchi avanzati: La gestione dei blocchi \u00e8 stata migliorata grazie al premio in carica dei &quot;blocchi avanzati&quot;, che consente agli utenti di creare e modificare blocchi dinamici con parametri e stati di visibilit\u00e0, all&#039;istante di ci\u00f2 che viene proposto in AutoCAD.<\/p>\n<p>Traduttore di disegni AI: una delle nuove funzionalit\u00e0 pi\u00f9 interessanti \u00e8 il traduttore generato dai disegni, che consente di tradurre i testi dei disegni in diverse lingue grazie alla tecnologia Google AI.<\/p>\n<p>Importatore BIM: ProgeCAD 2025 consente l&#039;importazione diretta di file Revit (fino alla versione 2024), che facilita l&#039;integrazione con il flusso di lavoro BIM.<\/p>\n<p>Funzionalit\u00e0 SIG: il software comprende strumenti di georeferenziazione delle immagini e di allineamento dei dati con l&#039;aiuto di fogli di caucci\u00f9, ottimizzando anche l&#039;utilizzo di carte e dati geografici.<\/p>\n<p>Utilisation du logiciel<\/p>\n<p>L&#039;interfaccia utente di ProgeCAD 2025 \u00e8 concepita per essere intuitiva, in particolare per coloro che sono gi\u00e0 familiari con AutoCAD. Gli utenti possono iniziare rapidamente con grazia<\/p>\n<p>Compatibilit\u00e0 nativa: il software carica completamente i file DWG senza che sia necessario convertirli, garantendo cos\u00ec un flusso di lavoro fluido e omogeneo.<\/p>\n<p>Strumenti esclusivi: Oltre alle funzionalit\u00e0 standard CAO, ProgeCAD 2025 comprende strumenti esclusivi come un gestore di biblioteca in blocchi, un modulo di creazione PDF 3D e un convertitore PDF-DWG.<\/p>\n<p>In sintesi, ProgeCAD 2025 si impone come un potente strumento di modellazione per architetti e ingegneri, combinando funzionalit\u00e0 avanzate con un&#039;interfaccia conviviale. Con il supporto continuo di ProgeSOFT, questa logica rappresenta una strategia di investimento per coloro che cercano una soluzione CAO completa ed efficace.<\/p>","protected":false},"excerpt":{"rendered":"<table style='border-collapse: collapse; width: 100%;'>\n<tr>\n<th>Propriet\u00e0<\/th>\n<th>Valore<\/th>\n<\/tr>\n<tr>\n<td>Plate-forme<\/td>\n<td>Finestre<\/td>\n<\/tr>\n<tr>\n<td>Carta grafica<\/td>\n<td>Consulta la pagina Materiale certificato per 3ds Max per un elenco dettagliato dei sistemi e delle carte grafiche consigliati.<\/td>\n<\/tr>\n<tr>\n<td>Processore<\/td>\n<td>Processore multiplo 64 bit Intel o AMD con gioco di istruzioni SSE4.2<\/td>\n<\/tr>\n<tr>\n<td>Spazio disco<\/td>\n<td>10 Go d&#039;espace disque libre pour le t\u00e9l\u00e9chargement et l&#039;installation<\/td>\n<\/tr>\n<tr>\n<td>Memoria RAM<\/td>\n<td>Almeno 4 GB di RAM (raccomandato almeno 8 GB)<\/td>\n<\/tr>\n<tr>\n<td>Compatibilit\u00e9 des syst\u00e8mes<\/td>\n<td>Microsoft Windows 11 e Windows 10 a 64 bit<\/td>\n<\/tr>\n<tr>\n<td>Esigenze in materia di rete<\/td>\n<td>Autodesk consiglia l&#039;ultima versione dei browser Web successivi per accedere ai contenuti online aggiuntivi: Microsoft Edge Google Chrome Microsoft Internet Explorer Mozilla Firefox<\/td>\n<\/tr>\n<tr>\n<td>Altre esigenze<\/td>\n<td>Connessione Internet per la registrazione della licenza e lo scaricamento dei componenti necessari<\/td>\n<\/tr>\n<\/table>","protected":false},"featured_media":2788,"template":"","meta":{"inline_featured_image":false},"product_brand":[],"product_cat":[115],"product_tag":[],"class_list":{"0":"post-2740","1":"product","2":"type-product","3":"status-publish","4":"has-post-thumbnail","6":"product_cat-cad-software","8":"first","9":"instock","10":"sale","11":"virtual","12":"taxable","13":"purchasable","14":"product-type-simple"},"_links":{"self":[{"href":"https:\/\/elitesoftkeys.com\/it\/wp-json\/wp\/v2\/product\/2740","targetHints":{"allow":["GET"]}}],"collection":[{"href":"https:\/\/elitesoftkeys.com\/it\/wp-json\/wp\/v2\/product"}],"about":[{"href":"https:\/\/elitesoftkeys.com\/it\/wp-json\/wp\/v2\/types\/product"}],"version-history":[{"count":0,"href":"https:\/\/elitesoftkeys.com\/it\/wp-json\/wp\/v2\/product\/2740\/revisions"}],"wp:featuredmedia":[{"embeddable":true,"href":"https:\/\/elitesoftkeys.com\/it\/wp-json\/wp\/v2\/media\/2788"}],"wp:attachment":[{"href":"https:\/\/elitesoftkeys.com\/it\/wp-json\/wp\/v2\/media?parent=2740"}],"wp:term":[{"taxonomy":"product_brand","embeddable":true,"href":"https:\/\/elitesoftkeys.com\/it\/wp-json\/wp\/v2\/product_brand?post=2740"},{"taxonomy":"product_cat","embeddable":true,"href":"https:\/\/elitesoftkeys.com\/it\/wp-json\/wp\/v2\/product_cat?post=2740"},{"taxonomy":"product_tag","embeddable":true,"href":"https:\/\/elitesoftkeys.com\/it\/wp-json\/wp\/v2\/product_tag?post=2740"}],"curies":[{"name":"parola chiave","href":"https:\/\/api.w.org\/{rel}","templated":true}]}}