{"id":2734,"date":"2024-12-21T13:59:19","date_gmt":"2024-12-21T13:59:19","guid":{"rendered":"http:\/\/elitesoftkeys.com\/?product=ashampoo-3d-cad-professional-10"},"modified":"2025-07-06T14:06:39","modified_gmt":"2025-07-06T14:06:39","slug":"ashampoo-3d-cad-professional-10","status":"publish","type":"product","link":"https:\/\/elitesoftkeys.com\/it\/prodotto\/ashampoo-3d-cad-professional-10\/","title":{"rendered":"Ashampoo 3D CAD Professional 10"},"content":{"rendered":"<p>La soluzione CAO con pi\u00f9 possibilit\u00e0, comodit\u00e0 e realismo per i vostri progetti! Il nuovo Ashampoo 3D CAD Professional 10 vi offre molte pi\u00f9 possibilit\u00e0! Grazie a un catalogo ampio con oltre 250 nuovi oggetti 3D, nuove porte, il catalogo di balconi e gruppi e pareti esterne per la concezione di terreni e giardini, puoi concepire un modo ancora pi\u00f9 realistico! Utilizza il nuovo elemento di terreno con bordi in 3D, le chiusure come il corpo di guardia o la scatola di dialogo pratica della freccia del nord per il posizionamento, la rotazione e la messa a spalla! Les garde-corps peuvent d\u00e9sormais \u00eatre utilis\u00e9s dans de nombreuses variantis, m\u00eame dans vos propres cr\u00e9ations ! Inoltre, la raccolta automatica dei piani di montaggio in 2D e i testi di posizione automatici per la cornice delle pareti e delle finestre ti scaricano da una grande parte del lavoro! La soluzione di design professionale tutto compreso, dai piani di montaggio alle decorazioni! Ashampoo 3D CAD Professional \u00e8 il pianificatore ideale per tutti loro concepteurs, dessinateurs, architectes d&#039;int\u00e9rieur o architectes paysagistes ! Costruisci, visualizza e comunica le tue idee di concezione in modo dettagliato, diretto e professionale! Creiamo idee per applicazioni di costruzione o progetti esecutivi che rispondono alle esigenze pi\u00f9 elevate. Le potenti funzioni architettoniche ti permettono di ottenere risultati professionali e le funzioni di modellazione estese ti permettono di ideare aggiunte e sculture che danno alla tua architettura un tocco artistico.Deconception et destruction potenti Gli strumenti in saisie numerico non sono indispensabili per una concezione preciso e Ashampoo CAD Pro non lesina su questo punto! Le potenti opzioni in saisie numerico per i muri, le finestre e le porte facilitano la vita, mentre gli strumenti di edizione numerica per le zone offrono precisione e flessibilit\u00e0. Con i moduli complementari per le finestre e le porte, i cassetti, i negozi e i quadri, la sezione di concezione e costruzione \u00e8 ideale per un utilizzo professionale!<\/p>","protected":false},"excerpt":{"rendered":"<table style='border-collapse: collapse; width: 100%;'>\n<tr>\n<th>Propriet\u00e0<\/th>\n<th>Valore<\/th>\n<\/tr>\n<tr>\n<td>Plate-forme<\/td>\n<td>Finestre<\/td>\n<\/tr>\n<tr>\n<td>Lingua<\/td>\n<td>Multilingue<\/td>\n<\/tr>\n<tr>\n<td>Nombre d&#039;utilisateurs<\/td>\n<td>1 Utilizzatore<\/td>\n<\/tr>\n<tr>\n<td>Compatibilit\u00e9 des syst\u00e8mes<\/td>\n<td>Windows 11, Windows 10<\/td>\n<\/tr>\n<tr>\n<td>Altre esigenze<\/td>\n<td>Tutto l&#039;apparecchio carica i sistemi di sfruttamento elencati di seguito. I sistemi dotati di processori ARM non sono caricati. Per attivare il programma \u00e8 necessaria una connessione Internet.<\/td>\n<\/tr>\n<\/table>","protected":false},"featured_media":2791,"template":"","meta":{"inline_featured_image":false},"product_brand":[],"product_cat":[115],"product_tag":[],"class_list":{"0":"post-2734","1":"product","2":"type-product","3":"status-publish","4":"has-post-thumbnail","6":"product_cat-cad-software","8":"first","9":"instock","10":"sale","11":"virtual","12":"taxable","13":"purchasable","14":"product-type-simple"},"_links":{"self":[{"href":"https:\/\/elitesoftkeys.com\/it\/wp-json\/wp\/v2\/product\/2734","targetHints":{"allow":["GET"]}}],"collection":[{"href":"https:\/\/elitesoftkeys.com\/it\/wp-json\/wp\/v2\/product"}],"about":[{"href":"https:\/\/elitesoftkeys.com\/it\/wp-json\/wp\/v2\/types\/product"}],"version-history":[{"count":0,"href":"https:\/\/elitesoftkeys.com\/it\/wp-json\/wp\/v2\/product\/2734\/revisions"}],"wp:featuredmedia":[{"embeddable":true,"href":"https:\/\/elitesoftkeys.com\/it\/wp-json\/wp\/v2\/media\/2791"}],"wp:attachment":[{"href":"https:\/\/elitesoftkeys.com\/it\/wp-json\/wp\/v2\/media?parent=2734"}],"wp:term":[{"taxonomy":"product_brand","embeddable":true,"href":"https:\/\/elitesoftkeys.com\/it\/wp-json\/wp\/v2\/product_brand?post=2734"},{"taxonomy":"product_cat","embeddable":true,"href":"https:\/\/elitesoftkeys.com\/it\/wp-json\/wp\/v2\/product_cat?post=2734"},{"taxonomy":"product_tag","embeddable":true,"href":"https:\/\/elitesoftkeys.com\/it\/wp-json\/wp\/v2\/product_tag?post=2734"}],"curies":[{"name":"parola chiave","href":"https:\/\/api.w.org\/{rel}","templated":true}]}}