{"id":2730,"date":"2024-12-21T13:59:14","date_gmt":"2024-12-21T13:59:14","guid":{"rendered":"http:\/\/elitesoftkeys.com\/?product=autodesk-mudbox"},"modified":"2025-07-06T14:06:39","modified_gmt":"2025-07-06T14:06:39","slug":"autodesk-mudbox","status":"publish","type":"product","link":"https:\/\/elitesoftkeys.com\/it\/prodotto\/autodesk-mudbox\/","title":{"rendered":"Autodesk Mudbox"},"content":{"rendered":"<p>Programma in versione educativa, completo di tutte le funzionalit\u00e0. Il prodotto non ha un marchio di identificazione in filigrana, senza riferimento alla formulazione educativa dei documenti. Autodesk Mudbox \u00e8 un software di pittura e scultura numerica in 3D che ti consente di creare modelli basati sulle tecniche di scultura tradizionali.<\/p>\n<p>Ti permette di creare personaggi e ambienti dettagliati con texture straordinarie:<\/p>\n<p>Donnez vie \u00e0 vos concepts 3D gr\u00e2ce \u00e0 des outils de sculpture intuitifs.<\/p>\n<p>Aggiungere il tocco finale ai modelli grazie alle funzioni flessibili della pittura con texture.<\/p>\n<p>Lavora pi\u00f9 rapidamente con un flusso di lavoro facile da utilizzare basato sui calcoli.<\/p>\n<p>Insieme di strumenti numerici intuitivi<\/p>\n<p>Gli strumenti di scultura conviviale proposti da Mudbox ti permettono di creare facilmente tutto ci\u00f2 che puoi immaginare.<\/p>\n<p>Mod\u00e8les de haute qualit\u00e9<\/p>\n<p>Il flusso di lavoro della pittura con texture precise ti consente di creare modelli realistici e stilizzati.<\/p>\n<p>Flusso di lavoro uniforme basato sulla pinza<\/p>\n<p>Il flusso di lavoro basato sulla pinza per i poligoni e le texture ti consente di portare le tue creazioni a un livello superiore.<\/p>","protected":false},"excerpt":{"rendered":"<table style='border-collapse: collapse; width: 100%;'>\n<tr>\n<th>Propriet\u00e0<\/th>\n<th>Valore<\/th>\n<\/tr>\n<tr>\n<td>Plate-forme<\/td>\n<td>Windows \/ macOS<\/td>\n<\/tr>\n<tr>\n<td>Carta grafica<\/td>\n<td>WINDOWS: Esigenza minima: 1 GBU con 29 GB\/s di banda passante e compatibile con DirectX 11 Consigliato: 4 GBU con 106 GB\/s di banda passante e compatibile con DirectX 12 \/ MAC: Consigliato: carte grafiche installate su Mac nativo<\/td>\n<\/tr>\n<tr>\n<td>Processore<\/td>\n<td>WINDOWS: Configurazione minima: processore 2,5 \u2013 2,9 GHz Consigliato: processore a meno di 3 GHz \/ MAC: CPU Intel 64 bit Consigliato: Intel Core i7 o superiore<\/td>\n<\/tr>\n<tr>\n<td>Spazio disco<\/td>\n<td>WINDOWS: 10 Vai allo spazio disco disponibile per il download e l&#039;installazione \/ MAC: 6 Vai allo spazio disco disponibile per il download e l&#039;installazione<\/td>\n<\/tr>\n<tr>\n<td>Memoria RAM<\/td>\n<td>WINDOWS: Requisito minimo: 8 GB Consigliato: 16 GB \/ MAC: Requisito minimo: 4 GB Consigliato: au moins 8 GB<\/td>\n<\/tr>\n<tr>\n<td>Compatibilit\u00e9 des syst\u00e8mes<\/td>\n<td>WINDOWS: Microsoft Windows 11 e Windows 10 64-bit \/ MAC: macOS Ventura v13, Monterey v12, Big Sur v11<\/td>\n<\/tr>\n<tr>\n<td>Altre esigenze<\/td>\n<td>Connessione Internet per la registrazione della licenza e lo scaricamento dei componenti necessari<\/td>\n<\/tr>\n<\/table>","protected":false},"featured_media":2794,"template":"","meta":{"inline_featured_image":false},"product_brand":[],"product_cat":[115],"product_tag":[],"class_list":{"0":"post-2730","1":"product","2":"type-product","3":"status-publish","4":"has-post-thumbnail","6":"product_cat-cad-software","8":"first","9":"instock","10":"sale","11":"virtual","12":"taxable","13":"purchasable","14":"product-type-simple"},"_links":{"self":[{"href":"https:\/\/elitesoftkeys.com\/it\/wp-json\/wp\/v2\/product\/2730","targetHints":{"allow":["GET"]}}],"collection":[{"href":"https:\/\/elitesoftkeys.com\/it\/wp-json\/wp\/v2\/product"}],"about":[{"href":"https:\/\/elitesoftkeys.com\/it\/wp-json\/wp\/v2\/types\/product"}],"version-history":[{"count":0,"href":"https:\/\/elitesoftkeys.com\/it\/wp-json\/wp\/v2\/product\/2730\/revisions"}],"wp:featuredmedia":[{"embeddable":true,"href":"https:\/\/elitesoftkeys.com\/it\/wp-json\/wp\/v2\/media\/2794"}],"wp:attachment":[{"href":"https:\/\/elitesoftkeys.com\/it\/wp-json\/wp\/v2\/media?parent=2730"}],"wp:term":[{"taxonomy":"product_brand","embeddable":true,"href":"https:\/\/elitesoftkeys.com\/it\/wp-json\/wp\/v2\/product_brand?post=2730"},{"taxonomy":"product_cat","embeddable":true,"href":"https:\/\/elitesoftkeys.com\/it\/wp-json\/wp\/v2\/product_cat?post=2730"},{"taxonomy":"product_tag","embeddable":true,"href":"https:\/\/elitesoftkeys.com\/it\/wp-json\/wp\/v2\/product_tag?post=2730"}],"curies":[{"name":"parola chiave","href":"https:\/\/api.w.org\/{rel}","templated":true}]}}