{"id":2728,"date":"2024-12-21T13:59:12","date_gmt":"2024-12-21T13:59:12","guid":{"rendered":"http:\/\/elitesoftkeys.com\/?product=autodesk-vehicle-tracking"},"modified":"2025-07-06T14:06:39","modified_gmt":"2025-07-06T14:06:39","slug":"autodesk-vehicle-tracking","status":"publish","type":"product","link":"https:\/\/elitesoftkeys.com\/it\/prodotto\/autodesk-vehicle-tracking\/","title":{"rendered":"Monitoraggio dei veicoli Autodesk"},"content":{"rendered":"<p>Programma in versione educativa, con tutte le funzionalit\u00e0.Il prodotto non ha un marchio di identificazione in filigrana, senza riferimento alla formulazione educativa dei documenti.Autodesk Vehicle Tracking \u00e8 un software di analisi e di concezione per la gestione del traffico e la pianificazione degli spazi pubblici, come i parcheggi, le aree di stazionamento e cos\u00ec via. les ronds-points. Si tratta di un&#039;estensione del motore CAO AutoCAD che fornisce strumenti per creare modelli 3D dettagliati di itinerari per veicoli, consentendo la simulazione e la valutazione del movimento dei veicoli negli spazi pubblici. Utilizza le tecnologie di analisi e gestione dei progetti per aiutare gli ingegneri e gli architetti a concepire spazi pi\u00f9 sicuri e pi\u00f9 efficaci.<\/p>\n<p>Principales fonctionnalit\u00e9s<\/p>\n<p>Analisi delle traiettorie: il sistema logico consente di analizzare le traiettorie dei veicoli direzionali, dei veicoli leggeri e degli aerei. Questa funzione \u00e8 essenziale per prevenire e ottimizzare la circolazione dei veicoli negli spazi ristretti o complessi.<\/p>\n<p>Concezione degli spazi di stazionamento: il tracciamento dei veicoli utilizza regole geometriche per facilitare l&#039;agenzia efficace delle distanze e delle aree di stazionamento, migliorando anche l&#039;accessibilit\u00e0 e la funzionalit\u00e0 degli spazi.<\/p>\n<p>Concezione dei carrelli girati: consente di generare rapidamente carrelli girati che si integrano con i percorsi esistenti o precedenti, contribuendo a migliorare la fluidit\u00e0 del traffico.<\/p>\n<p>Simulazioni nel tempo reale: grazie agli strumenti di simulazione interattivi, gli ingegneri possono valutare il comportamento dei veicoli negli scenari reali, tenendo conto dei fattori quali la velocit\u00e0 e le linee di visibilit\u00e0 nel corso del processo di concezione234.<\/p>\n<p>Integrazione BIM: il tracciamento dei veicoli \u00e8 integrato in modo trasparente in altri strumenti Autodesk, come AutoCAD e Civil 3D, che consentono una gestione fluida del progetto su diverse piattaforme26.<\/p>\n<p>Perch\u00e9 utilizzi Autodesk Vehicle Tracking?<\/p>\n<p>Ottimizzazione del concepimento: grazie alla possibilit\u00e0 di analizzare diversi scenari di concepimento e di valutare le alternative in tempo reale, gli utenti possono prendere decisioni pi\u00f9 chiare che conducono a concezioni pi\u00f9 sicure e pi\u00f9 efficaci.<\/p>\n<p>Guadagno di tempo: la funzionalit\u00e0 \u201cglisser-d\u00e9poser\u201d e le simulazioni rapide consentono agli ingegneri e ai progettisti di ridurre i tempi di sviluppo e di migliorare la produttivit\u00e0 globale34.<\/p>\n<p>Miglioramento della sicurezza: l&#039;analisi approfondita del movimento dei veicoli consente di identificare i potenziali problemi di sicurezza prima della messa in opera dei progetti, ci\u00f2 che contribuisce a creare ambienti pi\u00f9 sicuri per gli utenti35.<\/p>\n<p>Rispetto delle normative: la logica consente di garantire che i progetti siano conformi alle normative locali e nazionali in materia di concezione dei percorsi e di sicurezza del traffico46.<\/p>\n<p>In sintesi, Autodesk Vehicle Tracking \u00e8 uno strumento indispensabile per gli ingegneri civili, gli architetti e i concepteur che desiderano ottimizzare i loro progetti infrastrutturali grazie a un&#039;analisi dettagliata e una simulazione precisa del movimento dei veicoli.<\/p>","protected":false},"excerpt":{"rendered":"<table style='border-collapse: collapse; width: 100%;'>\n<tr>\n<th>Propriet\u00e0<\/th>\n<th>Valore<\/th>\n<\/tr>\n<tr>\n<td>Plate-forme<\/td>\n<td>Finestre<\/td>\n<\/tr>\n<tr>\n<td>Carta grafica<\/td>\n<td>Compatibile con la carta grafica Direct3D 9\u00ae e OpenGL\u00ae con Shader Model 2 (minimo)<\/td>\n<\/tr>\n<tr>\n<td>Processore<\/td>\n<td>Processore multiplo 64 bit Intel o AMD con gioco di istruzioni SSE4.2<\/td>\n<\/tr>\n<tr>\n<td>Spazio disco<\/td>\n<td>10 Go d&#039;espace disque libre pour le t\u00e9l\u00e9chargement et l&#039;installation<\/td>\n<\/tr>\n<tr>\n<td>Memoria RAM<\/td>\n<td>Almeno 4 GB di RAM (raccomandato almeno 8 GB)<\/td>\n<\/tr>\n<tr>\n<td>Compatibilit\u00e9 des syst\u00e8mes<\/td>\n<td>Microsoft Windows 11 e Windows 10 a 64 bit<\/td>\n<\/tr>\n<tr>\n<td>Esigenze in materia di rete<\/td>\n<td>Autodesk consiglia l&#039;ultima versione dei browser Web successivi per accedere ai contenuti online aggiuntivi: Microsoft Edge Google Chrome Microsoft Internet Explorer Mozilla Firefox<\/td>\n<\/tr>\n<tr>\n<td>Altre esigenze<\/td>\n<td>Connessione Internet per la registrazione della licenza e lo scaricamento dei componenti necessari<\/td>\n<\/tr>\n<\/table>","protected":false},"featured_media":2795,"template":"","meta":{"inline_featured_image":false},"product_brand":[],"product_cat":[115],"product_tag":[],"class_list":{"0":"post-2728","1":"product","2":"type-product","3":"status-publish","4":"has-post-thumbnail","6":"product_cat-cad-software","8":"first","9":"instock","10":"sale","11":"virtual","12":"taxable","13":"purchasable","14":"product-type-simple"},"_links":{"self":[{"href":"https:\/\/elitesoftkeys.com\/it\/wp-json\/wp\/v2\/product\/2728","targetHints":{"allow":["GET"]}}],"collection":[{"href":"https:\/\/elitesoftkeys.com\/it\/wp-json\/wp\/v2\/product"}],"about":[{"href":"https:\/\/elitesoftkeys.com\/it\/wp-json\/wp\/v2\/types\/product"}],"version-history":[{"count":0,"href":"https:\/\/elitesoftkeys.com\/it\/wp-json\/wp\/v2\/product\/2728\/revisions"}],"wp:featuredmedia":[{"embeddable":true,"href":"https:\/\/elitesoftkeys.com\/it\/wp-json\/wp\/v2\/media\/2795"}],"wp:attachment":[{"href":"https:\/\/elitesoftkeys.com\/it\/wp-json\/wp\/v2\/media?parent=2728"}],"wp:term":[{"taxonomy":"product_brand","embeddable":true,"href":"https:\/\/elitesoftkeys.com\/it\/wp-json\/wp\/v2\/product_brand?post=2728"},{"taxonomy":"product_cat","embeddable":true,"href":"https:\/\/elitesoftkeys.com\/it\/wp-json\/wp\/v2\/product_cat?post=2728"},{"taxonomy":"product_tag","embeddable":true,"href":"https:\/\/elitesoftkeys.com\/it\/wp-json\/wp\/v2\/product_tag?post=2728"}],"curies":[{"name":"parola chiave","href":"https:\/\/api.w.org\/{rel}","templated":true}]}}