{"id":2726,"date":"2024-12-21T13:59:11","date_gmt":"2024-12-21T13:59:11","guid":{"rendered":"http:\/\/elitesoftkeys.com\/?product=autodesk-pdmc-collection"},"modified":"2025-07-06T14:06:39","modified_gmt":"2025-07-06T14:06:39","slug":"autodesk-pdmc-collection","status":"publish","type":"product","link":"https:\/\/elitesoftkeys.com\/it\/prodotto\/autodesk-pdmc-collection\/","title":{"rendered":"Raccolta Autodesk PDMC"},"content":{"rendered":"<p>*Programma in versione educativa, completo di tutte le funzionalit\u00e0. Il prodotto non comporta n\u00e9 un marchio di identificazione in filigrana, n\u00e9 un riferimento alla formulazione educativa dei documenti.<\/p>\n<p>Licenza Autodesk PDMC Collection \u2013 caratteristiche e funzionalit\u00e0<\/p>\n<p>Autodesk Product Design &amp; Manufacturing Collection (PDMC): la suite completa per la concezione e la fabbricazione. Autodesk Product Design &amp; Manufacturing Collection (PDMC) \u00e8 una suite integrata di applicazioni professionali che copre l&#039;insieme del processo, dell&#039;idea del prodotto finito, grazie a potenti strumenti di concezione, simulazione, fabbricazione e collaborazione.<\/p>\n<p>Cette collection comprend<\/p>\n<p>Conception et ing\u00e9nierie :<\/p>\n<p>Autodesk Inventor Professional: logica di concezione meccanica in 3D con strumenti di modellazione, simulazione e documentazione, che comprende:<\/p>\n<p>Inventore CAM per il fraisage, il tournage e l&#039;utilizzo di 5 assi integrati.<\/p>\n<p>Inventor Nesting per l&#039;ottimizzazione degli schemi di separazione delle tessere<\/p>\n<p>Analisi delle tolleranze di Inventor per l&#039;analisi delle tolleranze di produzione<\/p>\n<p>Inventor Nastran, logica di simulazione che consente di effettuare analisi di verifica meccanica e strutturale nelle prime fasi di concezione<\/p>\n<p>3DSMax per la resa e l&#039;animazione 3D: logica di resa e modellazione 3D per la visualizzazione di concetti, giochi video e animazioni.<\/p>\n<p>AutoCAD: potente logica CAO 2D e 3D con strumenti specifici per la meccanica, l&#039;elettricit\u00e0, l&#039;architettura e l&#039;ingegneria degli impianti. Sono inoltre inclusi tutti gli insieme di strumenti inerenti ad AutoCAD MEP, Plant3D, Map3D, meccanica, elettronica e architettura.<\/p>\n<p>Produzione e ottimizzazione:<\/p>\n<p>Navisworks Manage: consente di esaminare e identificare le interferenze nel progetto 3D e di creare rapporti specifici.<\/p>\n<p>Fusion 360: ambiente di concezione, simulazione e fabbricazione in 3D basato sul cloud e strumenti di collaborazione:<\/p>\n<p>Autodesk Vault per la gestione tecnica dei dati e la collaborazione.<\/p>\n<p>Utilit\u00e0 di progettazione di fabbrica per la concezione degli usi di fabbricazione<\/p>\n<p>Il PDMC offre tutto ci\u00f2 che \u00e8 necessario per l&#039;insieme del processo di sviluppo dei prodotti, dalla concezione 2D e 3D alla simulazione avanzata, di passaggio dalla FAO e alla gestione dei dati, consentendo il flusso di lavoro integrato centrale sui dati di Inventor. Con le ultime tecnologie cloud che raccontano Fusion 360, il PDMC consente di superare i limiti di progettazione e fabbricazione, ottimizzando l&#039;insieme del processo di gestione efficace.<\/p>\n<p>Autodesk PDMC Collection \u2013 Guida al download e all&#039;installazione<\/p>\n<p>Ci impegniamo a non fornirti il download ufficiale dei prodotti acquistati, quindi una volta terminata la transazione, riceverai un&#039;e-mail contenente tutte le istruzioni pertinenti e scaricherai il prodotto direttamente dal produttore e una chiave di attivazione per la tua licenza.<\/p>\n<p>Perch\u00e9 scegliere EliteSoftKeys per acquistare licenze logiche?<\/p>\n<p>EliteSoftKeys \u00e8 il tuo fornitore di fiducia per le licenze di software originali a prezzo imbattibile, certificate da Microsoft e Adobe. Non proponiamo logici autentici di grandi marche, che garantiscono la qualit\u00e0 e l&#039;autenticit\u00e0 di ogni prodotto. Profitez de remises allant jusqu&#039;\u00e0 70 % sur les prix de d\u00e9tail gr\u00e2ce \u00e0 la revente de licenses \u201cd&#039;occasion\u201d, l\u00e9galement autoris\u00e9e par la CJUE. La nostra \u00e9quipe multilingue d&#039;assistance \u00e0 la client\u00e8le est disponible 7 jours sur 7 et nous recevons une note moyenne impressionnante de 4,9\/5 bas\u00e9e sur des dizaines d&#039;avis declients. Proponiamo opzioni di pagamento sicure, tra cui Google Pay e le carte di credito, al fine di semplificare il processo di acquisto.<\/p>\n<p>Domande frequenti sulla logica di raccolta PDMC<\/p>\n<p>Commento, quindi ho ricevuto la licenza dopo aver acquistato il software PDMC Collection?<\/p>\n<p>Dopo aver effettuato l&#039;acquisto del software PDMC Collection, ti verr\u00e0 inviata una chiave di attivazione della licenza via e-mail.<\/p>\n<p>Cosa posso fare se non riesco ad attivare o scaricare l&#039;abbonamento al software PDMC Collection?<\/p>\n<p>Nessun problema, siamo sempre disponibili per aiutarti! Se per qualche ragione non riesci ad attivare la tua licenza PDMC Collection, contatta il nostro team di assistenza tecnica gratuita e non visualizzare le coordinate sul sito web, fornendo i dettagli e le immagini dello schermo del problema. Vi aiuteremo immediatamente alla risposta.<\/p>","protected":false},"excerpt":{"rendered":"<table style=\"border-collapse: collapse; width: 100%;\">\n<tbody>\n<tr>\n<th>Propriet\u00e0<\/th>\n<th>Valore<\/th>\n<\/tr>\n<tr>\n<td>Plate-forme<\/td>\n<td>Finestre<\/td>\n<\/tr>\n<tr>\n<td>Carta grafica<\/td>\n<td>Consultare la pagina ufficiale del prodotto Autodesk<\/td>\n<\/tr>\n<tr>\n<td>Processore<\/td>\n<td>Processore multiplo 64 bit Intel o AMD con gioco di istruzioni SSE4.2<\/td>\n<\/tr>\n<tr>\n<td>Spazio disco<\/td>\n<td>50 Go d&#039;espace disque libre pour le t\u00e9l\u00e9chargement et l&#039;installation<\/td>\n<\/tr>\n<tr>\n<td>Memoria RAM<\/td>\n<td>Almeno 8 giorni di RAM consigliati<\/td>\n<\/tr>\n<tr>\n<td>Compatibilit\u00e9 des syst\u00e8mes<\/td>\n<td>Microsoft Windows 11 e Windows 10 a 64 bit<\/td>\n<\/tr>\n<tr>\n<td>Esigenze in materia di rete<\/td>\n<td>Autodesk consiglia l&#039;ultima versione dei browser Web successivi per accedere ai contenuti online aggiuntivi: Microsoft Edge Google Chrome Microsoft Internet Explorer Mozilla Firefox<\/td>\n<\/tr>\n<tr>\n<td>Altre esigenze<\/td>\n<td>Connessione Internet per la registrazione della licenza e lo scaricamento dei componenti necessari<\/td>\n<\/tr>\n<\/tbody>\n<\/table>","protected":false},"featured_media":2796,"template":"","meta":{"inline_featured_image":false},"product_brand":[],"product_cat":[115],"product_tag":[],"class_list":{"0":"post-2726","1":"product","2":"type-product","3":"status-publish","4":"has-post-thumbnail","6":"product_cat-cad-software","8":"first","9":"instock","10":"sale","11":"virtual","12":"taxable","13":"purchasable","14":"product-type-simple"},"_links":{"self":[{"href":"https:\/\/elitesoftkeys.com\/it\/wp-json\/wp\/v2\/product\/2726","targetHints":{"allow":["GET"]}}],"collection":[{"href":"https:\/\/elitesoftkeys.com\/it\/wp-json\/wp\/v2\/product"}],"about":[{"href":"https:\/\/elitesoftkeys.com\/it\/wp-json\/wp\/v2\/types\/product"}],"version-history":[{"count":0,"href":"https:\/\/elitesoftkeys.com\/it\/wp-json\/wp\/v2\/product\/2726\/revisions"}],"wp:featuredmedia":[{"embeddable":true,"href":"https:\/\/elitesoftkeys.com\/it\/wp-json\/wp\/v2\/media\/2796"}],"wp:attachment":[{"href":"https:\/\/elitesoftkeys.com\/it\/wp-json\/wp\/v2\/media?parent=2726"}],"wp:term":[{"taxonomy":"product_brand","embeddable":true,"href":"https:\/\/elitesoftkeys.com\/it\/wp-json\/wp\/v2\/product_brand?post=2726"},{"taxonomy":"product_cat","embeddable":true,"href":"https:\/\/elitesoftkeys.com\/it\/wp-json\/wp\/v2\/product_cat?post=2726"},{"taxonomy":"product_tag","embeddable":true,"href":"https:\/\/elitesoftkeys.com\/it\/wp-json\/wp\/v2\/product_tag?post=2726"}],"curies":[{"name":"parola chiave","href":"https:\/\/api.w.org\/{rel}","templated":true}]}}