{"id":2724,"date":"2024-12-21T13:59:09","date_gmt":"2024-12-21T13:59:09","guid":{"rendered":"http:\/\/elitesoftkeys.com\/?product=adobe-substance-3d-painter-educational"},"modified":"2025-07-06T14:06:37","modified_gmt":"2025-07-06T14:06:37","slug":"adobe-substance-3d-painter-educational","status":"publish","type":"product","link":"https:\/\/elitesoftkeys.com\/it\/prodotto\/adobe-substance-3d-painter-educational\/","title":{"rendered":"Adobe Substance 3D Painter Educational"},"content":{"rendered":"<p>La ricezione dopo l&#039;acquisto del prodotto pu\u00f2 essere effettuata tra 1 ora e 48 ore tramite e-mail. Per ulteriori informazioni sull&#039;invio, ti invitiamo a contattarci a contact@EliteSoftKeys.com o contattare i riferimenti elencati sulla nostra piattaforma qui. Peignez des textures 3D en temps reale con Substance Painter 3D! Substance 3D offre gli strumenti che non ti servono per definire la texture degli attivi 3D. Modernizza il tuo processo di texture con fili avanzati e materiali intelligenti. Impara le basi di Substance 3D Painter. Libera la tua creativit\u00e0 con questi tutorial video sulle basi. Presentazione della logica di texture standard del settore. Painter \u00e8 l&#039;applicazione di texture preferita di professionisti del 3D nel mondo intero.Ritrova la tua libert\u00e0 di creazione.Il pittore \u00e8 conveniente per tutti gli stili 3D che desideri ottenere, dal fotorealismo alle composizioni stilizzate.Migliora le tue competenze artistiche con strumenti intelligenti.I pinceaux e gli strumenti parametrici ti permette di creare l&#039;aspetto ideale per n&#039;importe quel oggetto.<\/p>\n<p>Vuoi ottenere maggiori informazioni su 3D Painter Substance? Visita la pagina successiva!<\/p>","protected":false},"excerpt":{"rendered":"<table style='border-collapse: collapse; width: 100%;'>\n<tr>\n<th>Propriet\u00e0<\/th>\n<th>Valore<\/th>\n<\/tr>\n<tr>\n<td>Plate-forme<\/td>\n<td>Windows e macOS<\/td>\n<\/tr>\n<tr>\n<td>Lingua<\/td>\n<td>Multilingue<\/td>\n<\/tr>\n<tr>\n<td>Nombre d&#039;utilisateurs<\/td>\n<td>1 Utilizzatore<\/td>\n<\/tr>\n<tr>\n<td>Compatibilit\u00e9 des syst\u00e8mes<\/td>\n<td>Windows 11, Windows 10 e Catalina 10.15.7 OS mac<\/td>\n<\/tr>\n<tr>\n<td>Altre esigenze<\/td>\n<td>Tutto l&#039;apparecchio carica i sistemi di sfruttamento elencati di seguito. I sistemi dotati di processori ARM non sono caricati. Per attivare il programma \u00e8 necessaria una connessione Internet.<\/td>\n<\/tr>\n<\/table>","protected":false},"featured_media":2797,"template":"","meta":{"inline_featured_image":false},"product_brand":[],"product_cat":[115],"product_tag":[],"class_list":{"0":"post-2724","1":"product","2":"type-product","3":"status-publish","4":"has-post-thumbnail","6":"product_cat-cad-software","8":"first","9":"instock","10":"sale","11":"virtual","12":"taxable","13":"purchasable","14":"product-type-simple"},"_links":{"self":[{"href":"https:\/\/elitesoftkeys.com\/it\/wp-json\/wp\/v2\/product\/2724","targetHints":{"allow":["GET"]}}],"collection":[{"href":"https:\/\/elitesoftkeys.com\/it\/wp-json\/wp\/v2\/product"}],"about":[{"href":"https:\/\/elitesoftkeys.com\/it\/wp-json\/wp\/v2\/types\/product"}],"version-history":[{"count":0,"href":"https:\/\/elitesoftkeys.com\/it\/wp-json\/wp\/v2\/product\/2724\/revisions"}],"wp:featuredmedia":[{"embeddable":true,"href":"https:\/\/elitesoftkeys.com\/it\/wp-json\/wp\/v2\/media\/2797"}],"wp:attachment":[{"href":"https:\/\/elitesoftkeys.com\/it\/wp-json\/wp\/v2\/media?parent=2724"}],"wp:term":[{"taxonomy":"product_brand","embeddable":true,"href":"https:\/\/elitesoftkeys.com\/it\/wp-json\/wp\/v2\/product_brand?post=2724"},{"taxonomy":"product_cat","embeddable":true,"href":"https:\/\/elitesoftkeys.com\/it\/wp-json\/wp\/v2\/product_cat?post=2724"},{"taxonomy":"product_tag","embeddable":true,"href":"https:\/\/elitesoftkeys.com\/it\/wp-json\/wp\/v2\/product_tag?post=2724"}],"curies":[{"name":"parola chiave","href":"https:\/\/api.w.org\/{rel}","templated":true}]}}