{"id":2722,"date":"2024-12-21T13:59:06","date_gmt":"2024-12-21T13:59:06","guid":{"rendered":"http:\/\/elitesoftkeys.com\/?product=autodesk-infodrainage-ultimate"},"modified":"2025-07-06T14:06:37","modified_gmt":"2025-07-06T14:06:37","slug":"autodesk-infodrainage-ultimate","status":"publish","type":"product","link":"https:\/\/elitesoftkeys.com\/it\/prodotto\/autodesk-infodrainage-ultimate\/","title":{"rendered":"Autodesk InfoDrainage Ultimate"},"content":{"rendered":"<p>* Programma in versione educativa, con tutte le funzionalit\u00e0. Il prodotto non ha un marchio di identificazione in filigrana, senza riferimento alla formulazione educativa dei documenti.<\/p>\n<p>Licenza Autodesk InfoDrainage \u2013 caratteristiche e funzionalit\u00e0<\/p>\n<p>Concezione durevole e tradizionale<\/p>\n<p>InfoDrainage consente di progettare in base ai sistemi di drenaggio tradizionali e alle soluzioni di drenaggio durevoli, ad esempio le infrastrutture verdi (IG) e i sistemi di drenaggio urbano durevole (SUDS).<\/p>\n<p>Vue r\u00e9elle<\/p>\n<p>La logica visualizza con precisione la tenda di un bacino, la fa\u00e7on in cui le depressioni non sono affidate al sistema di drenaggio e alla lunghezza esatta dei tubi.<\/p>\n<p>Verifica rapida dei dettagli<\/p>\n<p>Autodesk InfoDrainage fornisce dati precisi che possono essere esportati verso altri programmi, riducendo cos\u00ec la necessit\u00e0 di recupero per generare piani e profili con le posizioni corrette.<\/p>\n<p>Analizzare int\u00e9gr\u00e9e de l&#039;\u00e9coulement et de l&#039;hydraulique<\/p>\n<p>La logica ha effettuato un&#039;analisi idraulica dettagliata delle canalizzazioni, degli aspetti e delle infrastrutture di stoccaggio ed ecologiche, riducendo cos\u00ec il rischio di inondazione in mare.<\/p>\n<p>Accelerazione del flusso di lavoro BIM<\/p>\n<p>InfoDrainage accelera il processo di concezione grazie a modelli semplici e strumenti intuitivi destinati a ideatori, ingegneri, consulenti e altri professionisti dell&#039;acqua.<\/p>\n<p>Per scegliere EliteSoftKeys per acquistare licenze logiche?<\/p>\n<p>EliteSoftKeys \u00e8 un fornitore di software di fiducia che garantisce ai suoi clienti un&#039;esperienza di acquisto rapida e facile. Voici comment nous tenons nos promesses<\/p>\n<p>Logici autentici: non proponiamo logici autentici di grandi marche. Poich\u00e9 il rivenditore \u00e8 certificato da Adobe e Microsoft, garantiamo la qualit\u00e0 e l&#039;autenticit\u00e0 di ogni prodotto.<\/p>\n<p>Desprix imbattables: profitez de remises allant jusqu&#039;\u00e0 70 % par rapport aux prix de vente au d\u00e9tail. I nostri premi competitivi sono possibili grazie al revente di licenze \u201cd&#039;occasione\u201d, una pratica legale autorizzata da un arresto della CJUE del 3 luglio 2012.<\/p>\n<p>Unservizio clientela eccezionale: notre \u00e9quipe d&#039;assistance \u00e0 la client\u00e8le multilingue, disponible 7 jours sur 7, est tr\u00e8s appr\u00e9ci\u00e9e. Sulle piattaforme che ci dicono Trustpilot, Trusted Shop e Google Review, manteniamo una nota molto impressionante di 4,9\/5 sulla base delle domande di consulenza dei clienti.<\/p>\n<p>Opzioni di pagamento sicuro: scegli tra un&#039;ampia gamma di metodi di pagamento sicuro, tra cui Google Pay e le carte di credito, per semplificare il processo di acquisto.<\/p>\n<p>Autodesk InfoDrainage Ultimate: download e installazione<\/p>\n<p>Ci impegniamo a non fornire i trasferimenti ufficiali dei prodotti acquistati. Una volta terminata la transazione, riceverai un&#039;e-mail contenente tutte le istruzioni necessarie e indicherai come scaricare il prodotto direttamente dal produttore, nonch\u00e9 la chiave di attivazione per la tua licenza.<\/p>\n<p>Domande frequenti sulla logica InfoDrainage Ultimate Autodesk<\/p>\n<p>Commenti se \u00e8 vero che la licenza Autodesk InfoDrainage Ultimate \u00e8 proposta a un prezzo basso?<\/p>\n<p>Nous proposons des licenses au d\u00e9tail qui ont \u00e9t\u00e9 utilis\u00e9es et abbandonan\u00e9es par le propri\u00e9taire pr\u00e9c\u00e9dent, conform\u00e9ment \u00e0 l&#039;arr\u00eat C-128\/2011 de la Commission europ\u00e9enne. \u00c8 possibile acquistare la licenza ufficiale Autodesk InfoDrainage sul nostro sito a un prezzo inferiore.<\/p>\n<p>Commento, quindi ho ricevuto la licenza dopo aver acquistato il software Autodesk InfoDrainage ?<\/p>\n<p>Dopo aver completato l&#039;accesso al software Autodesk InfoDrainage, ti verr\u00e0 fornita una chiave di attivazione della licenza tramite corriere.<\/p>\n<p>Cosa posso fare se non posso attivare o scaricare il mio abbonamento ad Autodesk InfoDrainage Ultimate?<\/p>\n<p>Nessun problema, siamo sempre disponibili per aiutarti! Se non riesci ad attivare la tua licenza Autodesk InfoDrainage per un motivo specifico, contatta il nostro team di assistenza tecnica gratuita con le coordinate visualizzate sul sito Web, fornendo i dettagli e le immagini sullo schermo del problema. Vi aiuteremo immediatamente alla risposta.<\/p>","protected":false},"excerpt":{"rendered":"<table style='border-collapse: collapse; width: 100%;'>\n<tr>\n<th>Propriet\u00e0<\/th>\n<th>Valore<\/th>\n<\/tr>\n<tr>\n<td>Plate-forme<\/td>\n<td>Finestre<\/td>\n<\/tr>\n<tr>\n<td>Carta grafica<\/td>\n<td>Consulta la pagina Materiale certificato per 3ds Max per un elenco dettagliato dei sistemi e delle carte grafiche consigliati.<\/td>\n<\/tr>\n<tr>\n<td>Processore<\/td>\n<td>Processore multiplo 64 bit Intel o AMD con gioco di istruzioni SSE4.2<\/td>\n<\/tr>\n<tr>\n<td>Spazio disco<\/td>\n<td>10 Go d&#039;espace disque libre pour le t\u00e9l\u00e9chargement et l&#039;installation<\/td>\n<\/tr>\n<tr>\n<td>Memoria RAM<\/td>\n<td>Almeno 4 GB di RAM (raccomandato almeno 8 GB)<\/td>\n<\/tr>\n<tr>\n<td>Compatibilit\u00e9 des syst\u00e8mes<\/td>\n<td>Microsoft Windows 11 e Windows 10 a 64 bit<\/td>\n<\/tr>\n<tr>\n<td>Esigenze in materia di rete<\/td>\n<td>Autodesk consiglia l&#039;ultima versione dei browser Web successivi per accedere ai contenuti online aggiuntivi: Microsoft Edge Google Chrome Microsoft Internet Explorer Mozilla Firefox<\/td>\n<\/tr>\n<tr>\n<td>Altre esigenze<\/td>\n<td>Connessione Internet per la registrazione della licenza e lo scaricamento dei componenti necessari<\/td>\n<\/tr>\n<\/table>","protected":false},"featured_media":2798,"template":"","meta":{"inline_featured_image":false},"product_brand":[],"product_cat":[115],"product_tag":[],"class_list":{"0":"post-2722","1":"product","2":"type-product","3":"status-publish","4":"has-post-thumbnail","6":"product_cat-cad-software","8":"first","9":"instock","10":"sale","11":"virtual","12":"taxable","13":"purchasable","14":"product-type-simple"},"_links":{"self":[{"href":"https:\/\/elitesoftkeys.com\/it\/wp-json\/wp\/v2\/product\/2722","targetHints":{"allow":["GET"]}}],"collection":[{"href":"https:\/\/elitesoftkeys.com\/it\/wp-json\/wp\/v2\/product"}],"about":[{"href":"https:\/\/elitesoftkeys.com\/it\/wp-json\/wp\/v2\/types\/product"}],"version-history":[{"count":0,"href":"https:\/\/elitesoftkeys.com\/it\/wp-json\/wp\/v2\/product\/2722\/revisions"}],"wp:featuredmedia":[{"embeddable":true,"href":"https:\/\/elitesoftkeys.com\/it\/wp-json\/wp\/v2\/media\/2798"}],"wp:attachment":[{"href":"https:\/\/elitesoftkeys.com\/it\/wp-json\/wp\/v2\/media?parent=2722"}],"wp:term":[{"taxonomy":"product_brand","embeddable":true,"href":"https:\/\/elitesoftkeys.com\/it\/wp-json\/wp\/v2\/product_brand?post=2722"},{"taxonomy":"product_cat","embeddable":true,"href":"https:\/\/elitesoftkeys.com\/it\/wp-json\/wp\/v2\/product_cat?post=2722"},{"taxonomy":"product_tag","embeddable":true,"href":"https:\/\/elitesoftkeys.com\/it\/wp-json\/wp\/v2\/product_tag?post=2722"}],"curies":[{"name":"parola chiave","href":"https:\/\/api.w.org\/{rel}","templated":true}]}}