{"id":2720,"date":"2024-12-21T13:59:04","date_gmt":"2024-12-21T13:59:04","guid":{"rendered":"http:\/\/elitesoftkeys.com\/?product=autodesk-maya"},"modified":"2025-07-06T14:06:37","modified_gmt":"2025-07-06T14:06:37","slug":"autodesk-maya","status":"publish","type":"product","link":"https:\/\/elitesoftkeys.com\/it\/prodotto\/autodesk-maya\/","title":{"rendered":"Autodesk Maya"},"content":{"rendered":"<p>La versione didattica comprende tutte le caratteristiche e le funzioni. Non vi \u00e8 alcun riferimento alla versione didattica n\u00e9 sulla stampa n\u00e9 nella classica filigrana. Maya \u00e8 un set di strumenti professionali per l&#039;animazione 3D, la modellazione, la simulazione e il rendering, progettato per creare personaggi realistici ed effetti degni di un blockbuster. Permette di:<\/p>\n<p>Dai vita a personaggi credibili con coinvolgenti strumenti di animazione.<\/p>\n<p>Modella oggetti e scene 3D con strumenti di modellazione intuitivi.<\/p>\n<p>Crea effetti realistici, dalle esplosioni alla simulazione di tessuti.<\/p>\n<p>Questa versione supporta LookdevX, un editor di materiali agnostico che consente di condividere i materiali senza problemi all&#039;interno della pipeline e include un nuovo e moderno ambiente basato su nodi per la creazione di grafici di materiali come USD, MaterialX e Arnold. Maya offre inoltre un maggiore controllo artistico con aggiornamenti agli strumenti di modellazione come Retopologize e al set di strumenti booleani, mentre gli aggiornamenti di animazione e rigging consentono di concentrarsi sulla creativit\u00e0.<\/p>","protected":false},"excerpt":{"rendered":"<table style='border-collapse: collapse; width: 100%;'>\n<tr>\n<th>Propriet\u00e0<\/th>\n<th>Valore<\/th>\n<\/tr>\n<tr>\n<td>Piattaforma<\/td>\n<td>Windows \/ macOS<\/td>\n<\/tr>\n<tr>\n<td>Grafica<\/td>\n<td>Per un elenco dettagliato dei sistemi e delle schede grafiche consigliati, fare riferimento alle pagine seguenti: Hardware certificato Maya<\/td>\n<\/tr>\n<tr>\n<td>Processore<\/td>\n<td>Intel o AMD a 64 bit con set di istruzioni SSE4.2 per macOS, Apple Silicon arm64 o Intel x86<\/td>\n<\/tr>\n<tr>\n<td>Disco rigido<\/td>\n<td>7 GB di spazio libero su disco per l&#039;installazione<\/td>\n<\/tr>\n<tr>\n<td>Memoria RAM<\/td>\n<td>8 GB di RAM (consigliati 16 GB o pi\u00f9)<\/td>\n<\/tr>\n<tr>\n<td>Sistema operativo<\/td>\n<td>Microsoft Windows 10, versione 1809 o successiva. Microsoft Windows 11 Apple macOS 13.x, 12.x, 11.x Linux Red Hat Enterprise 8.6 WS Rocky Linux 8.6<\/td>\n<\/tr>\n<tr>\n<td>Altri requisiti<\/td>\n<td>Connessione Internet per la registrazione della licenza e il download dei componenti prerequisiti<\/td>\n<\/tr>\n<\/table>","protected":false},"featured_media":2799,"template":"","meta":{"inline_featured_image":false},"product_brand":[],"product_cat":[115],"product_tag":[],"class_list":{"0":"post-2720","1":"product","2":"type-product","3":"status-publish","4":"has-post-thumbnail","6":"product_cat-cad-software","8":"first","9":"instock","10":"sale","11":"virtual","12":"taxable","13":"purchasable","14":"product-type-simple"},"_links":{"self":[{"href":"https:\/\/elitesoftkeys.com\/it\/wp-json\/wp\/v2\/product\/2720","targetHints":{"allow":["GET"]}}],"collection":[{"href":"https:\/\/elitesoftkeys.com\/it\/wp-json\/wp\/v2\/product"}],"about":[{"href":"https:\/\/elitesoftkeys.com\/it\/wp-json\/wp\/v2\/types\/product"}],"version-history":[{"count":0,"href":"https:\/\/elitesoftkeys.com\/it\/wp-json\/wp\/v2\/product\/2720\/revisions"}],"wp:featuredmedia":[{"embeddable":true,"href":"https:\/\/elitesoftkeys.com\/it\/wp-json\/wp\/v2\/media\/2799"}],"wp:attachment":[{"href":"https:\/\/elitesoftkeys.com\/it\/wp-json\/wp\/v2\/media?parent=2720"}],"wp:term":[{"taxonomy":"product_brand","embeddable":true,"href":"https:\/\/elitesoftkeys.com\/it\/wp-json\/wp\/v2\/product_brand?post=2720"},{"taxonomy":"product_cat","embeddable":true,"href":"https:\/\/elitesoftkeys.com\/it\/wp-json\/wp\/v2\/product_cat?post=2720"},{"taxonomy":"product_tag","embeddable":true,"href":"https:\/\/elitesoftkeys.com\/it\/wp-json\/wp\/v2\/product_tag?post=2720"}],"curies":[{"name":"parola chiave","href":"https:\/\/api.w.org\/{rel}","templated":true}]}}