{"id":2718,"date":"2024-12-21T13:59:02","date_gmt":"2024-12-21T13:59:02","guid":{"rendered":"http:\/\/elitesoftkeys.com\/?product=autodesk-civil-3d-windows"},"modified":"2025-07-06T14:06:37","modified_gmt":"2025-07-06T14:06:37","slug":"autodesk-civil-3d-windows","status":"publish","type":"product","link":"https:\/\/elitesoftkeys.com\/it\/prodotto\/autodesk-civil-3d-windows\/","title":{"rendered":"Autodesk Civil 3D (Windows)"},"content":{"rendered":"<p>NOTA: Questa \u00e8 una versione didattica che include tutte le caratteristiche e le funzioni del piano commerciale. Non vi \u00e8 alcun riferimento alla versione didattica nella versione cartacea, n\u00e9 \u00e8 presente la classica filigrana.<\/p>\n<p>Dettagli del prodotto<\/p>\n<p>Autodesk Civil 3D \u00e8 un software di progettazione e documentazione di infrastrutture civili ampiamente utilizzato, che consente una pianificazione, progettazione e gestione accurata ed efficiente di progetti civili in un ambiente basato su modelli 3D. Supporta inoltre la gestione di grandi quantit\u00e0 di dati in tempo reale, migliorando la collaborazione e il coordinamento.<\/p>\n<p>Questa \u00e8 una chiave di licenza autentica per una versione didattica dell&#039;abbonamento ad Autodesk Civil 3D.<\/p>\n<p>Caratteristiche della licenza:<\/p>\n<p>1 utente e 1 dispositivo<\/p>\n<p>Durata dell&#039;abbonamento: 1 o 2 anni<\/p>\n<p>Piattaforme: Windows 10 a 64 bit o versioni successive<\/p>\n<p>Anno di edizione: 2022, 2023, 2024, 2025<\/p>\n<p>Questo prodotto \u00e8 progettato per il sistema operativo Windows e non pu\u00f2 essere utilizzato su Mac. Se stai cercando un software compatibile con Mac, consulta il nostro ampio catalogo di software CAD.<\/p>\n<p>Acquista Autodesk Civil 3D al miglior prezzo sul mercato<\/p>\n<p>Il software \u00e8 disponibile solo tramite piani di abbonamento, che offrono accesso a tempo (mensile, annuale o pluriennale) con aggiornamenti e supporto regolari. Su EliteSoftKeys puoi ottenere l&#039;abbonamento annuale o biennale ad Autodesk Civil 3D con uno sconto di 25%!<\/p>\n<p>Autodesk Civil 3D \u2013 guida al download e all&#039;installazione<\/p>\n<p>Ci impegniamo a fornire solo download ufficiali dei prodotti acquistati!<\/p>\n<p>Dopo l&#039;acquisto, riceverai un&#039;e-mail con la chiave di licenza per Autodesk Civil 3D, insieme a istruzioni chiare su come scaricare il software dal sito Web ufficiale di Autodesk e attivarlo con la chiave di licenza acquistata.<\/p>\n<p>Cosa succede se non riesci ad attivare l&#039;abbonamento? Nessun problema, siamo sempre disponibili ad aiutarti! Se per qualsiasi motivo non riesci ad attivare la tua licenza di Civil 3D, contatta il nostro supporto tecnico gratuito, fornendo dettagli e screenshot del problema. Ti aiuteremo tempestivamente a risolvere il problema.<\/p>\n<p>Perch\u00e9 scegliere EliteSoftKeys per acquistare la tua licenza?<\/p>\n<p>Offerte vere: ottieni licenze software originali con sconti fino a 70% su un&#039;ampia gamma di prodotti.<\/p>\n<p>Rivenditore certificato: in qualit\u00e0 di rivenditori certificati di marchi software leader a livello mondiale come Microsoft, Adobe, Kaspersky, McAfee e altri, ti garantiamo l&#039;autenticit\u00e0 dei prodotti, competenze specialistiche e un supporto di alta qualit\u00e0.<\/p>\n<p>La fiducia dei clienti: con un punteggio medio di 4,9\/5 su Trustpilot e Trusted Shops, puoi contare su di noi per un&#039;esperienza affidabile e impeccabile.<\/p>\n<p>Supporto tecnico gratuito: il nostro team tecnico \u00e8 disponibile 7 giorni su 7 per assisterti tempestivamente in ogni aspetto, dalle installazioni alla risoluzione dei problemi.<\/p>\n<p>Rimborsi facili: approfitta di condizioni di rimborso vantaggiose per i clienti con la nostra garanzia di rimborso entro 30 giorni.<\/p>\n<p>Quali sono le novit\u00e0 della versione Civil 3D 2025?<\/p>\n<p>La versione 2025 ha introdotto alcuni nuovi aggiornamenti ad alcune delle sue funzionalit\u00e0 per semplificare i flussi di lavoro di progettazione ancora meglio rispetto alle versioni precedenti:<\/p>\n<p>Flussi di lavoro migliorati per i corridoi: la nuova versione ha apportato miglioramenti in diverse aree dei flussi di lavoro per i corridoi. Ad esempio, si otterr\u00e0 un&#039;elevata efficienza nell&#039;apertura, chiusura e modifica della finestra di dialogo delle propriet\u00e0 del corridoio.<\/p>\n<p>Gestione pacchetti: la nuova versione di Civil 3D 2025 \u00e8 dotata di una nuova finestra di dialogo Gestione pacchetti che consente di individuare e gestire facilmente i pacchetti con o senza dipendenze da altri pacchetti.<\/p>\n<p>Miglioramenti ai nodi di ricerca: \u00e8 possibile cercare nodi specifici con un punto. Ad esempio, se si desidera trovare un nodo della categoria Elenco che inizia con la lettera P, la ricerca con &quot;list.p&quot; restituir\u00e0 il risultato.<\/p>\n<p>Nodi Gate e Remember: ora \u00e8 possibile sfruttare i nodi Gate e Remember con la libreria Dynamo standard, a differenza delle precedenti versioni di Civil 3D.<\/p>\n<p>Prestazioni di disegno migliorate: nella nuova versione \u00e8 possibile salvare i disegni pi\u00f9 velocemente, poich\u00e9 il sistema ora salva per impostazione predefinita le modifiche in blocchi pi\u00f9 piccoli, a discapito di file di dimensioni potenzialmente maggiori.<\/p>\n<p>Autodesk Civil 3D vs AutoCAD: sono la stessa cosa?<\/p>\n<p>Entrambi sono popolari software CAD di Autodesk. Infatti, quando si apre Civil 3D, sembra AutoCAD. Questo perch\u00e9 \u00e8 stato sviluppato su AutoCAD. \u00c8 qui che inizia ogni confusione. Tuttavia, hanno alcuni ambiti di applicazione comuni e unici. Ad esempio, entrambi sono adatti per attivit\u00e0 di documentazione come il confronto di Xrif, il controllo di conformit\u00e0 agli standard, il monitoraggio delle modifiche, ecc.<\/p>\n<p>Tuttavia, AutoCAD offre funzionalit\u00e0 dedicate per la progettazione architettonica, meccanica ed elettrica che Civil 3D non offre. D&#039;altro canto, Civil 3D offre funzionalit\u00e0 dedicate per la modellazione del contesto, la progettazione concettuale, la progettazione di siti, la progettazione ferroviaria e la progettazione di strade e autostrade, assenti nell&#039;applicazione AutoCAD. Nel complesso, Civil 3D \u00e8 un&#039;estensione di AutoCAD molto intelligente e utile.<\/p>\n<p>Autodesk Civil 3D \u00e8 incluso in AEC?<\/p>\n<p>S\u00ec, Civil 3D \u00e8 incluso nella Architecture, Engineering &amp; Construction (AEC) Collection, acquistabile su EliteSoftKeys. La AEC Collection include anche i seguenti software: AutoCAD, Revit, Civil 3D, Navisworks Manage, Advance Steel, ReCap Pro, 3DS Max e Inventor Professional.<\/p>","protected":false},"excerpt":{"rendered":"<table style='border-collapse: collapse; width: 100%;'>\n<tr>\n<th>Propriet\u00e0<\/th>\n<th>Valore<\/th>\n<\/tr>\n<tr>\n<td>Piattaforma<\/td>\n<td>Finestre<\/td>\n<\/tr>\n<tr>\n<td>Grafica<\/td>\n<td>Base: GPU da 2 GB con larghezza di banda di 29 GB\/s e compatibile con DirectX 11. Consigliata: GPU da 8 GB con larghezza di banda di 106 GB\/s e compatibile con DirectX 12. DirectX 12 con livello di funzionalit\u00e0 12_0 \u00e8 richiesto per gli stili di visualizzazione Ombreggiato (veloce) e Ombreggiato con bordi (veloce). Assicurati di utilizzare i driver pi\u00f9 recenti dal sito Web del produttore della scheda video. Nota: Civil 3D utilizza la scheda video del computer per una variet\u00e0 di operazioni grafiche essenziali, tra cui, a titolo esemplificativo ma non esaustivo, manipolazione della vista, smussamento delle linee e generazione di testo\/tipo di linea. Si consiglia di disporre di una scheda video con VRAM dedicata per supportare queste operazioni a velocit\u00e0 ottimali.<\/td>\n<\/tr>\n<tr>\n<td>Processore<\/td>\n<td>Base: processore da 2,5\u20132,9 GHz (base) I processori ARM non sono supportati Consigliato: processore da 3+ GHz (base), 4+ GHz (turbo)<\/td>\n<\/tr>\n<tr>\n<td>Disco rigido<\/td>\n<td>20 GB di spazio libero su disco per il download e l&#039;installazione<\/td>\n<\/tr>\n<tr>\n<td>Memoria RAM<\/td>\n<td>Base: 8 GB Consigliato: 32 GB<\/td>\n<\/tr>\n<tr>\n<td>Sistema operativo<\/td>\n<td>Microsoft Windows 11 a 64 bit e Windows 10 versione 1809 o successiva<\/td>\n<\/tr>\n<tr>\n<td>Altri requisiti<\/td>\n<td>Connessione Internet per la registrazione della licenza e il download dei componenti prerequisiti<\/td>\n<\/tr>\n<\/table>","protected":false},"featured_media":2800,"template":"","meta":{"inline_featured_image":false},"product_brand":[],"product_cat":[115],"product_tag":[],"class_list":{"0":"post-2718","1":"product","2":"type-product","3":"status-publish","4":"has-post-thumbnail","6":"product_cat-cad-software","8":"first","9":"instock","10":"sale","11":"virtual","12":"taxable","13":"purchasable","14":"product-type-simple"},"_links":{"self":[{"href":"https:\/\/elitesoftkeys.com\/it\/wp-json\/wp\/v2\/product\/2718","targetHints":{"allow":["GET"]}}],"collection":[{"href":"https:\/\/elitesoftkeys.com\/it\/wp-json\/wp\/v2\/product"}],"about":[{"href":"https:\/\/elitesoftkeys.com\/it\/wp-json\/wp\/v2\/types\/product"}],"version-history":[{"count":0,"href":"https:\/\/elitesoftkeys.com\/it\/wp-json\/wp\/v2\/product\/2718\/revisions"}],"wp:featuredmedia":[{"embeddable":true,"href":"https:\/\/elitesoftkeys.com\/it\/wp-json\/wp\/v2\/media\/2800"}],"wp:attachment":[{"href":"https:\/\/elitesoftkeys.com\/it\/wp-json\/wp\/v2\/media?parent=2718"}],"wp:term":[{"taxonomy":"product_brand","embeddable":true,"href":"https:\/\/elitesoftkeys.com\/it\/wp-json\/wp\/v2\/product_brand?post=2718"},{"taxonomy":"product_cat","embeddable":true,"href":"https:\/\/elitesoftkeys.com\/it\/wp-json\/wp\/v2\/product_cat?post=2718"},{"taxonomy":"product_tag","embeddable":true,"href":"https:\/\/elitesoftkeys.com\/it\/wp-json\/wp\/v2\/product_tag?post=2718"}],"curies":[{"name":"parola chiave","href":"https:\/\/api.w.org\/{rel}","templated":true}]}}