{"id":2712,"date":"2024-12-21T13:58:57","date_gmt":"2024-12-21T13:58:57","guid":{"rendered":"http:\/\/elitesoftkeys.com\/?product=archicad-28-student"},"modified":"2025-07-06T14:06:34","modified_gmt":"2025-07-06T14:06:34","slug":"archicad-28-student","status":"publish","type":"product","link":"https:\/\/elitesoftkeys.com\/it\/prodotto\/archicad-28-student\/","title":{"rendered":"ArchiCAD 28 Student"},"content":{"rendered":"<p>*Questa \u00e8 una versione didattica che include tutte le funzionalit\u00e0. Si prega di notare che questa versione non \u00e8 utilizzabile per scopi commerciali ed \u00e8 a discrezione dell&#039;utente finale. Licenza Graphisoft ArchiCAD - Caratteristiche e funzioni<\/p>\n<p>ArchiCAD \u00e8 un software CAD 3D sviluppato da Graphisoft, leader nel campo della progettazione architettonica BIM (Building Information Modeling). Permette di creare modelli 3D dettagliati di edifici, integrando tutte le informazioni di progetto in un unico file. ArchiCAD offre strumenti avanzati per la modellazione, l&#039;analisi e la documentazione, ottimizzando il flusso di lavoro degli architetti dalla fase concettuale a quella esecutiva. \u00c8 uno strumento essenziale per i professionisti che adottano la metodologia BIM, grazie alla sua interfaccia intuitiva e alle numerose funzionalit\u00e0 per la collaborazione e la presentazione dei progetti.<\/p>\n<p>Novit\u00e0 di ArchiCAD 28<\/p>\n<p>Le principali novit\u00e0 di ArchiCAD 28 includono:<\/p>\n<p>Guide di distanza: una nuova funzione che facilita il posizionamento degli elementi del modello grazie a un&#039;interfaccia intuitiva che combina input numerici e grafici.<\/p>\n<p>Opzioni di progettazione: consente di esplorare e condividere rapidamente diverse alternative di progettazione, migliorando il flusso di lavoro.<\/p>\n<p>Tracker intelligente: fornisce funzioni matematiche essenziali a portata di mano, facilitando la progettazione.<\/p>\n<p>Ricerca avanzata: migliora la navigazione attraverso lunghi elenchi di elementi, rendendo pi\u00f9 rapido l&#039;accesso alle visualizzazioni e alle risorse.<\/p>\n<p>Integrazione con AI Visualizer: fornisce funzionalit\u00e0 avanzate di rendering e visualizzazione, arricchendo l&#039;esperienza dell&#039;utente.<\/p>\n<p>AutoCAD 2025 contro ArchiCAD 28<\/p>\n<p>Principalmente AutoCAD \u00e8 un software che si concentra sul disegno tecnico 2D e 3D, componendo il disegno con elementi geometrici. ArchiCAD \u00e8 un software BIM (specializzato in edilizia, pi\u00f9 simile a Revit che ad AutoCAD) che consente di costruire modelli 3D di edifici a partire da oggetti preimpostati come muri, porte, tetti o finestre. Ogni elemento contiene le proprie propriet\u00e0 e informazioni. La differenza nel flusso di lavoro \u00e8 che AutoCAD ha ogni pianta o disegno su un file indipendente (DWG), mentre ArchiCAD concentra l&#039;integrazione di varie piante e viste in un unico file di progetto. Per quanto riguarda l&#039;apprendimento, AutoCAD \u00e8 sicuramente pi\u00f9 intuitivo e immediato da apprendere, soprattutto se si ha familiarit\u00e0 con il disegno manuale (piano cartesiano), mentre ArchiCAD richiede pi\u00f9 tempo ma offre precisione e completezza alla pari di un software pi\u00f9 complesso come Revit.<\/p>\n<p>Graphisoft ArchiCAD 28 \u2013 Guida al download e all&#039;installazione<\/p>\n<p>Ci impegniamo a fornire solo download ufficiali dei prodotti acquistati, quindi una volta completata la transazione ti verr\u00e0 inviata un&#039;e-mail contenente tutte le istruzioni necessarie e dove scaricare il prodotto direttamente dal produttore, nonch\u00e9 una chiave di attivazione per la tua licenza.<\/p>\n<p>Perch\u00e9 scegliere EliteSoftKeys per l&#039;acquisto di licenze software?<\/p>\n<p>EliteSoftKeys \u00e8 il tuo rivenditore di fiducia di licenze software originali al miglior prezzo. Offriamo:<\/p>\n<p>Solo software autentico: in qualit\u00e0 di rivenditori certificati Adobe e Microsoft, garantiamo la qualit\u00e0 e l&#039;autenticit\u00e0 di ogni prodotto.<\/p>\n<p>Prezzi imbattibili: i nostri prezzi competitivi sono resi possibili dalla rivendita di licenze &quot;usate&quot;, una pratica legalmente consentita da una sentenza della CGUE del 3 luglio 2012.<\/p>\n<p>Servizio clienti eccezionale: il nostro team di assistenza clienti multilingue, disponibile 7 giorni su 7, ha una valutazione media di 4,9\/5 in base alle recensioni su piattaforme come Trustpilot, Trusted Shops e Google Reviews.<\/p>\n<p>Opzioni di pagamento sicure: scegli tra un&#039;ampia gamma di metodi di pagamento sicuri, tra cui Apple Pay, Google Pay e carte di credito.<\/p>\n<p>Domande frequenti sul software ArchiCAD<\/p>\n<p>Come ricevo la mia licenza dopo aver acquistato il software ArchiCAD?<\/p>\n<p>Dopo aver completato l&#039;acquisto del software ArchiCAD, ti invieremo una chiave di attivazione della licenza tramite e-mail.<\/p>\n<p>Cosa posso fare se non riesco ad attivare il mio abbonamento ArchiCAD?<\/p>\n<p>Nessun problema, siamo sempre qui per aiutarti! Se per qualsiasi motivo non riesci ad attivare la tua licenza ArchiCAD, contatta il nostro supporto tecnico gratuito indicato sul sito web, fornendo dettagli e screenshot del problema. Ti aiuteremo a risolverlo immediatamente.<\/p>","protected":false},"excerpt":{"rendered":"<table style='border-collapse: collapse; width: 100%;'>\n<tr>\n<th>Propriet\u00e0<\/th>\n<th>Valore<\/th>\n<\/tr>\n<tr>\n<td>Piattaforma<\/td>\n<td>Windows \/ macOS<\/td>\n<\/tr>\n<tr>\n<td>Grafica<\/td>\n<td>MAC: Requisito minimo: 1280 x 800 Schermo ad alta risoluzione: 2880 x 1800 con display Retina \/ Consigliato: schede grafiche native installate per Mac; WINDOWS: Schermi convenzionali: 1920 x 1080 con 16,8 milioni di colori Schermi ad alta risoluzione e 4K: Risoluzioni fino a 3840 x 2160 (con scheda video compatibile)<\/td>\n<\/tr>\n<tr>\n<td>Processore<\/td>\n<td>WINDOWS: Requisiti di base: processore da 2,5-2,9 GHz. I processori ARM non sono supportati. Consigliato: processore da almeno 3 GHz (base), almeno 4 GHz (turbo) \/ MAC: CPU Intel a 64 bit, CPU Apple serie M.<\/td>\n<\/tr>\n<tr>\n<td>Disco rigido<\/td>\n<td>WINDOWS: 10 GB di spazio libero su disco per il download e l&#039;installazione MAC: 6 GB di spazio libero su disco per il download e l&#039;installazione<\/td>\n<\/tr>\n<tr>\n<td>Memoria RAM<\/td>\n<td>WINDOWS: Requisito di base: 8 GB Consigliato: 32 GB; MAC: Requisito minimo: 4 GB Consigliato: almeno 8 GB<\/td>\n<\/tr>\n<tr>\n<td>Sistema operativo<\/td>\n<td>WINDOWS: Windows 11 a 64 bit e Windows 10 versione 1809 o successiva \/ MAC: macOS Ventura v13, Monterey v12, Big Sur v11<\/td>\n<\/tr>\n<tr>\n<td>Altri requisiti<\/td>\n<td>Connessione Internet per la registrazione della licenza e il download dei componenti prerequisiti<\/td>\n<\/tr>\n<\/table>","protected":false},"featured_media":2804,"template":"","meta":{"inline_featured_image":false},"product_brand":[],"product_cat":[115],"product_tag":[],"class_list":{"0":"post-2712","1":"product","2":"type-product","3":"status-publish","4":"has-post-thumbnail","6":"product_cat-cad-software","8":"first","9":"instock","10":"sale","11":"virtual","12":"taxable","13":"purchasable","14":"product-type-simple"},"_links":{"self":[{"href":"https:\/\/elitesoftkeys.com\/it\/wp-json\/wp\/v2\/product\/2712","targetHints":{"allow":["GET"]}}],"collection":[{"href":"https:\/\/elitesoftkeys.com\/it\/wp-json\/wp\/v2\/product"}],"about":[{"href":"https:\/\/elitesoftkeys.com\/it\/wp-json\/wp\/v2\/types\/product"}],"version-history":[{"count":0,"href":"https:\/\/elitesoftkeys.com\/it\/wp-json\/wp\/v2\/product\/2712\/revisions"}],"wp:featuredmedia":[{"embeddable":true,"href":"https:\/\/elitesoftkeys.com\/it\/wp-json\/wp\/v2\/media\/2804"}],"wp:attachment":[{"href":"https:\/\/elitesoftkeys.com\/it\/wp-json\/wp\/v2\/media?parent=2712"}],"wp:term":[{"taxonomy":"product_brand","embeddable":true,"href":"https:\/\/elitesoftkeys.com\/it\/wp-json\/wp\/v2\/product_brand?post=2712"},{"taxonomy":"product_cat","embeddable":true,"href":"https:\/\/elitesoftkeys.com\/it\/wp-json\/wp\/v2\/product_cat?post=2712"},{"taxonomy":"product_tag","embeddable":true,"href":"https:\/\/elitesoftkeys.com\/it\/wp-json\/wp\/v2\/product_tag?post=2712"}],"curies":[{"name":"parola chiave","href":"https:\/\/api.w.org\/{rel}","templated":true}]}}