{"id":2710,"date":"2024-12-21T13:58:54","date_gmt":"2024-12-21T13:58:54","guid":{"rendered":"http:\/\/elitesoftkeys.com\/?product=autodesk-advance-steel-windows"},"modified":"2025-07-06T14:06:34","modified_gmt":"2025-07-06T14:06:34","slug":"autodesk-advance-steel-windows","status":"publish","type":"product","link":"https:\/\/elitesoftkeys.com\/it\/prodotto\/autodesk-advance-steel-windows\/","title":{"rendered":"Autodesk Advance Steel (Windows)"},"content":{"rendered":"<p>NOTA: La versione didattica comprende tutte le caratteristiche e le funzioni. Non vi \u00e8 alcun riferimento alla versione didattica nella versione cartacea n\u00e9 alla classica filigrana.<\/p>\n<p>Dettagli del prodotto<\/p>\n<p>Advance Steel \u00e8 un potente software 3D di Autodesk per la progettazione e la fabbricazione di modelli in acciaio. \u00c8 un software completo e facile da usare per la progettazione di dettagli strutturali in acciaio.<\/p>\n<p>Questa \u00e8 una chiave di licenza autentica per una versione didattica dell&#039;abbonamento ad Autodesk Advance Steel.<\/p>\n<p>Caratteristiche della licenza:<\/p>\n<p>1 utente e 1 dispositivo<\/p>\n<p>Garanzia a vita<\/p>\n<p>Piattaforme: Windows 10 a 64 bit o versioni successive<\/p>\n<p>Durata dell&#039;abbonamento: 1 o 2 anni<\/p>\n<p>Anno di edizione: 2022, 2023, 2024, 2025<\/p>\n<p>Questo prodotto \u00e8 progettato per il sistema operativo Windows e non pu\u00f2 essere utilizzato su Mac. Se stai cercando un software compatibile con Mac, consulta il nostro ampio catalogo di software CAD.<\/p>\n<p>Acquista Autodesk Advance Steel al miglior prezzo sul mercato<\/p>\n<p>Ottieni un&#039;offerta esclusiva al miglior prezzo con uno sconto di 25% su un abbonamento ad Advance Steel. Con EliteSoftKeys, non solo risparmierai molto, ma otterrai anche una licenza originale di 100% e un supporto affidabile. Il prezzo dell&#039;abbonamento dipende dall&#039;anno di edizione e dalla durata dell&#039;abbonamento.<\/p>\n<p>Autodesk Advance Steel \u2013 guida al download e all&#039;installazione<\/p>\n<p>Ci impegniamo a fornire solo download ufficiali dei prodotti acquistati!<\/p>\n<p>Dopo l&#039;acquisto, riceverai un&#039;e-mail con la chiave di licenza per Advance Steel, insieme a istruzioni chiare su come scaricare il software dal sito Web ufficiale di Autodesk e attivarlo con la chiave di licenza acquistata.<\/p>\n<p>Cosa succede se non riesci ad attivare l&#039;abbonamento? Nessun problema, siamo sempre disponibili ad aiutarti! Se per qualsiasi motivo non riesci ad attivare la tua licenza, contatta il nostro supporto tecnico gratuito, fornendo dettagli e screenshot del problema. Ti aiuteremo tempestivamente a risolvere il problema.<\/p>\n<p>Perch\u00e9 scegliere EliteSoftKeys per acquistare la tua licenza?<\/p>\n<p>Offerte vere: ottieni licenze software originali con sconti fino a 70% su un&#039;ampia gamma di prodotti.<\/p>\n<p>Rivenditore certificato: in qualit\u00e0 di rivenditori certificati di marchi software leader a livello mondiale come Microsoft, Adobe, Kaspersky, McAfee e altri, ti garantiamo l&#039;autenticit\u00e0 dei prodotti, competenze specialistiche e un supporto di alta qualit\u00e0.<\/p>\n<p>La fiducia dei clienti: con un punteggio medio di 4,9\/5 su Trustpilot e Trusted Shops, puoi contare su di noi per un&#039;esperienza affidabile e impeccabile.<\/p>\n<p>Supporto tecnico gratuito: il nostro team tecnico \u00e8 disponibile 7 giorni su 7 per assisterti tempestivamente in ogni aspetto, dalle installazioni alla risoluzione dei problemi.<\/p>\n<p>Rimborsi facili: approfitta di condizioni di rimborso vantaggiose per i clienti con la nostra garanzia di rimborso entro 30 giorni.<\/p>\n<p>Quali sono le novit\u00e0 di Autodesk Advance Steel?<\/p>\n<p>L&#039;edizione 2022 ha introdotto funzionalit\u00e0 chiave per semplificare la progettazione e la definizione dei dettagli strutturali, tra cui la definizione selettiva degli oggetti per disegni 2D pi\u00f9 precisi e un&#039;estensione Dynamo migliorata, che consente una modellazione avanzata con nodi aggiuntivi per strutture complesse. Ha inoltre migliorato il posizionamento dei fori, garantendo un allineamento accurato dei fori rispetto alle parti collegate durante lo stiramento delle travi.<\/p>\n<p>L&#039;edizione 2023 si \u00e8 concentrata sul miglioramento dell&#039;interoperabilit\u00e0 con Autodesk Revit, consentendo uno scambio di dati fluido e un migliore coordinamento tra i flussi di lavoro di progettazione e di dettaglio. L&#039;interfaccia utente \u00e8 stata aggiornata per un&#039;esperienza pi\u00f9 intuitiva, rendendo strumenti e comandi pi\u00f9 accessibili. I miglioramenti delle prestazioni hanno inoltre garantito tempi di elaborazione pi\u00f9 rapidi e una maggiore efficienza quando si lavora con modelli di grandi dimensioni.<\/p>\n<p>Advance Steel 2024 ha introdotto funzionalit\u00e0 avanzate di rilevamento delle interferenze, aiutando gli utenti a identificare e risolvere i conflitti in una fase iniziale del processo di progettazione, riducendo al minimo le rilavorazioni. Sono stati introdotti modelli di disegno personalizzabili per consentire il rispetto di specifici standard di progetto, mentre l&#039;API ampliata ha offerto maggiore flessibilit\u00e0 per la personalizzazione e l&#039;integrazione con altri software.<\/p>\n<p>Advance Steel 2025 ha migliorato l&#039;integrazione con Revit, consentendo il trasferimento di marcature di singoli componenti e assiemi per una migliore collaborazione. Le viste condivise sono state perfezionate per facilitare una migliore comunicazione con le parti interessate e l&#039;integrazione con le nuvole di punti \u00e8 stata rafforzata, semplificando la progettazione nel contesto delle condizioni del sito esistente.<\/p>","protected":false},"excerpt":{"rendered":"<table style=\"border-collapse: collapse; width: 100%;\">\n<tbody>\n<tr>\n<th>Propriet\u00e0<\/th>\n<th>Valore<\/th>\n<\/tr>\n<tr>\n<td>Piattaforma<\/td>\n<td>Finestre<\/td>\n<\/tr>\n<tr>\n<td>Grafica<\/td>\n<td>Base: 1920 x 1080 (1080p) Consigliato: 3840 x 2160 (4K)<\/td>\n<\/tr>\n<tr>\n<td>Processore<\/td>\n<td>Base: 2,5\u20132,9 GHz (base) I processori ARM non sono supportati. Consigliati: 3+ GHz (base), 4+ GHz (turbo)<\/td>\n<\/tr>\n<tr>\n<td>Disco rigido<\/td>\n<td>Base: 10 GB Si consiglia 1 GB di spazio libero aggiuntivo su disco per la cache del disco Consigliato: 16 GB Si consiglia 1 GB di spazio libero aggiuntivo su disco per la cache del disco Nota: la cartella temporanea di sistema richiede fino a 12 GB di spazio libero aggiuntivo durante l&#039;installazione del download.<\/td>\n<\/tr>\n<tr>\n<td>Memoria RAM<\/td>\n<td>Base: 8 GB Consigliato: 32 GB<\/td>\n<\/tr>\n<tr>\n<td>Sistema operativo<\/td>\n<td>Microsoft Windows 11, 10<\/td>\n<\/tr>\n<tr>\n<td>Requisiti della scheda di rete<\/td>\n<td>Spazio su disco 6 GB di spazio libero su disco rigido, esclusi i requisiti di installazione Scheda video Base: GPU da 1 GB con larghezza di banda di 29 GB\/s e compatibile con DirectX 11 Consigliata: GPU da 4 GB con larghezza di banda di 106 GB\/s e compatibile con DirectX 12. DirectX 12 con livello di funzionalit\u00e0 12_0 \u00e8 richiesto per gli stili visivi Shaded+ (Veloce) e Shaded with edges (Veloce)<\/td>\n<\/tr>\n<tr>\n<td>Altri requisiti<\/td>\n<td>Connessione Internet per la registrazione della licenza e il download dei componenti prerequisiti<\/td>\n<\/tr>\n<\/tbody>\n<\/table>","protected":false},"featured_media":2806,"template":"","meta":{"inline_featured_image":false},"product_brand":[],"product_cat":[115],"product_tag":[],"class_list":{"0":"post-2710","1":"product","2":"type-product","3":"status-publish","4":"has-post-thumbnail","6":"product_cat-cad-software","8":"first","9":"instock","10":"sale","11":"virtual","12":"taxable","13":"purchasable","14":"product-type-simple"},"_links":{"self":[{"href":"https:\/\/elitesoftkeys.com\/it\/wp-json\/wp\/v2\/product\/2710","targetHints":{"allow":["GET"]}}],"collection":[{"href":"https:\/\/elitesoftkeys.com\/it\/wp-json\/wp\/v2\/product"}],"about":[{"href":"https:\/\/elitesoftkeys.com\/it\/wp-json\/wp\/v2\/types\/product"}],"version-history":[{"count":0,"href":"https:\/\/elitesoftkeys.com\/it\/wp-json\/wp\/v2\/product\/2710\/revisions"}],"wp:featuredmedia":[{"embeddable":true,"href":"https:\/\/elitesoftkeys.com\/it\/wp-json\/wp\/v2\/media\/2806"}],"wp:attachment":[{"href":"https:\/\/elitesoftkeys.com\/it\/wp-json\/wp\/v2\/media?parent=2710"}],"wp:term":[{"taxonomy":"product_brand","embeddable":true,"href":"https:\/\/elitesoftkeys.com\/it\/wp-json\/wp\/v2\/product_brand?post=2710"},{"taxonomy":"product_cat","embeddable":true,"href":"https:\/\/elitesoftkeys.com\/it\/wp-json\/wp\/v2\/product_cat?post=2710"},{"taxonomy":"product_tag","embeddable":true,"href":"https:\/\/elitesoftkeys.com\/it\/wp-json\/wp\/v2\/product_tag?post=2710"}],"curies":[{"name":"parola chiave","href":"https:\/\/api.w.org\/{rel}","templated":true}]}}