{"id":2706,"date":"2024-12-21T13:58:50","date_gmt":"2024-12-21T13:58:50","guid":{"rendered":"http:\/\/elitesoftkeys.com\/?product=autodesk-3ds-max-windows"},"modified":"2025-07-06T14:06:32","modified_gmt":"2025-07-06T14:06:32","slug":"autodesk-3ds-max-windows","status":"publish","type":"product","link":"https:\/\/elitesoftkeys.com\/it\/prodotto\/autodesk-3ds-max-windows\/","title":{"rendered":"Autodesk 3DS Max (Windows)"},"content":{"rendered":"<p>Licenza Autodesk 3DS Max: caratteristiche e funzionalit\u00e0<\/p>\n<p>Programma in versione didattica, completo di tutte le funzionalit\u00e0. Il prodotto non presenta filigrana con il nome del marchio, n\u00e9 alcun riferimento alla dicitura didattica dei documenti. Il software professionale di modellazione, rendering e animazione 3D 3ds Max consente di creare mondi illimitati e design superiori, di dare vita ad ambienti e paesaggi con potenti strumenti di modellazione, di creare progetti e oggetti di scena accuratamente dettagliati con strumenti intuitivi di texturing e ombreggiatura e di sviluppare e produrre rendering professionali con un controllo artistico completo.<\/p>\n<p>3ds Max Autodesk \u00e8 utilizzato da modellatori, animatori e artisti dell&#039;illuminazione 3D per lo sviluppo di videogiochi, produzioni cinematografiche e televisive e visualizzazioni di progetti.<\/p>\n<p>Utilizza 3DS Max per:<\/p>\n<p>Crea progetti 3D realistici con strumenti potenti. 3ds Max ha il set di strumenti di modellazione di cui hai bisogno per dare vita ai tuoi asset 3D, ad esempio per creare mondi sconfinati per videogiochi o visualizzare progetti architettonici complessi.<\/p>\n<p>Crea rendering di alta qualit\u00e0. Dalla miscelazione delle luci alla correzione del colore, il motore di rendering integrato di Arnold offre un&#039;esperienza completa e ti consente di gestire anche i personaggi, le scene e gli effetti pi\u00f9 complessi.<\/p>\n<p>La versione 3ds Max si concentra sulla gestione del colore e dei materiali, su strumenti di modellazione avanzati e flussi di lavoro in tempo reale.<\/p>\n<p>Diverse edizioni<\/p>\n<p>Autodesk 3DS Max 2022 contro 2023<\/p>\n<p>Autodesk 3ds Max 2023 introduce diversi miglioramenti rispetto alla versione 2022. Tra le principali novit\u00e0 figurano miglioramenti delle prestazioni, nuove funzionalit\u00e0 di modellazione e animazione, miglioramenti del rendering con l&#039;aggiornamento Arnold e un flusso di lavoro pi\u00f9 fluido grazie all&#039;interfaccia utente ottimizzata. La versione 2023 offre inoltre una maggiore stabilit\u00e0 e risolve i bug presenti nella versione 2022, rendendo il software pi\u00f9 affidabile ed efficiente per i professionisti della grafica 3D.<\/p>\n<p>Autodesk 3DS Max 2023 vs. Autodesk 3DS Max 2024<\/p>\n<p>Autodesk 3ds Max 2024 introduce ulteriori miglioramenti rispetto alla versione 2023, concentrandosi su prestazioni ottimizzate e maggiore stabilit\u00e0. Tra le novit\u00e0 pi\u00f9 importanti, si segnalano miglioramenti negli strumenti di modellazione e animazione, aggiornamenti al motore di rendering Arnold per una qualit\u00e0 visiva superiore e un&#039;interfaccia utente ancora pi\u00f9 intuitiva e personalizzabile. La versione 2024 offre inoltre nuove funzionalit\u00e0 per la gestione dei dati di scena e il supporto per i formati di file pi\u00f9 recenti, rendendo il flusso di lavoro pi\u00f9 efficiente e versatile per i professionisti del 3D.<\/p>\n<p>Perch\u00e9 scegliere EliteSoftKeys per l&#039;acquisto di licenze software?<\/p>\n<p>EliteSoftKeys \u00e8 il tuo rivenditore di fiducia di licenze software originali al miglior prezzo e un partner certificato Microsoft e Adobe. Queste affiliazioni testimoniano il nostro impegno nel fornire ai nostri clienti un&#039;esperienza di acquisto impeccabile. I nostri punti di forza che ci contraddistinguono:<\/p>\n<p>Software autentico: offriamo solo software autentico dei marchi leader. In qualit\u00e0 di rivenditore certificato Adobe e Microsoft, garantiamo la qualit\u00e0 e l&#039;autenticit\u00e0 di ogni prodotto.<\/p>\n<p>Prezzi imbattibili: approfitta di sconti fino al 70% sui prezzi al dettaglio. I nostri prezzi competitivi sono resi possibili dalla rivendita di licenze &quot;usate&quot;, una pratica legalmente consentita da una sentenza della CGUE del 3 luglio 2012.<\/p>\n<p>Servizio clienti eccezionale: il nostro team di assistenza clienti multilingue, attivo 7 giorni su 7, \u00e8 di prim&#039;ordine. Su piattaforme come Trustpilot, Trusted Shop e Google Review, manteniamo un&#039;impressionante valutazione media di 4,9\/5, basata su decine di recensioni dei clienti.<\/p>\n<p>Opzioni di pagamento sicure: scegli tra un&#039;ampia gamma di metodi di pagamento sicuri, tra cui Google Pay e carte di credito, per semplificare il tuo processo di acquisto.<\/p>\n<p>Download di Autodesk 3DS Max<\/p>\n<p>Ci impegniamo a fornire solo download ufficiali dei prodotti acquistati, quindi una volta completata la transazione riceverai un&#039;e-mail contenente tutte le istruzioni pertinenti e dove scaricare il prodotto direttamente dal produttore, nonch\u00e9 una chiave di attivazione per la tua licenza.<\/p>\n<p>Domande frequenti sul software Autodesk 3DS Max<\/p>\n<p>Come mai la licenza Autodesk 3DS Max ha un prezzo cos\u00ec basso?<\/p>\n<p>Offriamo licenze al dettaglio che vengono utilizzate e restituite dal precedente proprietario, in conformit\u00e0 con la sentenza CE C-128\/2011. Per questo motivo, puoi acquistare la licenza ufficiale di Autodesk 3DS Max sul nostro sito a un prezzo pi\u00f9 conveniente.<\/p>\n<p>Come posso ricevere la mia licenza dopo aver acquistato il software Autodesk 3DS Max?<\/p>\n<p>Dopo aver completato l&#039;acquisto del software Autodesk 3DS Max, ti invieremo una chiave di attivazione della licenza tramite e-mail.<\/p>\n<p>Cosa posso fare se non riesco ad attivare o scaricare il mio abbonamento ad Autodesk 3DS Max?<\/p>\n<p>Nessun problema, siamo sempre disponibili ad aiutarti! Se per qualsiasi motivo non riesci ad attivare la tua licenza Autodesk 3DS Max, contatta il nostro team di supporto tecnico gratuito indicato sul sito web con dettagli e screenshot del problema. Ti aiuteremo immediatamente a risolverlo.<\/p>","protected":false},"excerpt":{"rendered":"<table style='border-collapse: collapse; width: 100%;'>\n<tr>\n<th>Propriet\u00e0<\/th>\n<th>Valore<\/th>\n<\/tr>\n<tr>\n<td>Piattaforma<\/td>\n<td>Finestre<\/td>\n<\/tr>\n<tr>\n<td>Grafica<\/td>\n<td>Fare riferimento a 3ds Max Certified Hardware per un elenco dettagliato dei sistemi e delle schede grafiche consigliati<\/td>\n<\/tr>\n<tr>\n<td>Processore<\/td>\n<td>Processore multi-core Intel o AMD a 64 bit con set di istruzioni SSE4.2<\/td>\n<\/tr>\n<tr>\n<td>Disco rigido<\/td>\n<td>10 GB di spazio libero su disco per il download e l&#039;installazione<\/td>\n<\/tr>\n<tr>\n<td>Memoria RAM<\/td>\n<td>Minimo 4 GB di RAM (consigliati 8 GB o pi\u00f9)<\/td>\n<\/tr>\n<tr>\n<td>Sistema operativo<\/td>\n<td>Microsoft Windows 11 e Windows 10 a 64 bit<\/td>\n<\/tr>\n<tr>\n<td>Requisiti della scheda di rete<\/td>\n<td>Autodesk consiglia la versione pi\u00f9 recente dei seguenti browser Web per accedere ai contenuti supplementari online: Microsoft Edge Google Chrome Microsoft Internet Explorer Mozilla Firefox<\/td>\n<\/tr>\n<tr>\n<td>Altri requisiti<\/td>\n<td>Connessione Internet per la registrazione della licenza e il download dei componenti prerequisiti<\/td>\n<\/tr>\n<\/table>","protected":false},"featured_media":2812,"template":"","meta":{"inline_featured_image":false},"product_brand":[],"product_cat":[115],"product_tag":[],"class_list":{"0":"post-2706","1":"product","2":"type-product","3":"status-publish","4":"has-post-thumbnail","6":"product_cat-cad-software","8":"first","9":"instock","10":"sale","11":"virtual","12":"taxable","13":"purchasable","14":"product-type-simple"},"_links":{"self":[{"href":"https:\/\/elitesoftkeys.com\/it\/wp-json\/wp\/v2\/product\/2706","targetHints":{"allow":["GET"]}}],"collection":[{"href":"https:\/\/elitesoftkeys.com\/it\/wp-json\/wp\/v2\/product"}],"about":[{"href":"https:\/\/elitesoftkeys.com\/it\/wp-json\/wp\/v2\/types\/product"}],"version-history":[{"count":0,"href":"https:\/\/elitesoftkeys.com\/it\/wp-json\/wp\/v2\/product\/2706\/revisions"}],"wp:featuredmedia":[{"embeddable":true,"href":"https:\/\/elitesoftkeys.com\/it\/wp-json\/wp\/v2\/media\/2812"}],"wp:attachment":[{"href":"https:\/\/elitesoftkeys.com\/it\/wp-json\/wp\/v2\/media?parent=2706"}],"wp:term":[{"taxonomy":"product_brand","embeddable":true,"href":"https:\/\/elitesoftkeys.com\/it\/wp-json\/wp\/v2\/product_brand?post=2706"},{"taxonomy":"product_cat","embeddable":true,"href":"https:\/\/elitesoftkeys.com\/it\/wp-json\/wp\/v2\/product_cat?post=2706"},{"taxonomy":"product_tag","embeddable":true,"href":"https:\/\/elitesoftkeys.com\/it\/wp-json\/wp\/v2\/product_tag?post=2706"}],"curies":[{"name":"parola chiave","href":"https:\/\/api.w.org\/{rel}","templated":true}]}}