{"id":2704,"date":"2024-12-21T13:58:48","date_gmt":"2024-12-21T13:58:48","guid":{"rendered":"http:\/\/elitesoftkeys.com\/?product=solidworks-2024-student-edition"},"modified":"2025-07-06T14:06:32","modified_gmt":"2025-07-06T14:06:32","slug":"solidworks-2024-student-edition","status":"publish","type":"product","link":"https:\/\/elitesoftkeys.com\/it\/prodotto\/solidworks-2024-student-edition\/","title":{"rendered":"Solidworks 2024 Edizione per studenti"},"content":{"rendered":"<p>Versione didattica completa del programma.<\/p>\n<p>SolidWorks \u00e8 il pacchetto CAD 3D pi\u00f9 utilizzato oggi nel mondo dell&#039;istruzione e dell&#039;industria. Imparare le applicazioni SolidWorks ti aiuta a superare i tuoi colleghi, sviluppando le competenze di progettazione e ingegneria necessarie per avere successo nella fase successiva del tuo percorso di studi o quando sar\u00e0 il momento di entrare nel mercato del lavoro.<\/p>\n<p>Aziende di tutto il mondo preferiscono l&#039;esperienza SOLIDWORKS. Dimostra le tue capacit\u00e0 di progettazione ai potenziali datori di lavoro ottenendo certificazioni professionali durante gli studi, cos\u00ec avrai un chiaro vantaggio quando arriver\u00e0 il momento di fare il passo successivo.<\/p>\n<p>In quanto fondamento dell&#039;intera suite SOLIDWORKS di soluzioni per lo sviluppo dei prodotti, i pacchetti CAD SOLIDWORKS affrontano le problematiche di progettazione, simulazione, analisi dei costi, controlli di produzione, CAM, progettazione sostenibile e gestione dei dati.<\/p>\n<p>Per maggiori dettagli su Solidworks clicca QUI. Cosa \u00e8 incluso in questa versione di Solidworks? In questa versione desktop di Solidworks CAD troverai funzioni CAD, archiviazione locale, rendering fotorealistico, funzioni CAM a 2,5 e 3 assi, accesso a contenuti didattici o per insegnanti e accesso alla community, simulazione plastica, di flusso e strutturale inclusa nella versione desktop e due codici d&#039;esame per la certificazione Solid CSWA e CSWP.<\/p>","protected":false},"excerpt":{"rendered":"<table style='border-collapse: collapse; width: 100%;'>\n<tr>\n<th>Propriet\u00e0<\/th>\n<th>Valore<\/th>\n<\/tr>\n<tr>\n<td>Piattaforma<\/td>\n<td>Finestre<\/td>\n<\/tr>\n<tr>\n<td>Grafica<\/td>\n<td>Controlla sulla piattaforma del fornitore<\/td>\n<\/tr>\n<tr>\n<td>Processore<\/td>\n<td>64 bit; Intel o AMD<\/td>\n<\/tr>\n<tr>\n<td>Disco rigido<\/td>\n<td>10 GB di spazio libero su disco per il download e l&#039;installazione<\/td>\n<\/tr>\n<tr>\n<td>Memoria RAM<\/td>\n<td>16 GB o pi\u00f9 PDM Contributor\/Viewer o schema elettrico: 8 GB o pi\u00f9<\/td>\n<\/tr>\n<tr>\n<td>Sistema operativo<\/td>\n<td>Microsoft Windows 11 e Windows 10 a 64 bit<\/td>\n<\/tr>\n<tr>\n<td>Requisiti della scheda di rete<\/td>\n<td>Autodesk consiglia la versione pi\u00f9 recente dei seguenti browser Web per accedere ai contenuti supplementari online: Microsoft Edge Google Chrome Microsoft Internet Explorer Mozilla Firefox<\/td>\n<\/tr>\n<tr>\n<td>Altri requisiti<\/td>\n<td>Connessione Internet per la registrazione della licenza e il download dei componenti prerequisiti<\/td>\n<\/tr>\n<\/table>","protected":false},"featured_media":2813,"template":"","meta":{"inline_featured_image":false},"product_brand":[],"product_cat":[115],"product_tag":[],"class_list":{"0":"post-2704","1":"product","2":"type-product","3":"status-publish","4":"has-post-thumbnail","6":"product_cat-cad-software","8":"first","9":"instock","10":"sale","11":"virtual","12":"taxable","13":"purchasable","14":"product-type-simple"},"_links":{"self":[{"href":"https:\/\/elitesoftkeys.com\/it\/wp-json\/wp\/v2\/product\/2704","targetHints":{"allow":["GET"]}}],"collection":[{"href":"https:\/\/elitesoftkeys.com\/it\/wp-json\/wp\/v2\/product"}],"about":[{"href":"https:\/\/elitesoftkeys.com\/it\/wp-json\/wp\/v2\/types\/product"}],"version-history":[{"count":0,"href":"https:\/\/elitesoftkeys.com\/it\/wp-json\/wp\/v2\/product\/2704\/revisions"}],"wp:featuredmedia":[{"embeddable":true,"href":"https:\/\/elitesoftkeys.com\/it\/wp-json\/wp\/v2\/media\/2813"}],"wp:attachment":[{"href":"https:\/\/elitesoftkeys.com\/it\/wp-json\/wp\/v2\/media?parent=2704"}],"wp:term":[{"taxonomy":"product_brand","embeddable":true,"href":"https:\/\/elitesoftkeys.com\/it\/wp-json\/wp\/v2\/product_brand?post=2704"},{"taxonomy":"product_cat","embeddable":true,"href":"https:\/\/elitesoftkeys.com\/it\/wp-json\/wp\/v2\/product_cat?post=2704"},{"taxonomy":"product_tag","embeddable":true,"href":"https:\/\/elitesoftkeys.com\/it\/wp-json\/wp\/v2\/product_tag?post=2704"}],"curies":[{"name":"parola chiave","href":"https:\/\/api.w.org\/{rel}","templated":true}]}}