{"id":2700,"date":"2024-12-21T13:58:44","date_gmt":"2024-12-21T13:58:44","guid":{"rendered":"http:\/\/elitesoftkeys.com\/?product=autodesk-autocad-mechanical-windows"},"modified":"2025-07-06T14:06:30","modified_gmt":"2025-07-06T14:06:30","slug":"autodesk-autocad-mechanical-windows","status":"publish","type":"product","link":"https:\/\/elitesoftkeys.com\/it\/prodotto\/autodesk-autocad-mechanical-windows\/","title":{"rendered":"Autodesk AutoCAD Mechanical (Windows)"},"content":{"rendered":"<p>Programma in versione didattica, completo di tutte le funzionalit\u00e0. Il prodotto non presenta alcun marchio identificativo in filigrana, n\u00e9 alcun riferimento al testo didattico dei documenti.<\/p>\n<p>AutoCAD Mechanical \u00e8 il software basato su AutoCAD che aumenta la produttivit\u00e0 e semplifica le complesse attivit\u00e0 di progettazione meccanica. Il CAD meccanico di Autodesk include tutte le funzionalit\u00e0 di AutoCAD, uno dei software CAD 3D pi\u00f9 diffusi al mondo, oltre a librerie complete di parti e strumenti basati su standard per l&#039;automazione delle attivit\u00e0 CAD meccaniche pi\u00f9 comuni.<\/p>\n<p>AutoCAD Mechanical velocizza il processo di progettazione meccanica:<\/p>\n<p>Accesso a vaste librerie di parti meccaniche: oltre 700.000 parti e lavorazioni meccaniche standard<\/p>\n<p>Creare viste associative di sezione e di dettaglio di modelli 3D<\/p>\n<p>Creazione di dimensioni di ingegneria meccanica intelligenti<\/p>\n<p>Utilizzo di strumenti di disegno meccanico intelligenti e riutilizzabili<\/p>\n<p>Supporto degli standard di disegno e degli standard grafici internazionali<\/p>\n<p>Creazione automatizzata di elenchi di parti e distinte base<\/p>\n<p>Gestione avanzata di livelli e gruppi di livelli<\/p>\n<p>Creazione di linee nascoste quando alcuni oggetti si sovrappongono ad altri<\/p>\n<p>Calcolo automatico della massa di un assieme nell&#039;elenco delle parti<\/p>\n<p>Integrazione della deduzione del vincolo<\/p>\n<p>Possibilit\u00e0 di inserire dettagli nei modelli di parti e assiemi nativi di Autodesk Inventor<\/p>\n<p>Visualizza in anteprima i comandi di raccordo, smusso e offset e i menu contestuali<\/p>\n<p>Analisi di progettazione efficiente, inclusi generatori di alberi, molle, cinghie, catene e camme e calcolatori di macchinari<\/p>\n<p>Scambio di dati di modello tra sistemi CAD: importazione ed esportazione di file STEP<\/p>","protected":false},"excerpt":{"rendered":"<table style='border-collapse: collapse; width: 100%;'>\n<tr>\n<th>Propriet\u00e0<\/th>\n<th>Valore<\/th>\n<\/tr>\n<tr>\n<td>Piattaforma<\/td>\n<td>Windows \/ macOS<\/td>\n<\/tr>\n<tr>\n<td>Grafica<\/td>\n<td>MAC: Requisito minimo: 1280 x 800 Schermo ad alta risoluzione: 2880 x 1800 con display Retina \/ Consigliato: schede grafiche native installate per Mac; WINDOWS: Schermi convenzionali: 1920 x 1080 con 16,8 milioni di colori Schermi ad alta risoluzione e 4K: Risoluzioni fino a 3840 x 2160 (con scheda video compatibile)<\/td>\n<\/tr>\n<tr>\n<td>Processore<\/td>\n<td>WINDOWS: Requisiti di base: processore da 2,5-2,9 GHz. I processori ARM non sono supportati. Consigliato: processore da almeno 3 GHz (base), almeno 4 GHz (turbo) \/ MAC: CPU Intel a 64 bit, CPU Apple serie M.<\/td>\n<\/tr>\n<tr>\n<td>Disco rigido<\/td>\n<td>WINDOWS: 10 GB di spazio libero su disco per il download e l&#039;installazione MAC: 6 GB di spazio libero su disco per il download e l&#039;installazione<\/td>\n<\/tr>\n<tr>\n<td>Memoria RAM<\/td>\n<td>WINDOWS: Requisito di base: 8 GB Consigliato: 32 GB; MAC: Requisito minimo: 4 GB Consigliato: almeno 8 GB<\/td>\n<\/tr>\n<tr>\n<td>Sistema operativo<\/td>\n<td>WINDOWS: Windows 11 a 64 bit e Windows 10 versione 1809 o successiva \/ MAC: macOS Ventura v13, Monterey v12, Big Sur v11<\/td>\n<\/tr>\n<tr>\n<td>Altri requisiti<\/td>\n<td>Connessione Internet per la registrazione della licenza e il download dei componenti prerequisiti<\/td>\n<\/tr>\n<\/table>","protected":false},"featured_media":2816,"template":"","meta":{"inline_featured_image":false},"product_brand":[],"product_cat":[115],"product_tag":[],"class_list":{"0":"post-2700","1":"product","2":"type-product","3":"status-publish","4":"has-post-thumbnail","6":"product_cat-cad-software","8":"first","9":"instock","10":"virtual","11":"taxable","12":"purchasable","13":"product-type-simple"},"_links":{"self":[{"href":"https:\/\/elitesoftkeys.com\/it\/wp-json\/wp\/v2\/product\/2700","targetHints":{"allow":["GET"]}}],"collection":[{"href":"https:\/\/elitesoftkeys.com\/it\/wp-json\/wp\/v2\/product"}],"about":[{"href":"https:\/\/elitesoftkeys.com\/it\/wp-json\/wp\/v2\/types\/product"}],"version-history":[{"count":0,"href":"https:\/\/elitesoftkeys.com\/it\/wp-json\/wp\/v2\/product\/2700\/revisions"}],"wp:featuredmedia":[{"embeddable":true,"href":"https:\/\/elitesoftkeys.com\/it\/wp-json\/wp\/v2\/media\/2816"}],"wp:attachment":[{"href":"https:\/\/elitesoftkeys.com\/it\/wp-json\/wp\/v2\/media?parent=2700"}],"wp:term":[{"taxonomy":"product_brand","embeddable":true,"href":"https:\/\/elitesoftkeys.com\/it\/wp-json\/wp\/v2\/product_brand?post=2700"},{"taxonomy":"product_cat","embeddable":true,"href":"https:\/\/elitesoftkeys.com\/it\/wp-json\/wp\/v2\/product_cat?post=2700"},{"taxonomy":"product_tag","embeddable":true,"href":"https:\/\/elitesoftkeys.com\/it\/wp-json\/wp\/v2\/product_tag?post=2700"}],"curies":[{"name":"parola chiave","href":"https:\/\/api.w.org\/{rel}","templated":true}]}}