{"id":2684,"date":"2024-12-21T13:58:27","date_gmt":"2024-12-21T13:58:27","guid":{"rendered":"http:\/\/elitesoftkeys.com\/?product=ashampoo-winoptimizer-25"},"modified":"2025-07-06T14:07:07","modified_gmt":"2025-07-06T14:07:07","slug":"ashampoo-winoptimizer-25","status":"publish","type":"product","link":"https:\/\/elitesoftkeys.com\/it\/prodotto\/ashampoo-winoptimizer-25\/","title":{"rendered":"Ashampoo WinOptimizer 25"},"content":{"rendered":"<p>Ashampoo WinOptimizer 25 ottimizzer\u00e0 e gestir\u00e0 il tuo sistema operativo per impedirne il rallentamento e l&#039;instabilit\u00e0 nel tempo, aiutandoti con gli strumenti giusti per pulire, riparare, proteggere e ottimizzare il tuo PC!<\/p>\n<p>Le principali funzionalit\u00e0 di WinOptimizer 25:<\/p>\n<p>Pulizia accurata delle aree critiche del sistema<\/p>\n<p>Trova e rimuove vecchie versioni di Windows, aggiornamenti obsoleti e cache di sistema<\/p>\n<p>Interfaccia utente chiara e semplice<\/p>\n<p>Ottimizzazione superveloce con un clic basata su moduli di pulizia innovativi<\/p>\n<p>Contagiri della CPU e dashboard dettagliata su tutti i processi del tuo sistema in tempo reale<\/p>\n<p>Comodo gestore dei cookie per cookie pi\u00f9 sicuri<\/p>\n<p>Supporto integratore per processori multi-core moderni<\/p>\n<p>Pulitori rapidi ed efficienti<\/p>\n<p>Accesso a tutte le chiavi di licenza software su Windows<\/p>\n<p>Ogni tipo di minaccia \u00e8 gestito da un componente di protezione dedicato. \u00c8 possibile gestire questi componenti nelle impostazioni dell&#039;app.<\/p>","protected":false},"excerpt":{"rendered":"<table style='border-collapse: collapse; width: 100%;'>\n<tr>\n<th>Propriet\u00e0<\/th>\n<th>Valore<\/th>\n<\/tr>\n<tr>\n<td>Piattaforma<\/td>\n<td>Finestre<\/td>\n<\/tr>\n<tr>\n<td>Processore<\/td>\n<td>1 Ghz o superiore, supporta il set di istruzioni SSE2<\/td>\n<\/tr>\n<tr>\n<td>Disco rigido<\/td>\n<td>1500 MB di spazio disponibile su disco<\/td>\n<\/tr>\n<tr>\n<td>Memoria RAM<\/td>\n<td>Per Windows 11: 2 GB (64 bit), 32 bit non supportato Per Windows 10: 2 GB (64 bit), 1 GB (32 bit) \u2013 eccetto la versione 21H2 che non \u00e8 supportata Per Windows 8\/7: 2 GB (64 bit), 1 GB (32 bit)<\/td>\n<\/tr>\n<tr>\n<td>Sistema operativo<\/td>\n<td>Windows 11, Windows 10, Windows 8, Windows 7<\/td>\n<\/tr>\n<tr>\n<td>Altri requisiti<\/td>\n<td>Accesso a Internet<\/td>\n<\/tr>\n<\/table>","protected":false},"featured_media":2900,"template":"","meta":{"inline_featured_image":false},"product_brand":[],"product_cat":[114],"product_tag":[],"class_list":{"0":"post-2684","1":"product","2":"type-product","3":"status-publish","4":"has-post-thumbnail","6":"product_cat-utility-tools","8":"first","9":"instock","10":"sale","11":"virtual","12":"taxable","13":"purchasable","14":"product-type-simple"},"_links":{"self":[{"href":"https:\/\/elitesoftkeys.com\/it\/wp-json\/wp\/v2\/product\/2684","targetHints":{"allow":["GET"]}}],"collection":[{"href":"https:\/\/elitesoftkeys.com\/it\/wp-json\/wp\/v2\/product"}],"about":[{"href":"https:\/\/elitesoftkeys.com\/it\/wp-json\/wp\/v2\/types\/product"}],"version-history":[{"count":0,"href":"https:\/\/elitesoftkeys.com\/it\/wp-json\/wp\/v2\/product\/2684\/revisions"}],"wp:featuredmedia":[{"embeddable":true,"href":"https:\/\/elitesoftkeys.com\/it\/wp-json\/wp\/v2\/media\/2900"}],"wp:attachment":[{"href":"https:\/\/elitesoftkeys.com\/it\/wp-json\/wp\/v2\/media?parent=2684"}],"wp:term":[{"taxonomy":"product_brand","embeddable":true,"href":"https:\/\/elitesoftkeys.com\/it\/wp-json\/wp\/v2\/product_brand?post=2684"},{"taxonomy":"product_cat","embeddable":true,"href":"https:\/\/elitesoftkeys.com\/it\/wp-json\/wp\/v2\/product_cat?post=2684"},{"taxonomy":"product_tag","embeddable":true,"href":"https:\/\/elitesoftkeys.com\/it\/wp-json\/wp\/v2\/product_tag?post=2684"}],"curies":[{"name":"parola chiave","href":"https:\/\/api.w.org\/{rel}","templated":true}]}}