{"id":2680,"date":"2024-12-21T13:58:22","date_gmt":"2024-12-21T13:58:22","guid":{"rendered":"http:\/\/elitesoftkeys.com\/?product=avast-cleanup-premium"},"modified":"2025-07-06T14:07:04","modified_gmt":"2025-07-06T14:07:04","slug":"avast-cleanup-premium","status":"publish","type":"product","link":"https:\/\/elitesoftkeys.com\/it\/prodotto\/avast-cleanup-premium\/","title":{"rendered":"Avast Cleanup Premium"},"content":{"rendered":"<p>Avast Cleanup Premium \u00e8 il nostro strumento di pulizia e ottimizzazione per PC di nuova generazione. Usalo per velocizzare il tuo PC, liberare spazio su disco, rimuovere bloatware e risolvere i problemi. Pulisci e ottimizza le prestazioni del tuo dispositivo con il nostro strumento PC Cleanup per recuperare spazio di archiviazione e garantire prestazioni migliori pi\u00f9 a lungo. Fai tornare il tuo PC come nuovo: elimina i dati non necessari per liberare spazio di archiviazione. Ottieni pi\u00f9 velocit\u00e0 dal tuo PC. Imposta la funzione di manutenzione automatica. Rendi il tuo PC Windows pi\u00f9 pulito e veloce! Le prestazioni del PC non migliorano nel tempo. Risolvi i problemi che ti rallentano con l&#039;innovativa tecnologia brevettata di Avast Cleanup Premium. Pulisci a fondo il tuo PC! Hai poco spazio su disco? Ora non \u00e8 pi\u00f9 un problema. Avast Cleanup esegue una scansione approfondita del PC per liberare gigabyte di spazio dai file residui lasciati da oltre 200 applicazioni, browser e persino Windows. Risolvi i problemi del tuo PC! Con numerosi strumenti adatti a tutti gli utenti, dai professionisti ai principianti, Avast Cleanup \u00e8 la soluzione rapida per risolvere blocchi, arresti anomali e altri problemi tipici del PC. Aggiorna completamente i tuoi programmi! I programmi obsoleti possono rendere il PC vulnerabile a bug, arresti anomali e rischi per la sicurezza. Il nuovo Software Updater automatico aggiorna regolarmente i programmi pi\u00f9 importanti per te.<\/p>","protected":false},"excerpt":{"rendered":"<table style='border-collapse: collapse; width: 100%;'>\n<tr>\n<th>Propriet\u00e0<\/th>\n<th>Valore<\/th>\n<\/tr>\n<tr>\n<td>Piattaforma<\/td>\n<td>Finestre<\/td>\n<\/tr>\n<tr>\n<td>Processore<\/td>\n<td>1 Ghz o superiore, supporta il set di istruzioni SSE2<\/td>\n<\/tr>\n<tr>\n<td>Disco rigido<\/td>\n<td>1500 MB di spazio disponibile su disco<\/td>\n<\/tr>\n<tr>\n<td>Memoria RAM<\/td>\n<td>Per Windows 11: 2 GB (64 bit), 32 bit non supportato Per Windows 10: 2 GB (64 bit), 1 GB (32 bit) \u2013 eccetto la versione 21H2 che non \u00e8 supportata Per Windows 8\/7: 2 GB (64 bit), 1 GB (32 bit)<\/td>\n<\/tr>\n<tr>\n<td>Sistema operativo<\/td>\n<td>Windows 11, Windows 10, Windows 8, Windows 7<\/td>\n<\/tr>\n<tr>\n<td>Altri requisiti<\/td>\n<td>Accesso a Internet<\/td>\n<\/tr>\n<\/table>","protected":false},"featured_media":2904,"template":"","meta":{"inline_featured_image":false},"product_brand":[],"product_cat":[114],"product_tag":[],"class_list":{"0":"post-2680","1":"product","2":"type-product","3":"status-publish","4":"has-post-thumbnail","6":"product_cat-utility-tools","8":"first","9":"instock","10":"sale","11":"virtual","12":"taxable","13":"purchasable","14":"product-type-simple"},"_links":{"self":[{"href":"https:\/\/elitesoftkeys.com\/it\/wp-json\/wp\/v2\/product\/2680","targetHints":{"allow":["GET"]}}],"collection":[{"href":"https:\/\/elitesoftkeys.com\/it\/wp-json\/wp\/v2\/product"}],"about":[{"href":"https:\/\/elitesoftkeys.com\/it\/wp-json\/wp\/v2\/types\/product"}],"version-history":[{"count":0,"href":"https:\/\/elitesoftkeys.com\/it\/wp-json\/wp\/v2\/product\/2680\/revisions"}],"wp:featuredmedia":[{"embeddable":true,"href":"https:\/\/elitesoftkeys.com\/it\/wp-json\/wp\/v2\/media\/2904"}],"wp:attachment":[{"href":"https:\/\/elitesoftkeys.com\/it\/wp-json\/wp\/v2\/media?parent=2680"}],"wp:term":[{"taxonomy":"product_brand","embeddable":true,"href":"https:\/\/elitesoftkeys.com\/it\/wp-json\/wp\/v2\/product_brand?post=2680"},{"taxonomy":"product_cat","embeddable":true,"href":"https:\/\/elitesoftkeys.com\/it\/wp-json\/wp\/v2\/product_cat?post=2680"},{"taxonomy":"product_tag","embeddable":true,"href":"https:\/\/elitesoftkeys.com\/it\/wp-json\/wp\/v2\/product_tag?post=2680"}],"curies":[{"name":"parola chiave","href":"https:\/\/api.w.org\/{rel}","templated":true}]}}