{"id":2678,"date":"2024-12-21T13:58:20","date_gmt":"2024-12-21T13:58:20","guid":{"rendered":"http:\/\/elitesoftkeys.com\/?product=ccleaner-professional-windows"},"modified":"2025-07-06T14:07:04","modified_gmt":"2025-07-06T14:07:04","slug":"ccleaner-professional-windows","status":"publish","type":"product","link":"https:\/\/elitesoftkeys.com\/it\/prodotto\/ccleaner-professional-windows\/","title":{"rendered":"CCleaner Professional (Windows)"},"content":{"rendered":"<p>CCleaner \u00e8 lo strumento numero uno per la pulizia del tuo PC Windows<\/p>\n<p>CCleaner \u00e8 una popolare app di ottimizzazione per Windows 11, 10, 8.1 e 7 che ripulisce il computer dai file indesiderati, crea pi\u00f9 spazio e ne velocizza le prestazioni con numerose potenti funzionalit\u00e0. Il piano Pro include funzionalit\u00e0 di ottimizzazione per il driver, per gestire grafica, audio e connettivit\u00e0 Internet senza bug e crash hardware. Inoltre, pu\u00f2 controllare automaticamente lo stato del PC, aggiornare le applicazioni software obsolete, mettere temporaneamente in pausa le app inutilizzate e disattivare i programmi non necessari per velocizzare il computer. Infine, il software cancella anche i registri di sistema e le impostazioni non corrette del PC, rendendolo pi\u00f9 stabile.<\/p>\n<p>Caratteristiche del prodotto:<\/p>\n<p>Una chiave di licenza originale per l&#039;ultima versione di CCleaner<\/p>\n<p>Durata dell&#039;abbonamento: 1 anno<\/p>\n<p>Valido per 1 utente\/1 dispositivo<\/p>\n<p>Compatibile con Windows 11, 10, 8.1 e 7<\/p>\n<p>Supporta le versioni a 32 bit\/64 bit<\/p>\n<p>Garanzia a vita inclusa<\/p>\n<p>Acquista CCleaner Pro al miglior prezzo<\/p>\n<p>Acquista una chiave di licenza di CCleaner Professional con uno sconto di 15% su EliteSoftKeys. Ogni acquisto \u00e8 protetto dalla garanzia di acquisto di TurstedShop.<\/p>\n<p>EliteSoftKeys \u00e8 un orgoglioso Microsoft Certified Partner e Adobe Certified Reseller, che garantisce l&#039;autenticit\u00e0 del software e un&#039;assistenza clienti di alta qualit\u00e0. Offriamo supporto tecnico gratuito ai nostri clienti per assisterli durante l&#039;installazione o per rispondere a qualsiasi domanda.<\/p>\n<p>Velocizza Windows con CCleaner Pro<\/p>\n<p>CCleaner Professional ti aiuta a migliorare le prestazioni di Windows 11, 10, 8.1 o 7 con le seguenti funzioni:<\/p>\n<p>Cloud Drive Cleaner: lo strumento rimuove i file ridondanti da Google Drive per ottimizzare lo spazio e mantenere il tuo Drive organizzato. Pu\u00f2 anche evidenziare i file di grandi dimensioni e ordinare i file che hai modificato di recente per verificare se sono ancora utili.<\/p>\n<p>Ottimizzatore delle prestazioni: molti programmi indesiderati vengono eseguiti in background sul PC, occupando memoria e processore. CCleaner Performance Optimizer rileva tali programmi indesiderati e li sospende temporaneamente per migliorare le prestazioni del PC.<\/p>\n<p>Aggiornamento Driver: CCleaner pu\u00f2 identificare driver mancanti, obsoleti o danneggiati sul tuo PC e installare automaticamente le versioni pi\u00f9 recenti. Puoi stare certo di ottenere audio, immagini, velocit\u00e0 di Internet e prestazioni hardware migliorate.<\/p>\n<p>Controllo dello stato del PC: questa funzionalit\u00e0 mostra cosa puoi fare per pulire e ottimizzare il tuo PC. Otterrai un elenco di azioni da intraprendere per ottimizzare facilmente la privacy, lo spazio, la velocit\u00e0 e la sicurezza del tuo PC.<\/p>\n<p>Aggiornamento Software: CCleaner analizza l&#039;intero PC alla ricerca di file software che necessitano di aggiornamenti e li aggiorna automaticamente senza il tuo intervento manuale. Puoi anche scegliere manualmente di deselezionare le applicazioni che non desideri aggiornare.<\/p>\n<p>Protezione della privacy: CCleaner include diversi strumenti, come anti-fingerprinting, AdBlock, WebShield e password manager, per massimizzare la sicurezza online. Questi strumenti sono utili anche per gestire la privacy online, l&#039;identit\u00e0 e i dati personali.<\/p>\n<p>Pulizia pianificata: \u00e8 possibile pianificare le scansioni a una data e un&#039;ora predefinite tramite l&#039;Utilit\u00e0 di pianificazione di Windows per pulire automaticamente il PC. \u00c8 possibile pianificare la frequenza su giornaliera, settimanale, mensile o all&#039;accesso. CCleaner non costringer\u00e0 l&#039;utente a chiudere le finestre in esecuzione o a riavviare il sistema al termine della scansione.<\/p>\n<p>CCleaner per Windows \u2013 Download ufficiale<\/p>\n<p>Dopo aver acquistato CC Cleaner, riceverai un&#039;e-mail digitale con il codice Product Key, il link per il download e le istruzioni dettagliate per l&#039;installazione. La procedura prevede il download del software dal sito web ufficiale di CCleaner, il riscatto del codice di licenza e l&#039;installazione diretta sul tuo sistema Windows. Questo garantisce un&#039;installazione sicura e corretta, per poter iniziare a utilizzare il software immediatamente.<\/p>\n<p>In caso di problemi durante l&#039;installazione o domande, non esitate a contattare il nostro team di assistenza clienti. Il nostro team dedicato \u00e8 a vostra disposizione per aiutarvi a risolvere qualsiasi problema e garantire un processo di configurazione senza intoppi.<\/p>\n<p>CCleaner \u00e8 sicuro?<\/p>\n<p>CCleaner \u00e8 presente sul mercato da molti anni, dimostrando la sua affidabilit\u00e0 nella gestione dei file non necessari, nell&#039;ottimizzazione dei sistemi e nel miglioramento delle prestazioni del PC. Nel 2017 si \u00e8 verificata una violazione della sicurezza, ma l&#039;azienda ha immediatamente risolto il problema e da allora le altre versioni di CCleaner non hanno pi\u00f9 riscontrato problemi simili.<\/p>\n<p>Alcuni utenti criticano le fastidiose pubblicit\u00e0 presenti nella versione gratuita del programma, che spingono gli utenti ad aggiornare il piano a pagamento. Acquistando CCleaner Pro da EliteSoftKeys, invece, si evitano fastidiose pubblicit\u00e0. Un altro punto controverso \u00e8 la funzione &quot;pulizia del registro&quot;, che molti esperti consigliano di evitare perch\u00e9 non aggiunge molto valore ma pu\u00f2 a volte causare problemi al sistema se utilizzata in modo errato.<\/p>\n<p>Nel complesso, CCleaner \u00e8 sicuro da usare, bisogna solo fare attenzione se si hanno necessit\u00e0 di utilizzare le funzioni di pulizia del registro.<\/p>\n<p>\u00c8 possibile acquistare una licenza a vita per CCleaner Professional?<\/p>\n<p>Attualmente offriamo CCleaner Professional per un singolo utente con validit\u00e0 di un anno. Dopo la scadenza della licenza, \u00e8 necessario rinnovare il servizio con un nuovo abbonamento per un altro anno.<\/p>\n<p>Posso usare questa chiave di licenza per Mac \/ Android \/ OS?<\/p>\n<p>No, questa chiave di licenza \u00e8 valida per i sistemi operativi Windows. Tuttavia, puoi visitare il sito ufficiale di CCleaner per Mac, Android e iOS per una prova gratuita o per l&#039;acquisto.<\/p>\n<p>CCleaner \u00e8 migliore di Avast Cleanup Premium?<\/p>\n<p>Sia CCleaner Professional che Avast Cleanup Premium sono strumenti di pulizia per PC intelligenti e affidabili, ma offrono anche alcune funzionalit\u00e0 aggiuntive uniche che li rendono leader sul mercato. Ad esempio, CCleaner Professional offre il monitoraggio in tempo reale e l&#039;aggiornamento dei driver, a differenza di Avast Cleanup Premium. D&#039;altro canto, Avast offre uno strumento di rimozione dei bloatware pi\u00f9 efficiente, che CCleaner non offre nel suo piano di abbonamento Professional.<\/p>","protected":false},"excerpt":{"rendered":"<table style='border-collapse: collapse; width: 100%;'>\n<tr>\n<th>Propriet\u00e0<\/th>\n<th>Valore<\/th>\n<\/tr>\n<tr>\n<td>Piattaforma<\/td>\n<td>Finestre<\/td>\n<\/tr>\n<tr>\n<td>Processore<\/td>\n<td>1 Ghz o superiore, supporta il set di istruzioni SSE2<\/td>\n<\/tr>\n<tr>\n<td>Disco rigido<\/td>\n<td>1500 MB di spazio disponibile su disco<\/td>\n<\/tr>\n<tr>\n<td>Memoria RAM<\/td>\n<td>Per Windows 11: 2 GB (64 bit), 32 bit non supportato Per Windows 10: 2 GB (64 bit), 1 GB (32 bit) \u2013 eccetto la versione 21H2 che non \u00e8 supportata Per Windows 8\/7: 2 GB (64 bit), 1 GB (32 bit)<\/td>\n<\/tr>\n<tr>\n<td>Sistema operativo<\/td>\n<td>Windows 11, Windows 10, Windows 8, Windows 7<\/td>\n<\/tr>\n<tr>\n<td>Altri requisiti<\/td>\n<td>Accesso a Internet<\/td>\n<\/tr>\n<\/table>","protected":false},"featured_media":2905,"template":"","meta":{"inline_featured_image":false},"product_brand":[],"product_cat":[114],"product_tag":[],"class_list":{"0":"post-2678","1":"product","2":"type-product","3":"status-publish","4":"has-post-thumbnail","6":"product_cat-utility-tools","8":"first","9":"instock","10":"sale","11":"virtual","12":"taxable","13":"purchasable","14":"product-type-simple"},"_links":{"self":[{"href":"https:\/\/elitesoftkeys.com\/it\/wp-json\/wp\/v2\/product\/2678","targetHints":{"allow":["GET"]}}],"collection":[{"href":"https:\/\/elitesoftkeys.com\/it\/wp-json\/wp\/v2\/product"}],"about":[{"href":"https:\/\/elitesoftkeys.com\/it\/wp-json\/wp\/v2\/types\/product"}],"version-history":[{"count":0,"href":"https:\/\/elitesoftkeys.com\/it\/wp-json\/wp\/v2\/product\/2678\/revisions"}],"wp:featuredmedia":[{"embeddable":true,"href":"https:\/\/elitesoftkeys.com\/it\/wp-json\/wp\/v2\/media\/2905"}],"wp:attachment":[{"href":"https:\/\/elitesoftkeys.com\/it\/wp-json\/wp\/v2\/media?parent=2678"}],"wp:term":[{"taxonomy":"product_brand","embeddable":true,"href":"https:\/\/elitesoftkeys.com\/it\/wp-json\/wp\/v2\/product_brand?post=2678"},{"taxonomy":"product_cat","embeddable":true,"href":"https:\/\/elitesoftkeys.com\/it\/wp-json\/wp\/v2\/product_cat?post=2678"},{"taxonomy":"product_tag","embeddable":true,"href":"https:\/\/elitesoftkeys.com\/it\/wp-json\/wp\/v2\/product_tag?post=2678"}],"curies":[{"name":"parola chiave","href":"https:\/\/api.w.org\/{rel}","templated":true}]}}