{"id":2674,"date":"2024-12-21T13:58:16","date_gmt":"2024-12-21T13:58:16","guid":{"rendered":"http:\/\/elitesoftkeys.com\/?product=nord-vpn"},"modified":"2025-07-06T14:07:08","modified_gmt":"2025-07-06T14:07:08","slug":"nord-vpn","status":"publish","type":"product","link":"https:\/\/elitesoftkeys.com\/it\/prodotto\/nord-vpn\/","title":{"rendered":"Nord VPN"},"content":{"rendered":"<p>NordVPN \u00e8 un servizio che protegge la tua connessione Internet e la tua privacy online. Le VPN creano un tunnel crittografato per i tuoi dati, proteggono la tua identit\u00e0 online nascondendo il tuo indirizzo IP e ti consentono di utilizzare gli hotspot Wi-Fi pubblici in modo sicuro.<\/p>\n<p>NordVPN pu\u00f2 essere utilizzato sui sistemi operativi Windows, macOS, Android, iOS e Linux.<\/p>\n<p>Vantaggi di NordVPN:<\/p>\n<p>Server. Oltre 5600 server in 60 paesi significano che ne troverai sempre uno nelle vicinanze. Pi\u00f9 server significano velocit\u00e0 migliori e una connessione stabile ovunque tu sia. E, in combinazione con il rivoluzionario protocollo VPN NordLynx, garantisce le migliori velocit\u00e0 VPN sul mercato.<\/p>\n<p>Crittografia. NordVPN utilizza l&#039;algoritmo di crittografia AES per proteggere i tuoi dati. Quanto \u00e8 potente? Nessun attacco pratico noto pu\u00f2 violarlo. NordVPN utilizza AES con chiavi a 256 bit, il che significa 2^256 possibili combinazioni di chiavi, perfette per l&#039;accesso remoto sicuro a informazioni sensibili.<\/p>\n<p>Autenticazione. Puoi utilizzare l&#039;autenticazione a pi\u00f9 fattori per proteggere il tuo account Nord. Aggiungi un ulteriore livello di protezione al tuo account e nessuno potr\u00e0 accedervi senza la tua autorizzazione. NordVPN supporta sia app di autenticazione che chiavi di sicurezza fisiche.<\/p>\n<p>Split tunneling. Utilizza lo split tunneling e seleziona app e URL specifici da escludere dal tunnel VPN. In questo modo, puoi utilizzarli con il tuo vero indirizzo IP, proteggendo al contempo tutte le altre attivit\u00e0 online.<\/p>\n<p>Certificato. L&#039;istituto indipendente di sicurezza informatica AV-TEST ha confrontato le velocit\u00e0 delle migliori VPN del settore. NordVPN \u00e8 la VPN pi\u00f9 veloce sul mercato, e i dati lo dimostrano.<\/p>\n<p>Caratteristiche principali di sicurezza di Nord VPN:<\/p>\n<p>Protezione dalle minacce. Blocca malware, web tracker, pubblicit\u00e0 e altre minacce Internet comuni.<\/p>\n<p>Meshnet. Crea la tua rete privata crittografata per condividere file, lavorare o organizzare LAN party in tutta sicurezza.<\/p>\n<p>Monitoraggio del Dark Web. Ricevi avvisi immediati se scopriamo che i tuoi account sono stati compromessi.<\/p>\n<p>IP dedicato. Mantieni la tua reputazione online, salta le liste di rifiuto e accedi alle reti con IP limitato.<\/p>","protected":false},"excerpt":{"rendered":"<table style='border-collapse: collapse; width: 100%;'>\n<tr>\n<th>Propriet\u00e0<\/th>\n<th>Valore<\/th>\n<\/tr>\n<tr>\n<td>Piattaforma<\/td>\n<td>Windows, macOS, Android, iOS, Linux<\/td>\n<\/tr>\n<tr>\n<td>Sistema operativo<\/td>\n<td>WINDOWS: Windows 7 Service Pack 1, Windows 8.1, Windows 10 (versione 1607+), Windows 11; \/ MAC: macOS 10.15 o successivo; \/ IOS: iOS 11+; \/ ANDROID: Android 6+;<\/td>\n<\/tr>\n<\/table>","protected":false},"featured_media":2908,"template":"","meta":{"inline_featured_image":false},"product_brand":[],"product_cat":[113],"product_tag":[],"class_list":{"0":"post-2674","1":"product","2":"type-product","3":"status-publish","4":"has-post-thumbnail","6":"product_cat-vpn-software","8":"first","9":"instock","10":"sale","11":"virtual","12":"taxable","13":"purchasable","14":"product-type-simple"},"_links":{"self":[{"href":"https:\/\/elitesoftkeys.com\/it\/wp-json\/wp\/v2\/product\/2674","targetHints":{"allow":["GET"]}}],"collection":[{"href":"https:\/\/elitesoftkeys.com\/it\/wp-json\/wp\/v2\/product"}],"about":[{"href":"https:\/\/elitesoftkeys.com\/it\/wp-json\/wp\/v2\/types\/product"}],"version-history":[{"count":0,"href":"https:\/\/elitesoftkeys.com\/it\/wp-json\/wp\/v2\/product\/2674\/revisions"}],"wp:featuredmedia":[{"embeddable":true,"href":"https:\/\/elitesoftkeys.com\/it\/wp-json\/wp\/v2\/media\/2908"}],"wp:attachment":[{"href":"https:\/\/elitesoftkeys.com\/it\/wp-json\/wp\/v2\/media?parent=2674"}],"wp:term":[{"taxonomy":"product_brand","embeddable":true,"href":"https:\/\/elitesoftkeys.com\/it\/wp-json\/wp\/v2\/product_brand?post=2674"},{"taxonomy":"product_cat","embeddable":true,"href":"https:\/\/elitesoftkeys.com\/it\/wp-json\/wp\/v2\/product_cat?post=2674"},{"taxonomy":"product_tag","embeddable":true,"href":"https:\/\/elitesoftkeys.com\/it\/wp-json\/wp\/v2\/product_tag?post=2674"}],"curies":[{"name":"parola chiave","href":"https:\/\/api.w.org\/{rel}","templated":true}]}}