{"id":2668,"date":"2024-12-21T13:58:09","date_gmt":"2024-12-21T13:58:09","guid":{"rendered":"http:\/\/elitesoftkeys.com\/?product=kaspersky-vpn-secure-connection"},"modified":"2025-07-06T14:07:08","modified_gmt":"2025-07-06T14:07:08","slug":"kaspersky-vpn-secure-connection","status":"publish","type":"product","link":"https:\/\/elitesoftkeys.com\/it\/prodotto\/kaspersky-vpn-secure-connection\/","title":{"rendered":"Connessione sicura VPN Kaspersky"},"content":{"rendered":"<p>Con Kaspersky VPN Secure Connection puoi navigare online in modo sicuro e anonimo, alla velocit\u00e0 leader del settore, e sbloccare contenuti globali senza restrizioni da qualsiasi luogo. La VPN seleziona il server pi\u00f9 veloce per te tra oltre 2000 opzioni in oltre 70 territori a tua scelta. Kaspersky VPN Secure Connection pu\u00f2 essere utilizzato sui sistemi operativi Windows, macOS, Android e iOS.<\/p>\n<p>Caratteristiche di Kaspersky VPN Secure Connection:<\/p>\n<p>Riservatezza<\/p>\n<p>La VPN nasconde la tua identit\u00e0 e la tua attivit\u00e0 online alle aziende e ai governi, registrando il tuo comportamento.<\/p>\n<p>Mascheramento dell&#039;indirizzo IP. Il tuo IP univoco verr\u00e0 mascherato dai server, garantendo che nessuno possa risalire ai tuoi dispositivi e alla tua geolocalizzazione.<\/p>\n<p>Protezione solo per app sensibili. Puoi scegliere quali dati crittografare con la VPN, ad esempio i dati delle tue app bancarie e social, consentendo ad altre app di accedere direttamente a Internet.<\/p>\n<p>Nessun registro delle attivit\u00e0. Cerca e naviga senza che niente e nessuno conservi registrazioni digitali delle tue attivit\u00e0 e della tua cronologia.<\/p>\n<p>Sicurezza<\/p>\n<p>Dati crittografati. La crittografia a 256 bit di livello militare impedisce ai criminali di rubare i dati che invii e ricevi.<\/p>\n<p>Che tu faccia shopping, operazioni bancarie, videochiamate o email, gli hacker non potranno mai intercettare e rubare i tuoi dati.<\/p>\n<p>Sicurezza bancaria. La crittografia dei dati garantisce inoltre che i tuoi dati bancari e di pagamento online non possano mai essere intercettati.<\/p>\n<p>Sicurezza per il tuo Wi-Fi domestico. Qualsiasi dispositivo connesso alla banda larga domestica \u00e8 automaticamente coperto.<\/p>\n<p>Libert\u00e0<\/p>\n<p>Connessione ultraveloce. Utilizzando i nostri server VPN veloci, niente potr\u00e0 rallentarti online.<\/p>\n<p>Nessuna restrizione geografica. Accedi ai tuoi programmi, film e siti web preferiti da qualsiasi parte del mondo.<\/p>","protected":false},"excerpt":{"rendered":"<table style='border-collapse: collapse; width: 100%;'>\n<tr>\n<th>Propriet\u00e0<\/th>\n<th>Valore<\/th>\n<\/tr>\n<tr>\n<td>Piattaforma<\/td>\n<td>Windows, macOS, Android, iOS, Linux<\/td>\n<\/tr>\n<tr>\n<td>Processore<\/td>\n<td>WINDOWS: 1 GHz o superiore<\/td>\n<\/tr>\n<tr>\n<td>Disco rigido<\/td>\n<td>WINDOWS: 150 MB di spazio libero sul disco rigido, MAC: 320 MB di spazio libero sul disco rigido; ANDROID E IOS: 150 MB di spazio libero<\/td>\n<\/tr>\n<tr>\n<td>Memoria RAM<\/td>\n<td>WINDOWS: 1 GB (32 bit) o 2 GB (64 bit); MAC: 1 GB;<\/td>\n<\/tr>\n<tr>\n<td>Sistema operativo<\/td>\n<td>WINDOWS: Microsoft Windows 11 Home \/ Pro \/ Enterprise2 Microsoft Windows 10 Home \/ Pro \/ Enterprise Microsoft Windows 8 e 8.1 \/ Pro \/ Enterprise \/ aggiornamento 8.1 Microsoft Windows 7 Starter \/ Home Basic \/ Home Premium \/ Professional \/ Ultimate \u2013 SP1 o superiore; MAC: macOS 11 \u2013 13; ANDROID: Android 8 \u2013 13; IOS: iOS 15 \u2013 16<\/td>\n<\/tr>\n<\/table>","protected":false},"featured_media":2911,"template":"","meta":{"inline_featured_image":false},"product_brand":[],"product_cat":[113],"product_tag":[],"class_list":{"0":"post-2668","1":"product","2":"type-product","3":"status-publish","4":"has-post-thumbnail","6":"product_cat-vpn-software","8":"first","9":"instock","10":"sale","11":"virtual","12":"taxable","13":"purchasable","14":"product-type-simple"},"_links":{"self":[{"href":"https:\/\/elitesoftkeys.com\/it\/wp-json\/wp\/v2\/product\/2668","targetHints":{"allow":["GET"]}}],"collection":[{"href":"https:\/\/elitesoftkeys.com\/it\/wp-json\/wp\/v2\/product"}],"about":[{"href":"https:\/\/elitesoftkeys.com\/it\/wp-json\/wp\/v2\/types\/product"}],"version-history":[{"count":0,"href":"https:\/\/elitesoftkeys.com\/it\/wp-json\/wp\/v2\/product\/2668\/revisions"}],"wp:featuredmedia":[{"embeddable":true,"href":"https:\/\/elitesoftkeys.com\/it\/wp-json\/wp\/v2\/media\/2911"}],"wp:attachment":[{"href":"https:\/\/elitesoftkeys.com\/it\/wp-json\/wp\/v2\/media?parent=2668"}],"wp:term":[{"taxonomy":"product_brand","embeddable":true,"href":"https:\/\/elitesoftkeys.com\/it\/wp-json\/wp\/v2\/product_brand?post=2668"},{"taxonomy":"product_cat","embeddable":true,"href":"https:\/\/elitesoftkeys.com\/it\/wp-json\/wp\/v2\/product_cat?post=2668"},{"taxonomy":"product_tag","embeddable":true,"href":"https:\/\/elitesoftkeys.com\/it\/wp-json\/wp\/v2\/product_tag?post=2668"}],"curies":[{"name":"parola chiave","href":"https:\/\/api.w.org\/{rel}","templated":true}]}}