{"id":2666,"date":"2024-12-21T13:58:07","date_gmt":"2024-12-21T13:58:07","guid":{"rendered":"http:\/\/elitesoftkeys.com\/?product=surfshark-vpn"},"modified":"2025-07-06T14:07:08","modified_gmt":"2025-07-06T14:07:08","slug":"surfshark-vpn","status":"publish","type":"product","link":"https:\/\/elitesoftkeys.com\/it\/prodotto\/surfshark-vpn\/","title":{"rendered":"SurfShark VPN"},"content":{"rendered":"<p>Proteggi la tua connessione con SurfShark VPN! Surfshark si connette, si riconnette, rimane vigile e ti protegge online 24 ore su 24, 7 giorni su 7, ovunque tu vada. Grazie al suo design intuitivo, imparerai a usarlo in pochissimo tempo.<\/p>\n<p>SurfShark VPN pu\u00f2 essere utilizzato sui sistemi operativi Windows, macOS, Android, iOS e Linux.<\/p>\n<p>Vantaggi di SurfShark VPN: Web senza pubblicit\u00e0: maschera la tua posizione e rimuovi le fastidiose pubblicit\u00e0 che ti intralciano! Nessun tracker e nessun pop-up! VPN ad alte prestazioni: lavora, gioca ed esplora in totale sicurezza e velocit\u00e0 con SurfShark! Disponibilit\u00e0: oltre 100 paesi per l&#039;hosting dei server e pi\u00f9 di 3200 server completamente funzionanti, sicuri e veloci a tua disposizione! Tutti i dispositivi che vuoi: esatto! Dispositivi illimitati da utilizzare con la tua licenza e compatibili con tutti i sistemi operativi e dispositivi mobili inclusi. Principali funzionalit\u00e0 di sicurezza di SurfShark VPN:<\/p>\n<p>Protezione dalle minacce: blocca malware, tracker web, pubblicit\u00e0 e altre minacce Internet comuni. Meshnet: crea la tua rete privata crittografata per condividere file, lavorare o partecipare a LAN party in modo sicuro. Dark Web Monitor: ricevi avvisi immediati se i tuoi account vengono compromessi. IP dedicato: proteggi la tua reputazione online, evita le liste di rifiuto e accedi alle reti con restrizioni IP.<\/p>","protected":false},"excerpt":{"rendered":"<table style='border-collapse: collapse; width: 100%;'>\n<tr>\n<th>Propriet\u00e0<\/th>\n<th>Valore<\/th>\n<\/tr>\n<tr>\n<td>Piattaforma<\/td>\n<td>Windows, macOS, Android, iOS, Linux<\/td>\n<\/tr>\n<tr>\n<td>Sistema operativo<\/td>\n<td>WINDOWS: Windows 7 Service Pack 1, Windows 8.1, Windows 10 (versione 1607+), Windows 11; \/ MAC: macOS 10.15 o successivo; \/ IOS: iOS 11+; \/ ANDROID: Android 6+;<\/td>\n<\/tr>\n<\/table>","protected":false},"featured_media":2912,"template":"","meta":{"inline_featured_image":false},"product_brand":[],"product_cat":[113],"product_tag":[],"class_list":{"0":"post-2666","1":"product","2":"type-product","3":"status-publish","4":"has-post-thumbnail","6":"product_cat-vpn-software","8":"first","9":"instock","10":"sale","11":"virtual","12":"taxable","13":"purchasable","14":"product-type-simple"},"_links":{"self":[{"href":"https:\/\/elitesoftkeys.com\/it\/wp-json\/wp\/v2\/product\/2666","targetHints":{"allow":["GET"]}}],"collection":[{"href":"https:\/\/elitesoftkeys.com\/it\/wp-json\/wp\/v2\/product"}],"about":[{"href":"https:\/\/elitesoftkeys.com\/it\/wp-json\/wp\/v2\/types\/product"}],"version-history":[{"count":0,"href":"https:\/\/elitesoftkeys.com\/it\/wp-json\/wp\/v2\/product\/2666\/revisions"}],"wp:featuredmedia":[{"embeddable":true,"href":"https:\/\/elitesoftkeys.com\/it\/wp-json\/wp\/v2\/media\/2912"}],"wp:attachment":[{"href":"https:\/\/elitesoftkeys.com\/it\/wp-json\/wp\/v2\/media?parent=2666"}],"wp:term":[{"taxonomy":"product_brand","embeddable":true,"href":"https:\/\/elitesoftkeys.com\/it\/wp-json\/wp\/v2\/product_brand?post=2666"},{"taxonomy":"product_cat","embeddable":true,"href":"https:\/\/elitesoftkeys.com\/it\/wp-json\/wp\/v2\/product_cat?post=2666"},{"taxonomy":"product_tag","embeddable":true,"href":"https:\/\/elitesoftkeys.com\/it\/wp-json\/wp\/v2\/product_tag?post=2666"}],"curies":[{"name":"parola chiave","href":"https:\/\/api.w.org\/{rel}","templated":true}]}}