{"id":2660,"date":"2024-12-21T13:58:00","date_gmt":"2024-12-21T13:58:00","guid":{"rendered":"http:\/\/elitesoftkeys.com\/?product=kaspersky-standard"},"modified":"2025-07-06T14:06:28","modified_gmt":"2025-07-06T14:06:28","slug":"kaspersky-standard","status":"publish","type":"product","link":"https:\/\/elitesoftkeys.com\/it\/prodotto\/kaspersky-standard\/","title":{"rendered":"Kaspersky Standard"},"content":{"rendered":"<p>Il piano di sicurezza standard offre una protezione potente da virus, malware e ransomware e include anche strumenti per migliorare le prestazioni dei tuoi dispositivi, farli funzionare in modo rapido e fluido, rimuovere software inutili e mantenere le app aggiornate.<\/p>\n<p>Funzionalit\u00e0 sulla privacy:<\/p>\n<p>La navigazione privata e senza interruzioni impedisce il tracciamento online non autorizzato e la visualizzazione di annunci pubblicitari non autorizzati.<\/p>\n<p>La protezione dell&#039;online banking tutela le transazioni online di un utente e le app bancarie.<\/p>\n<p>Caratteristiche delle prestazioni:<\/p>\n<p>Hard Disk Cleaner ti consente di liberare spazio sui tuoi dispositivi e migliorare le prestazioni del sistema.<\/p>\n<p>Misure di ottimizzazione delle prestazioni per aumentare la velocit\u00e0 dei tuoi dispositivi e farli funzionare alla velocit\u00e0 per cui sono stati progettati.<\/p>\n<p>Con Uninterrupted Entertainment puoi guardare film, giocare o utilizzare app a schermo intero senza alcuna interferenza, il tutto alla massima velocit\u00e0.<\/p>\n<p>Caratteristiche di sicurezza:<\/p>\n<p>L&#039;antivirus previene e neutralizza virus e malware.<\/p>\n<p>La funzionalit\u00e0 Anti-Hacking impedisce l&#039;accesso non autorizzato al computer o il suo dirottamento, tramite strumenti anti-phishing e firewall.<\/p>\n<p>Existing Threat Removal rileva le vulnerabilit\u00e0, rimuove i virus e ripara il PC se \u00e8 gi\u00e0 stato infettato.<\/p>\n<p>Confronto dei piani Kaspersky<\/p>\n<p>Piano Standard<\/p>\n<p>Piano Plus<\/p>\n<p>Piano Premium<\/p>\n<p>Antivirus in tempo reale<\/p>\n<p>Protezione dei pagamenti online<\/p>\n<p>Ottimizzazione delle prestazioni<\/p>\n<p>Antivirus in tempo reale<\/p>\n<p>Protezione dei pagamenti online<\/p>\n<p>Ottimizzazione delle prestazioni<\/p>\n<p>VPN superveloce illimitata<\/p>\n<p>Controllo perdite di dati<\/p>\n<p>Antivirus in tempo reale<\/p>\n<p>Protezione dei pagamenti online<\/p>\n<p>Ottimizzazione delle prestazioni<\/p>\n<p>VPN superveloce illimitata<\/p>\n<p>Controllo perdite di dati<\/p>\n<p>Protezione dell&#039;identit\u00e0<\/p>\n<p>Controllo e rimozione virus da parte di esperti<\/p>\n<p>Kaspersky Safe Kids \u2013 1 anno gratis<\/p>","protected":false},"excerpt":{"rendered":"<table style='border-collapse: collapse; width: 100%;'>\n<tr>\n<th>Propriet\u00e0<\/th>\n<th>Valore<\/th>\n<\/tr>\n<tr>\n<td>Piattaforma<\/td>\n<td>Windows\/MacOS\/Android\/iOS<\/td>\n<\/tr>\n<tr>\n<td>Processore<\/td>\n<td>WINDOWS: 1 Ghz o superiore, supporta SSE2 (tranne ARM) \/ MAC: Apple Silicon, Intel<\/td>\n<\/tr>\n<tr>\n<td>Disco rigido<\/td>\n<td>WINDOWS: 1500 MB \/ MAC: 3115 MB \/ ANDROID: 120 MB \/ IOS: 150 MB<\/td>\n<\/tr>\n<tr>\n<td>Memoria RAM<\/td>\n<td>WINDOWS: Per Windows 11: 4 GB (64 bit), 32 bit non supportato. Per Windows 10\/8\/7: 2 GB (64 bit), 1 GB (32 bit) \/ MAC: 4 GB di RAM<\/td>\n<\/tr>\n<tr>\n<td>Sistema operativo<\/td>\n<td>WINDOWS: Windows 11, Windows 10, Windows 8.1, Windows 7, Windows Subsystem for Linux 2 (WSL2) non supportati; \/ MAC: macOS 11, 12 o 13 \/ IOS: iOS 14.x-16.x o iPadOS 14.x-16.x \/ ANDROID: Android 6.0-13.x<\/td>\n<\/tr>\n<tr>\n<td>Altri requisiti<\/td>\n<td>Accesso a Internet<\/td>\n<\/tr>\n<\/table>","protected":false},"featured_media":2858,"template":"","meta":{"inline_featured_image":false},"product_brand":[],"product_cat":[117],"product_tag":[],"class_list":{"0":"post-2660","1":"product","2":"type-product","3":"status-publish","4":"has-post-thumbnail","6":"product_cat-antivirus","8":"first","9":"instock","10":"sale","11":"virtual","12":"taxable","13":"purchasable","14":"product-type-simple"},"_links":{"self":[{"href":"https:\/\/elitesoftkeys.com\/it\/wp-json\/wp\/v2\/product\/2660","targetHints":{"allow":["GET"]}}],"collection":[{"href":"https:\/\/elitesoftkeys.com\/it\/wp-json\/wp\/v2\/product"}],"about":[{"href":"https:\/\/elitesoftkeys.com\/it\/wp-json\/wp\/v2\/types\/product"}],"version-history":[{"count":0,"href":"https:\/\/elitesoftkeys.com\/it\/wp-json\/wp\/v2\/product\/2660\/revisions"}],"wp:featuredmedia":[{"embeddable":true,"href":"https:\/\/elitesoftkeys.com\/it\/wp-json\/wp\/v2\/media\/2858"}],"wp:attachment":[{"href":"https:\/\/elitesoftkeys.com\/it\/wp-json\/wp\/v2\/media?parent=2660"}],"wp:term":[{"taxonomy":"product_brand","embeddable":true,"href":"https:\/\/elitesoftkeys.com\/it\/wp-json\/wp\/v2\/product_brand?post=2660"},{"taxonomy":"product_cat","embeddable":true,"href":"https:\/\/elitesoftkeys.com\/it\/wp-json\/wp\/v2\/product_cat?post=2660"},{"taxonomy":"product_tag","embeddable":true,"href":"https:\/\/elitesoftkeys.com\/it\/wp-json\/wp\/v2\/product_tag?post=2660"}],"curies":[{"name":"parola chiave","href":"https:\/\/api.w.org\/{rel}","templated":true}]}}