{"id":2650,"date":"2024-12-21T13:57:47","date_gmt":"2024-12-21T13:57:47","guid":{"rendered":"http:\/\/elitesoftkeys.com\/?product=kaspersky-plus"},"modified":"2025-07-06T14:06:27","modified_gmt":"2025-07-06T14:06:27","slug":"kaspersky-plus","status":"publish","type":"product","link":"https:\/\/elitesoftkeys.com\/it\/prodotto\/kaspersky-plus\/","title":{"rendered":"Kaspersky Plus"},"content":{"rendered":"<p>Il piano Kaspersky Plus offre una sicurezza informatica di nuova generazione per proteggervi dai nuovi virus, dai ransomware e dai software dannosi, senza rallentare.<\/p>\n<p>Funzionalit\u00e0 di riservatezza:<\/p>\n<p>La navigazione privata e ininterrotta impedisce i suivi in linea non autorizzati e la visualizzazione di pubblicit\u00e0 non autorizzate.<\/p>\n<p>La protezione delle informazioni personali e dei pagamenti protegge le applicazioni bancarie, identifica i proventi dei dati e delle parole d&#039;ordine e protegge dalle escroquerie delle criptomonete.<\/p>\n<p>La VPN illimitata e rapida offre riservatezza e libert\u00e0 online senza problemi.<\/p>\n<p>Funzionalit\u00e0 di prestazione:<\/p>\n<p>Pulire il disco dallo spazio libero sull&#039;apparecchiatura e migliorare le prestazioni del sistema.<\/p>\n<p>Ottimizzazione delle prestazioni per aumentare la velocit\u00e0 dei tuoi apparecchi e renderli pi\u00f9 rapidi.<\/p>\n<p>Divertimento ininterrotto ti consente di guardare film, giocare a giochi o utilizzare applicazioni sullo schermo intero senza interferenze, il tutto a una velocit\u00e0 massima.<\/p>\n<p>Fonctions de s\u00e9curit\u00e9 :<\/p>\n<p>L&#039;antivirus previene e neutralizza i virus e i software dannosi.<\/p>\n<p>L&#039;antipiratage impedisce l&#039;accesso non autorizzato o lo spostamento del tuo computer, soprattutto grazie agli strumenti antiphishing e di pareggio.<\/p>\n<p>La soppressione delle minacce esistenti rileva le vulnerabilit\u00e0, elimina i virus e ripara il tuo PC se \u00e8 gi\u00e0 stato infetto.<\/p>\n<p>Confronto dei piani Kaspersky<\/p>\n<p>Piano standard<\/p>\n<p>Piano Plus<\/p>\n<p>Piano Premium<\/p>\n<p>Antivirus en temps r\u00e9el<\/p>\n<p>Protezione dei pagamenti in linea<\/p>\n<p>Ottimizzazione delle prestazioni<\/p>\n<p>Antivirus en temps r\u00e9el<\/p>\n<p>Protezione dei pagamenti in linea<\/p>\n<p>Ottimizzazione delle prestazioni<\/p>\n<p>VPN ultrarapide illimit\u00e9<\/p>\n<p>Controllo della perdita dei dati<\/p>\n<p>Antivirus en temps r\u00e9el<\/p>\n<p>Protezione dei pagamenti in linea<\/p>\n<p>Ottimizzazione delle prestazioni<\/p>\n<p>VPN ultrarapide illimit\u00e9<\/p>\n<p>Controllo del flusso dei dati<\/p>\n<p>Protection de l&#039;identit\u00e9<\/p>\n<p>Controllo e soppressione dei virus da parte di esperti<\/p>\n<p>Kaspersky Safe Kids \u2013 1 gratis<\/p>","protected":false},"excerpt":{"rendered":"<table style='border-collapse: collapse; width: 100%;'>\n<tr>\n<th>Propriet\u00e0<\/th>\n<th>Valore<\/th>\n<\/tr>\n<tr>\n<td>Plate-forme<\/td>\n<td>Windows\/MacOS\/Android\/iOS<\/td>\n<\/tr>\n<tr>\n<td>Processore<\/td>\n<td>WINDOWS: 1 Ghz o pi\u00f9, supporta SSE2 (come ARM) \/ MAC: Apple Silicon, Intel<\/td>\n<\/tr>\n<tr>\n<td>Spazio disco<\/td>\n<td>WINDOWS: 1500 MB \/ MAC: 3115 MB \/ ANDROID: 120 MB \/ IOS: 150 MB<\/td>\n<\/tr>\n<tr>\n<td>Memoria RAM<\/td>\n<td>WINDOWS: Per Windows 11: 4 GB (64 bit), 32 bit non supportato. Per Windows 10\/8\/7: 2 GB (64 bit), 1 GB (32 bit) \/ MAC: 4 GB RAM<\/td>\n<\/tr>\n<tr>\n<td>Compatibilit\u00e9 des syst\u00e8mes<\/td>\n<td>WINDOWS: Windows 11, Windows 10, Windows 8.1, Windows 7, Windows Subsystem for Linux 2 (WSL2) non disponibile; \/ MAC: macOS 11, 12 o 13 \/ IOS: iOS 14.x-16.x o iPadOS 14.x-16.x \/ ANDROID: Android 6.0-13.x<\/td>\n<\/tr>\n<tr>\n<td>Altre esigenze<\/td>\n<td>Acc\u00e8s \u00e0 l&#039;internet<\/td>\n<\/tr>\n<\/table>","protected":false},"featured_media":2866,"template":"","meta":{"inline_featured_image":false},"product_brand":[],"product_cat":[117],"product_tag":[],"class_list":{"0":"post-2650","1":"product","2":"type-product","3":"status-publish","4":"has-post-thumbnail","6":"product_cat-antivirus","8":"first","9":"instock","10":"sale","11":"virtual","12":"taxable","13":"purchasable","14":"product-type-simple"},"_links":{"self":[{"href":"https:\/\/elitesoftkeys.com\/it\/wp-json\/wp\/v2\/product\/2650","targetHints":{"allow":["GET"]}}],"collection":[{"href":"https:\/\/elitesoftkeys.com\/it\/wp-json\/wp\/v2\/product"}],"about":[{"href":"https:\/\/elitesoftkeys.com\/it\/wp-json\/wp\/v2\/types\/product"}],"version-history":[{"count":0,"href":"https:\/\/elitesoftkeys.com\/it\/wp-json\/wp\/v2\/product\/2650\/revisions"}],"wp:featuredmedia":[{"embeddable":true,"href":"https:\/\/elitesoftkeys.com\/it\/wp-json\/wp\/v2\/media\/2866"}],"wp:attachment":[{"href":"https:\/\/elitesoftkeys.com\/it\/wp-json\/wp\/v2\/media?parent=2650"}],"wp:term":[{"taxonomy":"product_brand","embeddable":true,"href":"https:\/\/elitesoftkeys.com\/it\/wp-json\/wp\/v2\/product_brand?post=2650"},{"taxonomy":"product_cat","embeddable":true,"href":"https:\/\/elitesoftkeys.com\/it\/wp-json\/wp\/v2\/product_cat?post=2650"},{"taxonomy":"product_tag","embeddable":true,"href":"https:\/\/elitesoftkeys.com\/it\/wp-json\/wp\/v2\/product_tag?post=2650"}],"curies":[{"name":"parola chiave","href":"https:\/\/api.w.org\/{rel}","templated":true}]}}