{"id":2648,"date":"2024-12-21T13:57:45","date_gmt":"2024-12-21T13:57:45","guid":{"rendered":"http:\/\/elitesoftkeys.com\/?product=kaspersky-premium"},"modified":"2025-07-06T14:06:27","modified_gmt":"2025-07-06T14:06:27","slug":"kaspersky-premium","status":"publish","type":"product","link":"https:\/\/elitesoftkeys.com\/it\/prodotto\/kaspersky-premium\/","title":{"rendered":"Kaspersky Premium"},"content":{"rendered":"<p>Proteggi la tua vita digitale con il nostro piano definitivo, che offre antivirus pluripremiato, protezione della privacy e dell&#039;identit\u00e0, ottimizzazione delle prestazioni e vantaggi premium.<\/p>\n<p>Caratteristiche dell&#039;identit\u00e0 e servizi premium:<\/p>\n<p>La protezione dell&#039;identit\u00e0 garantisce che nessuno approfitti dell&#039;identit\u00e0 dell&#039;utente, mantiene i documenti al sicuro e impedisce l&#039;accesso remoto al sistema dell&#039;utente.<\/p>\n<p>Supporto IT remoto 24 ore su 24, 7 giorni su 7 per i clienti del piano Premium, che aiuta a risolvere problemi di sicurezza in qualsiasi momento e in qualsiasi luogo.<\/p>\n<p>Funzionalit\u00e0 sulla privacy:<\/p>\n<p>La navigazione privata e senza interruzioni impedisce il tracciamento online non autorizzato e la visualizzazione di annunci pubblicitari non autorizzati.<\/p>\n<p>La protezione dei dati personali e di pagamento protegge le app bancarie, identifica le fughe di dati e password e ti protegge dalle truffe sulle criptovalute.<\/p>\n<p>VPN illimitata e veloce garantisce privacy e libert\u00e0 online senza rallentamenti.<\/p>\n<p>Caratteristiche delle prestazioni:<\/p>\n<p>Hard Disk Cleaner ti consente di liberare spazio sui tuoi dispositivi e migliorare le prestazioni del sistema.<\/p>\n<p>Misure di ottimizzazione delle prestazioni per aumentare la velocit\u00e0 dei tuoi dispositivi e farli funzionare alla velocit\u00e0 per cui sono stati progettati.<\/p>\n<p>Con Uninterrupted Entertainment puoi guardare film, giocare o utilizzare app a schermo intero senza alcuna interferenza, il tutto alla massima velocit\u00e0.<\/p>\n<p>Caratteristiche di sicurezza:<\/p>\n<p>L&#039;antivirus previene e neutralizza virus e malware<\/p>\n<p>L&#039;anti-hacking impedisce l&#039;accesso non autorizzato al computer o il suo dirottamento, inclusi strumenti anti-phishing e firewall<\/p>\n<p>Existing Threat Removal rileva le vulnerabilit\u00e0, rimuove i virus e ripara il PC se \u00e8 gi\u00e0 stato infettato<\/p>\n<p>Confronto dei piani Kaspersky<\/p>\n<p>Piano Standard<\/p>\n<p>Piano Plus<\/p>\n<p>Piano Premium<\/p>\n<p>Antivirus in tempo reale<\/p>\n<p>Protezione dei pagamenti online<\/p>\n<p>Ottimizzazione delle prestazioni<\/p>\n<p>Antivirus in tempo reale<\/p>\n<p>Protezione dei pagamenti online<\/p>\n<p>Ottimizzazione delle prestazioni<\/p>\n<p>VPN superveloce illimitata<\/p>\n<p>Controllo perdite di dati<\/p>\n<p>Antivirus in tempo reale<\/p>\n<p>Protezione dei pagamenti online<\/p>\n<p>Ottimizzazione delle prestazioni<\/p>\n<p>VPN superveloce illimitata<\/p>\n<p>Controllo perdite di dati<\/p>\n<p>Protezione dell&#039;identit\u00e0<\/p>\n<p>Controllo e rimozione virus da parte di esperti<\/p>\n<p>Kaspersky Safe Kids \u2013 1 anno gratis<\/p>","protected":false},"excerpt":{"rendered":"<table style='border-collapse: collapse; width: 100%;'>\n<tr>\n<th>Propriet\u00e0<\/th>\n<th>Valore<\/th>\n<\/tr>\n<tr>\n<td>Piattaforma<\/td>\n<td>Windows\/MacOS\/Android\/iOS<\/td>\n<\/tr>\n<tr>\n<td>Processore<\/td>\n<td>WINDOWS: 1 Ghz o superiore, supporta SSE2 (tranne ARM) \/ MAC: Apple Silicon, Intel<\/td>\n<\/tr>\n<tr>\n<td>Disco rigido<\/td>\n<td>WINDOWS: 1500 MB \/ MAC: 3115 MB \/ ANDROID: 120 MB \/ IOS: 150 MB<\/td>\n<\/tr>\n<tr>\n<td>Memoria RAM<\/td>\n<td>WINDOWS: Per Windows 11: 4 GB (64 bit), 32 bit non supportato. Per Windows 10\/8\/7: 2 GB (64 bit), 1 GB (32 bit) \/ MAC: 4 GB di RAM<\/td>\n<\/tr>\n<tr>\n<td>Sistema operativo<\/td>\n<td>WINDOWS: Windows 11, Windows 10, Windows 8.1, Windows 7, Windows Subsystem for Linux 2 (WSL2) non supportati; \/ MAC: macOS 11, 12 o 13 \/ IOS: iOS 14.x-16.x o iPadOS 14.x-16.x \/ ANDROID: Android 6.0-13.x<\/td>\n<\/tr>\n<tr>\n<td>Altri requisiti<\/td>\n<td>Accesso a Internet<\/td>\n<\/tr>\n<\/table>","protected":false},"featured_media":2867,"template":"","meta":{"inline_featured_image":false},"product_brand":[],"product_cat":[117],"product_tag":[],"class_list":{"0":"post-2648","1":"product","2":"type-product","3":"status-publish","4":"has-post-thumbnail","6":"product_cat-antivirus","8":"first","9":"instock","10":"sale","11":"virtual","12":"taxable","13":"purchasable","14":"product-type-simple"},"_links":{"self":[{"href":"https:\/\/elitesoftkeys.com\/it\/wp-json\/wp\/v2\/product\/2648","targetHints":{"allow":["GET"]}}],"collection":[{"href":"https:\/\/elitesoftkeys.com\/it\/wp-json\/wp\/v2\/product"}],"about":[{"href":"https:\/\/elitesoftkeys.com\/it\/wp-json\/wp\/v2\/types\/product"}],"version-history":[{"count":0,"href":"https:\/\/elitesoftkeys.com\/it\/wp-json\/wp\/v2\/product\/2648\/revisions"}],"wp:featuredmedia":[{"embeddable":true,"href":"https:\/\/elitesoftkeys.com\/it\/wp-json\/wp\/v2\/media\/2867"}],"wp:attachment":[{"href":"https:\/\/elitesoftkeys.com\/it\/wp-json\/wp\/v2\/media?parent=2648"}],"wp:term":[{"taxonomy":"product_brand","embeddable":true,"href":"https:\/\/elitesoftkeys.com\/it\/wp-json\/wp\/v2\/product_brand?post=2648"},{"taxonomy":"product_cat","embeddable":true,"href":"https:\/\/elitesoftkeys.com\/it\/wp-json\/wp\/v2\/product_cat?post=2648"},{"taxonomy":"product_tag","embeddable":true,"href":"https:\/\/elitesoftkeys.com\/it\/wp-json\/wp\/v2\/product_tag?post=2648"}],"curies":[{"name":"parola chiave","href":"https:\/\/api.w.org\/{rel}","templated":true}]}}