{"id":2640,"date":"2024-12-21T13:57:36","date_gmt":"2024-12-21T13:57:36","guid":{"rendered":"http:\/\/elitesoftkeys.com\/?product=bitdefender-internet-security"},"modified":"2025-07-06T14:06:27","modified_gmt":"2025-07-06T14:06:27","slug":"bitdefender-internet-security","status":"publish","type":"product","link":"https:\/\/elitesoftkeys.com\/it\/prodotto\/bitdefender-internet-security\/","title":{"rendered":"Sicurezza Internet BitDefender"},"content":{"rendered":"<p>Bitdefender \u00e8 la soluzione di sicurezza informatica pi\u00f9 efficace, pi\u00f9 performante e pi\u00f9 facile da utilizzare per le piccole e medie imprese, le aziende di taglia media e particolari.<\/p>\n<p>Sicurezza Internet offre:<\/p>\n<p>Un rilevamento di minacce inattaccabili per tenere a distanza tutte le minacce web.<\/p>\n<p>Un fuoco che blocca le intrusioni e filtra la rete di traffico.<\/p>\n<p>Protezione della webcam e del microfono per evitare gli esploratori clandestini.<\/p>\n<p>VPN protetta per una riservatezza totale online e 200 mesi\/giorno\/apparecchio.<\/p>\n<p>ProtezioneLa protezione multicouche inattaccabile di Bitdefender protegge i vostri dispositivi contro tutte le minacce elettroniche nuove ed esistenti. Le funzionalit\u00e0 includono: protezione completa dei dati in tempo reale, prevenzione delle minacce di rete, protezione avanzata contro le minacce, protezione multi-livello contro i ransomware, valutazione delle vulnerabilit\u00e0, prevenzione degli attacchi Web, antiphishing, antifrode, protezione ambientale.<\/p>\n<p>PrestazioniIl sistema di sicurezza Bitdefender reagisce immediatamente ai malware senza compromettere le prestazioni del sistema. Le funzionalit\u00e0 includono: Pilota automatico, Bitdefender Photon, Rete di protezione globale, Modalit\u00e0 gioco, film e lavoro, Modalit\u00e0 batteria.<\/p>\n<p>Protezione della vita privata La protezione completa di Bitdefender si prende cura delle tue informazioni personali e della tua vita privata in linea. Le funzionalit\u00e0 includono: Bitdefender VPN, Anti-tracker, Controllo del microfono, Protezione della webcam, Banca in linea protetta, Controllo parentale, Protezione dalla riservatezza, Consiglio di sicurezza Wi-Fi, Protezione delle reti sociali, Distruttore di file.<\/p>\n<p>Bitdefender Internet Security ha riportato il titolo del prodotto dell&#039;anno da AV-Comparatives.<\/p>\n<p>Confronto dei forfait Bitdefender<\/p>\n<p>Bitdefender<\/p>\n<p>Sicurezza totale<\/p>\n<p>Bitdefender<\/p>\n<p>Sicurezza Internet<\/p>\n<p>Bitdefender<\/p>\n<p>Antivirus Plus<\/p>\n<p>Nombre d&#039;appareils<\/p>\n<p>5 apparecchi<\/p>\n<p>3 apparecchi<\/p>\n<p>3 apparecchi<\/p>\n<p>Syst\u00e8mes pris en charge<\/p>\n<p>Windows, macOS, Android, iOS<\/p>\n<p>Unicit\u00e0 di Windows<\/p>\n<p>Unicit\u00e0 di Windows<\/p>\n<p>Optimiseur d&#039;appareil<\/p>\n<p>\u2713<\/p>\n<p>\u2715<\/p>\n<p>\u2715<\/p>\n<p>Pare-feu de confidentialit\u00e9<\/p>\n<p>\u2713<\/p>\n<p>\u2713<\/p>\n<p>\u2715<\/p>\n<p>Controllo parentale<\/p>\n<p>\u2713<\/p>\n<p>\u2713<\/p>\n<p>\u2715<\/p>\n<p>Protezione contro i software dannosi, le spie logiche e i software pubblicitari<\/p>\n<p>\u2713<\/p>\n<p>\u2713<\/p>\n<p>\u2713<\/p>\n<p>Protezione multi-livello contro i ransomware<\/p>\n<p>\u2713<\/p>\n<p>\u2713<\/p>\n<p>\u2713<\/p>","protected":false},"excerpt":{"rendered":"<table style='border-collapse: collapse; width: 100%;'>\n<tr>\n<th>Propriet\u00e0<\/th>\n<th>Valore<\/th>\n<\/tr>\n<tr>\n<td>Plate-forme<\/td>\n<td>Windows 7 con Service Pack 1, Windows 8.1, Windows 10 e Windows 11 *Le prestazioni del sistema possono essere influenzate dai dispositivi dotati di CPU pi\u00f9 vecchi.<\/td>\n<\/tr>\n<tr>\n<td>Spazio disco<\/td>\n<td>2,5 Go d&#039;espace disponible<\/td>\n<\/tr>\n<tr>\n<td>Memoria RAM<\/td>\n<td>2 GB<\/td>\n<\/tr>\n<tr>\n<td>Altre esigenze<\/td>\n<td>Internet Explorer versione 11<\/td>\n<\/tr>\n<\/table>","protected":false},"featured_media":2992,"template":"","meta":{"inline_featured_image":false},"product_brand":[],"product_cat":[117],"product_tag":[],"class_list":{"0":"post-2640","1":"product","2":"type-product","3":"status-publish","4":"has-post-thumbnail","6":"product_cat-antivirus","8":"first","9":"instock","10":"sale","11":"virtual","12":"taxable","13":"purchasable","14":"product-type-simple"},"_links":{"self":[{"href":"https:\/\/elitesoftkeys.com\/it\/wp-json\/wp\/v2\/product\/2640","targetHints":{"allow":["GET"]}}],"collection":[{"href":"https:\/\/elitesoftkeys.com\/it\/wp-json\/wp\/v2\/product"}],"about":[{"href":"https:\/\/elitesoftkeys.com\/it\/wp-json\/wp\/v2\/types\/product"}],"version-history":[{"count":0,"href":"https:\/\/elitesoftkeys.com\/it\/wp-json\/wp\/v2\/product\/2640\/revisions"}],"wp:featuredmedia":[{"embeddable":true,"href":"https:\/\/elitesoftkeys.com\/it\/wp-json\/wp\/v2\/media\/2992"}],"wp:attachment":[{"href":"https:\/\/elitesoftkeys.com\/it\/wp-json\/wp\/v2\/media?parent=2640"}],"wp:term":[{"taxonomy":"product_brand","embeddable":true,"href":"https:\/\/elitesoftkeys.com\/it\/wp-json\/wp\/v2\/product_brand?post=2640"},{"taxonomy":"product_cat","embeddable":true,"href":"https:\/\/elitesoftkeys.com\/it\/wp-json\/wp\/v2\/product_cat?post=2640"},{"taxonomy":"product_tag","embeddable":true,"href":"https:\/\/elitesoftkeys.com\/it\/wp-json\/wp\/v2\/product_tag?post=2640"}],"curies":[{"name":"parola chiave","href":"https:\/\/api.w.org\/{rel}","templated":true}]}}