{"id":2636,"date":"2024-12-21T13:57:32","date_gmt":"2024-12-21T13:57:32","guid":{"rendered":"http:\/\/elitesoftkeys.com\/?product=kaspersky-anti-virus"},"modified":"2025-07-06T14:06:27","modified_gmt":"2025-07-06T14:06:27","slug":"kaspersky-anti-virus","status":"publish","type":"product","link":"https:\/\/elitesoftkeys.com\/it\/prodotto\/kaspersky-anti-virus\/","title":{"rendered":"Kaspersky Anti-Virus"},"content":{"rendered":"<p>Kaspersky Anti-Virus offre una protezione completa contro diversi tipi di minacce alla sicurezza delle informazioni. Kaspersky Anti-Virus comprende diverse funzioni e componenti di protezione.<\/p>\n<p>Principali componenti di Kaspersky Anti-Virus:<\/p>\n<p>File antivirus: impedisce l&#039;infezione del sistema di file del computer.<\/p>\n<p>Anti-VirusMail: analizza le e-mail in entrata e in uscita dal computer.<\/p>\n<p>Anti-VirusWeb: blocca l&#039;esecuzione degli script sui siti Web quando possono presentare un rischio per la sicurezza.<\/p>\n<p>Anti-System Check: annulla le modifiche apportate al sistema di sfruttamento della suite di un&#039;attivit\u00e0 dannosa o di un&#039;altra attivit\u00e0 dell&#039;applicazione.i-<\/p>\n<p>IM Virus: garantisce un utilizzo sicuro da parte dei client di messaggistica istantanea.<\/p>\n<p>Prevenzione delle intrusioni: incaricato dell&#039;avvio del sistema di sfruttamento, si adatta alla rete di traffico entrante per identificare le attivit\u00e0 caratteristiche degli attacchi di rete.<\/p>\n<p>Anti-furto: verificare che gli URL non figurino nell&#039;elenco degli URL di traffico.<\/p>\n<p>Clavier \u00e0 l&#039;\u00e9cran: facilita l&#039;intercettazione dei dati tramite il clavier material e protegge i dati personali dall&#039;intercettazione tramite le acquisizioni dello schermo.<\/p>\n<p>My Kaspersky: Se Kaspersky Anti-Virus \u00e8 installato su un computer, puoi garantire la protezione del tuo computer a distanza dal sito Web My Kaspersky.<\/p>\n<p>Connessione protetta: Kaspersky Anti-Virus protegge i dati dell&#039;utente quando si connette a reti Wi-Fi non protette.<\/p>\n<p>Ogni tipo di minaccia \u00e8 trattato da un componente di protezione d\u00e9di\u00e9. \u00c8 possibile riprodurre questi componenti nei parametri dell&#039;applicazione. Inoltre, la protezione del tuo computer pu\u00f2 essere controllata a distanza a partire dal sito web My Kaspersky.<\/p>","protected":false},"excerpt":{"rendered":"<table style='border-collapse: collapse; width: 100%;'>\n<tr>\n<th>Propriet\u00e0<\/th>\n<th>Valore<\/th>\n<\/tr>\n<tr>\n<td>Plate-forme<\/td>\n<td>Finestre<\/td>\n<\/tr>\n<tr>\n<td>Processore<\/td>\n<td>Processore in grado di leggere gratuitamente il gioco di istruzioni SSE2<\/td>\n<\/tr>\n<tr>\n<td>Spazio disco<\/td>\n<td>1500 Mo disponibili<\/td>\n<\/tr>\n<tr>\n<td>Memoria RAM<\/td>\n<td>Per Windows 11: 2 GB (64 bit), 32 bit non supportato Per Windows 10: 2 GB (64 bit), 1 GB (32 bit) \u2013 tranne per la versione 21H2 che non \u00e8 supportato Per Windows 8\/7: 2 GB (64 bit), 1 GB (32 bit)<\/td>\n<\/tr>\n<tr>\n<td>Compatibilit\u00e9 des syst\u00e8mes<\/td>\n<td>Windows 11, Windows 10, Windows 8, Windows 7<\/td>\n<\/tr>\n<tr>\n<td>Altre esigenze<\/td>\n<td>Acc\u00e8s \u00e0 l&#039;internet<\/td>\n<\/tr>\n<\/table>","protected":false},"featured_media":2875,"template":"","meta":{"inline_featured_image":false},"product_brand":[],"product_cat":[117],"product_tag":[],"class_list":{"0":"post-2636","1":"product","2":"type-product","3":"status-publish","4":"has-post-thumbnail","6":"product_cat-antivirus","8":"first","9":"instock","10":"sale","11":"virtual","12":"taxable","13":"purchasable","14":"product-type-simple"},"_links":{"self":[{"href":"https:\/\/elitesoftkeys.com\/it\/wp-json\/wp\/v2\/product\/2636","targetHints":{"allow":["GET"]}}],"collection":[{"href":"https:\/\/elitesoftkeys.com\/it\/wp-json\/wp\/v2\/product"}],"about":[{"href":"https:\/\/elitesoftkeys.com\/it\/wp-json\/wp\/v2\/types\/product"}],"version-history":[{"count":0,"href":"https:\/\/elitesoftkeys.com\/it\/wp-json\/wp\/v2\/product\/2636\/revisions"}],"wp:featuredmedia":[{"embeddable":true,"href":"https:\/\/elitesoftkeys.com\/it\/wp-json\/wp\/v2\/media\/2875"}],"wp:attachment":[{"href":"https:\/\/elitesoftkeys.com\/it\/wp-json\/wp\/v2\/media?parent=2636"}],"wp:term":[{"taxonomy":"product_brand","embeddable":true,"href":"https:\/\/elitesoftkeys.com\/it\/wp-json\/wp\/v2\/product_brand?post=2636"},{"taxonomy":"product_cat","embeddable":true,"href":"https:\/\/elitesoftkeys.com\/it\/wp-json\/wp\/v2\/product_cat?post=2636"},{"taxonomy":"product_tag","embeddable":true,"href":"https:\/\/elitesoftkeys.com\/it\/wp-json\/wp\/v2\/product_tag?post=2636"}],"curies":[{"name":"parola chiave","href":"https:\/\/api.w.org\/{rel}","templated":true}]}}