{"id":2630,"date":"2024-12-21T13:57:24","date_gmt":"2024-12-21T13:57:24","guid":{"rendered":"http:\/\/elitesoftkeys.com\/?product=adobe-acrobat-pro-standard-annual-plan"},"modified":"2025-07-06T14:06:58","modified_gmt":"2025-07-06T14:06:58","slug":"adobe-acrobat-pro-standard-annual-plan","status":"publish","type":"product","link":"https:\/\/elitesoftkeys.com\/it\/prodotto\/adobe-acrobat-pro-standard-annual-plan\/","title":{"rendered":"Piano annuale Adobe Acrobat Pro\/Standard"},"content":{"rendered":"<p>Adobe Acrobat Pro non ha bisogno di presentazioni. \u00c8 il programma perfetto e ideale per convertire, ritagliare, modificare, firmare e gestire tutti i tuoi documenti utilizzando solo questo software eccezionale. Questa versione include 100 GB di Adobe Store Cloud per il tuo storage esterno. Questa versione \u00e8 per pi\u00f9 dispositivi con un piano annuale; se stai cercando una versione senza data di scadenza, puoi trovarla acquistando Adobe Acrobat Pro DC 2020. Acrobat Pro semplificher\u00e0 tutte le tue attivit\u00e0 quotidiane d&#039;ufficio che coinvolgono i documenti PDF.<\/p>\n<p>Rimani produttivo e connesso. Approfitta sempre della tecnologia pi\u00f9 avanzata dello strumento PDF pi\u00f9 collaborativo e adatto a lavorare ovunque, disponibile su qualsiasi dispositivo. Ottieni sempre le ultime funzionalit\u00e0 di Acrobat. Le tue esigenze sono in continua evoluzione. E il tuo modo di lavorare si evolve di conseguenza. Ecco perch\u00e9 miglioriamo e aggiungiamo costantemente funzionalit\u00e0 ad Adobe Acrobat. E quando acquisti Adobe Acrobat, ottieni sempre le funzionalit\u00e0 pi\u00f9 recenti non appena vengono rilasciate. Acrobat. \u00c8 cos\u00ec che il mondo lavora. Oltre cinque milioni di organizzazioni in tutto il mondo si affidano ad Acrobat per creare e modificare i PDF pi\u00f9 intelligenti, convertire i PDF nei formati Microsoft Office e molto altro. Quando sei in movimento e hai bisogno di collaborare con colleghi in pi\u00f9 sedi, affidati alla potenza di Acrobat. Continua a lavorare ovunque. Non importa dove ti trovi o da quale dispositivo accedi, continua a collaborare. Con Acrobat, puoi condividere facilmente i PDF per visualizzarli, rivederli, firmarli e persino monitorarne l&#039;avanzamento, da qualsiasi dispositivo e da qualsiasi luogo. Rendi le revisioni dei documenti fluide. Ora, condividere PDF e raccogliere commenti \u00e8 semplice come inviare un&#039;e-mail, ma con un controllo molto pi\u00f9 completo, un monitoraggio completo e senza allegati disordinati. I destinatari ricevono un&#039;e-mail con un collegamento al tuo PDF. Basta un clic per aprirlo, visualizzarlo e commentarlo.<\/p>","protected":false},"excerpt":{"rendered":"<table style=\"border-collapse: collapse; width: 100%;\">\n<tbody>\n<tr>\n<th>Propriet\u00e0<\/th>\n<th>Valore<\/th>\n<\/tr>\n<tr>\n<td>Piattaforma<\/td>\n<td>Windows e macOS<\/td>\n<\/tr>\n<tr>\n<td>Lingua<\/td>\n<td>Multilingue<\/td>\n<\/tr>\n<tr>\n<td>Utenti supportati<\/td>\n<td>1 utente<\/td>\n<\/tr>\n<tr>\n<td>Sistema operativo<\/td>\n<td>Windows 11, Windows 10. Per il sistema operativo Mac Catalina 10.15.7 minimo<\/td>\n<\/tr>\n<tr>\n<td>Altri requisiti<\/td>\n<td>Qualsiasi dispositivo che supporti i sistemi operativi sopra elencati. I sistemi con processori ARM non sono supportati. Per attivare il programma \u00e8 necessaria una connessione Internet. La licenza del programma viene verificata ripetutamente a intervalli regolari.<\/td>\n<\/tr>\n<\/tbody>\n<\/table>","protected":false},"featured_media":2913,"template":"","meta":{"inline_featured_image":false},"product_brand":[],"product_cat":[111],"product_tag":[],"class_list":{"0":"post-2630","1":"product","2":"type-product","3":"status-publish","4":"has-post-thumbnail","6":"product_cat-pdf-editing-software","8":"first","9":"instock","10":"sale","11":"virtual","12":"taxable","13":"purchasable","14":"product-type-simple"},"_links":{"self":[{"href":"https:\/\/elitesoftkeys.com\/it\/wp-json\/wp\/v2\/product\/2630","targetHints":{"allow":["GET"]}}],"collection":[{"href":"https:\/\/elitesoftkeys.com\/it\/wp-json\/wp\/v2\/product"}],"about":[{"href":"https:\/\/elitesoftkeys.com\/it\/wp-json\/wp\/v2\/types\/product"}],"version-history":[{"count":0,"href":"https:\/\/elitesoftkeys.com\/it\/wp-json\/wp\/v2\/product\/2630\/revisions"}],"wp:featuredmedia":[{"embeddable":true,"href":"https:\/\/elitesoftkeys.com\/it\/wp-json\/wp\/v2\/media\/2913"}],"wp:attachment":[{"href":"https:\/\/elitesoftkeys.com\/it\/wp-json\/wp\/v2\/media?parent=2630"}],"wp:term":[{"taxonomy":"product_brand","embeddable":true,"href":"https:\/\/elitesoftkeys.com\/it\/wp-json\/wp\/v2\/product_brand?post=2630"},{"taxonomy":"product_cat","embeddable":true,"href":"https:\/\/elitesoftkeys.com\/it\/wp-json\/wp\/v2\/product_cat?post=2630"},{"taxonomy":"product_tag","embeddable":true,"href":"https:\/\/elitesoftkeys.com\/it\/wp-json\/wp\/v2\/product_tag?post=2630"}],"curies":[{"name":"parola chiave","href":"https:\/\/api.w.org\/{rel}","templated":true}]}}