{"id":2622,"date":"2024-12-21T13:57:16","date_gmt":"2024-12-21T13:57:16","guid":{"rendered":"http:\/\/elitesoftkeys.com\/?product=adobe-acrobat-pro-dc-2019"},"modified":"2025-07-06T14:06:56","modified_gmt":"2025-07-06T14:06:56","slug":"adobe-acrobat-pro-dc-2019","status":"publish","type":"product","link":"https:\/\/elitesoftkeys.com\/it\/prodotto\/adobe-acrobat-pro-dc-2019\/","title":{"rendered":"Adobe Acrobat Pro DC 2019"},"content":{"rendered":"<p>NOTA IMPORTANTE: questa versione NON include app e servizi cloud per documenti n\u00e9 Adobe Acrobat Sign.<\/p>\n<p>Adobe Acrobat Pro DC 2019 include<\/p>\n<p>licenza a vita<\/p>\n<p>1 PC (Windows)<\/p>\n<p>Progettata per essere utilizzata esclusivamente su Windows 10 o versioni successive, questa edizione \u00e8 disponibile tramite un unico acquisto, a differenza dei modelli basati su abbonamento come Adobe Creative Cloud. La licenza di Adobe Acrobat 2019 Pro non scade mai e rimane valida finch\u00e9 soddisfa le tue esigenze.<\/p>\n<p>Garanzia Adobe Certified Reseller<\/p>\n<p>EliteSoftKeys \u00e8 un rivenditore certificato Adobe. Questa certificazione attesta che siamo autorizzati a vendere prodotti e servizi Adobe e che soddisfiamo i requisiti di conoscenza del prodotto. In qualit\u00e0 di rivenditori certificati, garantiamo ai clienti prodotti autentici, un supporto eccellente e la migliore esperienza di acquisto di prodotti Adobe come Creative Cloud, Acrobat e altri.<\/p>\n<p>Perch\u00e9 la licenza Acrobat Pro viene offerta a un prezzo cos\u00ec basso?<\/p>\n<p>Offriamo licenze usate e cedute al dettaglio dal precedente proprietario, in conformit\u00e0 con la sentenza CE C-128\/2011. Per questo motivo, \u00e8 possibile acquistare la licenza ufficiale di Acrobat Pro sul nostro sito a un prezzo pi\u00f9 conveniente.<\/p>\n<p>Adobe Acrobat Pro 2019 \u2013 il miglior editor PDF<\/p>\n<p>Adobe Acrobat \u00e8 uno dei migliori strumenti PDF sul mercato, che offre una gamma di funzionalit\u00e0 progettate per creare, modificare, gestire e condividere documenti PDF. Le funzionalit\u00e0 pi\u00f9 popolari di Acrobat Pro DC includono:<\/p>\n<p>Creazione e conversione PDF: converte vari formati di file (Word, Excel, PowerPoint) in\/da PDF e crea o esporta pi\u00f9 PDF contemporaneamente.<\/p>\n<p>Modifica testo e immagini direttamente nei PDF: organizza i PDF riordinando, eliminando o ruotando le pagine, annota i PDF con note adesive ed evidenzia.<\/p>\n<p>Firma digitale: firma con firma digitale<\/p>\n<p>Funzionalit\u00e0 di sicurezza: crea PDF protetti da password, imposta autorizzazioni di accesso e oscura informazioni sensibili.<\/p>\n<p>Confronto di documenti: confronta due versioni PDF affiancate.<\/p>\n<p>Scansione OCR: converte i documenti scansionati in PDF modificabili e ricercabili.<\/p>\n<p>Qual \u00e8 la differenza tra Adobe Acrobat Pro 2019 e Adobe Acrobat Pro 2024?<\/p>\n<p>Adobe Acrobat Pro DC 2019 \u00e8 un acquisto una tantum, il che significa che paghi un unico costo iniziale per ottenere tutte le funzionalit\u00e0 avanzate di Adobe Acrobat su un computer. Il diritto di utilizzo di questa licenza \u00e8 perpetuo, a differenza di un abbonamento ad Adobe Acrobat Pro 2024. Devi pagare solo se desideri aggiornare alla versione principale successiva, altrimenti puoi utilizzarlo per tutto il tempo che desideri. Adobe Acrobat Pro 2024 \u00e8 un abbonamento che include l&#039;accesso costante agli ultimi aggiornamenti e a funzionalit\u00e0 aggiuntive, come lo spazio di archiviazione cloud.<\/p>\n<p>Download e installazione di Adobe Acrobat<\/p>\n<p>Ti forniremo tutto ci\u00f2 di cui hai bisogno! Dopo l&#039;acquisto, riceverai la tua chiave digitale, con allegate semplici guide e istruzioni per la procedura. Per ulteriori domande sulla chiave di attivazione di Adobe Acrobat Pro DC 2019, offriamo supporto tecnico gratuito tramite LiveChat, indirizzo email o contatto WhatsApp.<\/p>\n<p>Cosa posso fare se non riesco ad attivare o scaricare la licenza?<\/p>\n<p>In caso di domande o problemi con l&#039;attivazione della licenza, contatta il nostro supporto tecnico gratuito, fornendo dettagli e screenshot del problema. Ti assisteremo immediatamente.<\/p>\n<p>Perch\u00e9 scegliere EliteSoftKeys per l&#039;acquisto di licenze software?<\/p>\n<p>Noi di EliteSoftKeys siamo pi\u00f9 di un semplice rivenditore di software. Vendiamo software originali a prezzi accessibili ai nostri clienti. Sceglierci significa optare per un&#039;esperienza di acquisto sicura e affidabile, supportata da un servizio clienti eccezionale. Il nostro impegno per la soddisfazione del cliente \u00e8 evidente nella nostra valutazione su Trustpilot, dove otteniamo un&#039;impressionante media di 4,9\/5 da decine di recensioni.<\/p>\n<p>Con una variet\u00e0 di opzioni di pagamento sicure, tra cui Google Pay e carte di credito, rendiamo il tuo processo di acquisto semplice e senza intoppi. Con EliteSoftKeys, non stai semplicemente acquistando un software: stai acquisendo un partner affidabile che garantisce un&#039;esperienza di acquisto fluida e un supporto a portata di clic.<\/p>","protected":false},"excerpt":{"rendered":"<table style='border-collapse: collapse; width: 100%;'>\n<tr>\n<th>Propriet\u00e0<\/th>\n<th>Valore<\/th>\n<\/tr>\n<tr>\n<td>Piattaforma<\/td>\n<td>Windows e macOS<\/td>\n<\/tr>\n<tr>\n<td>Lingua<\/td>\n<td>Multilingue<\/td>\n<\/tr>\n<tr>\n<td>Utenti supportati<\/td>\n<td>1 utente<\/td>\n<\/tr>\n<tr>\n<td>Sistema operativo<\/td>\n<td>Windows 11, Windows 10. Per il sistema operativo Mac Catalina 10.15.7 minimo<\/td>\n<\/tr>\n<tr>\n<td>Altri requisiti<\/td>\n<td>Qualsiasi dispositivo che supporti i sistemi operativi sopra elencati. I sistemi con processori ARM non sono supportati. Per attivare il programma \u00e8 necessaria una connessione Internet. La licenza del programma viene verificata ripetutamente a intervalli regolari.<\/td>\n<\/tr>\n<\/table>","protected":false},"featured_media":2918,"template":"","meta":{"inline_featured_image":false},"product_brand":[],"product_cat":[111],"product_tag":[],"class_list":{"0":"post-2622","1":"product","2":"type-product","3":"status-publish","4":"has-post-thumbnail","6":"product_cat-pdf-editing-software","8":"first","9":"instock","10":"sale","11":"virtual","12":"taxable","13":"purchasable","14":"product-type-simple"},"_links":{"self":[{"href":"https:\/\/elitesoftkeys.com\/it\/wp-json\/wp\/v2\/product\/2622","targetHints":{"allow":["GET"]}}],"collection":[{"href":"https:\/\/elitesoftkeys.com\/it\/wp-json\/wp\/v2\/product"}],"about":[{"href":"https:\/\/elitesoftkeys.com\/it\/wp-json\/wp\/v2\/types\/product"}],"version-history":[{"count":0,"href":"https:\/\/elitesoftkeys.com\/it\/wp-json\/wp\/v2\/product\/2622\/revisions"}],"wp:featuredmedia":[{"embeddable":true,"href":"https:\/\/elitesoftkeys.com\/it\/wp-json\/wp\/v2\/media\/2918"}],"wp:attachment":[{"href":"https:\/\/elitesoftkeys.com\/it\/wp-json\/wp\/v2\/media?parent=2622"}],"wp:term":[{"taxonomy":"product_brand","embeddable":true,"href":"https:\/\/elitesoftkeys.com\/it\/wp-json\/wp\/v2\/product_brand?post=2622"},{"taxonomy":"product_cat","embeddable":true,"href":"https:\/\/elitesoftkeys.com\/it\/wp-json\/wp\/v2\/product_cat?post=2622"},{"taxonomy":"product_tag","embeddable":true,"href":"https:\/\/elitesoftkeys.com\/it\/wp-json\/wp\/v2\/product_tag?post=2622"}],"curies":[{"name":"parola chiave","href":"https:\/\/api.w.org\/{rel}","templated":true}]}}