{"id":2618,"date":"2024-12-21T13:57:11","date_gmt":"2024-12-21T13:57:11","guid":{"rendered":"http:\/\/elitesoftkeys.com\/?product=corel-videostudio-2022-ultimate"},"modified":"2025-07-06T14:07:08","modified_gmt":"2025-07-06T14:07:08","slug":"corel-videostudio-2022-ultimate","status":"publish","type":"product","link":"https:\/\/elitesoftkeys.com\/it\/prodotto\/corel-videostudio-2022-ultimate\/","title":{"rendered":"Corel VideoStudio 2022 Ultimate"},"content":{"rendered":"<p>Corel VideoStudio Pro 2022 Ultimate \u00e8 un programma di editing video intuitivo e ricco di funzionalit\u00e0, con divertenti modi per creare stop motion, modificare i volti, creare GIF, generare sottotitoli con sintesi vocale e molto altro. Corel VideoStudio Ultimate 2022 e 2021 sono stati riconosciuti come i migliori software di editing video della categoria, ricevendo l&#039;ambito PCMag Editors&#039; Choice Award.<\/p>\n<p>Funzionalit\u00e0 chiave di Corel VideoStudio Pro 2022 Ultimate:<\/p>\n<p>Cattura. Importa le tue clip, registra lo schermo o acquisisci video multi-camera con gli strumenti integrati.<\/p>\n<p>Modifica. Apporta correzioni rapide con strumenti di base, gioca con i colori, aggiungi filtri creativi, titoli e transizioni.<\/p>\n<p>Condividi. Esporta i tuoi progetti nei formati e sui dispositivi pi\u00f9 diffusi, condividili online o masterizzali su disco con un menu personalizzato.<\/p>\n<p>VideoStudio Pro \u00e8 il software di editing video facile e divertente che aiuta gli utenti di tutti i livelli di esperienza a immergersi nel mondo dell&#039;editing video e ad ampliare le proprie competenze.<\/p>\n<p>Nuove funzionalit\u00e0 di VideoStudio Pro 2022:<\/p>\n<p>NUOVI effetti viso<\/p>\n<p>NUOVO convertitore da voce a testo<\/p>\n<p>NUOVO creatore di GIF<\/p>\n<p>NUOVI adesivi AR animati<\/p>\n<p>NUOVE transizioni dei movimenti della telecamera<\/p>\n<p>NUOVO Keyframing non lineare a velocit\u00e0 variabile<\/p>\n<p>Modifica della forma d&#039;onda audio MIGLIORATA<\/p>\n<p>Libreria multimediale MIGLIORATA<\/p>\n<p>Profili LUT MIGLIORATI<\/p>\n<p>L&#039;edizione Ultimate include tutto ci\u00f2 che \u00e8 presente nella Pro, PI\u00d9:<\/p>\n<p>Gradazione del colore<\/p>\n<p>Creatore di maschere<\/p>\n<p>NUOVA indicizzazione dei volti<\/p>\n<p>Stabilizzazione video ProDAD Mercalli V5<\/p>\n<p>Modifica dinamica del modello di schermo diviso<\/p>\n<p>Oltre 100 filtri proDAD Vitascene<\/p>\n<p>Centinaia di effetti premium esclusivi<\/p>\n<p>Editor multi-camera a 6 angoli<\/p>\n<p>Oltre 50 modelli di menu DVD aggiuntivi<\/p>\n<p>Supporto di formati extra<\/p>\n<p>Applicazioni incluse:<\/p>\n<p>VideoStudio Pro 2022<\/p>\n<p>VideoStudio MyDVD \u2013 creazione di DVD<\/p>\n<p>Corel FastFlick \u2013 Creatore di presentazioni<\/p>\n<p>MultiCam Capture Lite \u2013 Registratore webcam e schermo<\/p>","protected":false},"excerpt":{"rendered":"<table style='border-collapse: collapse; width: 100%;'>\n<tr>\n<th>Propriet\u00e0<\/th>\n<th>Valore<\/th>\n<\/tr>\n<tr>\n<td>Grafica<\/td>\n<td>Risoluzione minima del display: 1024 x 768, minimo 512 MB di VRAM o superiore consigliati per l&#039;accelerazione hardware<\/td>\n<\/tr>\n<tr>\n<td>Processore<\/td>\n<td>Serie Core i3 o AMD A4 per video standard. Intel Core i7 o AMD Athlon A10 per video HD e UHD<\/td>\n<\/tr>\n<tr>\n<td>Disco rigido<\/td>\n<td>Minimo 6 GB per l&#039;installazione completa<\/td>\n<\/tr>\n<tr>\n<td>Memoria RAM<\/td>\n<td>4 GB o superiore, 8+ GB altamente consigliati per video HD e UHD<\/td>\n<\/tr>\n<tr>\n<td>Sistema operativo<\/td>\n<td>Windows 11, Windows 10, Windows 8, solo a 64 bit<\/td>\n<\/tr>\n<\/table>","protected":false},"featured_media":2892,"template":"","meta":{"inline_featured_image":false},"product_brand":[],"product_cat":[110],"product_tag":[],"class_list":{"0":"post-2618","1":"product","2":"type-product","3":"status-publish","4":"has-post-thumbnail","6":"product_cat-video-editing-tools","8":"first","9":"instock","10":"sale","11":"virtual","12":"taxable","13":"purchasable","14":"product-type-simple"},"_links":{"self":[{"href":"https:\/\/elitesoftkeys.com\/it\/wp-json\/wp\/v2\/product\/2618","targetHints":{"allow":["GET"]}}],"collection":[{"href":"https:\/\/elitesoftkeys.com\/it\/wp-json\/wp\/v2\/product"}],"about":[{"href":"https:\/\/elitesoftkeys.com\/it\/wp-json\/wp\/v2\/types\/product"}],"version-history":[{"count":0,"href":"https:\/\/elitesoftkeys.com\/it\/wp-json\/wp\/v2\/product\/2618\/revisions"}],"wp:featuredmedia":[{"embeddable":true,"href":"https:\/\/elitesoftkeys.com\/it\/wp-json\/wp\/v2\/media\/2892"}],"wp:attachment":[{"href":"https:\/\/elitesoftkeys.com\/it\/wp-json\/wp\/v2\/media?parent=2618"}],"wp:term":[{"taxonomy":"product_brand","embeddable":true,"href":"https:\/\/elitesoftkeys.com\/it\/wp-json\/wp\/v2\/product_brand?post=2618"},{"taxonomy":"product_cat","embeddable":true,"href":"https:\/\/elitesoftkeys.com\/it\/wp-json\/wp\/v2\/product_cat?post=2618"},{"taxonomy":"product_tag","embeddable":true,"href":"https:\/\/elitesoftkeys.com\/it\/wp-json\/wp\/v2\/product_tag?post=2618"}],"curies":[{"name":"parola chiave","href":"https:\/\/api.w.org\/{rel}","templated":true}]}}