{"id":2614,"date":"2024-12-21T13:57:06","date_gmt":"2024-12-21T13:57:06","guid":{"rendered":"http:\/\/elitesoftkeys.com\/?product=corel-videostudio-pro-2023"},"modified":"2025-07-06T14:07:08","modified_gmt":"2025-07-06T14:07:08","slug":"corel-videostudio-pro-2023","status":"publish","type":"product","link":"https:\/\/elitesoftkeys.com\/it\/prodotto\/corel-videostudio-pro-2023\/","title":{"rendered":"Corel VideoStudio Pro 2023"},"content":{"rendered":"<p>Corel VideoStudio \u00e8 un programma di editing video intuitivo e ricco di funzionalit\u00e0, con divertenti modi per creare stop motion, modificare volti, creare GIF, generare didascalie con conversione da voce a testo e molto altro.<\/p>\n<p>Funzionalit\u00e0 chiave di Corel VideoStudio:<\/p>\n<p>Cattura. Importa le tue clip, registra lo schermo o acquisisci video multi-camera con gli strumenti integrati.<\/p>\n<p>Modifica. Apporta correzioni rapide con strumenti di base, gioca con i colori, aggiungi filtri creativi, titoli e transizioni.<\/p>\n<p>Condividi. Esporta i tuoi progetti nei formati e sui dispositivi pi\u00f9 diffusi, condividili online o masterizzali su disco con un menu personalizzato.<\/p>\n<p>Nuove funzionalit\u00e0 principali di VideoStudio Pro 2023:<\/p>\n<p>Funzionalit\u00e0 ed effetti di modifica del titolo<\/p>\n<p>Opzioni di animazione del titolo. Con i nuovi movimenti del titolo Entra\/Centro\/Esci, puoi assegnare diversi effetti alle varie fasi dell&#039;animazione del titolo.<\/p>\n<p>Effetti titolo. Rendi i tuoi titoli animati unici e accattivanti con i nuovi effetti titolo: i titoli Parallax sfruttano la velocit\u00e0 per creare un effetto di trascinamento su testo e caratteri; i titoli Kinetic applicano velocit\u00e0 variabile con accelerazione al testo per creare diverse animazioni di titoli.<\/p>\n<p>Effetti di transizioneOttieni un affascinante effetto 3D con le nuove transizioni Parallax che offrono livelli con velocit\u00e0 variabili associati ai movimenti in primo piano e sullo sfondo.<\/p>\n<p>Selezioni di brani extraOltre 500 nuovi brani sono stati aggiunti alla libreria musicale di ScoreFitter.<\/p>\n<p>Prestazioni di renderingL&#039;integrazione di Intel OneVPL e Deep Link Hyper Encode \u00e8 stata sfruttata per ottimizzare le prestazioni e far funzionare la CPU e le GPU multiple in modo molto pi\u00f9 efficiente.<\/p>\n<p>Decodifica video 8KCon un numero e una variet\u00e0 di dispositivi in rapida crescita che supportano la registrazione 8K, VideoStudio \u00e8 stato ottimizzato per l&#039;8K per consentirti di importare video 8K per ulteriori modifiche.<\/p>\n<p>Miglioramenti dell&#039;interfaccia utenteCon i numerosi miglioramenti apportati a funzionalit\u00e0 selezionate e all&#039;usabilit\u00e0 generale, sfrutta le opzioni di personalizzazione e ottieni risultati incredibili in modo pi\u00f9 rapido ed efficiente!<\/p>","protected":false},"excerpt":{"rendered":"<table style='border-collapse: collapse; width: 100%;'>\n<tr>\n<th>Propriet\u00e0<\/th>\n<th>Valore<\/th>\n<\/tr>\n<tr>\n<td>Grafica<\/td>\n<td>Risoluzione minima del display: 1366 x 768, minimo 512 MB di VRAM o superiore consigliati per l&#039;accelerazione hardware.<\/td>\n<\/tr>\n<tr>\n<td>Processore<\/td>\n<td>Serie Core i3 o AMD A4 per video standard. Intel Core i7 o AMD Athlon A10 per video HD e UHD.<\/td>\n<\/tr>\n<tr>\n<td>Disco rigido<\/td>\n<td>Minimo 10 GB per l&#039;installazione completa.<\/td>\n<\/tr>\n<tr>\n<td>Memoria RAM<\/td>\n<td>4 GB o pi\u00f9, 8+ GB altamente consigliati per video HD e UHD.<\/td>\n<\/tr>\n<tr>\n<td>Sistema operativo<\/td>\n<td>Windows 11, Windows 10, Windows 8, solo a 64 bit<\/td>\n<\/tr>\n<\/table>","protected":false},"featured_media":2890,"template":"","meta":{"inline_featured_image":false},"product_brand":[],"product_cat":[110],"product_tag":[],"class_list":{"0":"post-2614","1":"product","2":"type-product","3":"status-publish","4":"has-post-thumbnail","6":"product_cat-video-editing-tools","8":"first","9":"instock","10":"sale","11":"virtual","12":"taxable","13":"purchasable","14":"product-type-simple"},"_links":{"self":[{"href":"https:\/\/elitesoftkeys.com\/it\/wp-json\/wp\/v2\/product\/2614","targetHints":{"allow":["GET"]}}],"collection":[{"href":"https:\/\/elitesoftkeys.com\/it\/wp-json\/wp\/v2\/product"}],"about":[{"href":"https:\/\/elitesoftkeys.com\/it\/wp-json\/wp\/v2\/types\/product"}],"version-history":[{"count":0,"href":"https:\/\/elitesoftkeys.com\/it\/wp-json\/wp\/v2\/product\/2614\/revisions"}],"wp:featuredmedia":[{"embeddable":true,"href":"https:\/\/elitesoftkeys.com\/it\/wp-json\/wp\/v2\/media\/2890"}],"wp:attachment":[{"href":"https:\/\/elitesoftkeys.com\/it\/wp-json\/wp\/v2\/media?parent=2614"}],"wp:term":[{"taxonomy":"product_brand","embeddable":true,"href":"https:\/\/elitesoftkeys.com\/it\/wp-json\/wp\/v2\/product_brand?post=2614"},{"taxonomy":"product_cat","embeddable":true,"href":"https:\/\/elitesoftkeys.com\/it\/wp-json\/wp\/v2\/product_cat?post=2614"},{"taxonomy":"product_tag","embeddable":true,"href":"https:\/\/elitesoftkeys.com\/it\/wp-json\/wp\/v2\/product_tag?post=2614"}],"curies":[{"name":"parola chiave","href":"https:\/\/api.w.org\/{rel}","templated":true}]}}