{"id":2608,"date":"2024-12-21T13:57:00","date_gmt":"2024-12-21T13:57:00","guid":{"rendered":"http:\/\/elitesoftkeys.com\/?product=adobe-framemaker"},"modified":"2025-07-06T14:07:07","modified_gmt":"2025-07-06T14:07:07","slug":"adobe-framemaker","status":"publish","type":"product","link":"https:\/\/elitesoftkeys.com\/it\/prodotto\/adobe-framemaker\/","title":{"rendered":"Adobe FrameMaker"},"content":{"rendered":"<p>La ricezione dopo l&#039;acquisto del seguente prodotto potrebbe richiedere da 1 ora a 48 ore lavorative tramite e-mail. Per maggiori informazioni sulla spedizione, contattaci all&#039;indirizzo contact@EliteSoftKeys.com o contatta i riferimenti indicati sulla nostra piattaforma qui.<\/p>\n<p>Il seguente abbonamento annuale include le applicazioni di: Adobe FrameMaker 1000 GB di Adobe Cloud inclusi Gestione avanzata dei documenti strutturati: Adobe FrameMaker \u00e8 un potente strumento per la creazione e la gestione di documenti strutturati. Ci\u00f2 significa che \u00e8 possibile creare documenti con una struttura logica e coerente, che semplifica la navigazione e la comprensione del contenuto. Inoltre, FrameMaker supporta diversi standard di documenti strutturati, come DITA e XML, rendendolo ideale per la creazione di manuali tecnici, guide utente e altri documenti professionali. Supporto multilingue: FrameMaker offre un supporto completo per la creazione di documenti in pi\u00f9 lingue. Ci\u00f2 include la possibilit\u00e0 di utilizzare caratteri e script da destra a sinistra, come arabo ed ebraico, nonch\u00e9 lingue asiatiche. Questa funzionalit\u00e0 rende FrameMaker una scelta eccellente per le aziende che operano a livello internazionale e necessitano di produrre documenti in diverse lingue. Pubblicazione multicanale: con Adobe FrameMaker, i documenti possono essere pubblicati in diversi formati, tra cui PDF, HTML, EPUB e altri. Ci\u00f2 significa che \u00e8 possibile creare un documento una volta e poi pubblicarlo in diversi formati per soddisfare le diverse esigenze dei destinatari. Questa funzionalit\u00e0 di pubblicazione multicanale consente di risparmiare tempo e fatica eliminando la necessit\u00e0 di creare versioni separate del documento per ogni formato di pubblicazione. Integrazione con Adobe Experience Manager: FrameMaker si integra perfettamente con Adobe Experience Manager (AEM), una soluzione di gestione dei contenuti che consente di creare, gestire e ottimizzare le esperienze digitali. Questa integrazione consente di gestire facilmente i contenuti dei documenti, condividerli e riutilizzarli tra i documenti e mantenere la coerenza del marchio in tutti i documenti. Interfaccia utente personalizzabile: l&#039;interfaccia utente di Adobe FrameMaker \u00e8 altamente personalizzabile, consentendo agli utenti di adattare l&#039;ambiente di lavoro alle proprie esigenze specifiche. Gli utenti possono organizzare strumenti e funzioni in modo che siano facilmente accessibili, migliorando cos\u00ec l&#039;efficienza e la produttivit\u00e0.<\/p>","protected":false},"excerpt":{"rendered":"<table style='border-collapse: collapse; width: 100%;'>\n<tr>\n<th>Propriet\u00e0<\/th>\n<th>Valore<\/th>\n<\/tr>\n<tr>\n<td>Piattaforma<\/td>\n<td>Finestre<\/td>\n<\/tr>\n<tr>\n<td>Lingua<\/td>\n<td>Inglese<\/td>\n<\/tr>\n<tr>\n<td>Utenti supportati<\/td>\n<td>1 utente<\/td>\n<\/tr>\n<tr>\n<td>Sistema operativo<\/td>\n<td>Windows 11, Windows 10. Per il sistema operativo Mac Catalina 10.15.7 minimo<\/td>\n<\/tr>\n<tr>\n<td>Altri requisiti<\/td>\n<td>Qualsiasi dispositivo che supporti i sistemi operativi sopra elencati. I sistemi con processori ARM non sono supportati. Per attivare il programma \u00e8 necessaria una connessione Internet. La licenza del programma viene verificata ripetutamente a intervalli regolari.<\/td>\n<\/tr>\n<\/table>","protected":false},"featured_media":2885,"template":"","meta":{"inline_featured_image":false},"product_brand":[],"product_cat":[110],"product_tag":[],"class_list":{"0":"post-2608","1":"product","2":"type-product","3":"status-publish","4":"has-post-thumbnail","6":"product_cat-video-editing-tools","8":"first","9":"instock","10":"sale","11":"virtual","12":"taxable","13":"purchasable","14":"product-type-simple"},"_links":{"self":[{"href":"https:\/\/elitesoftkeys.com\/it\/wp-json\/wp\/v2\/product\/2608","targetHints":{"allow":["GET"]}}],"collection":[{"href":"https:\/\/elitesoftkeys.com\/it\/wp-json\/wp\/v2\/product"}],"about":[{"href":"https:\/\/elitesoftkeys.com\/it\/wp-json\/wp\/v2\/types\/product"}],"version-history":[{"count":0,"href":"https:\/\/elitesoftkeys.com\/it\/wp-json\/wp\/v2\/product\/2608\/revisions"}],"wp:featuredmedia":[{"embeddable":true,"href":"https:\/\/elitesoftkeys.com\/it\/wp-json\/wp\/v2\/media\/2885"}],"wp:attachment":[{"href":"https:\/\/elitesoftkeys.com\/it\/wp-json\/wp\/v2\/media?parent=2608"}],"wp:term":[{"taxonomy":"product_brand","embeddable":true,"href":"https:\/\/elitesoftkeys.com\/it\/wp-json\/wp\/v2\/product_brand?post=2608"},{"taxonomy":"product_cat","embeddable":true,"href":"https:\/\/elitesoftkeys.com\/it\/wp-json\/wp\/v2\/product_cat?post=2608"},{"taxonomy":"product_tag","embeddable":true,"href":"https:\/\/elitesoftkeys.com\/it\/wp-json\/wp\/v2\/product_tag?post=2608"}],"curies":[{"name":"parola chiave","href":"https:\/\/api.w.org\/{rel}","templated":true}]}}