{"id":2606,"date":"2024-12-21T13:56:58","date_gmt":"2024-12-21T13:56:58","guid":{"rendered":"http:\/\/elitesoftkeys.com\/?product=wondershare-filmora"},"modified":"2025-07-06T14:07:07","modified_gmt":"2025-07-06T14:07:07","slug":"wondershare-filmora","status":"publish","type":"product","link":"https:\/\/elitesoftkeys.com\/it\/prodotto\/wondershare-filmora\/","title":{"rendered":"Wondershare Filmora"},"content":{"rendered":"<p>Wondershare Filmora 12 \u00e8 un nuovo e potente software di editing video che ti permette di creare video creativi e professionali. Grazie alla sua interfaccia utente semplice e agli strumenti di editing video all&#039;avanguardia, puoi creare rapidamente video straordinari. Con Wondershare Filmora 12 puoi unire immagini ai video, aggiungere transizioni e impostazioni visive efficaci, personalizzare testo e titoli, effetti audio e molto altro. Offre anche funzionalit\u00e0 avanzate come il supporto 4K, anteprime segmentate, video invertito, keyframing e altro ancora. Include inoltre oltre 1.000 filtri ed effetti video per conferire ai tuoi video un aspetto di alta qualit\u00e0. Wondershare Filmora 12 \u00e8 gi\u00e0 uno degli strumenti di editing video pi\u00f9 popolari al mondo!<\/p>\n<p>Wondershare Filmora 12 migliora la tua esperienza video su diversi livelli. Il motion tracking ti consente di rendere i tuoi video pi\u00f9 accattivanti, il key-framing ti consente di personalizzare i tuoi video e l&#039;audio ducking ne migliora l&#039;audio. La regolazione del colore ti consente di personalizzare i colori dei tuoi video in base alle tue preferenze. Inoltre, Wondershare Filmora 12 supporta video 4K e dispone di una funzione di controllo del rumore. La funzione Picture-in-Picture ti consente di guardare due video contemporaneamente. Lo strumento di velocit\u00e0 ti consente di regolare la velocit\u00e0 dei tuoi video. Video flip ti consente di capovolgere i tuoi video. Carica istantaneamente i tuoi video sui social media, masterizzali su DVD come regalo memorabile e ottimizzali per una perfetta compatibilit\u00e0 con i tuoi dispositivi iOS e Android.<\/p>","protected":false},"excerpt":{"rendered":"<table style='border-collapse: collapse; width: 100%;'>\n<tr>\n<th>Propriet\u00e0<\/th>\n<th>Valore<\/th>\n<\/tr>\n<tr>\n<td>Grafica<\/td>\n<td>Risoluzione minima del display: 1366 x 768, minimo 512 MB di VRAM o superiore consigliati per l&#039;accelerazione hardware.<\/td>\n<\/tr>\n<tr>\n<td>Processore<\/td>\n<td>Serie Core i3 o AMD A4 per video standard. Intel Core i7 o AMD Athlon A10 per video HD e UHD.<\/td>\n<\/tr>\n<tr>\n<td>Disco rigido<\/td>\n<td>Minimo 10 GB per l&#039;installazione completa.<\/td>\n<\/tr>\n<tr>\n<td>Memoria RAM<\/td>\n<td>4 GB o pi\u00f9, 8+ GB altamente consigliati per video HD e UHD.<\/td>\n<\/tr>\n<tr>\n<td>Sistema operativo<\/td>\n<td>Windows 11, Windows 10, Windows 8, solo a 64 bit<\/td>\n<\/tr>\n<\/table>","protected":false},"featured_media":2883,"template":"","meta":{"inline_featured_image":false},"product_brand":[],"product_cat":[110],"product_tag":[],"class_list":{"0":"post-2606","1":"product","2":"type-product","3":"status-publish","4":"has-post-thumbnail","6":"product_cat-video-editing-tools","8":"first","9":"instock","10":"sale","11":"virtual","12":"taxable","13":"purchasable","14":"product-type-simple"},"_links":{"self":[{"href":"https:\/\/elitesoftkeys.com\/it\/wp-json\/wp\/v2\/product\/2606","targetHints":{"allow":["GET"]}}],"collection":[{"href":"https:\/\/elitesoftkeys.com\/it\/wp-json\/wp\/v2\/product"}],"about":[{"href":"https:\/\/elitesoftkeys.com\/it\/wp-json\/wp\/v2\/types\/product"}],"version-history":[{"count":0,"href":"https:\/\/elitesoftkeys.com\/it\/wp-json\/wp\/v2\/product\/2606\/revisions"}],"wp:featuredmedia":[{"embeddable":true,"href":"https:\/\/elitesoftkeys.com\/it\/wp-json\/wp\/v2\/media\/2883"}],"wp:attachment":[{"href":"https:\/\/elitesoftkeys.com\/it\/wp-json\/wp\/v2\/media?parent=2606"}],"wp:term":[{"taxonomy":"product_brand","embeddable":true,"href":"https:\/\/elitesoftkeys.com\/it\/wp-json\/wp\/v2\/product_brand?post=2606"},{"taxonomy":"product_cat","embeddable":true,"href":"https:\/\/elitesoftkeys.com\/it\/wp-json\/wp\/v2\/product_cat?post=2606"},{"taxonomy":"product_tag","embeddable":true,"href":"https:\/\/elitesoftkeys.com\/it\/wp-json\/wp\/v2\/product_tag?post=2606"}],"curies":[{"name":"parola chiave","href":"https:\/\/api.w.org\/{rel}","templated":true}]}}