{"id":2604,"date":"2024-12-21T13:56:56","date_gmt":"2024-12-21T13:56:56","guid":{"rendered":"http:\/\/elitesoftkeys.com\/?product=pinnacle-studio-26-standard"},"modified":"2025-07-06T14:07:07","modified_gmt":"2025-07-06T14:07:07","slug":"pinnacle-studio-26-standard","status":"publish","type":"product","link":"https:\/\/elitesoftkeys.com\/it\/prodotto\/pinnacle-studio-26-standard\/","title":{"rendered":"Pinnacle Studio 26 Standard"},"content":{"rendered":"<p>Pinnacle Studio 26 \u00e8 un software di editing video per Windows ricco di valore. Questa nuova versione di Pinnacle \u00e8 pi\u00f9 veloce, migliore e pi\u00f9 efficiente che mai. Sulla base del feedback dei clienti, il prodotto \u00e8 stato migliorato, concentrandosi sui processi di editing principali per apportare miglioramenti concreti agli aspetti davvero importanti, offrendo l&#039;esperienza di editing pi\u00f9 snella e fluida degli ultimi anni. Pinnacle Studio 26 apporta miglioramenti tangibili all&#039;esperienza utente, oltre a semplici correzioni di bug e modifiche all&#039;interfaccia: la struttura del prodotto \u00e8 stata aggiornata con modifiche in ogni aspetto, dalla logica comportamentale alla gestione delle risorse, fino a un nuovissimo codec proxy. Con stabilit\u00e0, prestazioni e usabilit\u00e0 notevolmente migliorate, goditi un flusso di lavoro semplificato e concentrati completamente sul lato creativo dell&#039;editing video.<\/p>\n<p>Caratteristiche principali di Pinnacle Studio 26 Standard:<\/p>\n<p>Registrazione dello schermo<\/p>\n<p>Montaggio MultiCam<\/p>\n<p>Video a schermo diviso<\/p>\n<p>Redattore del titolo<\/p>\n<p>Controlli dei fotogrammi chiave<\/p>\n<p>Effetti creativi<\/p>\n<p>Animazione stop motion<\/p>\n<p>Creazione di DVD<\/p>\n<p>Nuove funzionalit\u00e0 principali di Pinnacle Studio 26 Standard:<\/p>\n<p>Stabilit\u00e0 del prodotto: questa versione si concentra principalmente sulla stabilit\u00e0 del prodotto e sulle prestazioni delle funzionalit\u00e0 principali, oltre a decine di correzioni di crash e bug per miglioramenti mirati a oltre 200 scenari univoci identificati dagli utenti. Pinnacle Studio 26 \u00e8 la nostra versione pi\u00f9 affidabile e stabile fino ad oggi.<\/p>\n<p>Prestazioni del prodotto: sono stati implementati incredibili miglioramenti delle prestazioni in aree identificate dagli utenti, come il tempo di avvio del software, l&#039;utilizzo delle risorse, la reattivit\u00e0 dell&#039;interfaccia e dell&#039;anteprima del progetto, nonch\u00e9 la velocit\u00e0 di importazione ed esportazione. I principali miglioramenti delle prestazioni includono:<\/p>\n<p>Implementazione di Apple ProRes come formato proxy intelligente per migliorare l&#039;anteprima, la riproduzione, il rendering della timeline e la reattivit\u00e0 generale dell&#039;editing<\/p>\n<p>Modifica della logica comportamentale per evitare aggiornamenti non necessari e ridurre i ritardi di rendering<\/p>\n<p>Un nuovo menu a discesa per scegliere tra le opzioni di qualit\u00e0 dell&#039;anteprima del progetto per ottimizzare le prestazioni<\/p>\n<p>Miglioramenti mirati della velocit\u00e0 nell&#039;importazione di clip nella libreria e nell&#039;esportazione dei progetti finali<\/p>\n<p>Modifica dei fotogrammi chiaveCon le nuove opzioni di gestione dei fotogrammi chiave aggiunte, \u00e8 facile manipolare gruppi di fotogrammi chiave per replicare rapidamente le personalizzazioni, come animazioni in loop, lampi di luce, animazioni personalizzate di panoramica e zoom, sequenze complesse di modifiche al colore o alla luminosit\u00e0 e altro ancora. Crea, copia, incolla ed elimina gruppi di fotogrammi chiave su parametri (luminosit\u00e0, trasparenza, saturazione, ecc.) in un&#039;altra clip o su un altro parametro nella stessa clip.<\/p>\n<p>Interfaccia utente: goditi un editing semplificato con una maggiore usabilit\u00e0 in tutto il prodotto, grazie ai miglioramenti apportati al processo di installazione, alle opzioni del pannello di controllo, alla guida integrata e altro ancora. Le sezioni aggiornate del pannello di controllo offrono un maggiore controllo sull&#039;esperienza di editing, incluse opzioni per ridurre il carico sul computer; i suggerimenti e le stringhe dell&#039;interfaccia rivisti offrono maggiore chiarezza e interpretabilit\u00e0.<\/p>\n<p>Prestazioni di strumenti e funzionalit\u00e0 in tutto il prodotto. Goditi una migliore reattivit\u00e0 nella modifica dei titoli e visualizza le modifiche applicate ai titoli nell&#039;anteprima molto pi\u00f9 velocemente. Inoltre, gestisci i tuoi titoli personalizzati in modo pi\u00f9 efficace con gli aggiornamenti all&#039;accessibilit\u00e0 dei preset salvati. Estendi la potenza del mascheramento video con tempi di risposta ridotti per la modifica delle maschere per la creazione e la modifica delle forme, il tracciamento degli oggetti e l&#039;applicazione di funzioni alla maschera o al mascherino per prestazioni di riproduzione migliori.<\/p>\n<p>Le principali applicazioni includono:<\/p>\n<p>Software di editing video<\/p>\n<p>Acquisizione video e registrazione dello schermo<\/p>\n<p>Creatore di presentazioni<\/p>\n<p>Editor audio<\/p>\n<p>Creazione di DVD<\/p>\n<p>Convertitore video<\/p>\n<p>Contenuto creativo incluso:<\/p>\n<p>Centinaia di filtri ed effetti<\/p>\n<p>Libreria di sovrapposizioni animate, grafica, font creativi e titoli<\/p>\n<p>Modelli a tema e montaggi video<\/p>\n<p>Musica ed effetti sonori royalty-free<\/p>","protected":false},"excerpt":{"rendered":"<table style='border-collapse: collapse; width: 100%;'>\n<tr>\n<th>Propriet\u00e0<\/th>\n<th>Valore<\/th>\n<\/tr>\n<tr>\n<td>Piattaforma<\/td>\n<td>Finestre<\/td>\n<\/tr>\n<tr>\n<td>Processore<\/td>\n<td>Intel Core i3 o AMD A4 3,0 GHz o superiore Intel Core i5 o i7 1,06 GHz o superiore richiesti per il supporto video AVCHD e Intel Quick Sync Intel Core i7 di quarta generazione o successivo o AMD Athlon A10 o superiore per multi-camera<\/td>\n<\/tr>\n<tr>\n<td>Disco rigido<\/td>\n<td>10 GB di spazio su HDD per l&#039;installazione completa<\/td>\n<\/tr>\n<tr>\n<td>Memoria RAM<\/td>\n<td>4 GB o superiore, 8+ GB altamente consigliati per multi-camera<\/td>\n<\/tr>\n<tr>\n<td>Display<\/td>\n<td>Risoluzione minima: 1024 x 768, minimo 256 MB di VRAM VGA, 512 MB o superiore consigliati per l&#039;accelerazione della decodifica hardware Dispositivo grafico DirectX consigliato: NVIDIA GeForce serie 700 \/ Quadro 600 (basato su Fermi) o pi\u00f9 recente (abilitato per CUDA richiesto per il supporto CUDA) ATI Radeon HD serie 5XXX o superiore Intel HD Graphics di Ivy Bridge o superiore 3D Titler richiede DirectX 11<\/td>\n<\/tr>\n<\/table>","protected":false},"featured_media":2882,"template":"","meta":{"inline_featured_image":false},"product_brand":[],"product_cat":[110],"product_tag":[],"class_list":{"0":"post-2604","1":"product","2":"type-product","3":"status-publish","4":"has-post-thumbnail","6":"product_cat-video-editing-tools","8":"first","9":"instock","10":"sale","11":"virtual","12":"taxable","13":"purchasable","14":"product-type-simple"},"_links":{"self":[{"href":"https:\/\/elitesoftkeys.com\/it\/wp-json\/wp\/v2\/product\/2604","targetHints":{"allow":["GET"]}}],"collection":[{"href":"https:\/\/elitesoftkeys.com\/it\/wp-json\/wp\/v2\/product"}],"about":[{"href":"https:\/\/elitesoftkeys.com\/it\/wp-json\/wp\/v2\/types\/product"}],"version-history":[{"count":0,"href":"https:\/\/elitesoftkeys.com\/it\/wp-json\/wp\/v2\/product\/2604\/revisions"}],"wp:featuredmedia":[{"embeddable":true,"href":"https:\/\/elitesoftkeys.com\/it\/wp-json\/wp\/v2\/media\/2882"}],"wp:attachment":[{"href":"https:\/\/elitesoftkeys.com\/it\/wp-json\/wp\/v2\/media?parent=2604"}],"wp:term":[{"taxonomy":"product_brand","embeddable":true,"href":"https:\/\/elitesoftkeys.com\/it\/wp-json\/wp\/v2\/product_brand?post=2604"},{"taxonomy":"product_cat","embeddable":true,"href":"https:\/\/elitesoftkeys.com\/it\/wp-json\/wp\/v2\/product_cat?post=2604"},{"taxonomy":"product_tag","embeddable":true,"href":"https:\/\/elitesoftkeys.com\/it\/wp-json\/wp\/v2\/product_tag?post=2604"}],"curies":[{"name":"parola chiave","href":"https:\/\/api.w.org\/{rel}","templated":true}]}}