{"id":2602,"date":"2024-12-21T13:56:53","date_gmt":"2024-12-21T13:56:53","guid":{"rendered":"http:\/\/elitesoftkeys.com\/?product=corel-painter-2022-educational"},"modified":"2025-07-06T14:07:03","modified_gmt":"2025-07-06T14:07:03","slug":"corel-painter-2022-educational","status":"publish","type":"product","link":"https:\/\/elitesoftkeys.com\/it\/prodotto\/corel-painter-2022-educational\/","title":{"rendered":"Corel Painter 2022 Educativo"},"content":{"rendered":"<p>Questa licenza \u00e8 per l&#039;Edizione Educational di Corel Painter 2022. La differenza principale tra l&#039;Edizione Commerciale e quella Education \u00e8 la limitazione all&#039;uso per scopi non commerciali. Questa versione \u00e8 anche leggermente meno ricca di funzionalit\u00e0 rispetto all&#039;Edizione Commerciale (meno contenuti, alcune funzionalit\u00e0 professionali) ed \u00e8 stata progettata per essere un&#039;ottima soluzione per gli utenti domestici per scopi non commerciali.<\/p>\n<p>Crea risultati di livello superiore con un software di arte digitale professionale e affidabile. Disegna, dipingi, illustra e realizza foto artistiche senza pari con centinaia di pennelli impeccabilmente realistici creati da artisti, una miscelazione superiore, texture spettacolari e una serie di strumenti artistici versatili. Grazie al potente Brush Accelerator\u2122 integrato, puoi sfruttare al meglio CPU e GPU e ottimizzare le prestazioni di Painter con un solo clic. Crea i tuoi pennelli e altri contenuti, personalizza l&#039;interfaccia utente e trova ispirazione condividendo i tuoi contenuti con altri artisti. Inoltre, amplia le tue conoscenze pittoriche con una libreria di risorse didattiche gratuite e webinar live.<\/p>\n<p>Natural-MediaTM che riproduce fedelmente la realt\u00e0. Immergiti in un&#039;ampia selezione di pennelli professionali Natural-MediaTM, tra cui pennelli spessi, umidi, asciutti e sfumati, che riproducono fedelmente l&#039;aspetto e la consistenza dei pennelli reali.<\/p>\n<p>Pennelli artistici digitali esclusivi. Crea opere d&#039;arte indimenticabili con i materiali esclusivi di Painter: particelle che si muovono, scorrono e brillano, penne con motivi che lasciano un segno indimenticabile e creano una texture spessa.<\/p>\n<p>Strumenti intelligenti per la pittura fotografica. Clona le tue immagini immergendo il pennello direttamente nella foto oppure usa l&#039;intelligenza artificiale e la palette Auto-Painting per trasformare rapidamente le immagini per te.<\/p>\n<p>Composizione incomparabile. Dipingi con perfetta simmetria e prospettiva utilizzando strumenti di composizione integrati come la pittura speculare, il caleidoscopio, la proporzione divina, la regola dei terzi e le guide prospettiche.<\/p>\n<p>Area di lavoro intuitiva. Crea pennelli, palette e layout dell&#039;area di lavoro personalizzati, oppure importa contenuti personalizzati da altri, velocizzando esponenzialmente il tuo flusso di lavoro artistico.<\/p>\n<p>Ampia compatibilit\u00e0. Apri e salva in formato .PSD e importa risorse Adobe Brush. Divertiti a usare il multi-touch o una tavoletta grafica con controllo di inclinazione, rotazione, direzione e pressione dello stilo, oltre a dipingere su un sistema Windows o Mac, e a duplicare su iPad e dipingere con Apple Pencil.<\/p>\n<p>NUOVA personalizzazione del pennello tipo Timbro. Questi popolari pennelli sono stati rivisitati per offrire una maggiore versatilit\u00e0. Modifica forma, effetti bordo, rotazione, compressione e anti-aliasing, inoltre, crea il tuo pennello personalizzato, importa ed esporta tutto dal pannello Dab catturato!<\/p>\n<p>NUOVI pennelli e flusso di lavoro per acquerelli. Migliora le tue creazioni artistiche con nuovi pennelli compatibili con gli acquerelli e opzioni di flusso di lavoro migliorate. Dipingi facilmente con tecniche asciutte su livelli di acquerelli, ottenendo nuovi look creativi con tecniche miste.<\/p>\n<p>NUOVA esperienza con la Libreria Pennelli. Sfrutta i vantaggi di una libreria pennelli migliorata. Scopri nuove categorie, varianti, anteprime e pennelli migliorati. Inoltre, ora puoi facilmente trovare, filtrare e aggiungere i tuoi pennelli preferiti per un facile accesso direttamente dal Selettore Pennelli.<\/p>\n<p>NUOVO Selettore delle dimensioni del pennello. Scegliere le dimensioni del pennello non \u00e8 mai stato cos\u00ec intuitivo e veloce. Basta aprire la Libreria delle dimensioni e il gioco \u00e8 fatto. Aggiungi, riordina, elimina e regola l&#039;anteprima delle dimensioni per adattarle al tuo flusso di lavoro.<\/p>\n<p>NUOVI miglioramenti richiesti dagli utenti. Dopo aver esaminato il vostro prezioso feedback, abbiamo apportato numerosi miglioramenti alla produttivit\u00e0 dei livelli e altri miglioramenti per accelerare il flusso di lavoro.<\/p>\n<p>NUOVA versione pi\u00f9 veloce di sempre! Esegui Brush Accelerator e goditi enormi guadagni di velocit\u00e0 con i nuovi e migliorati pennelli con metodo di copertura, con un potenziamento della GPU fino a 50 volte e un&#039;accelerazione fino a 18 volte superiore quando si utilizzano processori Intel multi-core con AVX2. Anche diversi altri motori di pennello sono fino a 2 volte pi\u00f9 veloci.<\/p>","protected":false},"excerpt":{"rendered":"<table style='border-collapse: collapse; width: 100%;'>\n<tr>\n<th>Propriet\u00e0<\/th>\n<th>Valore<\/th>\n<\/tr>\n<tr>\n<td>Piattaforma<\/td>\n<td>Windows \/ macOS<\/td>\n<\/tr>\n<tr>\n<td>Grafica<\/td>\n<td>Windows: GPU moderna con compatibilit\u00e0 OpenCL (1.2 o superiore) (consigliata) \u2013 Mac: GPU moderna con compatibilit\u00e0 OpenCL (1.2 o superiore) (consigliata)<\/td>\n<\/tr>\n<tr>\n<td>Processore<\/td>\n<td>Windows: processore multicore Intel o AMD a 64 bit con SSSE3 (o superiore) 4 core fisici\/8 core logici o superiore (consigliato) Supporto del set di istruzioni AVX2 (consigliato) \u2013 Mac: processore Intel multicore con SSSE3 (o superiore) o Apple M1 con Rosetta 2 4 core fisici\/8 core logici o superiore (consigliato)<\/td>\n<\/tr>\n<tr>\n<td>Disco rigido<\/td>\n<td>Windows: 3 GB di spazio su disco rigido per i file dell&#039;applicazione* Unit\u00e0 a stato solido (consigliata) \u2013 Mac: 1,5 GB di spazio su disco rigido per i file dell&#039;applicazione Unit\u00e0 a stato solido (consigliata) I file system sensibili alle maiuscole e alle minuscole non sono supportati<\/td>\n<\/tr>\n<tr>\n<td>Memoria RAM<\/td>\n<td>Windows: 8 GB di RAM 16 GB di RAM o superiore (consigliato) \u2013 Mac: 8 GB di RAM 16 GB di RAM o superiore (consigliato)<\/td>\n<\/tr>\n<tr>\n<td>Sistema operativo<\/td>\n<td>Windows: Windows 11 o Windows 10 (64 bit), con gli ultimi aggiornamenti \u2013 Mac: macOS Big Sur 11.0 o macOS 10.15, con l&#039;ultima revisione<\/td>\n<\/tr>\n<\/table>","protected":false},"featured_media":2987,"template":"","meta":{"inline_featured_image":false},"product_brand":[],"product_cat":[116],"product_tag":[],"class_list":{"0":"post-2602","1":"product","2":"type-product","3":"status-publish","4":"has-post-thumbnail","6":"product_cat-photo-editing-software","8":"first","9":"instock","10":"sale","11":"virtual","12":"taxable","13":"purchasable","14":"product-type-simple"},"_links":{"self":[{"href":"https:\/\/elitesoftkeys.com\/it\/wp-json\/wp\/v2\/product\/2602","targetHints":{"allow":["GET"]}}],"collection":[{"href":"https:\/\/elitesoftkeys.com\/it\/wp-json\/wp\/v2\/product"}],"about":[{"href":"https:\/\/elitesoftkeys.com\/it\/wp-json\/wp\/v2\/types\/product"}],"version-history":[{"count":0,"href":"https:\/\/elitesoftkeys.com\/it\/wp-json\/wp\/v2\/product\/2602\/revisions"}],"wp:featuredmedia":[{"embeddable":true,"href":"https:\/\/elitesoftkeys.com\/it\/wp-json\/wp\/v2\/media\/2987"}],"wp:attachment":[{"href":"https:\/\/elitesoftkeys.com\/it\/wp-json\/wp\/v2\/media?parent=2602"}],"wp:term":[{"taxonomy":"product_brand","embeddable":true,"href":"https:\/\/elitesoftkeys.com\/it\/wp-json\/wp\/v2\/product_brand?post=2602"},{"taxonomy":"product_cat","embeddable":true,"href":"https:\/\/elitesoftkeys.com\/it\/wp-json\/wp\/v2\/product_cat?post=2602"},{"taxonomy":"product_tag","embeddable":true,"href":"https:\/\/elitesoftkeys.com\/it\/wp-json\/wp\/v2\/product_tag?post=2602"}],"curies":[{"name":"parola chiave","href":"https:\/\/api.w.org\/{rel}","templated":true}]}}