{"id":2596,"date":"2024-12-21T13:56:45","date_gmt":"2024-12-21T13:56:45","guid":{"rendered":"http:\/\/elitesoftkeys.com\/?product=corel-painter-2023-educational"},"modified":"2025-07-06T14:07:03","modified_gmt":"2025-07-06T14:07:03","slug":"corel-painter-2023-educational","status":"publish","type":"product","link":"https:\/\/elitesoftkeys.com\/it\/prodotto\/corel-painter-2023-educational\/","title":{"rendered":"Corel Painter 2023 Educativo"},"content":{"rendered":"<p>Questa licenza \u00e8 per l&#039;Edizione Educational di Corel Painter 2023. La differenza principale tra l&#039;Edizione Commerciale e quella Education \u00e8 la limitazione all&#039;uso per scopi non commerciali. Questa versione \u00e8 inoltre leggermente meno ricca di funzionalit\u00e0 rispetto all&#039;Edizione Commerciale (meno contenuti, alcune funzionalit\u00e0 professionali) ed \u00e8 stata progettata per essere un&#039;ottima soluzione per gli utenti domestici per scopi non commerciali.<\/p>\n<p>Corel Painter 2023 \u00e8 un software professionale per l&#039;arte digitale. Entra in un mondo di infinite possibilit\u00e0 con Painter e crea il tuo capolavoro con il nostro affidabile software di pittura. Disegna, dipingi e illustra opere d&#039;arte senza pari utilizzando centinaia di pennelli realistici creati da artisti, una miscelazione superiore, texture impressionanti e una serie di strumenti artistici versatili. Grazie al potente acceleratore di pennelli integrato, puoi sfruttare al meglio CPU e GPU e ottimizzare le prestazioni di Painter con un solo clic. Crea i tuoi pennelli e altri contenuti, personalizza l&#039;interfaccia utente e trova ispirazione condividendo i tuoi contenuti con altri artisti. Inoltre, amplia le tue conoscenze sulla pittura con una libreria di risorse didattiche gratuite. Cogli l&#039;opportunit\u00e0 di esplorare il tuo vero lato creativo.<\/p>\n<p>Natural-MediaTM che riproduce fedelmente la realt\u00e0. Immergiti in un&#039;ampia selezione di pennelli professionali Natural-Media, tra cui pennelli spessi, umidi, asciutti e per sfumatura, che riproducono fedelmente l&#039;aspetto e la consistenza dei pennelli reali.<\/p>\n<p>Pennelli artistici digitali esclusivi. Crea opere d&#039;arte indimenticabili con i materiali esclusivi di Painter: particelle che si muovono, scorrono e brillano, penne con motivi che lasciano un segno indimenticabile e texture spesse che estrudono.<\/p>\n<p>Strumenti intelligenti per la pittura fotografica. Clona le tue immagini immergendo il pennello direttamente nella foto oppure usa l&#039;intelligenza artificiale e la palette Auto-Painting per trasformare rapidamente le immagini per te.<\/p>\n<p>Composizione incomparabile. Dipingi con perfetta simmetria e prospettiva utilizzando strumenti di composizione integrati come la pittura speculare, il caleidoscopio, la proporzione divina, la regola dei terzi e le guide prospettiche.<\/p>\n<p>Area di lavoro intuitiva. Crea pennelli, palette e layout dell&#039;area di lavoro personalizzati, oppure importa contenuti personalizzati da altri, velocizzando esponenzialmente il tuo flusso di lavoro artistico.<\/p>\n<p>Ampia compatibilit\u00e0. Apri e salva in formato .PSD e importa risorse Adobe Brush. Divertiti a usare il multi-touch o una tavoletta grafica con controllo di inclinazione, rotazione, direzione e pressione dello stilo, oltre a dipingere su un sistema Windows o Mac, e a duplicare su iPad e dipingere con Apple Pencil.<\/p>\n<p>NUOVO Crea pennellate pi\u00f9 fluide con Fluid Paint. Crea delicatamente la vernice, sfuma, scolpisci, vela, aggiungi texture e riflessi di luce facilmente con i nuovi pennelli Fluid. Progettati per sfruttare la trasparenza dei livelli, questi pennelli versatili offrono un controllo dell&#039;opacit\u00e0 e una fluidit\u00e0 senza pari nelle pennellate.<\/p>\n<p>NOVIT\u00c0 Visualizza meglio con l&#039;opzione di sovrapposizione. Utilizza la nuova opzione di sovrapposizione colore negli strumenti di selezione per una migliore visibilit\u00e0 delle aree selezionate. Particolarmente utile per selezioni con forme complesse e trasparenza, la sovrapposizione aiuta ad accelerare la creazione, la modifica e il perfezionamento della selezione.<\/p>\n<p>NOVIT\u00c0 Seleziona aree in base al colore con i pennelli. Combina la potenza di una Bacchetta Magica e la versatilit\u00e0 di un Pennello di Selezione per selezionare rapidamente porzioni di un&#039;immagine in base al colore. Abilita la Selezione Colore per qualsiasi Pennello di Selezione e seleziona aree specifiche sulla tela in base a un colore. Quindi modifica facilmente colori, illuminazione e texture nelle aree selezionate.<\/p>\n<p>NUOVI miglioramenti richiesti dagli utenti. Gli utenti trarranno vantaggio da un posizionamento pi\u00f9 semplice delle immagini e dall&#039;allineamento al centro, da una maggiore reattivit\u00e0 nell&#039;utilizzo dei tasti parentesi quadre per ridimensionare i pennelli, dagli strumenti Bacchetta magica, Secchiello e Contagocce, dalla memorizzazione delle ultime impostazioni utilizzate e da precisi strumenti di riempimento sfumato per un&#039;esperienza di pittura indimenticabile.<\/p>\n<p>NUOVA esperienza di pittura ottimizzata! L&#039;acceleratore di pennelli di Painter continua a migliorare le prestazioni! I motori di pennello pi\u00f9 popolari sono ora ottimizzati per sfruttare al meglio il tuo computer. Lavora alla velocit\u00e0 della luce con il nuovissimo Fluid Paint di Painter, che funziona fino a 50 volte pi\u00f9 velocemente sfruttando sia la CPU che la GPU!<\/p>","protected":false},"excerpt":{"rendered":"<table style='border-collapse: collapse; width: 100%;'>\n<tr>\n<th>Propriet\u00e0<\/th>\n<th>Valore<\/th>\n<\/tr>\n<tr>\n<td>Piattaforma<\/td>\n<td>Windows \/ macOS<\/td>\n<\/tr>\n<tr>\n<td>Grafica<\/td>\n<td>Windows: GPU moderna con compatibilit\u00e0 OpenCL (1.2 o superiore) (consigliata) \u2013 Mac: GPU moderna con compatibilit\u00e0 OpenCL (1.2 o superiore) (consigliata)<\/td>\n<\/tr>\n<tr>\n<td>Processore<\/td>\n<td>Windows: processore multicore Intel o AMD a 64 bit con SSSE3 (o superiore) 4 core fisici\/8 core logici o superiore (consigliato) Supporto del set di istruzioni AVX2 (consigliato) \u2013 Mac: processore Intel multicore con SSSE3 (o superiore) o Apple M1 (o superiore) 4 core fisici\/8 core logici o superiore (consigliato) Supporto del set di istruzioni AVX2 o NEON (consigliato)<\/td>\n<\/tr>\n<tr>\n<td>Disco rigido<\/td>\n<td>Windows: 3,6 GB di spazio su disco rigido per i file dell&#039;applicazione* Unit\u00e0 a stato solido (consigliata) \u2013 Mac: 2 GB di spazio su disco rigido per i file dell&#039;applicazione Unit\u00e0 a stato solido (consigliata) I file system sensibili alle maiuscole e alle minuscole non sono supportati<\/td>\n<\/tr>\n<tr>\n<td>Memoria RAM<\/td>\n<td>Windows: 8 GB di RAM 16 GB di RAM o superiore (consigliato) \u2013 Mac: 8 GB di RAM 16 GB di RAM o superiore (consigliato)<\/td>\n<\/tr>\n<tr>\n<td>Sistema operativo<\/td>\n<td>Windows: Windows 11 o Windows 10 (64 bit), con gli ultimi aggiornamenti \u2013 Mac: macOS 13 Ventura, macOS 12 Monterey o macOS Big Sur 11.0 con gli ultimi aggiornamenti<\/td>\n<\/tr>\n<\/table>","protected":false},"featured_media":2982,"template":"","meta":{"inline_featured_image":false},"product_brand":[],"product_cat":[116],"product_tag":[],"class_list":{"0":"post-2596","1":"product","2":"type-product","3":"status-publish","4":"has-post-thumbnail","6":"product_cat-photo-editing-software","8":"first","9":"instock","10":"sale","11":"virtual","12":"taxable","13":"purchasable","14":"product-type-simple"},"_links":{"self":[{"href":"https:\/\/elitesoftkeys.com\/it\/wp-json\/wp\/v2\/product\/2596","targetHints":{"allow":["GET"]}}],"collection":[{"href":"https:\/\/elitesoftkeys.com\/it\/wp-json\/wp\/v2\/product"}],"about":[{"href":"https:\/\/elitesoftkeys.com\/it\/wp-json\/wp\/v2\/types\/product"}],"version-history":[{"count":0,"href":"https:\/\/elitesoftkeys.com\/it\/wp-json\/wp\/v2\/product\/2596\/revisions"}],"wp:featuredmedia":[{"embeddable":true,"href":"https:\/\/elitesoftkeys.com\/it\/wp-json\/wp\/v2\/media\/2982"}],"wp:attachment":[{"href":"https:\/\/elitesoftkeys.com\/it\/wp-json\/wp\/v2\/media?parent=2596"}],"wp:term":[{"taxonomy":"product_brand","embeddable":true,"href":"https:\/\/elitesoftkeys.com\/it\/wp-json\/wp\/v2\/product_brand?post=2596"},{"taxonomy":"product_cat","embeddable":true,"href":"https:\/\/elitesoftkeys.com\/it\/wp-json\/wp\/v2\/product_cat?post=2596"},{"taxonomy":"product_tag","embeddable":true,"href":"https:\/\/elitesoftkeys.com\/it\/wp-json\/wp\/v2\/product_tag?post=2596"}],"curies":[{"name":"parola chiave","href":"https:\/\/api.w.org\/{rel}","templated":true}]}}