{"id":2592,"date":"2024-12-21T13:56:41","date_gmt":"2024-12-21T13:56:41","guid":{"rendered":"http:\/\/elitesoftkeys.com\/?product=corel-paintshop-pro-2022-ultimate"},"modified":"2025-07-06T14:07:03","modified_gmt":"2025-07-06T14:07:03","slug":"corel-paintshop-pro-2022-ultimate","status":"publish","type":"product","link":"https:\/\/elitesoftkeys.com\/it\/prodotto\/corel-paintshop-pro-2022-ultimate\/","title":{"rendered":"Corel PaintShop Pro 2022 Ultimate"},"content":{"rendered":"<p>Corel PaintShop Pro 2022 Ultimate \u00e8 progettato per garantire prestazioni, facilit\u00e0 d&#039;uso e creativit\u00e0. Funzionalit\u00e0 e strumenti altamente efficaci, basati sull&#039;intelligenza artificiale (IA), rendono possibile creare progetti davvero originali.<\/p>\n<p>Quali sono le novit\u00e0 di PaintShop Pro 2022 Ultimate?<\/p>\n<p>NOVIT\u00c0! Strumento Cornice. Il nuovissimo Strumento Cornice rende il posizionamento di oggetti raster in forme rapide, facili e intuitive. Disegna cornici da utilizzare come pratici segnaposto o sopra un oggetto, un&#039;immagine o un testo selezionato per un risultato impeccabile.<\/p>\n<p>Novit\u00e0! Sostituzione Sfondo AI. La Sostituzione Sfondo AI offre un nuovo modo divertente per sostituire lo sfondo nei ritratti di persone. Basta scegliere una foto in stile ritratto e lasciare che l&#039;IA selezioni lo sfondo. Puoi quindi perfezionare o personalizzare la selezione per ottenere l&#039;effetto desiderato e sostituire uno degli sfondi preimpostati o utilizzare una o le tue immagini come sfondo, dalla tua scena di spiaggia preferita, ai paesaggi urbani, ai paesaggi, agli sfondi di ritratti in studio e altro ancora.<\/p>\n<p>Novit\u00e0! Modalit\u00e0 Ritratto AI. Elimina le distrazioni e metti a fuoco le persone nelle tue foto. La modalit\u00e0 Ritratto AI offre un modo semplice per applicare un effetto profondit\u00e0 di campo dall&#039;aspetto professionale alle foto in stile ritratto. L&#039;intelligenza artificiale identifica automaticamente il soggetto della foto, lasciando il buffer perfetto per le impostazioni di sfocatura, bokeh e messa a fuoco che scegli.<\/p>\n<p>Migliorato! Effetti istantanei - basati sull&#039;intelligenza artificiale. Gli Effetti istantanei offrono ancora pi\u00f9 modi per migliorare le tue foto con i controlli Color Match e Smooth Image per effetti basati sull&#039;intelligenza artificiale. Smooth Image ti consente di controllare il livello di dettaglio quando applichi un effetto basato sull&#039;intelligenza artificiale, preservando i bordi nitidi e sfumando le aree di colore simile. Color Match ti consente di controllare il bilanciamento tra il colore dello stile e i colori dell&#039;immagine originale.<\/p>\n<p>Migliorato! Usabilit\u00e0. La scheda Benvenuto \u00e8 stata migliorata pensando a te, offrendo una nuova e utile scheda Area di lavoro con tutorial integrati e contenuti didattici per aiutarti a padroneggiare il prodotto con facilit\u00e0. Un design migliorato e nuove anteprime in miniatura per i file recenti promuovono una navigazione intuitiva e un&#039;esperienza fluida.<\/p>\n<p>NOVIT\u00c0! Supporto per file HEIC\/HEIF. Approfitta del nuovo supporto per i formati HEIC e HEIF. Carica le tue immagini acquisite con un Apple iPhone o iPad senza convertire il formato del file.<\/p>\n<p>Novit\u00e0! Contenuti creativi. Al centro di PaintShop Pro c&#039;\u00e8 la creativit\u00e0. Ecco perch\u00e9 abbiamo aggiunto nuovi pennelli, tavolozze colori, sfumature, motivi e ornamenti. Scarica i nuovi motivi dalla scheda Benvenuti e scopri il resto dei nuovi contenuti gi\u00e0 integrati in PaintShop Pro.<\/p>\n<p>PaintShop Pro 2022 Ultimate include la seguente raccolta bonus:<\/p>\n<p>Area di lavoro Sea-to-Sky: scopri un&#039;area di lavoro di fotoritocco completamente nuova, progettata per portare la tua fotografia subacquea e con i droni a nuovi livelli.<\/p>\n<p>PhotoMirage Express: trasforma senza sforzo qualsiasi immagine in un&#039;animazione ipnotica in pochi minuti con PhotoMirage Express.<\/p>\n<p>Painter Essentials 8: questo programma di pittura facile da imparare trasformer\u00e0 le tue foto in splendide opere d&#039;arte a olio, pastello o impressioniste. Oppure impara a dipingere, disegnare e schizzare da zero in un ambiente accogliente, utilizzando matite, penne e particelle.<\/p>\n<p>Corel AfterShot 3: impara rapidamente l&#039;editing fotografico RAW di livello professionale e prendi il controllo di raccolte di foto molto grandi con Corel AfterShot 3. Applica correzioni e miglioramenti in tutta semplicit\u00e0 e risparmia tempo con gli strumenti di elaborazione in batch che ti consentono di applicare regolazioni a una o migliaia di foto contemporaneamente.<\/p>\n<p>Corel Creative Collection: amplia le tue capacit\u00e0 creative con decine di pennelli, texture e oltre 100 sfondi royalty-free. Arricchisci i tuoi progetti fotografici con design giocosi, fiori, tramonti e altro ancora, insieme a una serie di pennellate vivaci.<\/p>\n<p>Highlight Reel: creare video rapidi che mostrino i momenti salienti della tua ultima avventura \u00e8 diventato molto pi\u00f9 semplice con il nuovo creatore di filmati intelligente: Highlight Reel. Basta importare le tue foto\/video e Highlight Reel analizzer\u00e0 ed estrarr\u00e0 le parti migliori e le combiner\u00e0 per te, seguendo il ritmo della musica. Creare video per condividere i tuoi momenti quotidiani \u00e8 diventato ancora pi\u00f9 semplice.<\/p>\n<p>MultiCam Capture Lite: coinvolgi i tuoi spettatori, amplia il tuo pubblico e acquisisci video con MultiCam Capture Lite. Crea facilmente video tutorial, video di gioco, registra demo di prodotti e altro ancora, con un unico software di registrazione facile da usare.<\/p>\n<p>Confronto dei prodotti Corel Paintshop<\/p>\n<p>Ultimate 2023<\/p>\n<p>Professionista<\/p>\n<p>2023<\/p>\n<p>Ultimate 2022<\/p>\n<p>Professionista<\/p>\n<p>2022<\/p>\n<p>Applicazioni<\/p>\n<p>MIGLIORATO! Corel MultiCam Capture Lite 2: crea video coinvolgenti e registra simultaneamente lo schermo e la webcam.<\/p>\n<p>\u2713<\/p>\n<p>\u2715<\/p>\n<p>\u2715<\/p>\n<p>\u2715<\/p>\n<p>Momenti salienti: crea video rapidi e mostra i momenti salienti della tua ultima avventura con un nuovo creatore di filmati intelligente.<\/p>\n<p>\u2713<\/p>\n<p>\u2715<\/p>\n<p>\u2713<\/p>\n<p>\u2715<\/p>\n<p>Sea-to-Sky Workspace: un&#039;area di lavoro completamente nuova, touch-ready, con un set di strumenti personalizzato per migliorare la fotografia subacquea e con droni.<\/p>\n<p>\u2713<\/p>\n<p>\u2715<\/p>\n<p>\u2713<\/p>\n<p>\u2715<\/p>\n<p>PhotoMirage Express: trasforma senza sforzo qualsiasi immagine in un&#039;animazione ipnotica in pochi minuti.<\/p>\n<p>\u2713<\/p>\n<p>\u2715<\/p>\n<p>\u2713<\/p>\n<p>\u2715<\/p>\n<p>MIGLIORATO! Corel Painter Essentials 8: impara a dipingere, disegnare e fare schizzi partendo da zero con questo programma di pittura facile da usare. Goditi il nuovo pacchetto di pennelli extra.<\/p>\n<p>\u2713<\/p>\n<p>\u2715<\/p>\n<p>\u2713<\/p>\n<p>\u2715<\/p>\n<p>NOVIT\u00c0! 50 font moderni gratuiti<\/p>\n<p>\u2713<\/p>\n<p>\u2715<\/p>\n<p>\u2715<\/p>\n<p>\u2715<\/p>\n<p>Corel Creative Collection: include decine di pennelli, texture e sfondi royalty-free.<\/p>\n<p>\u2713<\/p>\n<p>\u2715<\/p>\n<p>\u2713<\/p>\n<p>\u2715<\/p>\n<p>Caratteristiche<\/p>\n<p>NOVIT\u00c0! Focus Stacking: scopri il Focus Stacking come metodo rapido per ottenere immagini perfettamente nitide attraverso tre semplici passaggi della procedura guidata e rendere qualsiasi area dell&#039;immagine nitida e chiara.<\/p>\n<p>\u2713<\/p>\n<p>\u2713<\/p>\n<p>\u2713<\/p>\n<p>\u2713<\/p>\n<p>MIGLIORATO! Strumento Cornice: crea forme (maschere) basate su forme simmetriche e predefinite o persino oggetti di testo vettoriali, oppure converti oggetti vettoriali e testo gi\u00e0 esistenti in forme, il tutto con uno strumento Cornice migliorato.<\/p>\n<p>\u2713<\/p>\n<p>\u2713<\/p>\n<p>\u2715<\/p>\n<p>\u2715<\/p>\n<p>NOVIT\u00c0! AfterShot Lab: goditi un editing potente e completo dei file RAW con una vasta gamma di strumenti di livello professionale nel nuovo AfterShot Lab, ora disponibile in PaintShop Pro.<\/p>\n<p>\u2713<\/p>\n<p>\u2713<\/p>\n<p>\u2715<\/p>\n<p>\u2715<\/p>\n<p>NOVIT\u00c0! Anteprima della modalit\u00e0 di fusione in tempo reale: sfrutta la nuova anteprima della modalit\u00e0 di fusione in tempo reale per controllare i risultati della fusione dei livelli in movimento, passando il mouse sulle opzioni dell&#039;elenco a discesa nella palette Livelli.<\/p>\n<p>\u2713<\/p>\n<p>\u2713<\/p>\n<p>\u2715<\/p>\n<p>\u2715<\/p>\n<p>NOVIT\u00c0! Aggancia agli oggetti: allinea gli oggetti con precisione nei tuoi progetti in un attimo con la nuova funzionalit\u00e0 Aggancia agli oggetti.<\/p>\n<p>\u2713<\/p>\n<p>\u2713<\/p>\n<p>\u2715<\/p>\n<p>\u2715<\/p>\n<p>MIGLIORATO! Novit\u00e0 Da modello: le funzioni di filtraggio e ordinamento aiutano a trovare rapidamente il modello specifico.<\/p>\n<p>\u2713<\/p>\n<p>\u2713<\/p>\n<p>\u2715<\/p>\n<p>\u2715<\/p>\n<p>NOVIT\u00c0! Pennelli, tavolozze di colori, sfumature, motivi e tubetti<\/p>\n<p>\u2713<\/p>\n<p>\u2713<\/p>\n<p>\u2713<\/p>\n<p>\u2713<\/p>\n<p>Tutte le altre caratteristiche sono le stesse in tutte le versioni.<\/p>\n<p>\u2713<\/p>\n<p>\u2713<\/p>\n<p>\u2713<\/p>\n<p>\u2713<\/p>","protected":false},"excerpt":{"rendered":"<table style='border-collapse: collapse; width: 100%;'>\n<tr>\n<th>Propriet\u00e0<\/th>\n<th>Valore<\/th>\n<\/tr>\n<tr>\n<td>Grafica<\/td>\n<td>Scheda video compatibile con DirectX 11 o superiore con il driver pi\u00f9 recente (si consiglia una scheda VGA discreta compatibile con DirectX 12 per l&#039;accelerazione GPU)<\/td>\n<\/tr>\n<tr>\n<td>Processore<\/td>\n<td>Intel Celeron serie G o AMD Phenom II e superiori (si consigliano Intel i5 o AMD Ryzen serie e superiori per il supporto delle funzionalit\u00e0 di intelligenza artificiale)<\/td>\n<\/tr>\n<tr>\n<td>Disco rigido<\/td>\n<td>Sono richiesti 3 GB di spazio disponibile sul disco rigido (consigliati 4 GB)<\/td>\n<\/tr>\n<tr>\n<td>Memoria RAM<\/td>\n<td>4 GB di RAM (8 GB consigliati per il supporto delle funzionalit\u00e0 di intelligenza artificiale)<\/td>\n<\/tr>\n<tr>\n<td>Display<\/td>\n<td>Risoluzione dello schermo 1366 x 768 (risoluzione dello schermo 1920 x 1080 a 100 DPI consigliata). Supportati fino a 250 DPI con risoluzione dello schermo appropriata<\/td>\n<\/tr>\n<tr>\n<td>Sistema operativo<\/td>\n<td>Windows 11, Windows 10 (versione consigliata 1903 o successiva con l&#039;ultimo service pack (edizioni a 64 bit) Per la virtualizzazione: Microsoft Windows Server 2012 R2, Windows Server 2016, Windows Server 2019<\/td>\n<\/tr>\n<\/table>","protected":false},"featured_media":2978,"template":"","meta":{"inline_featured_image":false},"product_brand":[],"product_cat":[116],"product_tag":[],"class_list":{"0":"post-2592","1":"product","2":"type-product","3":"status-publish","4":"has-post-thumbnail","6":"product_cat-photo-editing-software","8":"first","9":"instock","10":"sale","11":"virtual","12":"taxable","13":"purchasable","14":"product-type-simple"},"_links":{"self":[{"href":"https:\/\/elitesoftkeys.com\/it\/wp-json\/wp\/v2\/product\/2592","targetHints":{"allow":["GET"]}}],"collection":[{"href":"https:\/\/elitesoftkeys.com\/it\/wp-json\/wp\/v2\/product"}],"about":[{"href":"https:\/\/elitesoftkeys.com\/it\/wp-json\/wp\/v2\/types\/product"}],"version-history":[{"count":0,"href":"https:\/\/elitesoftkeys.com\/it\/wp-json\/wp\/v2\/product\/2592\/revisions"}],"wp:featuredmedia":[{"embeddable":true,"href":"https:\/\/elitesoftkeys.com\/it\/wp-json\/wp\/v2\/media\/2978"}],"wp:attachment":[{"href":"https:\/\/elitesoftkeys.com\/it\/wp-json\/wp\/v2\/media?parent=2592"}],"wp:term":[{"taxonomy":"product_brand","embeddable":true,"href":"https:\/\/elitesoftkeys.com\/it\/wp-json\/wp\/v2\/product_brand?post=2592"},{"taxonomy":"product_cat","embeddable":true,"href":"https:\/\/elitesoftkeys.com\/it\/wp-json\/wp\/v2\/product_cat?post=2592"},{"taxonomy":"product_tag","embeddable":true,"href":"https:\/\/elitesoftkeys.com\/it\/wp-json\/wp\/v2\/product_tag?post=2592"}],"curies":[{"name":"parola chiave","href":"https:\/\/api.w.org\/{rel}","templated":true}]}}