{"id":2590,"date":"2024-12-21T13:56:38","date_gmt":"2024-12-21T13:56:38","guid":{"rendered":"http:\/\/elitesoftkeys.com\/?product=corel-paintshop-pro-2023-standard"},"modified":"2025-07-06T14:07:02","modified_gmt":"2025-07-06T14:07:02","slug":"corel-paintshop-pro-2023-standard","status":"publish","type":"product","link":"https:\/\/elitesoftkeys.com\/it\/prodotto\/corel-paintshop-pro-2023-standard\/","title":{"rendered":"Corel PaintShop Pro 2023 Standard"},"content":{"rendered":"<p>PaintShop Pro 2023 Standard \u00e8 un software di fotoritocco per Windows.<\/p>\n<p>Il software offre le funzionalit\u00e0 di uno studio di fotoritocco completo:<\/p>\n<p>Migliora le foto con l&#039;intelligenza artificiale<\/p>\n<p>Affidati all&#039;intelligenza artificiale e alla tecnologia di apprendimento automatico per migliorare le immagini con un clic e rendere immediatamente ogni foto la migliore.<\/p>\n<p>Modifica le foto come un professionista<\/p>\n<p>Modifica, ritocca e correggi le tue fotografie con un set di strumenti completo, progettato per tutti i livelli di competenza.<\/p>\n<p>Crea grafica e design<\/p>\n<p>Utilizza testi intuitivi, pennelli, texture, motivi, strumenti di disegno e pittura per creare progetti stimolanti.<\/p>\n<p>Aggiungi effetti per l&#039;impatto<\/p>\n<p>Sperimenta centinaia di filtri creativi ed effetti divertenti per rendere le tue foto personali e originali, pronte per essere condivise e stampate.<\/p>\n<p>Scegli tra pi\u00f9 spazi di lavoro<\/p>\n<p>PaintShop Pro \u00e8 incentrato sulla selezione e sulla personalizzazione, offrendo molteplici aree di lavoro che puoi personalizzare per lavorare nel modo pi\u00f9 efficiente.<\/p>\n<p>Quali sono le novit\u00e0 di PaintShop Pro 2023?<\/p>\n<p>AfterShot Lab NUOVO<\/p>\n<p>Strumento Cornice MIGLIORATO<\/p>\n<p>Focus Stacking NUOVO<\/p>\n<p>Anteprima della modalit\u00e0 di fusione in tempo reale MIGLIORATA<\/p>\n<p>Aggancia agli oggetti NUOVO<\/p>\n<p>Usabilit\u00e0 e prestazioni MIGLIORATE<\/p>\n<p>PaintShop Pro 2023 Ultimate include le seguenti applicazioni:<\/p>\n<p>MultiCam Capture 2.0 Lite: cattura video con MultiCam Capture 2.0 Lite per coinvolgere i tuoi spettatori e ampliare il tuo pubblico. Crea facilmente video tutorial, sfide online, demo di prodotti, registra video di gioco e altro ancora, con un unico software di registrazione video facile da usare.<\/p>\n<p>Font gratuitiSfrutta i 50 nuovi font moderni gratuiti disponibili in PaintShop Pro 2023 Ultimate! Goditi una splendida tipografia e sperimenta stili e colori di font per rendere i tuoi progetti ancora pi\u00f9 straordinari e unici.<\/p>\n<p>Painter Essentials 8: goditi un software di pittura divertente e semplice per principianti che ti ispirer\u00e0 a sperimentare e ad innamorarti della pittura digitale. Schizza, disegna e dipingi su una tela bianca usando pennelli realistici o dilettati con l&#039;esclusiva arte basata sull&#039;intelligenza artificiale e sulla clonazione delle immagini. Goditi un nuovo pacchetto di pennelli extra.<\/p>\n<p>PhotoMirage ExpressTrasforma senza sforzo qualsiasi immagine in un&#039;animazione ipnotica in pochi minuti con PhotoMirage Express. Dare vita alle tue foto \u00e8 incredibilmente facile e coinvolgente, e condividere i tuoi capolavori sui social media \u00e8 un gioco da ragazzi. Usa PhotoMirage Express per creare animazioni fotografiche mozzafiato che catturano, coinvolgono e incantano.<\/p>\n<p>Highlight Reel: creare video rapidi che mostrino i momenti salienti della tua ultima avventura \u00e8 diventato molto pi\u00f9 semplice con un creatore intelligente di slideshow e filmati: Highlight Reel. Basta importare i tuoi contenuti multimediali digitali e Highlight Reel analizzer\u00e0 ed estrarr\u00e0 in modo intelligente le foto e i video migliori e li combiner\u00e0 per te, seguendo il ritmo della musica. Creare filmati per condividere i tuoi momenti quotidiani \u00e8 diventato ancora pi\u00f9 semplice.<\/p>\n<p>Area di lavoro Sea-to-Sky: scopri un&#039;area di lavoro di fotoritocco progettata per portare la tua fotografia subacquea e con i droni a nuovi livelli. Apporta correzioni perfette e miglioramenti creativi con un set personalizzato di strumenti e rivivi al meglio i tuoi momenti pi\u00f9 memorabili.<\/p>\n<p>Corel Creative Collection: amplia le tue capacit\u00e0 creative con decine di pennelli, texture e oltre 100 sfondi royalty-free. Valorizza i tuoi progetti fotografici con design giocosi, romantici o astratti, insieme a una serie di pennellate vivaci.<\/p>\n<p>Confronto dei prodotti Corel Paintshop<\/p>\n<p>Ultimate 2023<\/p>\n<p>Professionista<\/p>\n<p>2023<\/p>\n<p>Ultimate 2022<\/p>\n<p>Professionista<\/p>\n<p>2022<\/p>\n<p>Applicazioni<\/p>\n<p>MIGLIORATO! Corel MultiCam Capture Lite 2: crea video coinvolgenti e registra simultaneamente lo schermo e la webcam.<\/p>\n<p>\u2713<\/p>\n<p>\u2715<\/p>\n<p>\u2715<\/p>\n<p>\u2715<\/p>\n<p>Momenti salienti: crea video rapidi e mostra i momenti salienti della tua ultima avventura con un nuovo creatore di filmati intelligente.<\/p>\n<p>\u2713<\/p>\n<p>\u2715<\/p>\n<p>\u2713<\/p>\n<p>\u2715<\/p>\n<p>Sea-to-Sky Workspace: un&#039;area di lavoro completamente nuova, touch-ready, con un set di strumenti personalizzato per migliorare la fotografia subacquea e con droni.<\/p>\n<p>\u2713<\/p>\n<p>\u2715<\/p>\n<p>\u2713<\/p>\n<p>\u2715<\/p>\n<p>PhotoMirage Express: trasforma senza sforzo qualsiasi immagine in un&#039;animazione ipnotica in pochi minuti.<\/p>\n<p>\u2713<\/p>\n<p>\u2715<\/p>\n<p>\u2713<\/p>\n<p>\u2715<\/p>\n<p>MIGLIORATO! Corel Painter Essentials 8: impara a dipingere, disegnare e fare schizzi partendo da zero con questo programma di pittura facile da usare. Goditi il nuovo pacchetto di pennelli extra.<\/p>\n<p>\u2713<\/p>\n<p>\u2715<\/p>\n<p>\u2713<\/p>\n<p>\u2715<\/p>\n<p>NOVIT\u00c0! 50 font moderni gratuiti<\/p>\n<p>\u2713<\/p>\n<p>\u2715<\/p>\n<p>\u2715<\/p>\n<p>\u2715<\/p>\n<p>Corel Creative Collection: include decine di pennelli, texture e sfondi royalty-free.<\/p>\n<p>\u2713<\/p>\n<p>\u2715<\/p>\n<p>\u2713<\/p>\n<p>\u2715<\/p>\n<p>Caratteristiche<\/p>\n<p>NOVIT\u00c0! Focus Stacking: scopri il Focus Stacking come metodo rapido per ottenere immagini perfettamente nitide attraverso tre semplici passaggi della procedura guidata e rendere qualsiasi area dell&#039;immagine nitida e chiara.<\/p>\n<p>\u2713<\/p>\n<p>\u2713<\/p>\n<p>\u2713<\/p>\n<p>\u2713<\/p>\n<p>MIGLIORATO! Strumento Cornice: crea forme (maschere) basate su forme simmetriche e predefinite o persino oggetti di testo vettoriali, oppure converti oggetti vettoriali e testo gi\u00e0 esistenti in forme, il tutto con uno strumento Cornice migliorato.<\/p>\n<p>\u2713<\/p>\n<p>\u2713<\/p>\n<p>\u2715<\/p>\n<p>\u2715<\/p>\n<p>NOVIT\u00c0! AfterShot Lab: goditi un editing potente e completo dei file RAW con una vasta gamma di strumenti di livello professionale nel nuovo AfterShot Lab, ora disponibile in PaintShop Pro.<\/p>\n<p>\u2713<\/p>\n<p>\u2713<\/p>\n<p>\u2715<\/p>\n<p>\u2715<\/p>\n<p>NOVIT\u00c0! Anteprima della modalit\u00e0 di fusione in tempo reale: sfrutta la nuova anteprima della modalit\u00e0 di fusione in tempo reale per controllare i risultati della fusione dei livelli in movimento, passando il mouse sulle opzioni dell&#039;elenco a discesa nella palette Livelli.<\/p>\n<p>\u2713<\/p>\n<p>\u2713<\/p>\n<p>\u2715<\/p>\n<p>\u2715<\/p>\n<p>NOVIT\u00c0! Aggancia agli oggetti: allinea gli oggetti con precisione nei tuoi progetti in un attimo con la nuova funzionalit\u00e0 Aggancia agli oggetti.<\/p>\n<p>\u2713<\/p>\n<p>\u2713<\/p>\n<p>\u2715<\/p>\n<p>\u2715<\/p>\n<p>MIGLIORATO! Novit\u00e0 Da modello: le funzioni di filtraggio e ordinamento aiutano a trovare rapidamente il modello specifico.<\/p>\n<p>\u2713<\/p>\n<p>\u2713<\/p>\n<p>\u2715<\/p>\n<p>\u2715<\/p>\n<p>NOVIT\u00c0! Pennelli, tavolozze di colori, sfumature, motivi e tubetti<\/p>\n<p>\u2713<\/p>\n<p>\u2713<\/p>\n<p>\u2713<\/p>\n<p>\u2713<\/p>\n<p>Tutte le altre caratteristiche sono le stesse in tutte le versioni.<\/p>\n<p>\u2713<\/p>\n<p>\u2713<\/p>\n<p>\u2713<\/p>\n<p>\u2713<\/p>","protected":false},"excerpt":{"rendered":"<table style='border-collapse: collapse; width: 100%;'>\n<tr>\n<th>Propriet\u00e0<\/th>\n<th>Valore<\/th>\n<\/tr>\n<tr>\n<td>Processore<\/td>\n<td>Intel Celeron serie G o AMD Phenom II e superiori (si consigliano Intel i5 o AMD Ryzen serie e superiori per il supporto delle funzionalit\u00e0 di intelligenza artificiale)<\/td>\n<\/tr>\n<tr>\n<td>Disco rigido<\/td>\n<td>Sono richiesti 3 GB di spazio disponibile sul disco rigido (consigliati 4 GB)<\/td>\n<\/tr>\n<tr>\n<td>Memoria RAM<\/td>\n<td>4 GB di RAM (8 GB consigliati per il supporto delle funzionalit\u00e0 di intelligenza artificiale)<\/td>\n<\/tr>\n<tr>\n<td>Display<\/td>\n<td>Risoluzione dello schermo 1366 x 768 (risoluzione dello schermo 1920 x 1080 a 100 DPI consigliata). Supportati fino a 250 DPI con risoluzione dello schermo appropriata<\/td>\n<\/tr>\n<tr>\n<td>Sistema operativo<\/td>\n<td>Windows 11, Windows 10 (versione consigliata 1903 o successiva con l&#039;ultimo service pack (edizioni a 64 bit) Per la virtualizzazione: Microsoft Windows Server 2012 R2, Windows Server 2016, Windows Server 2019<\/td>\n<\/tr>\n<\/table>","protected":false},"featured_media":2977,"template":"","meta":{"inline_featured_image":false},"product_brand":[],"product_cat":[116],"product_tag":[],"class_list":{"0":"post-2590","1":"product","2":"type-product","3":"status-publish","4":"has-post-thumbnail","6":"product_cat-photo-editing-software","8":"first","9":"instock","10":"sale","11":"virtual","12":"taxable","13":"purchasable","14":"product-type-simple"},"_links":{"self":[{"href":"https:\/\/elitesoftkeys.com\/it\/wp-json\/wp\/v2\/product\/2590","targetHints":{"allow":["GET"]}}],"collection":[{"href":"https:\/\/elitesoftkeys.com\/it\/wp-json\/wp\/v2\/product"}],"about":[{"href":"https:\/\/elitesoftkeys.com\/it\/wp-json\/wp\/v2\/types\/product"}],"version-history":[{"count":0,"href":"https:\/\/elitesoftkeys.com\/it\/wp-json\/wp\/v2\/product\/2590\/revisions"}],"wp:featuredmedia":[{"embeddable":true,"href":"https:\/\/elitesoftkeys.com\/it\/wp-json\/wp\/v2\/media\/2977"}],"wp:attachment":[{"href":"https:\/\/elitesoftkeys.com\/it\/wp-json\/wp\/v2\/media?parent=2590"}],"wp:term":[{"taxonomy":"product_brand","embeddable":true,"href":"https:\/\/elitesoftkeys.com\/it\/wp-json\/wp\/v2\/product_brand?post=2590"},{"taxonomy":"product_cat","embeddable":true,"href":"https:\/\/elitesoftkeys.com\/it\/wp-json\/wp\/v2\/product_cat?post=2590"},{"taxonomy":"product_tag","embeddable":true,"href":"https:\/\/elitesoftkeys.com\/it\/wp-json\/wp\/v2\/product_tag?post=2590"}],"curies":[{"name":"parola chiave","href":"https:\/\/api.w.org\/{rel}","templated":true}]}}