{"id":2584,"date":"2024-12-21T13:56:31","date_gmt":"2024-12-21T13:56:31","guid":{"rendered":"http:\/\/elitesoftkeys.com\/?product=coreldraw-graphics-suite-2021-educational"},"modified":"2025-07-06T14:07:02","modified_gmt":"2025-07-06T14:07:02","slug":"coreldraw-graphics-suite-2021-educational","status":"publish","type":"product","link":"https:\/\/elitesoftkeys.com\/it\/prodotto\/coreldraw-graphics-suite-2021-educational\/","title":{"rendered":"CorelDraw Graphics Suite 2021 Educational"},"content":{"rendered":"<p>Questa licenza \u00e8 per l&#039;Edizione Educational di CorelDraw Graphics Suite 2021. La differenza principale tra le edizioni Commercial ed Education \u00e8 la limitazione all&#039;uso per scopi non commerciali. Questa versione presenta inoltre un numero leggermente inferiore di funzionalit\u00e0 rispetto all&#039;Edizione Commercial (meno contenuti, alcune funzionalit\u00e0 professionali come la separazione delle stampe sono disattivate, ecc.) ed \u00e8 stata progettata per essere un&#039;ottima soluzione per gli utenti domestici per scopi non commerciali.<\/p>\n<p>CorelDraw Graphics Suite 2021 \u00e8 uno strumento completo per grafici, illustratori e artisti che desiderano creare progetti di livello professionale con facilit\u00e0.<\/p>\n<p>Applicazioni incluse:<\/p>\n<p>CorelDRAW \u2013 Illustrazione vettoriale e impaginazione.<\/p>\n<p>Corel PHOTO-PAINT \u2013 Modifica delle immagini e progettazione basata sui pixel.<\/p>\n<p>Corel Font Manager: esplorazione e gestione dei font.<\/p>\n<p>AfterShot 3 HDR \u2013 Editor di foto RAW.<\/p>\n<p>CAPTURE \u2013 Strumento di cattura dello schermo.<\/p>\n<p>Caratteristiche e funzionalit\u00e0 principali di CorelDraw Graphics Suite 2021:<\/p>\n<p>Prestazioni migliorate: grazie alle pi\u00f9 recenti ottimizzazioni hardware e della scheda grafica, CorelDraw Graphics Suite 2021 offre un&#039;esperienza utente pi\u00f9 rapida e reattiva.<\/p>\n<p>Flusso di lavoro semplificato: l&#039;interfaccia intuitiva e il flusso di lavoro semplificato della suite semplificano la creazione e la modifica dei progetti, dall&#039;ideazione al risultato finale.<\/p>\n<p>Strumenti di progettazione versatili: con un&#039;ampia gamma di strumenti di progettazione, tra cui illustrazione vettoriale, layout, fotoritocco, tipografia e altro ancora, CorelDraw Graphics Suite 2021 ti consente di creare una variet\u00e0 di progetti in base alle tue esigenze.<\/p>\n<p>Collaborazione: le funzionalit\u00e0 di collaborazione integrate nel software ti consentono di condividere i tuoi progetti con altri e di collaborare ai progetti in tempo reale, sia che tu stia lavorando da remoto o di persona.<\/p>\n<p>Compatibilit\u00e0: CorelDraw Graphics Suite 2021 \u00e8 compatibile con un&#039;ampia gamma di formati di file, tra cui AI, PSD, PDF, JPG, PNG e molti altri, semplificando l&#039;integrazione nel flusso di lavoro esistente.<\/p>\n<p>Crediamo che CorelDraw Graphics Suite 2021 per studenti sia la scelta ideale per chi desidera creare progetti di livello professionale con facilit\u00e0. Ordina subito la tua licenza software e inizia a creare!<\/p>","protected":false},"excerpt":{"rendered":"<table style=\"border-collapse: collapse; width: 100%;\">\n<tbody>\n<tr>\n<th>Propriet\u00e0<\/th>\n<th>Valore<\/th>\n<\/tr>\n<tr>\n<td>Processore<\/td>\n<td>Windows: Intel Core i3\/5\/7\/9 o AMD Ryzen 3\/5\/7\/9\/Threadripper, EPYC \u2013 Mac: Apple M1 e Faster o Intel<\/td>\n<\/tr>\n<tr>\n<td>Disco rigido<\/td>\n<td>Windows: 2,5 GB di spazio su disco rigido \u2013 Mac: 4 GB<\/td>\n<\/tr>\n<tr>\n<td>Memoria RAM<\/td>\n<td>Windows: 4 GB di RAM (consigliati 8 GB o pi\u00f9) \u2013 Mac: 8 GB di RAM<\/td>\n<\/tr>\n<tr>\n<td>Sistema operativo<\/td>\n<td>Windows: Windows 11 o Windows 10*, 64 bit, con gli ultimi aggiornamenti \u2013 Mac: macOS 10.15 o versioni successive *A partire da gennaio 2023: verificare con il produttore per la compatibilit\u00e0 pi\u00f9 aggiornata<\/td>\n<\/tr>\n<\/tbody>\n<\/table>","protected":false},"featured_media":2973,"template":"","meta":{"inline_featured_image":false},"product_brand":[],"product_cat":[116],"product_tag":[],"class_list":{"0":"post-2584","1":"product","2":"type-product","3":"status-publish","4":"has-post-thumbnail","6":"product_cat-photo-editing-software","8":"first","9":"instock","10":"sale","11":"virtual","12":"taxable","13":"purchasable","14":"product-type-simple"},"_links":{"self":[{"href":"https:\/\/elitesoftkeys.com\/it\/wp-json\/wp\/v2\/product\/2584","targetHints":{"allow":["GET"]}}],"collection":[{"href":"https:\/\/elitesoftkeys.com\/it\/wp-json\/wp\/v2\/product"}],"about":[{"href":"https:\/\/elitesoftkeys.com\/it\/wp-json\/wp\/v2\/types\/product"}],"version-history":[{"count":0,"href":"https:\/\/elitesoftkeys.com\/it\/wp-json\/wp\/v2\/product\/2584\/revisions"}],"wp:featuredmedia":[{"embeddable":true,"href":"https:\/\/elitesoftkeys.com\/it\/wp-json\/wp\/v2\/media\/2973"}],"wp:attachment":[{"href":"https:\/\/elitesoftkeys.com\/it\/wp-json\/wp\/v2\/media?parent=2584"}],"wp:term":[{"taxonomy":"product_brand","embeddable":true,"href":"https:\/\/elitesoftkeys.com\/it\/wp-json\/wp\/v2\/product_brand?post=2584"},{"taxonomy":"product_cat","embeddable":true,"href":"https:\/\/elitesoftkeys.com\/it\/wp-json\/wp\/v2\/product_cat?post=2584"},{"taxonomy":"product_tag","embeddable":true,"href":"https:\/\/elitesoftkeys.com\/it\/wp-json\/wp\/v2\/product_tag?post=2584"}],"curies":[{"name":"parola chiave","href":"https:\/\/api.w.org\/{rel}","templated":true}]}}