{"id":2582,"date":"2024-12-21T13:56:29","date_gmt":"2024-12-21T13:56:29","guid":{"rendered":"http:\/\/elitesoftkeys.com\/?product=coreldraw-technical-suite-365-professional"},"modified":"2025-07-06T14:07:00","modified_gmt":"2025-07-06T14:07:00","slug":"coreldraw-technical-suite-365-professional","status":"publish","type":"product","link":"https:\/\/elitesoftkeys.com\/it\/prodotto\/coreldraw-technical-suite-365-professional\/","title":{"rendered":"CorelDraw Technical Suite 365 Professional"},"content":{"rendered":"<p>Questa licenza \u00e8 un abbonamento annuale per CorelDRAW Technical Suite. Un abbonamento \u00e8 un metodo di pagamento che consente di noleggiare una licenza di CorelDRAW Technical Suite per un periodo di tempo fisso (con rinnovi, se desiderato). Come abbonato, \u00e8 richiesta l&#039;autenticazione per utilizzare il prodotto e d\u00e0 diritto a vantaggi come i contenuti online. Una volta scaduto l&#039;abbonamento, non sar\u00e0 pi\u00f9 possibile utilizzare il software. Gli aggiornamenti sono inclusi nell&#039;abbonamento e garantiscono l&#039;utilizzo della versione pi\u00f9 aggiornata del prodotto CorelDRAW per tutta la durata dell&#039;abbonamento.<\/p>\n<p>CorelDraw Technical Suite \u00e8 un software di illustrazione e disegno tecnico. Dalla produzione all&#039;ingegneria, dall&#039;architettura all&#039;alta tecnologia, CorelDRAW Technical Suite \u00e8 il punto di riferimento ideale per la progettazione di illustrazioni tecniche dettagliate, documentazione, marketing e altro ancora, con controllo totale e incredibile efficienza.<\/p>\n<p>Le principali caratteristiche e vantaggi di CorelDraw Technical Suite 365:<\/p>\n<p>Suite completa per la comunicazione tecnica visiva. Crea di tutto, da illustrazioni tecniche precise con Corel DESIGNER a materiali di marketing di grande impatto con CorelDRAW. Modifica le foto per la documentazione con Corel PHOTO-PAINT e aggiungi screenshot con Corel CAPTURE. Quando sei pronto a condividere i file per la revisione e l&#039;approvazione collaborativa, usa CorelDRAW.app per web o iPad per semplificare il processo di feedback degli stakeholder.<\/p>\n<p>Strumenti di progettazione tecnica graficamente ricchi: accedi a strumenti di illustrazione e progettazione dedicati che garantiscono precisione per disegni isometrici, didascalie dettagliate, quotature avanzate e molto altro ancora. Scopri funzionalit\u00e0 e caratteristiche che consentono a illustratori tecnici, scrittori e grafici di produrre praticamente qualsiasi cosa, da schemi e planimetrie dettagliate a complessi manuali di manutenzione e pagine di ricambi.<\/p>\n<p>Riutilizzo 3D Riutilizza i progetti 3D con XVL Studio Corel Edition integrato e il componente aggiuntivo opzionale XVL Studio 3D CAD Corel Edition per formati di assemblaggio CAD 3D avanzati. Inserisci modelli 3D, tabelle dati e illustrazioni .DES o .CDR come oggetti collegati o incorporati in Corel DESIGNER per un accesso, una condivisione e una consultazione immediati.<\/p>\n<p>Compatibilit\u00e0 senza pari con i formati di file. Grazie al supporto dei formati di file pi\u00f9 recenti e ampiamente utilizzati nelle pubblicazioni tecniche, tra cui CGM, WebCGM, PDF 3D e SVG con possibilit\u00e0 interattive, CorelDRAW Technical Suite garantisce ai professionisti della grafica tecnica l&#039;accesso a dati critici da diverse fonti e la distribuzione di file tecnici in un formato leggibile. \u00c8 possibile importare ed esportare da un ampio elenco di formati di file, tra cui EPS, DWG, TIFF, PNG, JPEG e WebP.<\/p>\n<p>Conformit\u00e0 avanzata agli standard: garantisci la conformit\u00e0 con diversi sistemi basati su standard grazie al supporto completo di CorelDRAW Technical Suite per gli standard di pubblicazione tecnica. Raggiungi un pubblico globale con il supporto del Translation Memory System (TMS), semplificando la creazione di documenti localizzati. Pubblica IETP conformi a S1000D (inclusa la versione 5.0) o ATA iSpec 2200 e realizza progetti di comunicazione tecnica che supportano PDF 3D e PDF\/A.<\/p>\n<p>Applicazioni incluse:<\/p>\n<p>Corel DESIGNER: illustrazione tecnica precisa<\/p>\n<p>CorelDRAW: illustrazione vettoriale e layout di pagina<\/p>\n<p>Corel PHOTO-PAINT: editing professionale delle immagini<\/p>\n<p>XVL Studio Corel Edition: visualizzazione e creazione 3D<\/p>\n<p>Corel Font Manager: strumento di esplorazione e gestione dei font<\/p>\n<p>PowerTRACE \u2013 Tracciamento da bitmap a vettore basato sull&#039;intelligenza artificiale (incluso come parte delle applicazioni Corel DESIGNER e CorelDRAW)<\/p>\n<p>CorelDRAW.app \u2014 Illustrazione vettoriale e progettazione grafica online tramite browser web<\/p>\n<p>CorelDRAW.app per iPad: applicazione per iPad per illustrazione vettoriale e progettazione grafica<\/p>\n<p>CAPTURE \u2013 Strumento di cattura dello schermo<\/p>\n<p>AfterShot 3 HDR \u2013 Editor di foto RAW<\/p>\n<p>Quali sono i vantaggi competitivi di CorelDRAW Technical Suite?<\/p>\n<p>Rispetto ai prodotti di grafica creativa simili a CorelDRAW Graphics Suite e Adobe CC<\/p>\n<p>Strumenti dedicati all&#039;illustrazione tecnica per un flusso di lavoro pi\u00f9 efficiente.<\/p>\n<p>Supporto per formati di file standard del settore (ad esempio, profili CGM avanzati; PDF 3D).<\/p>\n<p>Riutilizzo dei dati CAD 3D (con il componente aggiuntivo XVL Studio 3D CAD Corel Edition).<\/p>\n<p>Creazione efficace di grafici multilingue tramite il supporto del Translation Memory System (TMS)<\/p>\n<p>Rispetto ai prodotti di illustrazione tecnica simili a IsoDraw<\/p>\n<p>Tecnologia all&#039;avanguardia, comprese applicazioni a 64 bit.<\/p>\n<p>Suite completa di applicazioni integrate, tra cui editing fotografico professionale, impaginazione e conversione da bitmap a vettoriale.<\/p>\n<p>Ampia libreria di contenuti con simboli tecnici, foto ad alta risoluzione e font da utilizzare con qualsiasi applicazione Windows.<\/p>\n<p>Rispetto alle applicazioni CAD simili ad AutoCAD<\/p>\n<p>Suite complementare di applicazioni per colmare le lacune nei flussi di lavoro di progettazione e disegno tecnico: fotoritocco, impaginazione, schizzi e progettazione (creativa), illustrazione tecnica.<\/p>\n<p>Ampio supporto di formati di file per l&#039;importazione\/esportazione (inclusi DWG, DXF per la collaborazione con app CAD).<\/p>","protected":false},"excerpt":{"rendered":"<table style='border-collapse: collapse; width: 100%;'>\n<tr>\n<th>Propriet\u00e0<\/th>\n<th>Valore<\/th>\n<\/tr>\n<tr>\n<td>Grafica<\/td>\n<td>Scheda video abilitata per OpenCL 1.2 con 3+ GB di VRAM<\/td>\n<\/tr>\n<tr>\n<td>Processore<\/td>\n<td>Intel Core i3\/5\/7\/9 o AMD Ryzen 3\/5\/7\/9\/Threadripper, EPYC<\/td>\n<\/tr>\n<tr>\n<td>Disco rigido<\/td>\n<td>9 GB di spazio su disco rigido per i file dell&#039;applicazione<\/td>\n<\/tr>\n<tr>\n<td>Memoria RAM<\/td>\n<td>8 GB di RAM<\/td>\n<\/tr>\n<tr>\n<td>Sistema operativo<\/td>\n<td>Windows 11 o Windows 10 (versione 21H2 o successiva), 64 bit, con gli ultimi aggiornamenti<\/td>\n<\/tr>\n<\/table>","protected":false},"featured_media":2971,"template":"","meta":{"inline_featured_image":false},"product_brand":[],"product_cat":[116],"product_tag":[],"class_list":{"0":"post-2582","1":"product","2":"type-product","3":"status-publish","4":"has-post-thumbnail","6":"product_cat-photo-editing-software","8":"first","9":"instock","10":"sale","11":"virtual","12":"taxable","13":"purchasable","14":"product-type-simple"},"_links":{"self":[{"href":"https:\/\/elitesoftkeys.com\/it\/wp-json\/wp\/v2\/product\/2582","targetHints":{"allow":["GET"]}}],"collection":[{"href":"https:\/\/elitesoftkeys.com\/it\/wp-json\/wp\/v2\/product"}],"about":[{"href":"https:\/\/elitesoftkeys.com\/it\/wp-json\/wp\/v2\/types\/product"}],"version-history":[{"count":0,"href":"https:\/\/elitesoftkeys.com\/it\/wp-json\/wp\/v2\/product\/2582\/revisions"}],"wp:featuredmedia":[{"embeddable":true,"href":"https:\/\/elitesoftkeys.com\/it\/wp-json\/wp\/v2\/media\/2971"}],"wp:attachment":[{"href":"https:\/\/elitesoftkeys.com\/it\/wp-json\/wp\/v2\/media?parent=2582"}],"wp:term":[{"taxonomy":"product_brand","embeddable":true,"href":"https:\/\/elitesoftkeys.com\/it\/wp-json\/wp\/v2\/product_brand?post=2582"},{"taxonomy":"product_cat","embeddable":true,"href":"https:\/\/elitesoftkeys.com\/it\/wp-json\/wp\/v2\/product_cat?post=2582"},{"taxonomy":"product_tag","embeddable":true,"href":"https:\/\/elitesoftkeys.com\/it\/wp-json\/wp\/v2\/product_tag?post=2582"}],"curies":[{"name":"parola chiave","href":"https:\/\/api.w.org\/{rel}","templated":true}]}}