{"id":2580,"date":"2024-12-21T13:56:25","date_gmt":"2024-12-21T13:56:25","guid":{"rendered":"http:\/\/elitesoftkeys.com\/?product=coreldraw-technical-suite-2020-professional"},"modified":"2025-07-06T14:07:00","modified_gmt":"2025-07-06T14:07:00","slug":"coreldraw-technical-suite-2020-professional","status":"publish","type":"product","link":"https:\/\/elitesoftkeys.com\/it\/prodotto\/coreldraw-technical-suite-2020-professional\/","title":{"rendered":"CorelDraw Technical Suite 2020 Professional"},"content":{"rendered":"<p>CorelDraw Technical Suite \u00e8 un software di illustrazione e disegno tecnico. Dalla produzione all&#039;ingegneria, dall&#039;architettura all&#039;alta tecnologia, CorelDRAW Technical Suite \u00e8 il punto di riferimento ideale per la progettazione di illustrazioni tecniche dettagliate, documentazione, marketing e altro ancora, con controllo totale e incredibile efficienza.<\/p>\n<p>Le principali caratteristiche e vantaggi di CorelDraw Technical Suite 2020:<\/p>\n<p>Lavora pi\u00f9 velocemente con le nuove linee spesse e sottili e un flusso di lavoro di stili migliorato<\/p>\n<p>Aumenta la produttivit\u00e0 quando lavori con linee, aloni e stili. Un grande risparmio di tempo per gli illustratori tecnici, la nuova modalit\u00e0 di disegno a linee spesse e sottili regola automaticamente gli spessori delle linee su oggetti come curve, rettangoli ed ellissi. Aggiungi facilmente profondit\u00e0 a un disegno isometrico applicando due spessori di linea contemporaneamente. Per un ridimensionamento uniforme, blocca il rapporto tra la larghezza del contorno e quella dell&#039;alone quando aggiungi aloni alle linee.<\/p>\n<p>Sfrutta al massimo la gestione avanzata delle chiamate<\/p>\n<p>Sfrutta diverse ottimizzazioni nella gestione dei callout per disegni tecnici e illustrazioni. Risparmia tempo con il nuovo strumento Callout senza gambe, le opzioni di ridimensionamento dei callout e le informazioni sugli oggetti associate ai simboli. Applica automaticamente hotspot e informazioni sugli oggetti ai callout mentre vengono disegnati.<\/p>\n<p>Accelera il processo di feedback e approvazione con strumenti di collaborazione senza interruzioni<\/p>\n<p>Connettersi con clienti e colleghi non \u00e8 mai stato cos\u00ec facile, grazie ai nuovi strumenti di collaborazione che semplificano l&#039;intero flusso di lavoro di revisione e approvazione. Condividi i tuoi progetti con i revisori utilizzando CorelDRAW.app, invitandoli a visualizzare, annotare e commentare direttamente i file di CorelDRAW e Corel DESIGNER.<\/p>\n<p>Sperimenta prestazioni pi\u00f9 veloci e funzionalit\u00e0 basate sull&#039;intelligenza artificiale<\/p>\n<p>Lavora in modo pi\u00f9 efficiente con una suite di applicazioni notevolmente pi\u00f9 reattiva. Sfrutta i nuovi strumenti di Corel DESIGNER 2020 che migliorano sensibilmente l&#039;esperienza di progettazione complessiva, tra cui la nuova funzionalit\u00e0 Wrap che semplifica l&#039;avvolgimento preciso di un oggetto attorno a un cilindro. Quando crei illustrazioni conformi allo standard S1000D, una nuova libreria di simboli rende il processo pi\u00f9 rapido e semplice che mai. Inoltre, quando lavori in Corel DESIGNER o CorelDRAW, sfrutta le ultime novit\u00e0 in fatto di intelligenza artificiale (IA) per migliorare la produttivit\u00e0 con l&#039;upsampling delle immagini basato sull&#039;IA, la rimozione degli artefatti JPEG e risultati di conversione da bitmap a vettoriale di livello superiore, ora disponibili in Corel PowerTRACE.<\/p>\n<p>Approfitta del riutilizzo 3D migliorato con XVL Studio Corel Edition<\/p>\n<p>Quando si sfruttano progetti 3D da fonti esistenti, \u00e8 possibile beneficiare di una serie di aggiornamenti a XVL Studio Corel Edition, tra cui una struttura degli oggetti semplificata per le viste 3D importate in Corel DESIGNER, metadati degli oggetti conservati, come i numeri di parte, e un flusso di lavoro di snapshot ottimizzato per l&#039;archiviazione delle viste 3D.<\/p>\n<p>Applicazioni incluse:<\/p>\n<p>CorelDESIGNER 2020<\/p>\n<p>CorelDRAW 2020,<\/p>\n<p>Corel PHOTO-PAINT 2020<\/p>\n<p>XVL Studio Corel Edition<\/p>\n<p>CorelDRAW.app<\/p>\n<p>Corel Font Manager 2020<\/p>\n<p>CATTURA 2020<\/p>\n<p>AfterShot 3 HDR<\/p>\n<p>Quali sono i vantaggi competitivi di CorelDRAW Technical Suite?<\/p>\n<p>Rispetto ai prodotti di grafica creativa simili a CorelDRAW Graphics Suite e Adobe CC<\/p>\n<p>Strumenti dedicati all&#039;illustrazione tecnica per un flusso di lavoro pi\u00f9 efficiente.<\/p>\n<p>Supporto per formati di file standard del settore (ad esempio, profili CGM avanzati; PDF 3D).<\/p>\n<p>Riutilizzo dei dati CAD 3D (con il componente aggiuntivo XVL Studio 3D CAD Corel Edition).<\/p>\n<p>Creazione efficace di grafici multilingue tramite il supporto del Translation Memory System (TMS)<\/p>\n<p>Rispetto ai prodotti di illustrazione tecnica simili a IsoDraw<\/p>\n<p>Tecnologia all&#039;avanguardia, comprese applicazioni a 64 bit.<\/p>\n<p>Suite completa di applicazioni integrate, tra cui editing fotografico professionale, impaginazione e conversione da bitmap a vettoriale.<\/p>\n<p>Ampia libreria di contenuti con simboli tecnici, foto ad alta risoluzione e font da utilizzare con qualsiasi applicazione Windows.<\/p>\n<p>Rispetto alle applicazioni CAD simili ad AutoCAD<\/p>\n<p>Suite complementare di applicazioni per colmare le lacune nei flussi di lavoro di progettazione e disegno tecnico: fotoritocco, impaginazione, schizzi e progettazione (creativa), illustrazione tecnica.<\/p>\n<p>Ampio supporto di formati di file per l&#039;importazione\/esportazione (inclusi DWG, DXF per la collaborazione con app CAD).<\/p>","protected":false},"excerpt":{"rendered":"<table style=\"border-collapse: collapse; width: 100%;\">\n<tbody>\n<tr>\n<th>Propriet\u00e0<\/th>\n<th>Valore<\/th>\n<\/tr>\n<tr>\n<td>Grafica<\/td>\n<td>Scheda video compatibile con OpenCL 1.2 (consigliata)<\/td>\n<\/tr>\n<tr>\n<td>Processore<\/td>\n<td>Intel Core i3\/5\/7\/9 o AMD Ryzen 3\/5\/7\/9\/Threadripper, EPYC<\/td>\n<\/tr>\n<tr>\n<td>Disco rigido<\/td>\n<td>8 GB di spazio su disco rigido per i file dell&#039;applicazione<\/td>\n<\/tr>\n<tr>\n<td>Memoria RAM<\/td>\n<td>4 GB di RAM (consigliati 8 GB o pi\u00f9)<\/td>\n<\/tr>\n<tr>\n<td>Sistema operativo<\/td>\n<td>Windows 10, Windows 8.1 o Windows 7, a 64 bit, tutti con gli ultimi aggiornamenti e Service Pack<\/td>\n<\/tr>\n<\/tbody>\n<\/table>","protected":false},"featured_media":2969,"template":"","meta":{"inline_featured_image":false},"product_brand":[],"product_cat":[116],"product_tag":[],"class_list":{"0":"post-2580","1":"product","2":"type-product","3":"status-publish","4":"has-post-thumbnail","6":"product_cat-photo-editing-software","8":"first","9":"instock","10":"sale","11":"virtual","12":"taxable","13":"purchasable","14":"product-type-simple"},"_links":{"self":[{"href":"https:\/\/elitesoftkeys.com\/it\/wp-json\/wp\/v2\/product\/2580","targetHints":{"allow":["GET"]}}],"collection":[{"href":"https:\/\/elitesoftkeys.com\/it\/wp-json\/wp\/v2\/product"}],"about":[{"href":"https:\/\/elitesoftkeys.com\/it\/wp-json\/wp\/v2\/types\/product"}],"version-history":[{"count":0,"href":"https:\/\/elitesoftkeys.com\/it\/wp-json\/wp\/v2\/product\/2580\/revisions"}],"wp:featuredmedia":[{"embeddable":true,"href":"https:\/\/elitesoftkeys.com\/it\/wp-json\/wp\/v2\/media\/2969"}],"wp:attachment":[{"href":"https:\/\/elitesoftkeys.com\/it\/wp-json\/wp\/v2\/media?parent=2580"}],"wp:term":[{"taxonomy":"product_brand","embeddable":true,"href":"https:\/\/elitesoftkeys.com\/it\/wp-json\/wp\/v2\/product_brand?post=2580"},{"taxonomy":"product_cat","embeddable":true,"href":"https:\/\/elitesoftkeys.com\/it\/wp-json\/wp\/v2\/product_cat?post=2580"},{"taxonomy":"product_tag","embeddable":true,"href":"https:\/\/elitesoftkeys.com\/it\/wp-json\/wp\/v2\/product_tag?post=2580"}],"curies":[{"name":"parola chiave","href":"https:\/\/api.w.org\/{rel}","templated":true}]}}