{"id":2562,"date":"2024-12-21T13:56:06","date_gmt":"2024-12-21T13:56:06","guid":{"rendered":"http:\/\/elitesoftkeys.com\/?product=coreldraw-standard-suite-2021-professional"},"modified":"2025-07-06T14:07:00","modified_gmt":"2025-07-06T14:07:00","slug":"coreldraw-standard-suite-2021-professional","status":"publish","type":"product","link":"https:\/\/elitesoftkeys.com\/it\/prodotto\/coreldraw-standard-suite-2021-professional\/","title":{"rendered":"CorelDraw Standard Suite 2021 Professional"},"content":{"rendered":"<p>CorelDRAW Standard Suite 2021 \u00e8 una soluzione perfetta per aiutare gli studenti a creare e completare ogni tipo di compito scolastico, da presentazioni e layout a infografiche e progetti fotografici, con strumenti intuitivi per l&#039;illustrazione, il layout e il fotoritocco. Sognalo, poi progettalo con una vasta gamma di utili strumenti di apprendimento disponibili direttamente in un&#039;interfaccia intuitiva. Per i corsi di arte, design e CAD che richiedono una soluzione di progettazione grafica completa e di livello professionale, studenti e insegnanti preferiranno il prodotto completo, CorelDRAW Standard Suite 2021. \u00c8 il massimo in termini di illustrazione vettoriale e layout di pagina, tipografia, fotoritocco e gestione dei font, disponibile su Windows, Mac e web. Per chi desidera di pi\u00f9, pi\u00f9 potenza, pi\u00f9 funzionalit\u00e0 e pi\u00f9 controllo, CorelDRAW Standard Suite \u00e8 la scelta ovvia in qualsiasi contesto accademico.<\/p>\n<p>Applicazioni incluse:<\/p>\n<p>CorelDRAW Standard<\/p>\n<p>Corel PHOTO-PAINT Standard<\/p>\n<p>Vantaggi principali:<\/p>\n<p>Un versatile kit di strumenti di progettazione. Che la progettazione grafica sia un hobby o che tu crei con uno scopo preciso, CorelDRAW\u00ae Standard 2021 ha tutto ci\u00f2 che ti serve per realizzare grafiche accattivanti per il tuo hobby o per la tua attivit\u00e0 lavorativa. Abbina la tua immaginazione a questa versatile suite di applicazioni di illustrazione, layout e fotoritocco per progettare volantini, brochure, grafica web e altro ancora accattivanti.<\/p>\n<p>Progettazione e impaginazione all-in-one. Crea grafica, illustrazioni e progetti multipagina originali per la stampa o il web con una vasta gamma di strumenti di illustrazione vettoriale e impaginazione. CorelDRAW Standard offre funzionalit\u00e0 integrate per la progettazione grafica e l&#039;impaginazione in un&#039;unica applicazione.<\/p>\n<p>Fotoritocco impeccabile. Migliora qualsiasi immagine con le potenti funzionalit\u00e0 di fotoritocco basate su livelli di Corel PHOTO-PAINTTM Standard. Ritocca e migliora le tue foto con strumenti facili da usare per regolare colori e toni, rimuovere imperfezioni, sperimentare effetti e altro ancora.<\/p>\n<p>Facile da usare. Crea con sicurezza grazie a strumenti intuitivi, suggerimenti e tutorial a portata di mano, indipendentemente dal tuo livello di competenza o dal tuo ambito di competenza. Con un&#039;interfaccia intuitiva e strumenti intuitivi, diventerai un professionista in men che non si dica.<\/p>\n<p>Contenuti creativi royalty-free. Mantieni i tuoi progetti sempre aggiornati con contenuti creativi di qualit\u00e0, tra cui clipart e immagini digitali, foto, font, riempimenti e cornici. Prova una variet\u00e0 di modelli creativi progettati da professionisti per creare rapidamente certificati, annunci pubblicitari, biglietti da visita, carta intestata, volantini, poster e altro ancora, senza dover partire da zero.<\/p>","protected":false},"excerpt":{"rendered":"<table style='border-collapse: collapse; width: 100%;'>\n<tr>\n<th>Propriet\u00e0<\/th>\n<th>Valore<\/th>\n<\/tr>\n<tr>\n<td>Processore<\/td>\n<td>Intel Core i3\/5\/7\/9 o AMD Ryzen 3\/5\/7\/9\/Threadripper, EPYC<\/td>\n<\/tr>\n<tr>\n<td>Disco rigido<\/td>\n<td>2,5 GB di spazio su disco rigido<\/td>\n<\/tr>\n<tr>\n<td>Memoria RAM<\/td>\n<td>4 GB di RAM (consigliati 8 GB o pi\u00f9)<\/td>\n<\/tr>\n<tr>\n<td>Sistema operativo<\/td>\n<td>Windows 11 o Windows 10*, 64 bit, con gli ultimi aggiornamenti<\/td>\n<\/tr>\n<\/table>","protected":false},"featured_media":2958,"template":"","meta":{"inline_featured_image":false},"product_brand":[],"product_cat":[116],"product_tag":[],"class_list":{"0":"post-2562","1":"product","2":"type-product","3":"status-publish","4":"has-post-thumbnail","6":"product_cat-photo-editing-software","8":"first","9":"instock","10":"sale","11":"virtual","12":"taxable","13":"purchasable","14":"product-type-simple"},"_links":{"self":[{"href":"https:\/\/elitesoftkeys.com\/it\/wp-json\/wp\/v2\/product\/2562","targetHints":{"allow":["GET"]}}],"collection":[{"href":"https:\/\/elitesoftkeys.com\/it\/wp-json\/wp\/v2\/product"}],"about":[{"href":"https:\/\/elitesoftkeys.com\/it\/wp-json\/wp\/v2\/types\/product"}],"version-history":[{"count":0,"href":"https:\/\/elitesoftkeys.com\/it\/wp-json\/wp\/v2\/product\/2562\/revisions"}],"wp:featuredmedia":[{"embeddable":true,"href":"https:\/\/elitesoftkeys.com\/it\/wp-json\/wp\/v2\/media\/2958"}],"wp:attachment":[{"href":"https:\/\/elitesoftkeys.com\/it\/wp-json\/wp\/v2\/media?parent=2562"}],"wp:term":[{"taxonomy":"product_brand","embeddable":true,"href":"https:\/\/elitesoftkeys.com\/it\/wp-json\/wp\/v2\/product_brand?post=2562"},{"taxonomy":"product_cat","embeddable":true,"href":"https:\/\/elitesoftkeys.com\/it\/wp-json\/wp\/v2\/product_cat?post=2562"},{"taxonomy":"product_tag","embeddable":true,"href":"https:\/\/elitesoftkeys.com\/it\/wp-json\/wp\/v2\/product_tag?post=2562"}],"curies":[{"name":"parola chiave","href":"https:\/\/api.w.org\/{rel}","templated":true}]}}