{"id":2560,"date":"2024-12-21T13:56:04","date_gmt":"2024-12-21T13:56:04","guid":{"rendered":"http:\/\/elitesoftkeys.com\/?product=adobe-photoshop-elements-2025"},"modified":"2025-07-06T14:07:00","modified_gmt":"2025-07-06T14:07:00","slug":"adobe-photoshop-elements-2025","status":"publish","type":"product","link":"https:\/\/elitesoftkeys.com\/it\/prodotto\/adobe-photoshop-elements-2025\/","title":{"rendered":"Adobe Photoshop Elements 2025"},"content":{"rendered":"<p>Funzionalit\u00e0 della licenza Adobe Photoshop Elements 2025<\/p>\n<p>licenza triennale<\/p>\n<p>1 utente, 1 dispositivo<\/p>\n<p>supportato su Windows e Mac<\/p>\n<p>Garanzia del rivenditore certificato Adobe<\/p>\n<p>EliteSoftKeys \u00e8 un rivenditore certificato Adobe. Questa certificazione attesta che siamo autorizzati a vendere prodotti e servizi Adobe e che soddisfiamo i requisiti di conoscenza del prodotto. In qualit\u00e0 di rivenditore certificato, garantiamo ai clienti prodotti autentici, un supporto eccellente e la migliore esperienza di acquisto di prodotti Adobe come Creative Cloud, Acrobat, ecc.<\/p>\n<p>Panoramica del software Photoshop Elements 2025<\/p>\n<p>Cerchi un ottimo software di fotoritocco con ottime funzionalit\u00e0 e un&#039;interfaccia intuitiva? Se stai cercando un software di fotoritocco, Adobe Photoshop Elements 2025 \u00e8 quello che fa per te. \u00c8 particolarmente adatto a chiunque sia interessato alla fotografia, indipendentemente dal fatto che sia un principiante o un professionista. Questo software mira a fornire un fotoritocco pratico ed efficiente, con un&#039;ampia gamma di opzioni disponibili per utenti di qualsiasi livello di esperienza.<\/p>\n<p>Cosa lo rende il migliore sul mercato<\/p>\n<p>Modifica intelligente con intelligenza artificiale: Adobe Sensei aiuta a migliorare le immagini, eliminare oggetti superflui e individuare i volti. Inoltre, con la modifica guidata, sarai guidato attraverso il processo di aggiunta di fantastici effetti, creazione di doppie esposizioni e molto altro.<\/p>\n<p>Interfaccia semplicissima: la schermata iniziale \u00e8 tutta all&#039;insegna della praticit\u00e0. Ti riporta ai tuoi progetti recenti o ti permette di esplorare nuove funzioni. Ma se vuoi solo apportare piccole modifiche, hai a disposizione la modalit\u00e0 di modifica rapida.<\/p>\n<p>Filtri ed effetti creativi: include filtri che consentono di trasformare le immagini in dipinti, acquerelli o schizzi. \u00c8 anche molto semplice aggiungere testo e bordi per migliorare l&#039;aspetto delle immagini.<\/p>\n<p>Organizza le foto: non dovrai pi\u00f9 gestire librerie di foto disordinate. Tag intelligenti, riconoscimento delle persone e auto-curatela rendono il tuo lavoro e le tue foto organizzati e facili da trovare.<\/p>\n<p>Strumento di editing video: hai dei video? Nessun problema! Crea gallerie fotografiche e video accattivanti con l&#039;aiuto di semplici strumenti. Puoi anche aggiungere titoli ed effetti di movimento che seguono i tuoi soggetti.<\/p>\n<p>Condividi e stupisci: condividi le tue foto e i tuoi video modificati direttamente sui social media che usi pi\u00f9 frequentemente. Puoi anche creare e condividere divertenti GIF animate per intrattenere i tuoi amici e follower.<\/p>\n<p>Ampia compatibilit\u00e0: converti tra importazione ed esportazione in una variet\u00e0 di formati, tra cui RAW, JPEG e PNG. Con la stampa con un clic, puoi condividere le foto con servizi di stampa online o con la tua stampante.<\/p>\n<p>Adobe Photoshop Elements 2025 \u00e8 il software che ti aiuta a creare, modificare e condividere foto e video straordinari. Dal principiante che non ha mai utilizzato un software di fotoritocco al professionista che lo usa da anni, questo software offre tutti gli strumenti necessari per dare vita alle tue idee.<\/p>\n<p>Adobe Photoshop Elements per Mac<\/p>\n<p>Photoshop Elements 2025 \u00e8 disponibile anche per gli utenti Mac. L&#039;interfaccia del software \u00e8 stata ottimizzata per adattarsi al tipico ambiente applicativo Mac OS.<\/p>\n<p>\u00c8 possibile migliorare le foto, rimuovere oggetti o applicare effetti con l&#039;aiuto di strumenti di editing intelligenti basati sulla tecnologia di intelligenza artificiale di Adobe Sensei. Inoltre, Photoshop Elements per Mac offre anche la modifica guidata, in cui l&#039;utente riceve istruzioni dettagliate su come ottenere un risultato professionale, se preferisce aggiungere effetti o creare collage fotografici.<\/p>\n<p>Qual \u00e8 la differenza tra Photoshop e Photoshop Elements?<\/p>\n<p>In generale, Photoshop e Photoshop Elements sono due programmi di fotoritocco, ma sono rivolti a categorie di utenti diverse e offrono opportunit\u00e0 diverse.<\/p>\n<p>Photoshop \u00e8 un software di livello professionale con funzioni avanzate, utilizzato da fotografi, grafici e artisti digitali per realizzare lavori artistici complessi. Photoshop ti offre il pieno controllo e ti consente di modificare ogni piccolo dettaglio con funzionalit\u00e0 come livelli, maschere e filtri. Photoshop fa parte di Adobe Creative Cloud, il che significa che \u00e8 un servizio in abbonamento e che ricevi aggiornamenti regolari con le funzionalit\u00e0 pi\u00f9 recenti.<\/p>\n<p>Photoshop Elements, d&#039;altra parte, \u00e8 esattamente il fratello minore di Photoshop. \u00c8 pensato per chi desidera un fotoritocco di alta qualit\u00e0 senza dover padroneggiare tutte le funzioni della versione completa. Offre anche funzioni come le modifiche guidate, che consentono di apportare vari effetti e modifiche di base passo dopo passo, quindi non \u00e8 necessaria una conoscenza approfondita del settore per ottenere risultati soddisfacenti. Photoshop Elements \u00e8 un acquisto una tantum, il che significa che si paga una volta e si possiede per sempre, a differenza di Photoshop in abbonamento.<\/p>\n<p>In breve, se sei un professionista che deve svolgere lavori complessi, Photoshop \u00e8 la scelta giusta. Ma se sei un principiante o un utente meno esperto che ha bisogno di uno strumento pi\u00f9 semplice e facile da usare, Photoshop Elements \u00e8 una buona scelta.<\/p>\n<p>Cosa succede se non riesco ad attivare la mia licenza?<\/p>\n<p>In caso di domande o problemi con l&#039;attivazione della licenza, contatta il nostro supporto tecnico gratuito fornendo dettagli e screenshot del problema. Ti assisteremo immediatamente.<\/p>","protected":false},"excerpt":{"rendered":"<table style='border-collapse: collapse; width: 100%;'>\n<tr>\n<th>Propriet\u00e0<\/th>\n<th>Valore<\/th>\n<\/tr>\n<tr>\n<td>Piattaforma<\/td>\n<td>Windows e macOS<\/td>\n<\/tr>\n<tr>\n<td>Lingua<\/td>\n<td>Multilingue<\/td>\n<\/tr>\n<tr>\n<td>Utenti supportati<\/td>\n<td>1 utente<\/td>\n<\/tr>\n<tr>\n<td>Sistema operativo<\/td>\n<td>Windows 11, Windows 10. Per il sistema operativo Mac Catalina 10.15.7 minimo<\/td>\n<\/tr>\n<tr>\n<td>Altri requisiti<\/td>\n<td>Qualsiasi dispositivo che supporti i sistemi operativi sopra elencati. I sistemi con processori ARM non sono supportati. Per attivare il programma \u00e8 necessaria una connessione Internet. La licenza del programma viene verificata ripetutamente a intervalli regolari.<\/td>\n<\/tr>\n<\/table>","protected":false},"featured_media":2955,"template":"","meta":{"inline_featured_image":false},"product_brand":[],"product_cat":[116],"product_tag":[],"class_list":{"0":"post-2560","1":"product","2":"type-product","3":"status-publish","4":"has-post-thumbnail","6":"product_cat-photo-editing-software","8":"first","9":"instock","10":"sale","11":"virtual","12":"taxable","13":"purchasable","14":"product-type-simple"},"_links":{"self":[{"href":"https:\/\/elitesoftkeys.com\/it\/wp-json\/wp\/v2\/product\/2560","targetHints":{"allow":["GET"]}}],"collection":[{"href":"https:\/\/elitesoftkeys.com\/it\/wp-json\/wp\/v2\/product"}],"about":[{"href":"https:\/\/elitesoftkeys.com\/it\/wp-json\/wp\/v2\/types\/product"}],"version-history":[{"count":0,"href":"https:\/\/elitesoftkeys.com\/it\/wp-json\/wp\/v2\/product\/2560\/revisions"}],"wp:featuredmedia":[{"embeddable":true,"href":"https:\/\/elitesoftkeys.com\/it\/wp-json\/wp\/v2\/media\/2955"}],"wp:attachment":[{"href":"https:\/\/elitesoftkeys.com\/it\/wp-json\/wp\/v2\/media?parent=2560"}],"wp:term":[{"taxonomy":"product_brand","embeddable":true,"href":"https:\/\/elitesoftkeys.com\/it\/wp-json\/wp\/v2\/product_brand?post=2560"},{"taxonomy":"product_cat","embeddable":true,"href":"https:\/\/elitesoftkeys.com\/it\/wp-json\/wp\/v2\/product_cat?post=2560"},{"taxonomy":"product_tag","embeddable":true,"href":"https:\/\/elitesoftkeys.com\/it\/wp-json\/wp\/v2\/product_tag?post=2560"}],"curies":[{"name":"parola chiave","href":"https:\/\/api.w.org\/{rel}","templated":true}]}}