{"id":2558,"date":"2024-12-21T13:56:02","date_gmt":"2024-12-21T13:56:02","guid":{"rendered":"http:\/\/elitesoftkeys.com\/?product=adobe-photography-plan-20-gb"},"modified":"2025-11-22T15:01:48","modified_gmt":"2025-11-22T15:01:48","slug":"adobe-photography-plan-20-gb","status":"publish","type":"product","link":"https:\/\/elitesoftkeys.com\/it\/prodotto\/adobe-photography-plan-20-gb\/","title":{"rendered":"Piano Adobe Photography 20 GB"},"content":{"rendered":"<p>Il piano Adobe Creative Cloud Photography include<\/p>\n<p>un abbonamento di 1 anno<\/p>\n<p>1 utente, 2 dispositivi<\/p>\n<p>20 GB di Adobe Cloud inclusi<\/p>\n<p>Applicazioni Adobe: Adobe Photoshop, Adobe Lightroom, Lightroom Classic e Adobe Bridge<\/p>\n<p>Prezzi e sconti del piano fotografico<\/p>\n<p>Il Piano Fotografia \u00e8 offerto come abbonamento annuale con 20 GB di spazio di archiviazione incluso, il che lo rende la scelta ideale per i fotografi che necessitano di un accesso regolare agli strumenti Adobe. Offriamo uno sconto di 171 TP3T su questo abbonamento per garantire il miglior prezzo sul mercato e renderlo pi\u00f9 accessibile ai nostri clienti.<\/p>\n<p>Garanzia Adobe Certified Reseller<\/p>\n<p>EliteSoftKeys \u00e8 un rivenditore certificato Adobe. Questa certificazione attesta che siamo autorizzati a vendere prodotti e servizi Adobe e che soddisfiamo i requisiti di conoscenza del prodotto. In qualit\u00e0 di rivenditori certificati, garantiamo ai clienti prodotti autentici, un supporto eccellente e la migliore esperienza di acquisto di prodotti Adobe come Creative Cloud, Acrobat e altri.<\/p>\n<p>Panoramica del piano Adobe Photography<\/p>\n<p>Adobe Creative Cloud Photography Plan \u00e8 un abbonamento pensato per i fotografi professionisti. Include le app Adobe pi\u00f9 potenti, necessarie per l&#039;elaborazione, l&#039;archiviazione e la condivisione delle foto. L&#039;abbonamento consente di accedere alle applicazioni del Piano Fotografia pagando annualmente. Questo approccio elimina la necessit\u00e0 di pagare il software a prezzo pieno fin dall&#039;inizio. L&#039;abbonamento Adobe offre all&#039;utente la possibilit\u00e0 di ottenere aggiornamenti e nuove funzionalit\u00e0 non appena disponibili, l&#039;archiviazione cloud che consente di creare, archiviare e condividere su qualsiasi dispositivo e l&#039;accesso ad app mobili come Lightroom, ecc.<\/p>\n<p>Ecco una panoramica delle app principali incluse nel piano Adobe Creative Cloud Photography:<\/p>\n<p>Adobe Photoshop<\/p>\n<p>Photoshop \u00e8 uno strumento potente e ampiamente utilizzato per l&#039;editing di immagini e la progettazione grafica, supporta anche la progettazione 3D, l&#039;editing video e il compositing complesso. Fotografi, designer, artisti e professionisti utilizzano questo strumento per svolgere diverse attivit\u00e0, come il ritocco fotografico, la creazione di opere d&#039;arte digitali, la progettazione grafica e la preparazione di immagini per la stampa o il web.<\/p>\n<p>Adobe Lightroom<\/p>\n<p>Lightroom \u00e8 un software di fotoritocco e gestione progettato per fotografi professionisti e amatoriali. Consente agli utenti di importare, organizzare, modificare e condividere foto, oltre a fornire una gamma di strumenti per migliorare e modificare le immagini, tra cui correzione del colore, regolazione dell&#039;esposizione e ritocco. Si integra inoltre con i servizi cloud di Adobe, consentendo la sincronizzazione e l&#039;accesso alle foto su pi\u00f9 dispositivi.<\/p>\n<p>Adobe Lightroom Classico<\/p>\n<p>Adobe Lightroom Classic \u00e8 un software di fotoritocco e gestione progettato per i fotografi che preferiscono il tradizionale flusso di lavoro desktop. Permette di organizzare, modificare ed esportare le foto, in particolare in formato RAW, che conserva pi\u00f9 dettagli e consente una maggiore flessibilit\u00e0 in fase di post-produzione.<\/p>\n<p>Adobe Bridge<\/p>\n<p>Adobe Bridge \u00e8 un software per la gestione delle risorse in ambiente digitale creato da Adobe. \u00c8 il punto di riferimento unico per l&#039;organizzazione, la ricerca e la manipolazione di tutte le creazioni e risorse multimediali. Bridge consente agli utenti di visualizzare in anteprima, ordinare e filtrare gli elementi sul proprio computer, inclusi immagini, video, grafica e documenti.<\/p>\n<p>Perch\u00e9 il piano Adobe Photography \u00e8 pi\u00f9 economico di Photoshop?<\/p>\n<p>Il piano Adobe Photography \u00e8 pi\u00f9 economico di un abbonamento a Photoshop perch\u00e9 \u00e8 un&#039;offerta in bundle. I bundle sono progettati per soddisfare le esigenze specifiche dei clienti e offrono prezzi pi\u00f9 competitivi rispetto ai prodotti singoli. Questo approccio consente di offrire un valore maggiore a un prezzo inferiore e aiuta Adobe a rimanere competitiva.<\/p>\n<p>\u00c8 possibile acquistare una licenza a vita del Piano Fotografia?<\/p>\n<p>No, non \u00e8 possibile acquistare una licenza a vita per il piano Adobe Creative Cloud Photography. Adobe ha migrato tutti i suoi prodotti Creative Cloud al modello di abbonamento, il che implica che l&#039;utente debba pagare una quota mensile o annuale per utilizzare il software. Questo modello consente ad Adobe di rilasciare frequentemente aggiornamenti, nuove funzionalit\u00e0 e servizi cloud agli utenti.<\/p>\n<p>Cosa succede se non riesco ad attivare il mio abbonamento?<\/p>\n<p>In caso di domande o problemi con l&#039;attivazione del tuo abbonamento, contatta il nostro supporto tecnico gratuito, fornendo dettagli e screenshot del problema. Ti assisteremo immediatamente.<\/p>","protected":false},"excerpt":{"rendered":"<table style=\"border-collapse: collapse; width: 100%;\">\n<tbody>\n<tr>\n<th>Propriet\u00e0<\/th>\n<th>Valore<\/th>\n<\/tr>\n<tr>\n<td>Piattaforma<\/td>\n<td>Windows e macOS<\/td>\n<\/tr>\n<tr>\n<td>Lingua<\/td>\n<td>Multilingue<\/td>\n<\/tr>\n<tr>\n<td>Utenti supportati<\/td>\n<td>1 utente<\/td>\n<\/tr>\n<tr>\n<td>Sistema operativo<\/td>\n<td>Windows 11, Windows 10. Per il sistema operativo Mac Catalina 10.15.7 minimo<\/td>\n<\/tr>\n<tr>\n<td>Altri requisiti<\/td>\n<td>Qualsiasi dispositivo che supporti i sistemi operativi sopra elencati. I sistemi con processori ARM non sono supportati. Per attivare il programma \u00e8 necessaria una connessione Internet. La licenza del programma viene verificata ripetutamente a intervalli regolari.<\/td>\n<\/tr>\n<\/tbody>\n<\/table>","protected":false},"featured_media":2954,"template":"","meta":{"inline_featured_image":false},"product_brand":[],"product_cat":[116],"product_tag":[],"class_list":{"0":"post-2558","1":"product","2":"type-product","3":"status-publish","4":"has-post-thumbnail","6":"product_cat-photo-editing-software","8":"first","9":"instock","10":"sale","11":"virtual","12":"taxable","13":"purchasable","14":"product-type-simple"},"_links":{"self":[{"href":"https:\/\/elitesoftkeys.com\/it\/wp-json\/wp\/v2\/product\/2558","targetHints":{"allow":["GET"]}}],"collection":[{"href":"https:\/\/elitesoftkeys.com\/it\/wp-json\/wp\/v2\/product"}],"about":[{"href":"https:\/\/elitesoftkeys.com\/it\/wp-json\/wp\/v2\/types\/product"}],"version-history":[{"count":0,"href":"https:\/\/elitesoftkeys.com\/it\/wp-json\/wp\/v2\/product\/2558\/revisions"}],"wp:featuredmedia":[{"embeddable":true,"href":"https:\/\/elitesoftkeys.com\/it\/wp-json\/wp\/v2\/media\/2954"}],"wp:attachment":[{"href":"https:\/\/elitesoftkeys.com\/it\/wp-json\/wp\/v2\/media?parent=2558"}],"wp:term":[{"taxonomy":"product_brand","embeddable":true,"href":"https:\/\/elitesoftkeys.com\/it\/wp-json\/wp\/v2\/product_brand?post=2558"},{"taxonomy":"product_cat","embeddable":true,"href":"https:\/\/elitesoftkeys.com\/it\/wp-json\/wp\/v2\/product_cat?post=2558"},{"taxonomy":"product_tag","embeddable":true,"href":"https:\/\/elitesoftkeys.com\/it\/wp-json\/wp\/v2\/product_tag?post=2558"}],"curies":[{"name":"parola chiave","href":"https:\/\/api.w.org\/{rel}","templated":true}]}}