{"id":2554,"date":"2024-12-21T13:55:58","date_gmt":"2024-12-21T13:55:58","guid":{"rendered":"http:\/\/elitesoftkeys.com\/?product=windows-server-2019-standard-cal"},"modified":"2025-07-06T14:07:04","modified_gmt":"2025-07-06T14:07:04","slug":"windows-server-2019-standard-cal","status":"publish","type":"product","link":"https:\/\/elitesoftkeys.com\/it\/prodotto\/windows-server-2019-standard-cal\/","title":{"rendered":"CAL standard di Windows Server 2019"},"content":{"rendered":"<p>Progettato per aziende con pi\u00f9 di 25 utenti e 50 dispositivi<\/p>\n<p>Esegui carichi di lavoro critici per l&#039;azienda nel tuo data center, sul cloud e all&#039;edge<\/p>\n<p>Sicurezza avanzata multistrato contro le minacce<\/p>\n<p>Strumenti migliorati per la gestione dei server ibridi<\/p>\n<p>Pacchetto di licenze da 16 core incluso, pi\u00f9 licenze di accesso client (CAL) aggiuntive<\/p>\n<p>Lingue supportate: cinese (semplificato), inglese, francese, tedesco, italiano, giapponese, russo, spagnolo<\/p>\n<p>Questo prodotto fa riferimento al servizio CAL (Client Access License) per poter concedere agli utenti e ai dispositivi il diritto di accedere al software server Microsoft installato su una macchina.<\/p>\n<p>Windows Server 2019 si basa sulle solide fondamenta di Windows Server 2019 e introduce numerose innovazioni su tre temi chiave: sicurezza multilivello, funzionalit\u00e0 ibride con Azure e una piattaforma applicativa flessibile.<\/p>\n<p>Le funzionalit\u00e0 Secured-core aiutano a proteggere hardware, firmware e funzionalit\u00e0 del sistema operativo Windows Server da minacce alla sicurezza avanzate. Il server Secured-core si basa su tecnologie come Windows Defender System Guard e Virtualization-based Security per ridurre al minimo il rischio di vulnerabilit\u00e0 del firmware e malware avanzati. La nuova versione offre anche connettivit\u00e0 protetta che introduce diverse nuove funzionalit\u00e0, come connessioni HTTPS crittografate pi\u00f9 veloci e sicure, crittografia SMB AES 256 standard di settore e altro ancora.<\/p>\n<p>Windows Server 2019 migliora la gestione dei server ibridi con una gestione delle VM notevolmente migliorata, un visualizzatore eventi migliorato e molte altre nuove funzionalit\u00e0 in Windows Admin Center. Inoltre, questa versione include miglioramenti significativi ai container Windows, come dimensioni delle immagini ridotte per un download pi\u00f9 rapido, implementazione semplificata dei criteri di rete e strumenti di containerizzazione per le applicazioni .NET.<\/p>\n<p>L&#039;edizione Datacenter \u00e8 la pi\u00f9 completa e include le nuove funzionalit\u00e0 specifiche per Datacenter (Shielded Virtual Machines, Storage Spaces Direct e Software-Defined Networking), oltre alla virtualizzazione illimitata dei server. Di seguito \u00e8 possibile confrontare le due edizioni.<\/p>\n<p>Norma 2019<\/p>\n<p>Datacenter 2019<\/p>\n<p>Ideale per<\/p>\n<p>Ambienti fisici o minimamente virtualizzati<\/p>\n<p>Data center altamente virtualizzati e ambienti cloud<\/p>\n<p>Modello di licenza<\/p>\n<p>Basato sul core<\/p>\n<p>Basato sul core<\/p>\n<p>Requisito CAL<\/p>\n<p>CAL di Windows Server<\/p>\n<p>CAL di Windows Server<\/p>\n<p>Funzionalit\u00e0 principali di Windows Server<\/p>\n<p>Integrazione ibrida<\/p>\n<p>Contenitori isolati OSE\/Hyper-V<\/p>\n<p>2<\/p>\n<p>Illimitato<\/p>\n<p>Contenitori di Windows Server<\/p>\n<p>Illimitato<\/p>\n<p>Illimitato<\/p>\n<p>Replica di archiviazione<\/p>\n<p>Reti definite dal software<\/p>\n<p>Archiviazione definita dal software<\/p>\n<p>Chiave di supporto delle funzionalit\u00e0:<\/p>\n<p>Funzionalit\u00e0 disponibile Funzionalit\u00e0 non disponibile Funzionalit\u00e0 limitata<\/p>","protected":false},"excerpt":{"rendered":"<table style='border-collapse: collapse; width: 100%;'>\n<tr>\n<th>Propriet\u00e0<\/th>\n<th>Valore<\/th>\n<\/tr>\n<tr>\n<td>Piattaforma<\/td>\n<td>Finestre<\/td>\n<\/tr>\n<tr>\n<td>Processore<\/td>\n<td>Minimo: processore da 1,4 GHz a 64 bit Compatibile con il set di istruzioni x64 Supporta NX e DEP Supporta CMPXCHG16b, LAHF\/SAHF e PrefetchW Supporta Second Level Address Translation (EPT o NPT) Coreinfo, parte di Windows Sysinternals, \u00e8 uno strumento che puoi utilizzare per verificare quali di queste funzionalit\u00e0 ha la tua CPU.<\/td>\n<\/tr>\n<tr>\n<td>Disco rigido<\/td>\n<td>I computer che eseguono Windows Server devono includere una scheda di archiviazione conforme alle specifiche dell&#039;architettura PCI Express. I dispositivi di archiviazione persistenti sui server classificati come unit\u00e0 disco rigido non devono essere PATA. Windows Server non consente l&#039;utilizzo di ATA\/PATA\/IDE\/EIDE per unit\u00e0 di avvio, di paging o dati. Di seguito sono riportati i requisiti minimi stimati di spazio su disco per la partizione di sistema. Minimo: 32 GB.<\/td>\n<\/tr>\n<tr>\n<td>Memoria RAM<\/td>\n<td>Minimo: 512 MB (2 GB per l&#039;opzione di installazione Server con Desktop Experience) Tipo ECC (Error Correcting Code) o tecnologia simile, per distribuzioni host fisiche<\/td>\n<\/tr>\n<tr>\n<td>Requisiti della scheda di rete<\/td>\n<td>Le schede di rete utilizzate con questa versione devono includere le seguenti funzionalit\u00e0: Minimo: una scheda Ethernet con una velocit\u00e0 di trasmissione di almeno 1 gigabit al secondo. Conforme alle specifiche dell&#039;architettura PCI Express. Una scheda di rete che supporti il debug di rete (KDNet) \u00e8 utile, ma non \u00e8 un requisito minimo. Una scheda di rete che supporti il Pre-boot Execution Environment (PXE) \u00e8 utile, ma non \u00e8 un requisito minimo.<\/td>\n<\/tr>\n<tr>\n<td>Altri requisiti<\/td>\n<td>I computer che eseguono questa versione devono inoltre disporre di quanto segue: Unit\u00e0 DVD (se si intende installare il sistema operativo da un supporto DVD). I seguenti elementi sono necessari solo per determinate funzionalit\u00e0: Sistema basato su UEFI 2.3.1c e firmware che supporta l&#039;avvio protetto Trusted Platform Module Dispositivo grafico e monitor con risoluzione Super VGA (1024 x 768) o superiore Tastiera e mouse Microsoft (o altro dispositivo di puntamento compatibile) Accesso a Internet<\/td>\n<\/tr>\n<\/table>","protected":false},"featured_media":2921,"template":"","meta":{"inline_featured_image":false},"product_brand":[],"product_cat":[108],"product_tag":[],"class_list":{"0":"post-2554","1":"product","2":"type-product","3":"status-publish","4":"has-post-thumbnail","6":"product_cat-server-software","8":"first","9":"instock","10":"sale","11":"virtual","12":"taxable","13":"purchasable","14":"product-type-simple"},"_links":{"self":[{"href":"https:\/\/elitesoftkeys.com\/it\/wp-json\/wp\/v2\/product\/2554","targetHints":{"allow":["GET"]}}],"collection":[{"href":"https:\/\/elitesoftkeys.com\/it\/wp-json\/wp\/v2\/product"}],"about":[{"href":"https:\/\/elitesoftkeys.com\/it\/wp-json\/wp\/v2\/types\/product"}],"version-history":[{"count":0,"href":"https:\/\/elitesoftkeys.com\/it\/wp-json\/wp\/v2\/product\/2554\/revisions"}],"wp:featuredmedia":[{"embeddable":true,"href":"https:\/\/elitesoftkeys.com\/it\/wp-json\/wp\/v2\/media\/2921"}],"wp:attachment":[{"href":"https:\/\/elitesoftkeys.com\/it\/wp-json\/wp\/v2\/media?parent=2554"}],"wp:term":[{"taxonomy":"product_brand","embeddable":true,"href":"https:\/\/elitesoftkeys.com\/it\/wp-json\/wp\/v2\/product_brand?post=2554"},{"taxonomy":"product_cat","embeddable":true,"href":"https:\/\/elitesoftkeys.com\/it\/wp-json\/wp\/v2\/product_cat?post=2554"},{"taxonomy":"product_tag","embeddable":true,"href":"https:\/\/elitesoftkeys.com\/it\/wp-json\/wp\/v2\/product_tag?post=2554"}],"curies":[{"name":"parola chiave","href":"https:\/\/api.w.org\/{rel}","templated":true}]}}