{"id":2550,"date":"2024-12-21T13:55:54","date_gmt":"2024-12-21T13:55:54","guid":{"rendered":"http:\/\/elitesoftkeys.com\/?product=windows-server-2025-standard-16-core"},"modified":"2025-07-06T14:07:04","modified_gmt":"2025-07-06T14:07:04","slug":"windows-server-2025-standard-16-core","status":"publish","type":"product","link":"https:\/\/elitesoftkeys.com\/it\/prodotto\/windows-server-2025-standard-16-core\/","title":{"rendered":"Windows Server 2025 Standard (16 core)"},"content":{"rendered":"<p>Windows Server 2025 \u00e8 progettato per le aziende con pi\u00f9 di 25 utenti e 50 dispositivi e offre una piattaforma solida per l&#039;esecuzione di carichi di lavoro critici per l&#039;azienda nel data center, nel cloud e nella rete perimetrale.<\/p>\n<p>Caratteristiche principali:<\/p>\n<p>Sicurezza multilivello avanzata: protezione dalle minacce con funzionalit\u00e0 avanzate.<\/p>\n<p>Gestione ibrida avanzata: strumenti avanzati per la gestione dei server ibridi.<\/p>\n<p>Pacchetto di licenze: include 16 licenze core e CAL (licenze di accesso client) aggiuntive.<\/p>\n<p>Supporto multilingue: disponibile in cinese (semplificato), inglese, francese, tedesco, italiano, giapponese, russo e spagnolo.<\/p>\n<p>Innovazioni di Windows Server 2025:<\/p>\n<p>Windows Server 2025 si basa sulle solide fondamenta di Windows Server 2022, apportando numerose innovazioni in tre aree chiave: sicurezza multilivello, funzionalit\u00e0 ibride con Azure e una piattaforma applicativa flessibile.<\/p>\n<p>Sicurezza avanzata:<\/p>\n<p>Archiviazione centrale protetta: protegge hardware, firmware e sistema operativo dalle minacce avanzate.<\/p>\n<p>Tecnologie di protezione: include Windows Defender e sicurezza basata sulla virtualizzazione per ridurre al minimo i rischi derivanti da vulnerabilit\u00e0 del firmware e malware avanzati.<\/p>\n<p>Connettivit\u00e0 sicura: introduce connessioni HTTPS crittografate pi\u00f9 veloci e sicure, crittografia SMB AES 256 e molto altro.<\/p>\n<p>Gestione avanzata:<\/p>\n<p>Gestione server ibrida: miglioramenti significativi nella gestione delle macchine virtuali, visualizzatore eventi ottimizzato e nuove funzionalit\u00e0 in Windows Admin Center.<\/p>\n<p>Contenitori Windows: immagini pi\u00f9 piccole per download rapidi, strumenti di containerizzazione e criteri di rete semplificati per le applicazioni .NET.<\/p>\n<p>Edizione Datacenter:<\/p>\n<p>Windows Server 2025 \u00e8 l&#039;edizione Datacenter pi\u00f9 completa e include nuove funzionalit\u00e0 specifiche per i data center, come macchine virtuali schermate, archiviazione diretta e Software-Defined Networking, nonch\u00e9 virtualizzazione illimitata dei server.<\/p>\n<p>Come mai le licenze di Windows Server 2025 hanno un prezzo cos\u00ec basso?<\/p>\n<p>Offriamo licenze al dettaglio utilizzate e dismesse dal precedente proprietario, in conformit\u00e0 con la normativa CE C-128\/2011. Per questo motivo, puoi acquistare la licenza ufficiale di Windows Server 2025 sul nostro sito a un prezzo conveniente.<\/p>\n<p>Come ricevo la mia licenza dopo aver acquistato Windows Server 2025?<\/p>\n<p>Dopo aver completato l&#039;acquisto, ti invieremo una chiave di attivazione della licenza tramite e-mail.<\/p>\n<p>Come faccio a scaricare, installare e attivare Windows Server 2025?<\/p>\n<p>Ti forniremo tutto ci\u00f2 di cui hai bisogno! Dopo aver acquistato la licenza, riceverai la tua chiave digitale e manuali illustrativi con semplici istruzioni. Per ulteriori domande, offriamo supporto tecnico gratuito tramite i contatti elencati su www.EliteSoftKeys.com.<\/p>\n<p>Cosa posso fare se non riesco ad attivare la mia licenza di Windows Server 2025?<\/p>\n<p>Nessun problema, siamo sempre disponibili ad aiutarti! Se non riesci ad attivare la tua licenza di Windows Server 2025, contatta il nostro supporto tecnico gratuito sul sito, fornendo dettagli e screenshot del problema. Ti assisteremo immediatamente.<\/p>","protected":false},"excerpt":{"rendered":"<table style='border-collapse: collapse; width: 100%;'>\n<tr>\n<th>Propriet\u00e0<\/th>\n<th>Valore<\/th>\n<\/tr>\n<tr>\n<td>Piattaforma<\/td>\n<td>Finestre<\/td>\n<\/tr>\n<tr>\n<td>Processore<\/td>\n<td>Minimo: processore da 1,4 GHz a 64 bit Compatibile con il set di istruzioni x64 Supporta NX e DEP Supporta CMPXCHG16b, LAHF\/SAHF e PrefetchW Supporta Second Level Address Translation (EPT o NPT) Coreinfo, parte di Windows Sysinternals, \u00e8 uno strumento che puoi utilizzare per verificare quali di queste funzionalit\u00e0 ha la tua CPU.<\/td>\n<\/tr>\n<tr>\n<td>Disco rigido<\/td>\n<td>I computer che eseguono Windows Server devono includere una scheda di archiviazione conforme alle specifiche dell&#039;architettura PCI Express. I dispositivi di archiviazione persistenti sui server classificati come unit\u00e0 disco rigido non devono essere PATA. Windows Server non consente l&#039;utilizzo di ATA\/PATA\/IDE\/EIDE per unit\u00e0 di avvio, di paging o dati. Di seguito sono riportati i requisiti minimi stimati di spazio su disco per la partizione di sistema. Minimo: 32 GB.<\/td>\n<\/tr>\n<tr>\n<td>Memoria RAM<\/td>\n<td>Minimo: 512 MB (2 GB per l&#039;opzione di installazione Server con Desktop Experience) Tipo ECC (Error Correcting Code) o tecnologia simile, per distribuzioni host fisiche<\/td>\n<\/tr>\n<tr>\n<td>Requisiti della scheda di rete<\/td>\n<td>Le schede di rete utilizzate con questa versione devono includere le seguenti funzionalit\u00e0: Minimo: una scheda Ethernet con una velocit\u00e0 di trasmissione di almeno 1 gigabit al secondo. Conforme alle specifiche dell&#039;architettura PCI Express. Una scheda di rete che supporti il debug di rete (KDNet) \u00e8 utile, ma non \u00e8 un requisito minimo. Una scheda di rete che supporti il Pre-boot Execution Environment (PXE) \u00e8 utile, ma non \u00e8 un requisito minimo.<\/td>\n<\/tr>\n<tr>\n<td>Altri requisiti<\/td>\n<td>I computer che eseguono questa versione devono inoltre disporre di quanto segue: Unit\u00e0 DVD (se si intende installare il sistema operativo da un supporto DVD). I seguenti elementi sono necessari solo per determinate funzionalit\u00e0: Sistema basato su UEFI 2.3.1c e firmware che supporta l&#039;avvio protetto Trusted Platform Module Dispositivo grafico e monitor con risoluzione Super VGA (1024 x 768) o superiore Tastiera e mouse Microsoft (o altro dispositivo di puntamento compatibile) Accesso a Internet<\/td>\n<\/tr>\n<\/table>","protected":false},"featured_media":2923,"template":"","meta":{"inline_featured_image":false},"product_brand":[],"product_cat":[108],"product_tag":[],"class_list":{"0":"post-2550","1":"product","2":"type-product","3":"status-publish","4":"has-post-thumbnail","6":"product_cat-server-software","8":"first","9":"instock","10":"sale","11":"virtual","12":"taxable","13":"purchasable","14":"product-type-simple"},"_links":{"self":[{"href":"https:\/\/elitesoftkeys.com\/it\/wp-json\/wp\/v2\/product\/2550","targetHints":{"allow":["GET"]}}],"collection":[{"href":"https:\/\/elitesoftkeys.com\/it\/wp-json\/wp\/v2\/product"}],"about":[{"href":"https:\/\/elitesoftkeys.com\/it\/wp-json\/wp\/v2\/types\/product"}],"version-history":[{"count":0,"href":"https:\/\/elitesoftkeys.com\/it\/wp-json\/wp\/v2\/product\/2550\/revisions"}],"wp:featuredmedia":[{"embeddable":true,"href":"https:\/\/elitesoftkeys.com\/it\/wp-json\/wp\/v2\/media\/2923"}],"wp:attachment":[{"href":"https:\/\/elitesoftkeys.com\/it\/wp-json\/wp\/v2\/media?parent=2550"}],"wp:term":[{"taxonomy":"product_brand","embeddable":true,"href":"https:\/\/elitesoftkeys.com\/it\/wp-json\/wp\/v2\/product_brand?post=2550"},{"taxonomy":"product_cat","embeddable":true,"href":"https:\/\/elitesoftkeys.com\/it\/wp-json\/wp\/v2\/product_cat?post=2550"},{"taxonomy":"product_tag","embeddable":true,"href":"https:\/\/elitesoftkeys.com\/it\/wp-json\/wp\/v2\/product_tag?post=2550"}],"curies":[{"name":"parola chiave","href":"https:\/\/api.w.org\/{rel}","templated":true}]}}