{"id":2544,"date":"2024-12-21T13:55:48","date_gmt":"2024-12-21T13:55:48","guid":{"rendered":"http:\/\/elitesoftkeys.com\/?product=windows-sql-server-2019-standard-cal"},"modified":"2025-07-06T14:07:04","modified_gmt":"2025-07-06T14:07:04","slug":"windows-sql-server-2019-standard-cal","status":"publish","type":"product","link":"https:\/\/elitesoftkeys.com\/it\/prodotto\/windows-sql-server-2019-standard-cal\/","title":{"rendered":"Windows SQL Server 2019 Standard CAL"},"content":{"rendered":"<p>Questo prodotto fa riferimento ai servizi CAL (Client Access Licences) per accordare agli utenti e agli apparecchi il diritto di accesso al server logico Microsoft installato su una macchina.<\/p>\n<p>SQL Server 2019 (15.x) \u00e8 disponibile sulle versioni precedenti per fare grandi SQL Server in modo che la piattaforma offra una scelta di linguaggi di sviluppo, tipi di dati, ambienti sul sito o nel cloud e sistemi di sfruttamento. SQL Server 2019 (15.x) introduce i cluster di dati voluminosi per SQL Server. Fornisce inoltre funzionalit\u00e0 aggiuntive e miglioramenti per il motore di base dei dati SQL Server, SQL Server Analysis Services, SQL Server Machine Learning Services, SQL Server su Linux e SQL Server Master Data Services.<\/p>\n<p>Funzionalit\u00e0 di SQL Server 2019:<\/p>\n<p>Motore di base dei dati SQL Server. SQL Server Database Engine comprende il motore della base dei dati, il servizio principale per l&#039;archiviazione, il trattamento e la protezione dei dati, la replica, la ricerca di tutto il testo, gli strumenti di gestione delle relazioni dei dati e XML, l&#039;integrazione dell&#039;analisi delle basi dei dati e l&#039;integrazione PolyBase per l&#039;accesso a Hadoop e ad altre fonti di dati h\u00e9t\u00e9rog\u00e8nes, cos\u00ec come Machine Learning Services per eseguire script Python e R con relazioni di dati.<\/p>\n<p>Servizi di analisi. I servizi di analisi comprendono strumenti che consentono di creare e gestire applicazioni di trattamento analitico in linea (OLAP) e di esplorazione dei dati.<\/p>\n<p>Servizi di segnalazione. Reporting Services comprende componenti server e client per creare, generare e distribuire rapporti tabulati, matriciali, grafici e in formato libero. Reporting Services \u00e8 anche una piattaforma estensibile che pu\u00f2 essere utilizzata per lo sviluppo di applicazioni di reporting.<\/p>\n<p>Servizi di integrazione. I servizi di integrazione sono un insieme di strumenti grafici e oggetti programmabili che consentono lo spostamento, la copiatura e la trasformazione dei dati. Comprende inoltre il componente Data Quality Services (DQS) per i servizi di integrazione.<\/p>\n<p>Servizi di riferimento. Master Data Services (MDS) \u00e8 la soluzione di SQL Server per la gestione dei dati di riferimento. MDS pu\u00f2 essere configurato per importare determinati domini (prodotti, clienti, conti) e comprendere gerarchie, sicurezza granulare, transazioni, versioni di dati e regole di gestione, nonch\u00e9 un complemento per Excel che pu\u00f2 essere utilizzato per leggere i dati.<\/p>\n<p>Servizi di apprendimento automatico (nella base dei dati) Servizi di machine learning (in-database) prendono in carico soluzioni di apprendimento automatico distribuite ed evolute che utilizzano fonti di dati aziendali. In SQL Server 2016, la lingua R\u00e9tait \u00e8 a pagamento. SQL Server 2019 (15.x) disponibile in versione R e Python.<\/p>\n<p>Serveur d&#039;apprentissage automatique (autonomo). Machine Learning Server (Standalone) si occupa dell&#039;implementazione di soluzioni di apprendimento automatiche distribuite ed evolute su pi\u00f9 piattaforme e con l&#039;aiuto di pi\u00f9 fonti di dati aziendali, tra cui Linux e Hadoop. In SQL Server 2016, la lingua R\u00e9tait \u00e8 a pagamento. SQL Server 2019 (15.x) disponibile in versione R e Python.<\/p>\n<p>SQL Server 2019 Standard Edition fornisce una base di gestione dei dati e di business intelligence per i dipartimenti e le piccole organizzazioni per eseguire applicazioni e prendere in carico gli strumenti di sviluppo comuni per l&#039;ambiente locale e il cloud, consentendo una gestione efficace della base di dati con risorse informatiche minime.<\/p>","protected":false},"excerpt":{"rendered":"<table style='border-collapse: collapse; width: 100%;'>\n<tr>\n<th>Propriet\u00e0<\/th>\n<th>Valore<\/th>\n<\/tr>\n<tr>\n<td>Plate-forme<\/td>\n<td>Finestre<\/td>\n<\/tr>\n<tr>\n<td>Processore<\/td>\n<td>Processore x64: AMD Opteron, AMD Athlon 64, Intel Xeon con supporto Intel EM64T, Intel Pentium IV con supporto EM64T \/<\/td>\n<\/tr>\n<tr>\n<td>Spazio disco<\/td>\n<td>Meno di 6 Go<\/td>\n<\/tr>\n<tr>\n<td>Memoria RAM<\/td>\n<td>Minimo: 1 Go Consigliato: au moins 4 Go, qui doivent \u00eatre augmentes au fur et \u00e0 mesure que la taille de la base de donn\u00e9es augmente pour garantir des performance ottimali.<\/td>\n<\/tr>\n<tr>\n<td>Compatibilit\u00e9 des syst\u00e8mes<\/td>\n<td>Windows 10 TH1 1507 o versione successiva. Windows Server 2016 o superiore.<\/td>\n<\/tr>\n<tr>\n<td>Esigenze in materia di rete<\/td>\n<td>I sistemi di sfruttamento caricati da SQL Server comprendono una rete logica integrata. Le istanze nominate e per impostazione predefinita un&#039;installazione autonoma si caricano dei protocolli di rete seguenti: Memoria condivisa, nome del tubo e TCP\/IP.<\/td>\n<\/tr>\n<tr>\n<td>Altre esigenze<\/td>\n<td>I sistemi di sfruttamento devono comprendere almeno il .NET Framework.<\/td>\n<\/tr>\n<\/table>","protected":false},"featured_media":2926,"template":"","meta":{"inline_featured_image":false},"product_brand":[],"product_cat":[108],"product_tag":[],"class_list":{"0":"post-2544","1":"product","2":"type-product","3":"status-publish","4":"has-post-thumbnail","6":"product_cat-server-software","8":"first","9":"instock","10":"sale","11":"virtual","12":"taxable","13":"purchasable","14":"product-type-simple"},"_links":{"self":[{"href":"https:\/\/elitesoftkeys.com\/it\/wp-json\/wp\/v2\/product\/2544","targetHints":{"allow":["GET"]}}],"collection":[{"href":"https:\/\/elitesoftkeys.com\/it\/wp-json\/wp\/v2\/product"}],"about":[{"href":"https:\/\/elitesoftkeys.com\/it\/wp-json\/wp\/v2\/types\/product"}],"version-history":[{"count":0,"href":"https:\/\/elitesoftkeys.com\/it\/wp-json\/wp\/v2\/product\/2544\/revisions"}],"wp:featuredmedia":[{"embeddable":true,"href":"https:\/\/elitesoftkeys.com\/it\/wp-json\/wp\/v2\/media\/2926"}],"wp:attachment":[{"href":"https:\/\/elitesoftkeys.com\/it\/wp-json\/wp\/v2\/media?parent=2544"}],"wp:term":[{"taxonomy":"product_brand","embeddable":true,"href":"https:\/\/elitesoftkeys.com\/it\/wp-json\/wp\/v2\/product_brand?post=2544"},{"taxonomy":"product_cat","embeddable":true,"href":"https:\/\/elitesoftkeys.com\/it\/wp-json\/wp\/v2\/product_cat?post=2544"},{"taxonomy":"product_tag","embeddable":true,"href":"https:\/\/elitesoftkeys.com\/it\/wp-json\/wp\/v2\/product_tag?post=2544"}],"curies":[{"name":"parola chiave","href":"https:\/\/api.w.org\/{rel}","templated":true}]}}