{"id":2542,"date":"2024-12-21T13:55:46","date_gmt":"2024-12-21T13:55:46","guid":{"rendered":"http:\/\/elitesoftkeys.com\/?product=vmware-vsphere-essentials-kit-plus-7-licence-a-vie"},"modified":"2025-07-06T14:07:04","modified_gmt":"2025-07-06T14:07:04","slug":"vmware-vsphere-essentials-kit-plus-7-licence-a-vie","status":"publish","type":"product","link":"https:\/\/elitesoftkeys.com\/it\/prodotto\/vmware-vsphere-essentials-kit-plus-7-licence-a-vie\/","title":{"rendered":"VMware Vsphere Essentials Kit Plus 7 \u2013 Licenza a vita"},"content":{"rendered":"<p>Dettagli del prodotto<\/p>\n<p>Si tratta di una chiave di licenza autentica per VMware vSphere 7 Essentials Plus Kit, una soluzione che consente alle piccole aziende di virtualizzare i propri server fisici e ridurre i costi del materiale garantendo un&#039;elevata disponibilit\u00e0 delle applicazioni e una protezione dei dati.<\/p>\n<p>Caratteristiche della licenza:<\/p>\n<p>1 utilisateur, 1 appareil<\/p>\n<p>Licenza di vita<\/p>\n<p>Multilingue<\/p>\n<p>Compatibile con Windows 32 bit e 64 bit<\/p>\n<p>Acquista VMware vSphere 7 Essentials Plus Kit al miglior prezzo del mercato<\/p>\n<p>EliteSoftKeys propone premi imbattibili su VMware vSphere, offrendo ai professionisti e alle imprese un valore eccezionale. Beneficia di 60 % di riduzione su questa soluzione di virtualizzazione e di cloud computing di primo livello, che ti consente di ottimizzare le risorse informatiche, razionalizzare le operazioni e migliorare le prestazioni virtuali. Inoltre, beneficerai di un&#039;assistenza tecnica gratuita per un&#039;installazione in dolcezza e un aiuto per continuare.<\/p>\n<p>Cos&#039;\u00e8 VMware vSphere?<\/p>\n<p>vSphere \u00e8 la logica di virtualizzazione dei server leader del mercato e il cuore di un SDDC moderno. Ti aiuta a eseguire, gestire, connettere e proteggere le tue applicazioni in un ambiente di sfruttamento comune all&#039;insieme delle nuvole.<\/p>\n<p>VMware vSphere permet de<\/p>\n<p>Assicurare la continuit\u00e0 dell&#039;attivit\u00e0 e la disponibilit\u00e0 permanente dell&#039;informatica.<\/p>\n<p>Ridurre i costi del materiale informatico.<\/p>\n<p>Riduci il lavoro informatico e semplifica la gestione.<\/p>\n<p>Migliorare i livelli di servizio e la qualit\u00e0 delle applicazioni.<\/p>\n<p>Rafforzare la sicurezza e la protezione dei dati.<\/p>\n<p>Principali caratteristiche di vSphere:<\/p>\n<p>Hyperviseur (ESXi): Divano fondamentale della virtualizzazione.<\/p>\n<p>vMotion: Permet la migrazione diretta delle macchine virtuali tra gli alloggi senza interruzioni, facilitando la manutenzione senza interruzione del servizio.<\/p>\n<p>Alta disponibilit\u00e0: assicura il ripristino automatico delle applicazioni in caso di guasto di un server, migliorando anche la continuit\u00e0 delle attivit\u00e0.<\/p>\n<p>vShield Endpoint: garantisce la sicurezza delle macchine virtuali senza comprometterne le prestazioni.<\/p>\n<p>Replica: Assicurare la protezione dei dati replicando le macchine virtuali su siti diversi.<\/p>\n<p>Protezione dei dati: Fornita capacit\u00e0 di salvataggio senza agente per le macchine virtuali e i dati.<\/p>\n<p>VMware vCenter Server for Essentials: fornisce una gestione centralizzata e un monitoraggio delle prestazioni per tutte le macchine virtuali e gli host vSphere.<\/p>\n<p>Per scegliere EliteSoftKeys per acquistare licenze logiche?<\/p>\n<p>EliteSoftKeys \u00e8 il tuo fornitore di fiducia per le licenze logiche originali al miglior prezzo. Nous offrons:<\/p>\n<p>Unicit\u00e0 dei logici autentici: i logici vengono sempre scaricati dal sito ufficiale dell&#039;editore, che garantisce l&#039;autenticit\u00e0 dei prodotti.<\/p>\n<p>Des prix imbattables: Nos prix comp\u00e9titifs sont rendus possibles par la revente de licenses \u201cd&#039;occasion\u201d, una pratica l\u00e9galement autoris\u00e9e par l&#039;arr\u00eat de la CJUE du 3 juillet 2012.<\/p>\n<p>Un servizio clienti eccezionale: la nostra squadra di assistenza multilingue \u00e8 disponibile 7 giorni su 7 e beneficia di una nota media di 4,9\/5 sulle piattaforme di Trustpilot, Trusted Shops e Google Reviews.<\/p>\n<p>Opzioni di pagamento sicuro: Un&#039;ampia scelta di metodi di pagamento sicuro \u00e8 disponibile per i nostri clienti, in particolare Apple Pay, Google Pay e le carte di credito.<\/p>\n<p>Differenza tra Essentials e Essentials Plus<\/p>\n<p>vSphere Essentials comprende in modo esclusivo l&#039;hyperviseur iESXi, mentre vSphere Essentials Plus garantisce la continuit\u00e0 delle attivit\u00e0 grazie alle funzionalit\u00e0 aggiuntive quali vMotion, High Availability, vShield Endpoint, vSphere Replication.<\/p>\n<p>Posso usare questa chiave di licenza per Mac?<\/p>\n<p>Malheureusement, no. Navisworks Manage \u00e8 una logica concepita per i computer dotati del sistema di sfruttamento Windows.<\/p>\n<p>VMware vSphere 7 Essentials Plus Kit \u2013 download e guida all&#039;installazione<\/p>\n<p>Ci impegniamo a non fornire i trasferimenti ufficiali dei prodotti acquistati!<\/p>\n<p>Dopo l&#039;acquisto, riceverai un corriere elettronico contenente la chiave di licenza del kit vSphere 7 Essentials Plus, nonch\u00e9 le istruzioni visualizzate sul modo di download dopo il sito ufficiale di VMware e attivando la chiave di licenza acquistata.<\/p>\n<p>Domande frequenti<\/p>\n<p>Esistono versioni pi\u00f9 recenti di vSphere?<\/p>\n<p>S\u00ec, esiste un kit VMware Vsphere 8 Essentials Plus disponibile presso il nostro sito.<\/p>\n<p>Cos&#039;\u00e8 vSphere Fault Tolerance (FT)?<\/p>\n<p>Elle assicura una disponibilit\u00e0 continua delle applicazioni creando un&#039;istanza fantastica di una macchina virtuale che riflette la macchina virtuale primaire. In caso di pannello materiale, vSphere FT chiude automaticamente il basculante per evitare tempi di arresto e perdite di dati. Dopo il basculamento, vSphere FT crea automaticamente una nuova macchina virtuale secondaria per garantire una protezione continua dell&#039;applicazione.<\/p>\n<p>Commento, quindi ho ricevuto la chiave di licenza dopo aver acquistato Navisworks Manage ?<\/p>\n<p>Una volta effettuato l&#039;acquisto, ti incontreremo la chiave di attivazione della licenza tramite corriere elettronico.<\/p>\n<p>Cosa posso fare se non riesco ad attivare il mio abbonamento vSphere 7?<\/p>\n<p>Nessun problema, siamo sempre disponibili per aiutarti! Se non riesci ad attivare la licenza vSphere 7 per qualche motivo, contatta il nostro supporto tecnico gratuito fornendo i dettagli e le registrazioni dello schermo, cos\u00ec come le registrazioni dello schermo del problema. Nous vous aiderons rapidement \u00e0 le r\u00e9soudre.<\/p>","protected":false},"excerpt":{"rendered":"<table style='border-collapse: collapse; width: 100%;'>\n<tr>\n<th>Propriet\u00e0<\/th>\n<th>Valore<\/th>\n<\/tr>\n<tr>\n<td>Plate-forme<\/td>\n<td>Finestre<\/td>\n<\/tr>\n<tr>\n<td>Processore<\/td>\n<td>Intel VT-x o AMD-V.<\/td>\n<\/tr>\n<tr>\n<td>Spazio disco<\/td>\n<td>Variabile, non conveniente per l&#039;installazione<\/td>\n<\/tr>\n<tr>\n<td>Memoria RAM<\/td>\n<td>8 GB di RAM<\/td>\n<\/tr>\n<\/table>","protected":false},"featured_media":2928,"template":"","meta":{"inline_featured_image":false},"product_brand":[],"product_cat":[108],"product_tag":[],"class_list":{"0":"post-2542","1":"product","2":"type-product","3":"status-publish","4":"has-post-thumbnail","6":"product_cat-server-software","8":"first","9":"instock","10":"sale","11":"virtual","12":"taxable","13":"purchasable","14":"product-type-simple"},"_links":{"self":[{"href":"https:\/\/elitesoftkeys.com\/it\/wp-json\/wp\/v2\/product\/2542","targetHints":{"allow":["GET"]}}],"collection":[{"href":"https:\/\/elitesoftkeys.com\/it\/wp-json\/wp\/v2\/product"}],"about":[{"href":"https:\/\/elitesoftkeys.com\/it\/wp-json\/wp\/v2\/types\/product"}],"version-history":[{"count":0,"href":"https:\/\/elitesoftkeys.com\/it\/wp-json\/wp\/v2\/product\/2542\/revisions"}],"wp:featuredmedia":[{"embeddable":true,"href":"https:\/\/elitesoftkeys.com\/it\/wp-json\/wp\/v2\/media\/2928"}],"wp:attachment":[{"href":"https:\/\/elitesoftkeys.com\/it\/wp-json\/wp\/v2\/media?parent=2542"}],"wp:term":[{"taxonomy":"product_brand","embeddable":true,"href":"https:\/\/elitesoftkeys.com\/it\/wp-json\/wp\/v2\/product_brand?post=2542"},{"taxonomy":"product_cat","embeddable":true,"href":"https:\/\/elitesoftkeys.com\/it\/wp-json\/wp\/v2\/product_cat?post=2542"},{"taxonomy":"product_tag","embeddable":true,"href":"https:\/\/elitesoftkeys.com\/it\/wp-json\/wp\/v2\/product_tag?post=2542"}],"curies":[{"name":"parola chiave","href":"https:\/\/api.w.org\/{rel}","templated":true}]}}