{"id":2540,"date":"2024-12-21T13:55:43","date_gmt":"2024-12-21T13:55:43","guid":{"rendered":"http:\/\/elitesoftkeys.com\/?product=windows-server-2019-datacenter-16-core"},"modified":"2025-07-06T14:07:04","modified_gmt":"2025-07-06T14:07:04","slug":"windows-server-2019-datacenter-16-core","status":"publish","type":"product","link":"https:\/\/elitesoftkeys.com\/it\/prodotto\/windows-server-2019-datacenter-16-core\/","title":{"rendered":"Windows Server 2019 Datacenter (16 core)"},"content":{"rendered":"<p>Windows Server 2019 \u00e8 il sistema di sfruttamento che collega gli ambienti locali con i servizi Azure, consentendo scenari ibridi per ottimizzare gli investimenti esistenti. Rafforzare la sicurezza e ridurre i rischi commerciali grazie a pi\u00f9 divani di protezione integrati nel sistema di sfruttamento. Sviluppa l&#039;infrastruttura del tuo centro dati per ottenere una migliore efficacia e una migliore messa a punto con l&#039;infrastruttura iperconvergente. Windows Server 2019 consente inoltre di creare app native del cloud e di modernizzare le app tradizionali tramite contenitori e microservizi.<\/p>\n<p>Oltre a scaricare l&#039;ISO, eseguire Windows Server in Azure. Azure offre un eccellente mezzo di test per Windows Server 2019 con immagini predefinite.<\/p>\n<p>L&#039;edizione Datacenter \u00e8 la pi\u00f9 completa e include le nuove funzionalit\u00e0 specifiche dei centri dati (macchine virtuali cieche, stockage diretto e Software-Defined Networking), cos\u00ec come una virtualizzazione illimitata dei server. Une comparaison des \u00e9ditions est pr\u00e9sent\u00e9e ci-dessous.<\/p>\n<p>Norma 2019<\/p>\n<p>Datacenter 2019<\/p>\n<p>Ideale per<\/p>\n<p>Ambienti fisici o piccoli virtualizzati<\/p>\n<p>Cloud e ambienti di centri dati altamente virtualizzati<\/p>\n<p>Modello di licenza<\/p>\n<p>Bas\u00e9 sur le noyau<\/p>\n<p>Bas\u00e9 sur le noyau<\/p>\n<p>Esigenze dell&#039;autorit\u00e0 di certificazione<\/p>\n<p>CAL Windows Server<\/p>\n<p>CAL di Windows Server<\/p>\n<p>Funzionalit\u00e0 disponibili in generale<\/p>\n<p>R\u00e9seau d\u00e9fini par logiciel<\/p>\n<p>Non<\/p>\n<p>S\u00ec<\/p>\n<p>R\u00e9plication de l&#039;archivage<\/p>\n<p>S\u00ec, (1 collaboratore e 1 gruppo di risorse con un solo volume di 2 TB)<\/p>\n<p>S\u00ec, illimitato<\/p>\n<p>Espaces de stockage direct<\/p>\n<p>Non<\/p>\n<p>S\u00ec<\/p>\n<p>Attivazione dell&#039;antico sistema<\/p>\n<p>En tant qu&#039;invit\u00e9 si h\u00e9berg\u00e9 dans un centre de donn\u00e9es<\/p>\n<p>Peut \u00eatre h\u00f4te ou invit\u00e9<\/p>\n<p>Blocs et limites<\/p>\n<p>Pu\u00f2 essere utilizzato come invito alla virtualizzazione<\/p>\n<p>S\u00ec; due macchine virtuali, pi\u00f9 un h\u00f4te Hyper-V con licenza<\/p>\n<p>S\u00ec; un numero illimitato di macchine virtuali, oltre a un host Hyper-V con licenza<\/p>\n<p>Ruoli del servitore<\/p>\n<p>Contr\u00f4leur r\u00e9seau<\/p>\n<p>Non<\/p>\n<p>S\u00ec<\/p>\n<p>Funzionalit\u00e0<\/p>\n<p>Conteneurs<\/p>\n<p>S\u00ec (nome illimitato di contenitori Windows ; solo due contenitori Hyper-V)<\/p>\n<p>S\u00ec (nome illimitato di contenitori Windows e Hyper-V)<\/p>\n<p>Premio in carica per la sorveglianza degli hotel Hyper-V<\/p>\n<p>Non<\/p>\n<p>S\u00ec<\/p>","protected":false},"excerpt":{"rendered":"<table style='border-collapse: collapse; width: 100%;'>\n<tr>\n<th>Propriet\u00e0<\/th>\n<th>Valore<\/th>\n<\/tr>\n<tr>\n<td>Plate-forme<\/td>\n<td>Finestre<\/td>\n<\/tr>\n<tr>\n<td>Processore<\/td>\n<td>Processore 64 bit 1,4 GHz Compatibile con il gioco di istruzioni x64 Prezzo a carico di NX e protezione dell&#039;esecuzione dei programmi Premio a carico di CMPXCHG16b, LAHF\/SAHF e Prefetch Premio a carico di SLAT (Second-Level Address Translation) (EPT o NPT) Coreinfo, che fa parte di Windows Sysinternals, \u00e8 un outil que puoi utilizzarlo per verificare che non siano le caratteristiche del tuo processore.<\/td>\n<\/tr>\n<tr>\n<td>Spazio disco<\/td>\n<td>I computer che funzionano sotto Windows Server devono contenere una scheda di archiviazione conforme alle specifiche dell&#039;architettura PCI Express. Le periferiche di archiviazione permanenti del server che sono classificate come dischi rigidi non devono essere di tipo PATA. Windows Server non autorizza l&#039;utilizzo di ATA\/PATA\/IDE\/EIDE per i dischi di archiviazione, di pagina o di dati. Le esigenze minime stimate in termini di materiale dello spazio su disco per la partizione del sistema sono indicate qui. Minimo: 32 Go<\/td>\n<\/tr>\n<tr>\n<td>Memoria RAM<\/td>\n<td>Minimo : 512 mesi (2 Go per l&#039;opzione d&#039;installazione Server with Desktop Experience) di tipo ECC (codice di correzione d&#039;errore) o tecnologia simile, per le implementazioni di host fisici.<\/td>\n<\/tr>\n<tr>\n<td>Esigenze in materia di rete<\/td>\n<td>Les cartes r\u00e9seau utilis\u00e9es avec cette version doivent comporter les caract\u00e9ristiques suivantes: Minimo: scheda Ethernet capace d&#039;una velocit\u00e0 effettiva d&#039;au meno di 1 gigabit al secondo Conforme alla specifica dell&#039;architettura PCI Express. Una carta di rete pre-caricata per il download della rete (KDNet) \u00e8 utile, ma non costituisce un&#039;esigenza minima. Una carta di rete caricata sull&#039;ambiente di esecuzione prima dello sganciamento (PXE) \u00e8 utile, ma non \u00e8 un&#039;esigenza minima.<\/td>\n<\/tr>\n<tr>\n<td>Altre esigenze<\/td>\n<td>I computer che utilizzano questa versione devono disporre anche degli elementi successivi: Lettore DVD (se si ha intenzione di installare il sistema di utilizzo da un DVD di supporto) Gli elementi successivi sono necessari per alcune funzionalit\u00e0 esclusive: Sistema e microprogramma basati su UEFI 2.3.1c supporta l&#039;avvio sicuro del Trusted Platform Module, periferica grafica e schermo compatibile con una risoluzione Super VGA (1024 x 768) o superiore Clavier e supporto Microsoft (o dispositivo di puntamento compatibile) Accesso a Internet<\/td>\n<\/tr>\n<\/table>","protected":false},"featured_media":2930,"template":"","meta":{"inline_featured_image":false},"product_brand":[],"product_cat":[108],"product_tag":[],"class_list":{"0":"post-2540","1":"product","2":"type-product","3":"status-publish","4":"has-post-thumbnail","6":"product_cat-server-software","8":"first","9":"instock","10":"sale","11":"virtual","12":"taxable","13":"purchasable","14":"product-type-simple"},"_links":{"self":[{"href":"https:\/\/elitesoftkeys.com\/it\/wp-json\/wp\/v2\/product\/2540","targetHints":{"allow":["GET"]}}],"collection":[{"href":"https:\/\/elitesoftkeys.com\/it\/wp-json\/wp\/v2\/product"}],"about":[{"href":"https:\/\/elitesoftkeys.com\/it\/wp-json\/wp\/v2\/types\/product"}],"version-history":[{"count":0,"href":"https:\/\/elitesoftkeys.com\/it\/wp-json\/wp\/v2\/product\/2540\/revisions"}],"wp:featuredmedia":[{"embeddable":true,"href":"https:\/\/elitesoftkeys.com\/it\/wp-json\/wp\/v2\/media\/2930"}],"wp:attachment":[{"href":"https:\/\/elitesoftkeys.com\/it\/wp-json\/wp\/v2\/media?parent=2540"}],"wp:term":[{"taxonomy":"product_brand","embeddable":true,"href":"https:\/\/elitesoftkeys.com\/it\/wp-json\/wp\/v2\/product_brand?post=2540"},{"taxonomy":"product_cat","embeddable":true,"href":"https:\/\/elitesoftkeys.com\/it\/wp-json\/wp\/v2\/product_cat?post=2540"},{"taxonomy":"product_tag","embeddable":true,"href":"https:\/\/elitesoftkeys.com\/it\/wp-json\/wp\/v2\/product_tag?post=2540"}],"curies":[{"name":"parola chiave","href":"https:\/\/api.w.org\/{rel}","templated":true}]}}