{"id":2538,"date":"2024-12-21T13:55:41","date_gmt":"2024-12-21T13:55:41","guid":{"rendered":"http:\/\/elitesoftkeys.com\/?product=windows-sql-server-2019-standard"},"modified":"2025-07-06T14:07:04","modified_gmt":"2025-07-06T14:07:04","slug":"windows-sql-server-2019-standard","status":"publish","type":"product","link":"https:\/\/elitesoftkeys.com\/it\/prodotto\/windows-sql-server-2019-standard\/","title":{"rendered":"Windows SQL Server 2019 Standard"},"content":{"rendered":"<p>Microsoft SQL Server 2019 \u2013 caratteristiche e funzionalit\u00e0<\/p>\n<p>SQL Server 2019 (15.x) rappresenta un rapporto avanzato con le versioni precedenti, ampliando la piattaforma SQL Server con un&#039;ampia scelta tra le lingue di sviluppo, i tipi di dati, gli ambienti sul sito o nel cloud e i sistemi di sfruttamento. Ha introdotto anche Big Data Clusters per SQL Server, che offre funzionalit\u00e0 aggiuntive e miglioramenti per numerosi componenti, tra cui SQL Server Database Engine, SQL Server Analysis Services, SQL Server Machine Learning Services, SQL Server su Linux e SQL Server Master Data Services.<\/p>\n<p>Le principali funzionalit\u00e0 di SQL Server 2019 Standard sono le seguenti:<\/p>\n<p>Motore della base dei dati SQL Server: il motore della base dei dati \u00e8 il servizio centrale di archiviazione, trattamento e protezione dei dati. Comprende la replica, la ricerca di testo integrale, strumenti di gestione di dati relazionali e XML, l&#039;integrazione con basi di dati analitici e PolyBase per accedere a Hadoop e ad altre fonti di dati alterati, nonch\u00e9 Machine Learning Services per eseguire script in Python e R sur des dati relazionali.<\/p>\n<p>Analysis Services: Analysis Services fornisce strumenti per creare e gestire applicazioni di trattamento analitico in linea (OLAP) e l&#039;esplorazione di dati che consentono analisi avanzate.<\/p>\n<p>Reporting Services: Reporting Services fornisce componenti server e client per lo sviluppatore, genera e distribuisce rapporti in diversi formati, note tabularie, matriciali, grafiche e gratuite. \u00c8 anche una piattaforma estensibile che pu\u00f2 essere utilizzata per lo sviluppo di applicazioni di reporting.<\/p>\n<p>Servizi di integrazione: i servizi di integrazione sono costituiti da un insieme di strumenti grafici e oggetti programmabili che consentono il trasferimento, la copiatura e la trasformazione dei dati. Comprende anche servizi di qualit\u00e0 dei dati (DQS) per migliorare l&#039;integrit\u00e0 dei dati.<\/p>\n<p>Master Data Services: Master Data Services (MDS) \u00e8 la soluzione di SQL Server per la gestione dei dati di base, caricando diversi domini come i prodotti, i clienti e i conti. Offre una gestione della gerarchia, una sicurezza granulare, delle transazioni, delle versioni dei dati e delle regole aziendali, nonch\u00e9 un complemento per Excel per semplificare la gestione dei dati.<\/p>\n<p>Servizi di machine learning nel database: I servizi di machine learning nel database consentono di mettere in pratica soluzioni di apprendimento automatico distribuite ed evolute, sfruttando i dati aziendali. Prende in carico R et Python, che gestisce le capacit\u00e0 introdotte in SQL Server 2016.<\/p>\n<p>Machine Learning Server (standalone): Machine Learning Server (standalone) facilita l&#039;implementazione di soluzioni di apprendimento automatico evolute su diverse piattaforme, tra cui Linux e Hadoop, supportando i linguaggi R e Python, come gi\u00e0 successo in SQL Server 2016.<\/p>\n<p>L&#039;edizione SQL Server 2019 Standard fornisce una base di gestione dei dati e di business intelligence per i dipartimenti e le piccole organizzazioni per eseguire applicazioni e prendere in carico strumenti di sviluppo comuni per gli ambienti locali e il cloud, consentendo una gestione efficace delle basi di dati con risorse minimi informatici.<\/p>\n<p>Confronto tra altre versioni di Windows Server:<\/p>\n<p>SQL Server Standard 2019, al contrario delle altre edizioni Windows Server di Microsoft, \u00e8 un sistema di gestione di basi di dati relazionali (SGBDR) concepito per la gestione e l&#039;analisi dei dati, quindi le edizioni Windows Server Standard o Datacenter classiche sono sistemi di sfruttamento studiati per gli ambienti server.<\/p>\n<p>SQL \u00e8 caratterizzato da una sicurezza crittografata con autenticazione e autorizzazione e dalla possibilit\u00e0 di integrare altri prodotti Microsoft, come Visual Studio o .NET Framework.<\/p>\n<p>La struttura di installazione e attivazione \u00e8 basata sui processori e sui cuori e la funzionalit\u00e0 principale \u00e8 nel dominio di analisi e di gestione dei dati, a savoir Structured Query Language.<\/p>\n<p>Per scegliere EliteSoftKeys per acquistare licenze logiche?<\/p>\n<p>EliteSoftKeys \u00e8 il tuo fornitore di fiducia per le licenze dei software originali ai migliori prezzi e un partner certificato Microsoft e Adobe. Queste affiliazioni testimoniano il nostro impegno nel fornire ai nostri clienti un&#039;esperienza di acquisto senza fallimenti. Nos points forts qui nous distinguent :<\/p>\n<p>Logicielauthentiques: Nous ne proposons que des logiciels authentiques de grandes marques. Poich\u00e9 il rivenditore \u00e8 certificato da Adobe e Microsoft, garantiamo la qualit\u00e0 e l&#039;autenticit\u00e0 di ogni prodotto.<\/p>\n<p>Desprix imbattables: b\u00e9n\u00e9ficiez de remises allant jusqu&#039;\u00e0 70 % par rapport aux prix de vente au d\u00e9tail. I nostri premi competitivi sono possibili grazie al revente di licenze \u201cd&#039;occasione\u201d, una pratica legale autorizzata da un arresto della CJUE del 3 luglio 2012.<\/p>\n<p>Unservizio alla clientela eccezionale: notre \u00e9quipe d&#039;assistance \u00e0 la client\u00e8le multilingue, disponible 7 jours sur 7, est de premier ordre. Sulle piattaforme che ci dicono Trustpilot, Trusted Shop e Google Review, manteniamo una nota molto impressionante di 4,9\/5 sulla base delle domande di consulenza dei clienti.<\/p>\n<p>Opzioni di pagamento sicuro: scegli tra un&#039;ampia gamma di metodi di pagamento sicuro, tra cui Google Pay e le carte di credito, per semplificare il processo di pagamento.<\/p>\n<p>Microsoft SQL Server 2019 \u2013 Download e installazione<\/p>\n<p>Dopo l&#039;acquisto ti forniamo la chiave numerica necessaria per scaricare SQL Server 2019 Standard. Riceverai anche guide dettagliate per facilitare il processo. Se hai domande, la nostra tecnica di supporto \u00e8 disponibile tramite LiveChat, e-mail o Whatsapp, offrendo assistenza gratuita.<\/p>\n<p>Domande frequenti su Microsoft SQL Server 2019<\/p>\n<p>Ho davvero bisogno di SQL Server sul mio PC?<\/p>\n<p>Che tu abbia un elenco di clienti, un catalogo di prodotti o anche un&#039;ampia selezione di contenuti multimediali, Microsoft SQL Server 2019 ti aiuta a gestire tutto. \u00c8 essenziale per il buon funzionamento di un sito web o di qualsiasi applicazione.<\/p>\n<p>Commenta Microsoft SQL Server 2019 pu\u00f2 essere proposto a un prezzo aussi bas ?<\/p>\n<p>Nous proposons des licenses au d\u00e9tail qui sont utilis\u00e9es et d\u00e9charg\u00e9es par le proprietaire pr\u00e9c\u00e9dent, conform\u00e9ment \u00e0 l&#039;arr\u00eat C-128\/2011 du CE C&#039;est pourquoi vous pouvez acheter la License officielle SQL Server 2019 sur notre site \u00e0 un prix plus avantageux.<\/p>\n<p>Commento, quindi ho ricevuto la mia licenza dopo aver acquistato SQL Server 2019 Standard ?<\/p>\n<p>Dopo aver terminato l&#039;acquisto di Microsoft SQL Server 2019, ti verr\u00e0 inviata una chiave di attivazione della licenza via e-mail.<\/p>\n<p>Vuoi scaricare, installare e attivare la licenza SQL Server 2019?<\/p>\n<p>Nous vous fournirons tout ce dont vous avez besoin! Dopo l&#039;acquisto di SQL Server 2019, riceverai la tua chiave numerica, accompagnata da semplici manuali di procedura. Se hai altre domande, ti offriamo un supporto tecnico gratuito ai riferimenti di contatto indicati su www.EliteSoftKeys.com.<\/p>\n<p>Cosa posso fare se non riesco ad attivare o scaricare SQL Server 2019?<\/p>\n<p>Nessun problema, siamo sempre disponibili per aiutarti! Se non riesci ad attivare la tua licenza SQL Server 2019, per qualsiasi motivo, contatta la nostra tecnica di supporto gratuita indicata sul sito web fornendo i dettagli e le immagini dello schermo del problema. Vi aiuteremo immediatamente alla risposta.<\/p>","protected":false},"excerpt":{"rendered":"<table style='border-collapse: collapse; width: 100%;'>\n<tr>\n<th>Propriet\u00e0<\/th>\n<th>Valore<\/th>\n<\/tr>\n<tr>\n<td>Plate-forme<\/td>\n<td>Finestre<\/td>\n<\/tr>\n<tr>\n<td>Processore<\/td>\n<td>Processore x64: AMD Opteron, AMD Athlon 64, Intel Xeon con supporto Intel EM64T, Intel Pentium IV con supporto EM64T \/<\/td>\n<\/tr>\n<tr>\n<td>Spazio disco<\/td>\n<td>Meno di 6 Go<\/td>\n<\/tr>\n<tr>\n<td>Memoria RAM<\/td>\n<td>Minimo: 1 Go Consigliato: au moins 4 Go, qui doivent \u00eatre augmentes au fur et \u00e0 mesure que la taille de la base de donn\u00e9es augmente pour garantir des performance ottimali.<\/td>\n<\/tr>\n<tr>\n<td>Compatibilit\u00e9 des syst\u00e8mes<\/td>\n<td>Windows 10 TH1 1507 o versione successiva. Windows Server 2016 o superiore.<\/td>\n<\/tr>\n<tr>\n<td>Esigenze in materia di rete<\/td>\n<td>I sistemi di sfruttamento caricati da SQL Server comprendono una rete logica integrata. Le istanze nominate e per impostazione predefinita un&#039;installazione autonoma si caricano dei protocolli di rete seguenti: Memoria condivisa, nome del tubo e TCP\/IP.<\/td>\n<\/tr>\n<tr>\n<td>Altre esigenze<\/td>\n<td>I sistemi di sfruttamento devono comprendere almeno il .NET Framework.<\/td>\n<\/tr>\n<\/table>","protected":false},"featured_media":2932,"template":"","meta":{"inline_featured_image":false},"product_brand":[],"product_cat":[108],"product_tag":[],"class_list":{"0":"post-2538","1":"product","2":"type-product","3":"status-publish","4":"has-post-thumbnail","6":"product_cat-server-software","8":"first","9":"instock","10":"sale","11":"virtual","12":"taxable","13":"purchasable","14":"product-type-simple"},"_links":{"self":[{"href":"https:\/\/elitesoftkeys.com\/it\/wp-json\/wp\/v2\/product\/2538","targetHints":{"allow":["GET"]}}],"collection":[{"href":"https:\/\/elitesoftkeys.com\/it\/wp-json\/wp\/v2\/product"}],"about":[{"href":"https:\/\/elitesoftkeys.com\/it\/wp-json\/wp\/v2\/types\/product"}],"version-history":[{"count":0,"href":"https:\/\/elitesoftkeys.com\/it\/wp-json\/wp\/v2\/product\/2538\/revisions"}],"wp:featuredmedia":[{"embeddable":true,"href":"https:\/\/elitesoftkeys.com\/it\/wp-json\/wp\/v2\/media\/2932"}],"wp:attachment":[{"href":"https:\/\/elitesoftkeys.com\/it\/wp-json\/wp\/v2\/media?parent=2538"}],"wp:term":[{"taxonomy":"product_brand","embeddable":true,"href":"https:\/\/elitesoftkeys.com\/it\/wp-json\/wp\/v2\/product_brand?post=2538"},{"taxonomy":"product_cat","embeddable":true,"href":"https:\/\/elitesoftkeys.com\/it\/wp-json\/wp\/v2\/product_cat?post=2538"},{"taxonomy":"product_tag","embeddable":true,"href":"https:\/\/elitesoftkeys.com\/it\/wp-json\/wp\/v2\/product_tag?post=2538"}],"curies":[{"name":"parola chiave","href":"https:\/\/api.w.org\/{rel}","templated":true}]}}