{"id":2536,"date":"2024-12-21T13:55:39","date_gmt":"2024-12-21T13:55:39","guid":{"rendered":"http:\/\/elitesoftkeys.com\/?product=microsoft-remote-desktop-services-rds-2022"},"modified":"2025-07-06T14:07:04","modified_gmt":"2025-07-06T14:07:04","slug":"microsoft-remote-desktop-services-rds-2022","status":"publish","type":"product","link":"https:\/\/elitesoftkeys.com\/it\/prodotto\/microsoft-remote-desktop-services-rds-2022\/","title":{"rendered":"Servizi Desktop remoto Microsoft (RDS) 2022"},"content":{"rendered":"<p>Windows Server Remote Desktop Services (RDS) 2022 \u00e8 una potente tecnologia di virtualizzazione basata sul server che consente agli utenti di accedere a uffici, applicazioni e dati Windows a distanza da diversi dispositivi. Permette alle organizzazioni di fornire agli utenti finali un&#039;infrastruttura di uffici virtuali ricchi (VDI) o uffici basati sulle sessioni, offrendo anche una soluzione informatica a distanza flessibile e sicura.<\/p>\n<p>Principali caratteristiche di Windows Server Remote Desktop Services 2022<\/p>\n<p>Infrastruttura di ufficio virtuale (VDI): Windows Server RDS 2022 consente agli amministratori di creare e gestire uffici virtuali insieme agli utenti finali che possono accedere a distanza. VDI consente l&#039;esperienza di uffici personalizzati e consente agli utenti di accedere ai loro uffici virtuali da pi\u00f9 dispositivi, offrendo cos\u00ec un ambiente coerente e produttivo.<\/p>\n<p>Posti di lavoro basati sulle sessioni: Outre la VDI, RDS 2022 prendi in carico i posti di lavoro basati sulle sessioni. I posti di lavoro basati sulle sessioni consentono a molti utenti di condividere un sistema di sfruttamento del server unico pur conservando sessioni di utenti distinti. Ci\u00f2 consente di utilizzare in modo efficace le risorse del server e di fornire postazioni di lavoro noleggiabili.<\/p>\n<p>RemoteApp: Con RemoteApp, gli amministratori possono virtualizzare e distribuire applicazioni individuali da un server verso gli apparecchi degli utenti finali. RemoteApp offre un&#039;esperienza trasparente delle applicazioni, consentendo agli utenti di accedere ad applicazioni specifiche senza dover accedere a un intero ufficio. Questa funzionalit\u00e0 aumenta la flessibilit\u00e0 e semplifica la gestione delle applicazioni.<\/p>\n<p>RemoteFXRemoteFX \u00e8 una tecnologia inclusa in Windows Server RDS 2022 che migliora l&#039;esperienza dell&#039;ufficio a distanza fornendo capacit\u00e0 multimediali e grafica di alta qualit\u00e0. Permette una lettura video fluida, un reindirizzamento USB e il premio in carica di pi\u00f9 monitor, che rendono l&#039;esperienza dell&#039;ufficio a distanza pi\u00f9 vicino a un ambiente di ufficio locale.<\/p>\n<p>Passerella per ufficio a distanzaIl componente Remote Desktop Gateway (RD Gateway) di RDS 2022 consente un accesso a distanza sicuro alle risorse della rete interna via Internet. Funziona come un server passerella che fornisce un punto di accesso unico per le connessioni di ufficio a distanza, offrendo un accesso crittografato e autenticato agli uffici virtuali o agli uffici basati sulle sessioni.<\/p>\n<p>Accesso web all&#039;ufficio a distanza: RDS 2022 comprende un portale web chiamato Remote Desktop Web Access (RD Web Access) che consente agli utenti di accedere ai loro uffici virtuali, ai programmi RemoteApp e alle risorse pubblicate tramite un navigatore web. Questo portale offre agli utenti un modo pratico e indipendente dalla piattaforma di connessione ai loro uffici e applicazioni lontane.<\/p>\n<p>Evoluzione ed equilibrio dei costiWindows Server RDS 2022 carica l&#039;evoluzione e l&#039;equilibrio dei costi per ottimizzare l&#039;utilizzo delle risorse e garantire un&#039;alta disponibilit\u00e0. Gli amministratori possono ripartire le sessioni utilizzate su pi\u00f9 server, ci\u00f2 che garantisce un utilizzo efficace delle risorse materiali e una tolleranza nei confronti dei pannelli.<\/p>\n<p>Windows Server Remote Desktop Services 2022 offre una soluzione robusta e flessibile per la distribuzione di uffici e applicazioni a distanza agli utenti, consentendo alle organizzazioni di migliorare la produttivit\u00e0, semplificare la gestione delle applicazioni e fornire un accesso a distanza sicuro.<\/p>","protected":false},"excerpt":{"rendered":"<table style='border-collapse: collapse; width: 100%;'>\n<tr>\n<th>Propriet\u00e0<\/th>\n<th>Valore<\/th>\n<\/tr>\n<tr>\n<td>Plate-forme<\/td>\n<td>Finestre<\/td>\n<\/tr>\n<tr>\n<td>Compatibilit\u00e9 des syst\u00e8mes<\/td>\n<td>RDS 2022 richiede Windows Server 2022, Standard Edition o Datacenter.<\/td>\n<\/tr>\n<tr>\n<td>Directory attiva<\/td>\n<td>Un dominio Active Directory \u00e8 necessario per l&#039;autenticazione e la gestione degli utenti.<\/td>\n<\/tr>\n<tr>\n<td>Esigenze in materia di materiale<\/td>\n<td>Potenza dell&#039;unit\u00e0 centrale, cuore e memoria vive suffisants. Spazio di stoccaggio adeguato. Rete di connettivit\u00e0 rapida e affidabile<\/td>\n<\/tr>\n<tr>\n<td>Licenze per l&#039;ufficio a distanza<\/td>\n<td>Il server Remote Desktop Licensing \u00e8 necessario per utilizzare la CAL per la connessione a distanza dell&#039;ufficio.<\/td>\n<\/tr>\n<tr>\n<td>Certificati<\/td>\n<td>I certificati SSL di un&#039;autorit\u00e0 di certificazione di fiducia sono necessari per proteggere le comunicazioni tra i componenti RDS.<\/td>\n<\/tr>\n<tr>\n<td>Clienti di Appareils<\/td>\n<td>Sono disponibili pi\u00f9 sistemi di sfruttamento, tra cui Windows, macOS, iOS, Android e Linux.<\/td>\n<\/tr>\n<\/table>","protected":false},"featured_media":2934,"template":"","meta":{"inline_featured_image":false},"product_brand":[],"product_cat":[108],"product_tag":[],"class_list":{"0":"post-2536","1":"product","2":"type-product","3":"status-publish","4":"has-post-thumbnail","6":"product_cat-server-software","8":"first","9":"instock","10":"sale","11":"virtual","12":"taxable","13":"purchasable","14":"product-type-simple"},"_links":{"self":[{"href":"https:\/\/elitesoftkeys.com\/it\/wp-json\/wp\/v2\/product\/2536","targetHints":{"allow":["GET"]}}],"collection":[{"href":"https:\/\/elitesoftkeys.com\/it\/wp-json\/wp\/v2\/product"}],"about":[{"href":"https:\/\/elitesoftkeys.com\/it\/wp-json\/wp\/v2\/types\/product"}],"version-history":[{"count":0,"href":"https:\/\/elitesoftkeys.com\/it\/wp-json\/wp\/v2\/product\/2536\/revisions"}],"wp:featuredmedia":[{"embeddable":true,"href":"https:\/\/elitesoftkeys.com\/it\/wp-json\/wp\/v2\/media\/2934"}],"wp:attachment":[{"href":"https:\/\/elitesoftkeys.com\/it\/wp-json\/wp\/v2\/media?parent=2536"}],"wp:term":[{"taxonomy":"product_brand","embeddable":true,"href":"https:\/\/elitesoftkeys.com\/it\/wp-json\/wp\/v2\/product_brand?post=2536"},{"taxonomy":"product_cat","embeddable":true,"href":"https:\/\/elitesoftkeys.com\/it\/wp-json\/wp\/v2\/product_cat?post=2536"},{"taxonomy":"product_tag","embeddable":true,"href":"https:\/\/elitesoftkeys.com\/it\/wp-json\/wp\/v2\/product_tag?post=2536"}],"curies":[{"name":"parola chiave","href":"https:\/\/api.w.org\/{rel}","templated":true}]}}